{"id":1031,"date":"2022-01-19T11:52:07","date_gmt":"2022-01-19T10:55:27","guid":{"rendered":"https:\/\/shop.pranichealing.ch\/produkt\/action-inspiree\/"},"modified":"2022-02-14T15:33:11","modified_gmt":"2022-02-14T14:33:11","slug":"action-inspiree","status":"publish","type":"product","link":"https:\/\/shop.pranichealing.ch\/en\/produkt\/action-inspiree\/","title":{"rendered":"Action inspir\u00e9e &#8211; Sur l&#8217;Enseignement"},"content":{"rendered":"<p>Les Sutras du Lotus Dor\u00e9 de Ma\u00eetre Choa Kok Sui, 7 livres au total, qui concernent beaucoup de th\u00e8mes diff\u00e9rents. Il partage ses pens\u00e9es et sa sagesse sur des sujets tels que la prosp\u00e9rit\u00e9, les relations, la vie, la spiritualit\u00e9, la recherche de la paix int\u00e9rieure et bien d&#8217;autres exp\u00e9riences. Chaque sutra est disponible s\u00e9par\u00e9ment.<\/p>\n<p>Ce livre traite des directives et indications de Ma\u00eetre Choa Kok Sui, concernant ce qui doit \u00eatre pris en compte par les enseignants de Pranic Healing, lors de la diffusion des enseignements et la cr\u00e9ation de centres.<\/p>\n","protected":false},"excerpt":{"rendered":"<p>Les Sutras du Lotus Dor\u00e9 de Ma\u00eetre Choa Kok Sui, 7 livres au total, qui concernent beaucoup de th\u00e8mes diff\u00e9rents. Il partage ses pens\u00e9es et sa sagesse sur des sujets tels que la prosp\u00e9rit\u00e9, les relations, la vie, la spiritualit\u00e9, la recherche de la paix int\u00e9rieure et bien d&#8217;autres exp\u00e9riences. Chaque sutra est disponible s\u00e9par\u00e9ment.&hellip; <a class=\"more-link\" href=\"https:\/\/shop.pranichealing.ch\/en\/produkt\/action-inspiree\/\">Continue reading <span class=\"screen-reader-text\">Action inspir\u00e9e &#8211; Sur l&#8217;Enseignement<\/span><\/a><\/p>\n","protected":false},"featured_media":933,"template":"","meta":{"inline_featured_image":false},"product_brand":[],"product_cat":[48,63],"product_tag":[],"class_list":{"0":"post-1031","1":"product","2":"type-product","3":"status-publish","4":"has-post-thumbnail","6":"product_cat-books","7":"product_cat-fr-en","8":"entry","10":"first","11":"instock","12":"taxable","13":"shipping-taxable","14":"purchasable","15":"product-type-simple"},"yoast_head":"<!-- This site is optimized with the Yoast SEO plugin v27.3 - https:\/\/yoast.com\/product\/yoast-seo-wordpress\/ -->\n<title>Action inspir\u00e9e - Sur l&#039;Enseignement - Institut Pranic Healing Switzerland<\/title>\n<meta name=\"description\" content=\"Sur l&#039;Enseignement\" \/>\n<meta name=\"robots\" content=\"index, follow, max-snippet:-1, max-image-preview:large, max-video-preview:-1\" \/>\n<link rel=\"canonical\" href=\"https:\/\/shop.pranichealing.ch\/en\/produkt\/action-inspiree\/\" \/>\n<meta property=\"og:locale\" content=\"en_US\" \/>\n<meta property=\"og:type\" content=\"article\" \/>\n<meta property=\"og:title\" content=\"Action inspir\u00e9e - Sur l&#039;Enseignement - Institut Pranic Healing Switzerland\" \/>\n<meta property=\"og:description\" content=\"Sur l&#039;Enseignement\" \/>\n<meta property=\"og:url\" content=\"https:\/\/shop.pranichealing.ch\/en\/produkt\/action-inspiree\/\" \/>\n<meta property=\"og:site_name\" content=\"Institut Pranic Healing Switzerland\" \/>\n<meta property=\"article:modified_time\" content=\"2022-02-14T14:33:11+00:00\" \/>\n<meta property=\"og:image\" content=\"https:\/\/shop.pranichealing.ch\/wp-content\/uploads\/2022\/01\/Action-Anspiree.jpeg\" \/>\n\t<meta property=\"og:image:width\" content=\"661\" \/>\n\t<meta property=\"og:image:height\" content=\"1281\" \/>\n\t<meta property=\"og:image:type\" content=\"image\/jpeg\" \/>\n<meta name=\"twitter:card\" content=\"summary_large_image\" \/>\n<meta name=\"twitter:label1\" content=\"Est. reading time\" \/>\n\t<meta name=\"twitter:data1\" content=\"1 minute\" \/>\n<script type=\"application\/ld+json\" class=\"yoast-schema-graph\">{\"@context\":\"https:\\\/\\\/schema.org\",\"@graph\":[{\"@type\":\"WebPage\",\"@id\":\"https:\\\/\\\/shop.pranichealing.ch\\\/en\\\/produkt\\\/action-inspiree\\\/\",\"url\":\"https:\\\/\\\/shop.pranichealing.ch\\\/en\\\/produkt\\\/action-inspiree\\\/\",\"name\":\"Action inspir\u00e9e - Sur l'Enseignement - Institut Pranic Healing Switzerland\",\"isPartOf\":{\"@id\":\"https:\\\/\\\/shop.pranichealing.ch\\\/en\\\/#website\"},\"primaryImageOfPage\":{\"@id\":\"https:\\\/\\\/shop.pranichealing.ch\\\/en\\\/produkt\\\/action-inspiree\\\/#primaryimage\"},\"image\":{\"@id\":\"https:\\\/\\\/shop.pranichealing.ch\\\/en\\\/produkt\\\/action-inspiree\\\/#primaryimage\"},\"thumbnailUrl\":\"https:\\\/\\\/shop.pranichealing.ch\\\/wp-content\\\/uploads\\\/2022\\\/01\\\/Action-Anspiree.jpeg\",\"datePublished\":\"2022-01-19T10:55:27+00:00\",\"dateModified\":\"2022-02-14T14:33:11+00:00\",\"description\":\"Sur l'Enseignement\",\"breadcrumb\":{\"@id\":\"https:\\\/\\\/shop.pranichealing.ch\\\/en\\\/produkt\\\/action-inspiree\\\/#breadcrumb\"},\"inLanguage\":\"en-US\",\"potentialAction\":[{\"@type\":\"ReadAction\",\"target\":[\"https:\\\/\\\/shop.pranichealing.ch\\\/en\\\/produkt\\\/action-inspiree\\\/\"]}]},{\"@type\":\"ImageObject\",\"inLanguage\":\"en-US\",\"@id\":\"https:\\\/\\\/shop.pranichealing.ch\\\/en\\\/produkt\\\/action-inspiree\\\/#primaryimage\",\"url\":\"https:\\\/\\\/shop.pranichealing.ch\\\/wp-content\\\/uploads\\\/2022\\\/01\\\/Action-Anspiree.jpeg\",\"contentUrl\":\"https:\\\/\\\/shop.pranichealing.ch\\\/wp-content\\\/uploads\\\/2022\\\/01\\\/Action-Anspiree.jpeg\",\"width\":661,\"height\":1281},{\"@type\":\"BreadcrumbList\",\"@id\":\"https:\\\/\\\/shop.pranichealing.ch\\\/en\\\/produkt\\\/action-inspiree\\\/#breadcrumb\",\"itemListElement\":[{\"@type\":\"ListItem\",\"position\":1,\"name\":\"Startseite\",\"item\":\"https:\\\/\\\/shop.pranichealing.ch\\\/en\\\/\"},{\"@type\":\"ListItem\",\"position\":2,\"name\":\"Shop\",\"item\":\"https:\\\/\\\/shop.pranichealing.ch\\\/en\\\/shop-2\\\/\"},{\"@type\":\"ListItem\",\"position\":3,\"name\":\"Action inspir\u00e9e &#8211; Sur l&#8217;Enseignement\"}]},{\"@type\":\"WebSite\",\"@id\":\"https:\\\/\\\/shop.pranichealing.ch\\\/en\\\/#website\",\"url\":\"https:\\\/\\\/shop.pranichealing.ch\\\/en\\\/\",\"name\":\"Institut Pranic Healing Switzerland\",\"description\":\"Onlineshop\",\"publisher\":{\"@id\":\"https:\\\/\\\/shop.pranichealing.ch\\\/en\\\/#organization\"},\"potentialAction\":[{\"@type\":\"SearchAction\",\"target\":{\"@type\":\"EntryPoint\",\"urlTemplate\":\"https:\\\/\\\/shop.pranichealing.ch\\\/en\\\/?s={search_term_string}\"},\"query-input\":{\"@type\":\"PropertyValueSpecification\",\"valueRequired\":true,\"valueName\":\"search_term_string\"}}],\"inLanguage\":\"en-US\"},{\"@type\":\"Organization\",\"@id\":\"https:\\\/\\\/shop.pranichealing.ch\\\/en\\\/#organization\",\"name\":\"Institut Pranic Healing Switzerland\",\"url\":\"https:\\\/\\\/shop.pranichealing.ch\\\/en\\\/\",\"logo\":{\"@type\":\"ImageObject\",\"inLanguage\":\"en-US\",\"@id\":\"https:\\\/\\\/shop.pranichealing.ch\\\/en\\\/#\\\/schema\\\/logo\\\/image\\\/\",\"url\":\"https:\\\/\\\/shop.pranichealing.ch\\\/wp-content\\\/uploads\\\/2022\\\/02\\\/iphs.svg\",\"contentUrl\":\"https:\\\/\\\/shop.pranichealing.ch\\\/wp-content\\\/uploads\\\/2022\\\/02\\\/iphs.svg\",\"width\":416,\"height\":84,\"caption\":\"Institut Pranic Healing Switzerland\"},\"image\":{\"@id\":\"https:\\\/\\\/shop.pranichealing.ch\\\/en\\\/#\\\/schema\\\/logo\\\/image\\\/\"}}]}<\/script>\n<!-- \/ Yoast SEO plugin. -->","yoast_head_json":{"title":"Action inspir\u00e9e - Sur l'Enseignement - Institut Pranic Healing Switzerland","description":"Sur l'Enseignement","robots":{"index":"index","follow":"follow","max-snippet":"max-snippet:-1","max-image-preview":"max-image-preview:large","max-video-preview":"max-video-preview:-1"},"canonical":"https:\/\/shop.pranichealing.ch\/en\/produkt\/action-inspiree\/","og_locale":"en_US","og_type":"article","og_title":"Action inspir\u00e9e - Sur l'Enseignement - Institut Pranic Healing Switzerland","og_description":"Sur l'Enseignement","og_url":"https:\/\/shop.pranichealing.ch\/en\/produkt\/action-inspiree\/","og_site_name":"Institut Pranic Healing Switzerland","article_modified_time":"2022-02-14T14:33:11+00:00","og_image":[{"width":661,"height":1281,"url":"https:\/\/shop.pranichealing.ch\/wp-content\/uploads\/2022\/01\/Action-Anspiree.jpeg","type":"image\/jpeg"}],"twitter_card":"summary_large_image","twitter_misc":{"Est. reading time":"1 minute"},"schema":{"@context":"https:\/\/schema.org","@graph":[{"@type":"WebPage","@id":"https:\/\/shop.pranichealing.ch\/en\/produkt\/action-inspiree\/","url":"https:\/\/shop.pranichealing.ch\/en\/produkt\/action-inspiree\/","name":"Action inspir\u00e9e - Sur l'Enseignement - Institut Pranic Healing Switzerland","isPartOf":{"@id":"https:\/\/shop.pranichealing.ch\/en\/#website"},"primaryImageOfPage":{"@id":"https:\/\/shop.pranichealing.ch\/en\/produkt\/action-inspiree\/#primaryimage"},"image":{"@id":"https:\/\/shop.pranichealing.ch\/en\/produkt\/action-inspiree\/#primaryimage"},"thumbnailUrl":"https:\/\/shop.pranichealing.ch\/wp-content\/uploads\/2022\/01\/Action-Anspiree.jpeg","datePublished":"2022-01-19T10:55:27+00:00","dateModified":"2022-02-14T14:33:11+00:00","description":"Sur l'Enseignement","breadcrumb":{"@id":"https:\/\/shop.pranichealing.ch\/en\/produkt\/action-inspiree\/#breadcrumb"},"inLanguage":"en-US","potentialAction":[{"@type":"ReadAction","target":["https:\/\/shop.pranichealing.ch\/en\/produkt\/action-inspiree\/"]}]},{"@type":"ImageObject","inLanguage":"en-US","@id":"https:\/\/shop.pranichealing.ch\/en\/produkt\/action-inspiree\/#primaryimage","url":"https:\/\/shop.pranichealing.ch\/wp-content\/uploads\/2022\/01\/Action-Anspiree.jpeg","contentUrl":"https:\/\/shop.pranichealing.ch\/wp-content\/uploads\/2022\/01\/Action-Anspiree.jpeg","width":661,"height":1281},{"@type":"BreadcrumbList","@id":"https:\/\/shop.pranichealing.ch\/en\/produkt\/action-inspiree\/#breadcrumb","itemListElement":[{"@type":"ListItem","position":1,"name":"Startseite","item":"https:\/\/shop.pranichealing.ch\/en\/"},{"@type":"ListItem","position":2,"name":"Shop","item":"https:\/\/shop.pranichealing.ch\/en\/shop-2\/"},{"@type":"ListItem","position":3,"name":"Action inspir\u00e9e &#8211; Sur l&#8217;Enseignement"}]},{"@type":"WebSite","@id":"https:\/\/shop.pranichealing.ch\/en\/#website","url":"https:\/\/shop.pranichealing.ch\/en\/","name":"Institut Pranic Healing Switzerland","description":"Onlineshop","publisher":{"@id":"https:\/\/shop.pranichealing.ch\/en\/#organization"},"potentialAction":[{"@type":"SearchAction","target":{"@type":"EntryPoint","urlTemplate":"https:\/\/shop.pranichealing.ch\/en\/?s={search_term_string}"},"query-input":{"@type":"PropertyValueSpecification","valueRequired":true,"valueName":"search_term_string"}}],"inLanguage":"en-US"},{"@type":"Organization","@id":"https:\/\/shop.pranichealing.ch\/en\/#organization","name":"Institut Pranic Healing Switzerland","url":"https:\/\/shop.pranichealing.ch\/en\/","logo":{"@type":"ImageObject","inLanguage":"en-US","@id":"https:\/\/shop.pranichealing.ch\/en\/#\/schema\/logo\/image\/","url":"https:\/\/shop.pranichealing.ch\/wp-content\/uploads\/2022\/02\/iphs.svg","contentUrl":"https:\/\/shop.pranichealing.ch\/wp-content\/uploads\/2022\/02\/iphs.svg","width":416,"height":84,"caption":"Institut Pranic Healing Switzerland"},"image":{"@id":"https:\/\/shop.pranichealing.ch\/en\/#\/schema\/logo\/image\/"}}]}},"_links":{"self":[{"href":"https:\/\/shop.pranichealing.ch\/en\/wp-json\/wp\/v2\/product\/1031","targetHints":{"allow":["GET"]}}],"collection":[{"href":"https:\/\/shop.pranichealing.ch\/en\/wp-json\/wp\/v2\/product"}],"about":[{"href":"https:\/\/shop.pranichealing.ch\/en\/wp-json\/wp\/v2\/types\/product"}],"wp:featuredmedia":[{"embeddable":true,"href":"https:\/\/shop.pranichealing.ch\/en\/wp-json\/wp\/v2\/media\/933"}],"wp:attachment":[{"href":"https:\/\/shop.pranichealing.ch\/en\/wp-json\/wp\/v2\/media?parent=1031"}],"wp:term":[{"taxonomy":"product_brand","embeddable":true,"href":"https:\/\/shop.pranichealing.ch\/en\/wp-json\/wp\/v2\/product_brand?post=1031"},{"taxonomy":"product_cat","embeddable":true,"href":"https:\/\/shop.pranichealing.ch\/en\/wp-json\/wp\/v2\/product_cat?post=1031"},{"taxonomy":"product_tag","embeddable":true,"href":"https:\/\/shop.pranichealing.ch\/en\/wp-json\/wp\/v2\/product_tag?post=1031"}],"curies":[{"name":"wp","href":"https:\/\/api.w.org\/{rel}","templated":true}]}}