{"id":1061,"date":"2022-01-19T11:16:23","date_gmt":"2022-01-19T10:16:23","guid":{"rendered":"https:\/\/shop.pranichealing.ch\/produkt\/atteindre-lunion-avec-lame-superieur\/"},"modified":"2022-02-10T18:01:15","modified_gmt":"2022-02-10T17:01:15","slug":"atteindre-lunion-avec-lame-superieur","status":"publish","type":"product","link":"https:\/\/shop.pranichealing.ch\/en\/produkt\/atteindre-lunion-avec-lame-superieur\/","title":{"rendered":"Atteindre l\u2019Union avec l\u2019\u00c2me Sup\u00e9rieure"},"content":{"rendered":"<p>Ne pas lire ce livre \u2013 \u00e0 moins que vous soyez pr\u00eat \u00e0 d\u00e9fier vos convictions.<\/p>\n<p>Dans les pages de ce livre se trouvent des concepts r\u00e9volutionnaires qui peuvent changer la conscience de l\u2019humanit\u00e9.<br \/>\nChangeons la fa\u00e7on dont nous nous regardons et regardons les autres !<\/p>\n<p>Quelques th\u00e8mes trait\u00e9s dans ce livre :<br \/>\n&#8211; D\u00e9couvrir la notion d&#8217;\u00e2me et son voyage \u00e0 travers les incarnations<br \/>\n&#8211; Comment sommes-nous accompagn\u00e9s de la naissance \u00e0 la mort<br \/>\n&#8211; Le 12\u00e8me chakra et sa fonction<br \/>\n&#8211; Le secret de la perle bleue, la m\u00e9ditation sur l&#8217;\u00e2me<br \/>\n&#8211; Les 3 cordes d&#8217;argent, les diff\u00e9rentes graines permanentes et le pouvoir de la kundalini<br \/>\n&#8211; Et bien d&#8217;autres choses encore.<\/p>\n","protected":false},"excerpt":{"rendered":"<p>M\u00e9ditations pour la R\u00e9alistion de l&#8217;\u00c2me<\/p>\n","protected":false},"featured_media":925,"template":"","meta":{"inline_featured_image":false},"product_brand":[],"product_cat":[48,63],"product_tag":[],"class_list":{"0":"post-1061","1":"product","2":"type-product","3":"status-publish","4":"has-post-thumbnail","6":"product_cat-books","7":"product_cat-fr-en","8":"entry","10":"first","11":"outofstock","12":"taxable","13":"shipping-taxable","14":"purchasable","15":"product-type-simple"},"yoast_head":"<!-- This site is optimized with the Yoast SEO plugin v27.3 - https:\/\/yoast.com\/product\/yoast-seo-wordpress\/ -->\n<title>Atteindre l\u2019Union avec l\u2019\u00c2me Sup\u00e9rieure - Institut Pranic Healing Switzerland<\/title>\n<meta name=\"description\" content=\"M\u00e9ditations pour la R\u00e9alistion de l&#039;\u00c2me\" \/>\n<meta name=\"robots\" content=\"index, follow, max-snippet:-1, max-image-preview:large, max-video-preview:-1\" \/>\n<link rel=\"canonical\" href=\"https:\/\/shop.pranichealing.ch\/en\/produkt\/atteindre-lunion-avec-lame-superieur\/\" \/>\n<meta property=\"og:locale\" content=\"en_US\" \/>\n<meta property=\"og:type\" content=\"article\" \/>\n<meta property=\"og:title\" content=\"Atteindre l\u2019Union avec l\u2019\u00c2me Sup\u00e9rieure - Institut Pranic Healing Switzerland\" \/>\n<meta property=\"og:description\" content=\"M\u00e9ditations pour la R\u00e9alistion de l&#039;\u00c2me\" \/>\n<meta property=\"og:url\" content=\"https:\/\/shop.pranichealing.ch\/en\/produkt\/atteindre-lunion-avec-lame-superieur\/\" \/>\n<meta property=\"og:site_name\" content=\"Institut Pranic Healing Switzerland\" \/>\n<meta property=\"article:modified_time\" content=\"2022-02-10T17:01:15+00:00\" \/>\n<meta property=\"og:image\" content=\"https:\/\/shop.pranichealing.ch\/wp-content\/uploads\/2022\/01\/Seele_French.jpg\" \/>\n\t<meta property=\"og:image:width\" content=\"1373\" \/>\n\t<meta property=\"og:image:height\" content=\"1930\" \/>\n\t<meta property=\"og:image:type\" content=\"image\/jpeg\" \/>\n<meta name=\"twitter:card\" content=\"summary_large_image\" \/>\n<meta name=\"twitter:label1\" content=\"Est. reading time\" \/>\n\t<meta name=\"twitter:data1\" content=\"1 minute\" \/>\n<script type=\"application\/ld+json\" class=\"yoast-schema-graph\">{\"@context\":\"https:\\\/\\\/schema.org\",\"@graph\":[{\"@type\":\"WebPage\",\"@id\":\"https:\\\/\\\/shop.pranichealing.ch\\\/en\\\/produkt\\\/atteindre-lunion-avec-lame-superieur\\\/\",\"url\":\"https:\\\/\\\/shop.pranichealing.ch\\\/en\\\/produkt\\\/atteindre-lunion-avec-lame-superieur\\\/\",\"name\":\"Atteindre l\u2019Union avec l\u2019\u00c2me Sup\u00e9rieure - Institut Pranic Healing Switzerland\",\"isPartOf\":{\"@id\":\"https:\\\/\\\/shop.pranichealing.ch\\\/en\\\/#website\"},\"primaryImageOfPage\":{\"@id\":\"https:\\\/\\\/shop.pranichealing.ch\\\/en\\\/produkt\\\/atteindre-lunion-avec-lame-superieur\\\/#primaryimage\"},\"image\":{\"@id\":\"https:\\\/\\\/shop.pranichealing.ch\\\/en\\\/produkt\\\/atteindre-lunion-avec-lame-superieur\\\/#primaryimage\"},\"thumbnailUrl\":\"https:\\\/\\\/shop.pranichealing.ch\\\/wp-content\\\/uploads\\\/2022\\\/01\\\/Seele_French.jpg\",\"datePublished\":\"2022-01-19T10:16:23+00:00\",\"dateModified\":\"2022-02-10T17:01:15+00:00\",\"description\":\"M\u00e9ditations pour la R\u00e9alistion de l'\u00c2me\",\"breadcrumb\":{\"@id\":\"https:\\\/\\\/shop.pranichealing.ch\\\/en\\\/produkt\\\/atteindre-lunion-avec-lame-superieur\\\/#breadcrumb\"},\"inLanguage\":\"en-US\",\"potentialAction\":[{\"@type\":\"ReadAction\",\"target\":[\"https:\\\/\\\/shop.pranichealing.ch\\\/en\\\/produkt\\\/atteindre-lunion-avec-lame-superieur\\\/\"]}]},{\"@type\":\"ImageObject\",\"inLanguage\":\"en-US\",\"@id\":\"https:\\\/\\\/shop.pranichealing.ch\\\/en\\\/produkt\\\/atteindre-lunion-avec-lame-superieur\\\/#primaryimage\",\"url\":\"https:\\\/\\\/shop.pranichealing.ch\\\/wp-content\\\/uploads\\\/2022\\\/01\\\/Seele_French.jpg\",\"contentUrl\":\"https:\\\/\\\/shop.pranichealing.ch\\\/wp-content\\\/uploads\\\/2022\\\/01\\\/Seele_French.jpg\",\"width\":1373,\"height\":1930},{\"@type\":\"BreadcrumbList\",\"@id\":\"https:\\\/\\\/shop.pranichealing.ch\\\/en\\\/produkt\\\/atteindre-lunion-avec-lame-superieur\\\/#breadcrumb\",\"itemListElement\":[{\"@type\":\"ListItem\",\"position\":1,\"name\":\"Startseite\",\"item\":\"https:\\\/\\\/shop.pranichealing.ch\\\/en\\\/\"},{\"@type\":\"ListItem\",\"position\":2,\"name\":\"Shop\",\"item\":\"https:\\\/\\\/shop.pranichealing.ch\\\/en\\\/shop-2\\\/\"},{\"@type\":\"ListItem\",\"position\":3,\"name\":\"Atteindre l\u2019Union avec l\u2019\u00c2me Sup\u00e9rieure\"}]},{\"@type\":\"WebSite\",\"@id\":\"https:\\\/\\\/shop.pranichealing.ch\\\/en\\\/#website\",\"url\":\"https:\\\/\\\/shop.pranichealing.ch\\\/en\\\/\",\"name\":\"Institut Pranic Healing Switzerland\",\"description\":\"Onlineshop\",\"publisher\":{\"@id\":\"https:\\\/\\\/shop.pranichealing.ch\\\/en\\\/#organization\"},\"potentialAction\":[{\"@type\":\"SearchAction\",\"target\":{\"@type\":\"EntryPoint\",\"urlTemplate\":\"https:\\\/\\\/shop.pranichealing.ch\\\/en\\\/?s={search_term_string}\"},\"query-input\":{\"@type\":\"PropertyValueSpecification\",\"valueRequired\":true,\"valueName\":\"search_term_string\"}}],\"inLanguage\":\"en-US\"},{\"@type\":\"Organization\",\"@id\":\"https:\\\/\\\/shop.pranichealing.ch\\\/en\\\/#organization\",\"name\":\"Institut Pranic Healing Switzerland\",\"url\":\"https:\\\/\\\/shop.pranichealing.ch\\\/en\\\/\",\"logo\":{\"@type\":\"ImageObject\",\"inLanguage\":\"en-US\",\"@id\":\"https:\\\/\\\/shop.pranichealing.ch\\\/en\\\/#\\\/schema\\\/logo\\\/image\\\/\",\"url\":\"https:\\\/\\\/shop.pranichealing.ch\\\/wp-content\\\/uploads\\\/2022\\\/02\\\/iphs.svg\",\"contentUrl\":\"https:\\\/\\\/shop.pranichealing.ch\\\/wp-content\\\/uploads\\\/2022\\\/02\\\/iphs.svg\",\"width\":416,\"height\":84,\"caption\":\"Institut Pranic Healing Switzerland\"},\"image\":{\"@id\":\"https:\\\/\\\/shop.pranichealing.ch\\\/en\\\/#\\\/schema\\\/logo\\\/image\\\/\"}}]}<\/script>\n<!-- \/ Yoast SEO plugin. -->","yoast_head_json":{"title":"Atteindre l\u2019Union avec l\u2019\u00c2me Sup\u00e9rieure - Institut Pranic Healing Switzerland","description":"M\u00e9ditations pour la R\u00e9alistion de l'\u00c2me","robots":{"index":"index","follow":"follow","max-snippet":"max-snippet:-1","max-image-preview":"max-image-preview:large","max-video-preview":"max-video-preview:-1"},"canonical":"https:\/\/shop.pranichealing.ch\/en\/produkt\/atteindre-lunion-avec-lame-superieur\/","og_locale":"en_US","og_type":"article","og_title":"Atteindre l\u2019Union avec l\u2019\u00c2me Sup\u00e9rieure - Institut Pranic Healing Switzerland","og_description":"M\u00e9ditations pour la R\u00e9alistion de l'\u00c2me","og_url":"https:\/\/shop.pranichealing.ch\/en\/produkt\/atteindre-lunion-avec-lame-superieur\/","og_site_name":"Institut Pranic Healing Switzerland","article_modified_time":"2022-02-10T17:01:15+00:00","og_image":[{"width":1373,"height":1930,"url":"https:\/\/shop.pranichealing.ch\/wp-content\/uploads\/2022\/01\/Seele_French.jpg","type":"image\/jpeg"}],"twitter_card":"summary_large_image","twitter_misc":{"Est. reading time":"1 minute"},"schema":{"@context":"https:\/\/schema.org","@graph":[{"@type":"WebPage","@id":"https:\/\/shop.pranichealing.ch\/en\/produkt\/atteindre-lunion-avec-lame-superieur\/","url":"https:\/\/shop.pranichealing.ch\/en\/produkt\/atteindre-lunion-avec-lame-superieur\/","name":"Atteindre l\u2019Union avec l\u2019\u00c2me Sup\u00e9rieure - Institut Pranic Healing Switzerland","isPartOf":{"@id":"https:\/\/shop.pranichealing.ch\/en\/#website"},"primaryImageOfPage":{"@id":"https:\/\/shop.pranichealing.ch\/en\/produkt\/atteindre-lunion-avec-lame-superieur\/#primaryimage"},"image":{"@id":"https:\/\/shop.pranichealing.ch\/en\/produkt\/atteindre-lunion-avec-lame-superieur\/#primaryimage"},"thumbnailUrl":"https:\/\/shop.pranichealing.ch\/wp-content\/uploads\/2022\/01\/Seele_French.jpg","datePublished":"2022-01-19T10:16:23+00:00","dateModified":"2022-02-10T17:01:15+00:00","description":"M\u00e9ditations pour la R\u00e9alistion de l'\u00c2me","breadcrumb":{"@id":"https:\/\/shop.pranichealing.ch\/en\/produkt\/atteindre-lunion-avec-lame-superieur\/#breadcrumb"},"inLanguage":"en-US","potentialAction":[{"@type":"ReadAction","target":["https:\/\/shop.pranichealing.ch\/en\/produkt\/atteindre-lunion-avec-lame-superieur\/"]}]},{"@type":"ImageObject","inLanguage":"en-US","@id":"https:\/\/shop.pranichealing.ch\/en\/produkt\/atteindre-lunion-avec-lame-superieur\/#primaryimage","url":"https:\/\/shop.pranichealing.ch\/wp-content\/uploads\/2022\/01\/Seele_French.jpg","contentUrl":"https:\/\/shop.pranichealing.ch\/wp-content\/uploads\/2022\/01\/Seele_French.jpg","width":1373,"height":1930},{"@type":"BreadcrumbList","@id":"https:\/\/shop.pranichealing.ch\/en\/produkt\/atteindre-lunion-avec-lame-superieur\/#breadcrumb","itemListElement":[{"@type":"ListItem","position":1,"name":"Startseite","item":"https:\/\/shop.pranichealing.ch\/en\/"},{"@type":"ListItem","position":2,"name":"Shop","item":"https:\/\/shop.pranichealing.ch\/en\/shop-2\/"},{"@type":"ListItem","position":3,"name":"Atteindre l\u2019Union avec l\u2019\u00c2me Sup\u00e9rieure"}]},{"@type":"WebSite","@id":"https:\/\/shop.pranichealing.ch\/en\/#website","url":"https:\/\/shop.pranichealing.ch\/en\/","name":"Institut Pranic Healing Switzerland","description":"Onlineshop","publisher":{"@id":"https:\/\/shop.pranichealing.ch\/en\/#organization"},"potentialAction":[{"@type":"SearchAction","target":{"@type":"EntryPoint","urlTemplate":"https:\/\/shop.pranichealing.ch\/en\/?s={search_term_string}"},"query-input":{"@type":"PropertyValueSpecification","valueRequired":true,"valueName":"search_term_string"}}],"inLanguage":"en-US"},{"@type":"Organization","@id":"https:\/\/shop.pranichealing.ch\/en\/#organization","name":"Institut Pranic Healing Switzerland","url":"https:\/\/shop.pranichealing.ch\/en\/","logo":{"@type":"ImageObject","inLanguage":"en-US","@id":"https:\/\/shop.pranichealing.ch\/en\/#\/schema\/logo\/image\/","url":"https:\/\/shop.pranichealing.ch\/wp-content\/uploads\/2022\/02\/iphs.svg","contentUrl":"https:\/\/shop.pranichealing.ch\/wp-content\/uploads\/2022\/02\/iphs.svg","width":416,"height":84,"caption":"Institut Pranic Healing Switzerland"},"image":{"@id":"https:\/\/shop.pranichealing.ch\/en\/#\/schema\/logo\/image\/"}}]}},"_links":{"self":[{"href":"https:\/\/shop.pranichealing.ch\/en\/wp-json\/wp\/v2\/product\/1061","targetHints":{"allow":["GET"]}}],"collection":[{"href":"https:\/\/shop.pranichealing.ch\/en\/wp-json\/wp\/v2\/product"}],"about":[{"href":"https:\/\/shop.pranichealing.ch\/en\/wp-json\/wp\/v2\/types\/product"}],"wp:featuredmedia":[{"embeddable":true,"href":"https:\/\/shop.pranichealing.ch\/en\/wp-json\/wp\/v2\/media\/925"}],"wp:attachment":[{"href":"https:\/\/shop.pranichealing.ch\/en\/wp-json\/wp\/v2\/media?parent=1061"}],"wp:term":[{"taxonomy":"product_brand","embeddable":true,"href":"https:\/\/shop.pranichealing.ch\/en\/wp-json\/wp\/v2\/product_brand?post=1061"},{"taxonomy":"product_cat","embeddable":true,"href":"https:\/\/shop.pranichealing.ch\/en\/wp-json\/wp\/v2\/product_cat?post=1061"},{"taxonomy":"product_tag","embeddable":true,"href":"https:\/\/shop.pranichealing.ch\/en\/wp-json\/wp\/v2\/product_tag?post=1061"}],"curies":[{"name":"wp","href":"https:\/\/api.w.org\/{rel}","templated":true}]}}