{"id":1076,"date":"2022-01-19T10:38:01","date_gmt":"2022-01-19T11:12:07","guid":{"rendered":"https:\/\/shop.pranichealing.ch\/produkt\/inspiriertes-handeln\/"},"modified":"2022-01-24T16:20:17","modified_gmt":"2022-01-24T15:20:17","slug":"inspiriertes-handeln","status":"publish","type":"product","link":"https:\/\/shop.pranichealing.ch\/en\/produkt\/inspiriertes-handeln\/","title":{"rendered":"Inspiriertes Handeln &#8211; \u00fcber das Unterrichten von Pranic Healing"},"content":{"rendered":"<p>In den insgesamt 7 Golden Lotus Sutras- B\u00fcchern von Master Choa Kok Sui werden verschiedene Themen behandelt. Der Autor teilt seine Gedanken und seine Weisheit zu Themen wie Wohlstand, Beziehungen, Leben, Spiritualit\u00e4t, der Suche nach innerem Frieden u.v.m. Jedes Sutra ist einzeln erh\u00e4ltlich.<\/p>\n<p>Master Choa Kok Sui teilt wichtige Richtlinien und Hinweise f\u00fcr Pranic Healing Anwender und Lehrpersonen f\u00fcr die korrekte Verbreitung seiner Lehren, und der Errichtung von Pranic-Healing-Zentren.<\/p>\n","protected":false},"excerpt":{"rendered":"<p>In den insgesamt 7 Golden Lotus Sutras- B\u00fcchern von Master Choa Kok Sui werden verschiedene Themen behandelt. Der Autor teilt seine Gedanken und seine Weisheit zu Themen wie Wohlstand, Beziehungen, Leben, Spiritualit\u00e4t, der Suche nach innerem Frieden u.v.m. Jedes Sutra ist einzeln erh\u00e4ltlich. Master Choa Kok Sui teilt wichtige Richtlinien und Hinweise f\u00fcr Pranic Healing&hellip; <a class=\"more-link\" href=\"https:\/\/shop.pranichealing.ch\/en\/produkt\/inspiriertes-handeln\/\">Continue reading <span class=\"screen-reader-text\">Inspiriertes Handeln &#8211; \u00fcber das Unterrichten von Pranic Healing<\/span><\/a><\/p>\n","protected":false},"featured_media":755,"template":"","meta":{"inline_featured_image":false},"product_brand":[],"product_cat":[48,61],"product_tag":[],"class_list":{"0":"post-1076","1":"product","2":"type-product","3":"status-publish","4":"has-post-thumbnail","6":"product_cat-books","7":"product_cat-de-en-2","8":"entry","10":"first","11":"instock","12":"taxable","13":"shipping-taxable","14":"purchasable","15":"product-type-simple"},"yoast_head":"<!-- This site is optimized with the Yoast SEO plugin v27.3 - https:\/\/yoast.com\/product\/yoast-seo-wordpress\/ -->\n<title>Inspiriertes Handeln - \u00fcber das Unterrichten von Pranic Healing - Institut Pranic Healing Switzerland<\/title>\n<meta name=\"description\" content=\"Inspiriertes Handeln\" \/>\n<meta name=\"robots\" content=\"index, follow, max-snippet:-1, max-image-preview:large, max-video-preview:-1\" \/>\n<link rel=\"canonical\" href=\"https:\/\/shop.pranichealing.ch\/en\/produkt\/inspiriertes-handeln\/\" \/>\n<meta property=\"og:locale\" content=\"en_US\" \/>\n<meta property=\"og:type\" content=\"article\" \/>\n<meta property=\"og:title\" content=\"Inspiriertes Handeln - \u00fcber das Unterrichten von Pranic Healing - Institut Pranic Healing Switzerland\" \/>\n<meta property=\"og:description\" content=\"Inspiriertes Handeln\" \/>\n<meta property=\"og:url\" content=\"https:\/\/shop.pranichealing.ch\/en\/produkt\/inspiriertes-handeln\/\" \/>\n<meta property=\"og:site_name\" content=\"Institut Pranic Healing Switzerland\" \/>\n<meta property=\"article:modified_time\" content=\"2022-01-24T15:20:17+00:00\" \/>\n<meta property=\"og:image\" content=\"https:\/\/shop.pranichealing.ch\/wp-content\/uploads\/2022\/01\/Sutras_Inspiriertes-Handeln.jpg\" \/>\n\t<meta property=\"og:image:width\" content=\"800\" \/>\n\t<meta property=\"og:image:height\" content=\"1320\" \/>\n\t<meta property=\"og:image:type\" content=\"image\/jpeg\" \/>\n<meta name=\"twitter:card\" content=\"summary_large_image\" \/>\n<script type=\"application\/ld+json\" class=\"yoast-schema-graph\">{\"@context\":\"https:\\\/\\\/schema.org\",\"@graph\":[{\"@type\":\"WebPage\",\"@id\":\"https:\\\/\\\/shop.pranichealing.ch\\\/en\\\/produkt\\\/inspiriertes-handeln\\\/\",\"url\":\"https:\\\/\\\/shop.pranichealing.ch\\\/en\\\/produkt\\\/inspiriertes-handeln\\\/\",\"name\":\"Inspiriertes Handeln - \u00fcber das Unterrichten von Pranic Healing - Institut Pranic Healing Switzerland\",\"isPartOf\":{\"@id\":\"https:\\\/\\\/shop.pranichealing.ch\\\/en\\\/#website\"},\"primaryImageOfPage\":{\"@id\":\"https:\\\/\\\/shop.pranichealing.ch\\\/en\\\/produkt\\\/inspiriertes-handeln\\\/#primaryimage\"},\"image\":{\"@id\":\"https:\\\/\\\/shop.pranichealing.ch\\\/en\\\/produkt\\\/inspiriertes-handeln\\\/#primaryimage\"},\"thumbnailUrl\":\"https:\\\/\\\/shop.pranichealing.ch\\\/wp-content\\\/uploads\\\/2022\\\/01\\\/Sutras_Inspiriertes-Handeln.jpg\",\"datePublished\":\"2022-01-19T11:12:07+00:00\",\"dateModified\":\"2022-01-24T15:20:17+00:00\",\"description\":\"Inspiriertes Handeln\",\"breadcrumb\":{\"@id\":\"https:\\\/\\\/shop.pranichealing.ch\\\/en\\\/produkt\\\/inspiriertes-handeln\\\/#breadcrumb\"},\"inLanguage\":\"en-US\",\"potentialAction\":[{\"@type\":\"ReadAction\",\"target\":[\"https:\\\/\\\/shop.pranichealing.ch\\\/en\\\/produkt\\\/inspiriertes-handeln\\\/\"]}]},{\"@type\":\"ImageObject\",\"inLanguage\":\"en-US\",\"@id\":\"https:\\\/\\\/shop.pranichealing.ch\\\/en\\\/produkt\\\/inspiriertes-handeln\\\/#primaryimage\",\"url\":\"https:\\\/\\\/shop.pranichealing.ch\\\/wp-content\\\/uploads\\\/2022\\\/01\\\/Sutras_Inspiriertes-Handeln.jpg\",\"contentUrl\":\"https:\\\/\\\/shop.pranichealing.ch\\\/wp-content\\\/uploads\\\/2022\\\/01\\\/Sutras_Inspiriertes-Handeln.jpg\",\"width\":800,\"height\":1320},{\"@type\":\"BreadcrumbList\",\"@id\":\"https:\\\/\\\/shop.pranichealing.ch\\\/en\\\/produkt\\\/inspiriertes-handeln\\\/#breadcrumb\",\"itemListElement\":[{\"@type\":\"ListItem\",\"position\":1,\"name\":\"Startseite\",\"item\":\"https:\\\/\\\/shop.pranichealing.ch\\\/en\\\/\"},{\"@type\":\"ListItem\",\"position\":2,\"name\":\"Shop\",\"item\":\"https:\\\/\\\/shop.pranichealing.ch\\\/en\\\/shop-2\\\/\"},{\"@type\":\"ListItem\",\"position\":3,\"name\":\"Inspiriertes Handeln &#8211; \u00fcber das Unterrichten von Pranic Healing\"}]},{\"@type\":\"WebSite\",\"@id\":\"https:\\\/\\\/shop.pranichealing.ch\\\/en\\\/#website\",\"url\":\"https:\\\/\\\/shop.pranichealing.ch\\\/en\\\/\",\"name\":\"Institut Pranic Healing Switzerland\",\"description\":\"Onlineshop\",\"publisher\":{\"@id\":\"https:\\\/\\\/shop.pranichealing.ch\\\/en\\\/#organization\"},\"potentialAction\":[{\"@type\":\"SearchAction\",\"target\":{\"@type\":\"EntryPoint\",\"urlTemplate\":\"https:\\\/\\\/shop.pranichealing.ch\\\/en\\\/?s={search_term_string}\"},\"query-input\":{\"@type\":\"PropertyValueSpecification\",\"valueRequired\":true,\"valueName\":\"search_term_string\"}}],\"inLanguage\":\"en-US\"},{\"@type\":\"Organization\",\"@id\":\"https:\\\/\\\/shop.pranichealing.ch\\\/en\\\/#organization\",\"name\":\"Institut Pranic Healing Switzerland\",\"url\":\"https:\\\/\\\/shop.pranichealing.ch\\\/en\\\/\",\"logo\":{\"@type\":\"ImageObject\",\"inLanguage\":\"en-US\",\"@id\":\"https:\\\/\\\/shop.pranichealing.ch\\\/en\\\/#\\\/schema\\\/logo\\\/image\\\/\",\"url\":\"https:\\\/\\\/shop.pranichealing.ch\\\/wp-content\\\/uploads\\\/2022\\\/02\\\/iphs.svg\",\"contentUrl\":\"https:\\\/\\\/shop.pranichealing.ch\\\/wp-content\\\/uploads\\\/2022\\\/02\\\/iphs.svg\",\"width\":416,\"height\":84,\"caption\":\"Institut Pranic Healing Switzerland\"},\"image\":{\"@id\":\"https:\\\/\\\/shop.pranichealing.ch\\\/en\\\/#\\\/schema\\\/logo\\\/image\\\/\"}}]}<\/script>\n<!-- \/ Yoast SEO plugin. -->","yoast_head_json":{"title":"Inspiriertes Handeln - \u00fcber das Unterrichten von Pranic Healing - Institut Pranic Healing Switzerland","description":"Inspiriertes Handeln","robots":{"index":"index","follow":"follow","max-snippet":"max-snippet:-1","max-image-preview":"max-image-preview:large","max-video-preview":"max-video-preview:-1"},"canonical":"https:\/\/shop.pranichealing.ch\/en\/produkt\/inspiriertes-handeln\/","og_locale":"en_US","og_type":"article","og_title":"Inspiriertes Handeln - \u00fcber das Unterrichten von Pranic Healing - Institut Pranic Healing Switzerland","og_description":"Inspiriertes Handeln","og_url":"https:\/\/shop.pranichealing.ch\/en\/produkt\/inspiriertes-handeln\/","og_site_name":"Institut Pranic Healing Switzerland","article_modified_time":"2022-01-24T15:20:17+00:00","og_image":[{"width":800,"height":1320,"url":"https:\/\/shop.pranichealing.ch\/wp-content\/uploads\/2022\/01\/Sutras_Inspiriertes-Handeln.jpg","type":"image\/jpeg"}],"twitter_card":"summary_large_image","schema":{"@context":"https:\/\/schema.org","@graph":[{"@type":"WebPage","@id":"https:\/\/shop.pranichealing.ch\/en\/produkt\/inspiriertes-handeln\/","url":"https:\/\/shop.pranichealing.ch\/en\/produkt\/inspiriertes-handeln\/","name":"Inspiriertes Handeln - \u00fcber das Unterrichten von Pranic Healing - Institut Pranic Healing Switzerland","isPartOf":{"@id":"https:\/\/shop.pranichealing.ch\/en\/#website"},"primaryImageOfPage":{"@id":"https:\/\/shop.pranichealing.ch\/en\/produkt\/inspiriertes-handeln\/#primaryimage"},"image":{"@id":"https:\/\/shop.pranichealing.ch\/en\/produkt\/inspiriertes-handeln\/#primaryimage"},"thumbnailUrl":"https:\/\/shop.pranichealing.ch\/wp-content\/uploads\/2022\/01\/Sutras_Inspiriertes-Handeln.jpg","datePublished":"2022-01-19T11:12:07+00:00","dateModified":"2022-01-24T15:20:17+00:00","description":"Inspiriertes Handeln","breadcrumb":{"@id":"https:\/\/shop.pranichealing.ch\/en\/produkt\/inspiriertes-handeln\/#breadcrumb"},"inLanguage":"en-US","potentialAction":[{"@type":"ReadAction","target":["https:\/\/shop.pranichealing.ch\/en\/produkt\/inspiriertes-handeln\/"]}]},{"@type":"ImageObject","inLanguage":"en-US","@id":"https:\/\/shop.pranichealing.ch\/en\/produkt\/inspiriertes-handeln\/#primaryimage","url":"https:\/\/shop.pranichealing.ch\/wp-content\/uploads\/2022\/01\/Sutras_Inspiriertes-Handeln.jpg","contentUrl":"https:\/\/shop.pranichealing.ch\/wp-content\/uploads\/2022\/01\/Sutras_Inspiriertes-Handeln.jpg","width":800,"height":1320},{"@type":"BreadcrumbList","@id":"https:\/\/shop.pranichealing.ch\/en\/produkt\/inspiriertes-handeln\/#breadcrumb","itemListElement":[{"@type":"ListItem","position":1,"name":"Startseite","item":"https:\/\/shop.pranichealing.ch\/en\/"},{"@type":"ListItem","position":2,"name":"Shop","item":"https:\/\/shop.pranichealing.ch\/en\/shop-2\/"},{"@type":"ListItem","position":3,"name":"Inspiriertes Handeln &#8211; \u00fcber das Unterrichten von Pranic Healing"}]},{"@type":"WebSite","@id":"https:\/\/shop.pranichealing.ch\/en\/#website","url":"https:\/\/shop.pranichealing.ch\/en\/","name":"Institut Pranic Healing Switzerland","description":"Onlineshop","publisher":{"@id":"https:\/\/shop.pranichealing.ch\/en\/#organization"},"potentialAction":[{"@type":"SearchAction","target":{"@type":"EntryPoint","urlTemplate":"https:\/\/shop.pranichealing.ch\/en\/?s={search_term_string}"},"query-input":{"@type":"PropertyValueSpecification","valueRequired":true,"valueName":"search_term_string"}}],"inLanguage":"en-US"},{"@type":"Organization","@id":"https:\/\/shop.pranichealing.ch\/en\/#organization","name":"Institut Pranic Healing Switzerland","url":"https:\/\/shop.pranichealing.ch\/en\/","logo":{"@type":"ImageObject","inLanguage":"en-US","@id":"https:\/\/shop.pranichealing.ch\/en\/#\/schema\/logo\/image\/","url":"https:\/\/shop.pranichealing.ch\/wp-content\/uploads\/2022\/02\/iphs.svg","contentUrl":"https:\/\/shop.pranichealing.ch\/wp-content\/uploads\/2022\/02\/iphs.svg","width":416,"height":84,"caption":"Institut Pranic Healing Switzerland"},"image":{"@id":"https:\/\/shop.pranichealing.ch\/en\/#\/schema\/logo\/image\/"}}]}},"_links":{"self":[{"href":"https:\/\/shop.pranichealing.ch\/en\/wp-json\/wp\/v2\/product\/1076","targetHints":{"allow":["GET"]}}],"collection":[{"href":"https:\/\/shop.pranichealing.ch\/en\/wp-json\/wp\/v2\/product"}],"about":[{"href":"https:\/\/shop.pranichealing.ch\/en\/wp-json\/wp\/v2\/types\/product"}],"wp:featuredmedia":[{"embeddable":true,"href":"https:\/\/shop.pranichealing.ch\/en\/wp-json\/wp\/v2\/media\/755"}],"wp:attachment":[{"href":"https:\/\/shop.pranichealing.ch\/en\/wp-json\/wp\/v2\/media?parent=1076"}],"wp:term":[{"taxonomy":"product_brand","embeddable":true,"href":"https:\/\/shop.pranichealing.ch\/en\/wp-json\/wp\/v2\/product_brand?post=1076"},{"taxonomy":"product_cat","embeddable":true,"href":"https:\/\/shop.pranichealing.ch\/en\/wp-json\/wp\/v2\/product_cat?post=1076"},{"taxonomy":"product_tag","embeddable":true,"href":"https:\/\/shop.pranichealing.ch\/en\/wp-json\/wp\/v2\/product_tag?post=1076"}],"curies":[{"name":"wp","href":"https:\/\/api.w.org\/{rel}","templated":true}]}}