{"id":1090,"date":"2022-01-19T10:25:21","date_gmt":"2022-01-19T11:18:09","guid":{"rendered":"https:\/\/shop.pranichealing.ch\/produkt\/mitfuhlende-sachlichkeit\/"},"modified":"2022-01-24T15:46:17","modified_gmt":"2022-01-24T14:46:17","slug":"mitfuhlende-sachlichkeit","status":"publish","type":"product","link":"https:\/\/shop.pranichealing.ch\/en\/produkt\/mitfuhlende-sachlichkeit\/","title":{"rendered":"Mitf\u00fchlende Sachlichkeit &#8211; \u00fcber Charakterbildung"},"content":{"rendered":"<p>In den insgesamt 7 Golden Lotus Sutras- B\u00fcchern von Master Choa Kok Sui werden verschiedene Themen behandelt. Der Autor teilt seine Gedanken und seine Weisheit zu Themen wie Wohlstand, Beziehungen, Leben, Spiritualit\u00e4t, der Suche nach innerem Frieden u.v.m. Jedes Sutra ist einzeln erh\u00e4ltlich.<\/p>\n<p>Dieses Sutra er\u00f6rtert die f\u00fcnf Tugenden, die Menschen entwickeln sollen, um die beste Version ihrer selbst zu sein. Master Choa Kok Sui betont, dass die Entwicklung aller f\u00fcnf Tugenden notwendig ist, um ein gutes Leben f\u00fchren zu k\u00f6nnen.<\/p>\n","protected":false},"excerpt":{"rendered":"<p>In den insgesamt 7 Golden Lotus Sutras- B\u00fcchern von Master Choa Kok Sui werden verschiedene Themen behandelt. Der Autor teilt seine Gedanken und seine Weisheit zu Themen wie Wohlstand, Beziehungen, Leben, Spiritualit\u00e4t, der Suche nach innerem Frieden u.v.m. Jedes Sutra ist einzeln erh\u00e4ltlich. Dieses Sutra er\u00f6rtert die f\u00fcnf Tugenden, die Menschen entwickeln sollen, um die&hellip; <a class=\"more-link\" href=\"https:\/\/shop.pranichealing.ch\/en\/produkt\/mitfuhlende-sachlichkeit\/\">Continue reading <span class=\"screen-reader-text\">Mitf\u00fchlende Sachlichkeit &#8211; \u00fcber Charakterbildung<\/span><\/a><\/p>\n","protected":false},"featured_media":767,"template":"","meta":{"inline_featured_image":false},"product_brand":[],"product_cat":[48,61],"product_tag":[],"class_list":{"0":"post-1090","1":"product","2":"type-product","3":"status-publish","4":"has-post-thumbnail","6":"product_cat-books","7":"product_cat-de-en-2","8":"entry","10":"first","11":"instock","12":"taxable","13":"shipping-taxable","14":"purchasable","15":"product-type-simple"},"yoast_head":"<!-- This site is optimized with the Yoast SEO plugin v27.3 - https:\/\/yoast.com\/product\/yoast-seo-wordpress\/ -->\n<title>Mitf\u00fchlende Sachlichkeit - \u00fcber Charakterbildung - Institut Pranic Healing Switzerland<\/title>\n<meta name=\"description\" content=\"Mitf\u00fchlende Sachlichkeit\" \/>\n<meta name=\"robots\" content=\"index, follow, max-snippet:-1, max-image-preview:large, max-video-preview:-1\" \/>\n<link rel=\"canonical\" href=\"https:\/\/shop.pranichealing.ch\/en\/produkt\/mitfuhlende-sachlichkeit\/\" \/>\n<meta property=\"og:locale\" content=\"en_US\" \/>\n<meta property=\"og:type\" content=\"article\" \/>\n<meta property=\"og:title\" content=\"Mitf\u00fchlende Sachlichkeit - \u00fcber Charakterbildung - Institut Pranic Healing Switzerland\" \/>\n<meta property=\"og:description\" content=\"Mitf\u00fchlende Sachlichkeit\" \/>\n<meta property=\"og:url\" content=\"https:\/\/shop.pranichealing.ch\/en\/produkt\/mitfuhlende-sachlichkeit\/\" \/>\n<meta property=\"og:site_name\" content=\"Institut Pranic Healing Switzerland\" \/>\n<meta property=\"article:modified_time\" content=\"2022-01-24T14:46:17+00:00\" \/>\n<meta property=\"og:image\" content=\"https:\/\/shop.pranichealing.ch\/wp-content\/uploads\/2022\/01\/Sutras_Mitfuhlende-Sachlichkeit.jpg\" \/>\n\t<meta property=\"og:image:width\" content=\"800\" \/>\n\t<meta property=\"og:image:height\" content=\"1303\" \/>\n\t<meta property=\"og:image:type\" content=\"image\/jpeg\" \/>\n<meta name=\"twitter:card\" content=\"summary_large_image\" \/>\n<script type=\"application\/ld+json\" class=\"yoast-schema-graph\">{\"@context\":\"https:\\\/\\\/schema.org\",\"@graph\":[{\"@type\":\"WebPage\",\"@id\":\"https:\\\/\\\/shop.pranichealing.ch\\\/en\\\/produkt\\\/mitfuhlende-sachlichkeit\\\/\",\"url\":\"https:\\\/\\\/shop.pranichealing.ch\\\/en\\\/produkt\\\/mitfuhlende-sachlichkeit\\\/\",\"name\":\"Mitf\u00fchlende Sachlichkeit - \u00fcber Charakterbildung - Institut Pranic Healing Switzerland\",\"isPartOf\":{\"@id\":\"https:\\\/\\\/shop.pranichealing.ch\\\/en\\\/#website\"},\"primaryImageOfPage\":{\"@id\":\"https:\\\/\\\/shop.pranichealing.ch\\\/en\\\/produkt\\\/mitfuhlende-sachlichkeit\\\/#primaryimage\"},\"image\":{\"@id\":\"https:\\\/\\\/shop.pranichealing.ch\\\/en\\\/produkt\\\/mitfuhlende-sachlichkeit\\\/#primaryimage\"},\"thumbnailUrl\":\"https:\\\/\\\/shop.pranichealing.ch\\\/wp-content\\\/uploads\\\/2022\\\/01\\\/Sutras_Mitfuhlende-Sachlichkeit.jpg\",\"datePublished\":\"2022-01-19T11:18:09+00:00\",\"dateModified\":\"2022-01-24T14:46:17+00:00\",\"description\":\"Mitf\u00fchlende Sachlichkeit\",\"breadcrumb\":{\"@id\":\"https:\\\/\\\/shop.pranichealing.ch\\\/en\\\/produkt\\\/mitfuhlende-sachlichkeit\\\/#breadcrumb\"},\"inLanguage\":\"en-US\",\"potentialAction\":[{\"@type\":\"ReadAction\",\"target\":[\"https:\\\/\\\/shop.pranichealing.ch\\\/en\\\/produkt\\\/mitfuhlende-sachlichkeit\\\/\"]}]},{\"@type\":\"ImageObject\",\"inLanguage\":\"en-US\",\"@id\":\"https:\\\/\\\/shop.pranichealing.ch\\\/en\\\/produkt\\\/mitfuhlende-sachlichkeit\\\/#primaryimage\",\"url\":\"https:\\\/\\\/shop.pranichealing.ch\\\/wp-content\\\/uploads\\\/2022\\\/01\\\/Sutras_Mitfuhlende-Sachlichkeit.jpg\",\"contentUrl\":\"https:\\\/\\\/shop.pranichealing.ch\\\/wp-content\\\/uploads\\\/2022\\\/01\\\/Sutras_Mitfuhlende-Sachlichkeit.jpg\",\"width\":800,\"height\":1303},{\"@type\":\"BreadcrumbList\",\"@id\":\"https:\\\/\\\/shop.pranichealing.ch\\\/en\\\/produkt\\\/mitfuhlende-sachlichkeit\\\/#breadcrumb\",\"itemListElement\":[{\"@type\":\"ListItem\",\"position\":1,\"name\":\"Startseite\",\"item\":\"https:\\\/\\\/shop.pranichealing.ch\\\/en\\\/\"},{\"@type\":\"ListItem\",\"position\":2,\"name\":\"Shop\",\"item\":\"https:\\\/\\\/shop.pranichealing.ch\\\/en\\\/shop-2\\\/\"},{\"@type\":\"ListItem\",\"position\":3,\"name\":\"Mitf\u00fchlende Sachlichkeit &#8211; \u00fcber Charakterbildung\"}]},{\"@type\":\"WebSite\",\"@id\":\"https:\\\/\\\/shop.pranichealing.ch\\\/en\\\/#website\",\"url\":\"https:\\\/\\\/shop.pranichealing.ch\\\/en\\\/\",\"name\":\"Institut Pranic Healing Switzerland\",\"description\":\"Onlineshop\",\"publisher\":{\"@id\":\"https:\\\/\\\/shop.pranichealing.ch\\\/en\\\/#organization\"},\"potentialAction\":[{\"@type\":\"SearchAction\",\"target\":{\"@type\":\"EntryPoint\",\"urlTemplate\":\"https:\\\/\\\/shop.pranichealing.ch\\\/en\\\/?s={search_term_string}\"},\"query-input\":{\"@type\":\"PropertyValueSpecification\",\"valueRequired\":true,\"valueName\":\"search_term_string\"}}],\"inLanguage\":\"en-US\"},{\"@type\":\"Organization\",\"@id\":\"https:\\\/\\\/shop.pranichealing.ch\\\/en\\\/#organization\",\"name\":\"Institut Pranic Healing Switzerland\",\"url\":\"https:\\\/\\\/shop.pranichealing.ch\\\/en\\\/\",\"logo\":{\"@type\":\"ImageObject\",\"inLanguage\":\"en-US\",\"@id\":\"https:\\\/\\\/shop.pranichealing.ch\\\/en\\\/#\\\/schema\\\/logo\\\/image\\\/\",\"url\":\"https:\\\/\\\/shop.pranichealing.ch\\\/wp-content\\\/uploads\\\/2022\\\/02\\\/iphs.svg\",\"contentUrl\":\"https:\\\/\\\/shop.pranichealing.ch\\\/wp-content\\\/uploads\\\/2022\\\/02\\\/iphs.svg\",\"width\":416,\"height\":84,\"caption\":\"Institut Pranic Healing Switzerland\"},\"image\":{\"@id\":\"https:\\\/\\\/shop.pranichealing.ch\\\/en\\\/#\\\/schema\\\/logo\\\/image\\\/\"}}]}<\/script>\n<!-- \/ Yoast SEO plugin. -->","yoast_head_json":{"title":"Mitf\u00fchlende Sachlichkeit - \u00fcber Charakterbildung - Institut Pranic Healing Switzerland","description":"Mitf\u00fchlende Sachlichkeit","robots":{"index":"index","follow":"follow","max-snippet":"max-snippet:-1","max-image-preview":"max-image-preview:large","max-video-preview":"max-video-preview:-1"},"canonical":"https:\/\/shop.pranichealing.ch\/en\/produkt\/mitfuhlende-sachlichkeit\/","og_locale":"en_US","og_type":"article","og_title":"Mitf\u00fchlende Sachlichkeit - \u00fcber Charakterbildung - Institut Pranic Healing Switzerland","og_description":"Mitf\u00fchlende Sachlichkeit","og_url":"https:\/\/shop.pranichealing.ch\/en\/produkt\/mitfuhlende-sachlichkeit\/","og_site_name":"Institut Pranic Healing Switzerland","article_modified_time":"2022-01-24T14:46:17+00:00","og_image":[{"width":800,"height":1303,"url":"https:\/\/shop.pranichealing.ch\/wp-content\/uploads\/2022\/01\/Sutras_Mitfuhlende-Sachlichkeit.jpg","type":"image\/jpeg"}],"twitter_card":"summary_large_image","schema":{"@context":"https:\/\/schema.org","@graph":[{"@type":"WebPage","@id":"https:\/\/shop.pranichealing.ch\/en\/produkt\/mitfuhlende-sachlichkeit\/","url":"https:\/\/shop.pranichealing.ch\/en\/produkt\/mitfuhlende-sachlichkeit\/","name":"Mitf\u00fchlende Sachlichkeit - \u00fcber Charakterbildung - Institut Pranic Healing Switzerland","isPartOf":{"@id":"https:\/\/shop.pranichealing.ch\/en\/#website"},"primaryImageOfPage":{"@id":"https:\/\/shop.pranichealing.ch\/en\/produkt\/mitfuhlende-sachlichkeit\/#primaryimage"},"image":{"@id":"https:\/\/shop.pranichealing.ch\/en\/produkt\/mitfuhlende-sachlichkeit\/#primaryimage"},"thumbnailUrl":"https:\/\/shop.pranichealing.ch\/wp-content\/uploads\/2022\/01\/Sutras_Mitfuhlende-Sachlichkeit.jpg","datePublished":"2022-01-19T11:18:09+00:00","dateModified":"2022-01-24T14:46:17+00:00","description":"Mitf\u00fchlende Sachlichkeit","breadcrumb":{"@id":"https:\/\/shop.pranichealing.ch\/en\/produkt\/mitfuhlende-sachlichkeit\/#breadcrumb"},"inLanguage":"en-US","potentialAction":[{"@type":"ReadAction","target":["https:\/\/shop.pranichealing.ch\/en\/produkt\/mitfuhlende-sachlichkeit\/"]}]},{"@type":"ImageObject","inLanguage":"en-US","@id":"https:\/\/shop.pranichealing.ch\/en\/produkt\/mitfuhlende-sachlichkeit\/#primaryimage","url":"https:\/\/shop.pranichealing.ch\/wp-content\/uploads\/2022\/01\/Sutras_Mitfuhlende-Sachlichkeit.jpg","contentUrl":"https:\/\/shop.pranichealing.ch\/wp-content\/uploads\/2022\/01\/Sutras_Mitfuhlende-Sachlichkeit.jpg","width":800,"height":1303},{"@type":"BreadcrumbList","@id":"https:\/\/shop.pranichealing.ch\/en\/produkt\/mitfuhlende-sachlichkeit\/#breadcrumb","itemListElement":[{"@type":"ListItem","position":1,"name":"Startseite","item":"https:\/\/shop.pranichealing.ch\/en\/"},{"@type":"ListItem","position":2,"name":"Shop","item":"https:\/\/shop.pranichealing.ch\/en\/shop-2\/"},{"@type":"ListItem","position":3,"name":"Mitf\u00fchlende Sachlichkeit &#8211; \u00fcber Charakterbildung"}]},{"@type":"WebSite","@id":"https:\/\/shop.pranichealing.ch\/en\/#website","url":"https:\/\/shop.pranichealing.ch\/en\/","name":"Institut Pranic Healing Switzerland","description":"Onlineshop","publisher":{"@id":"https:\/\/shop.pranichealing.ch\/en\/#organization"},"potentialAction":[{"@type":"SearchAction","target":{"@type":"EntryPoint","urlTemplate":"https:\/\/shop.pranichealing.ch\/en\/?s={search_term_string}"},"query-input":{"@type":"PropertyValueSpecification","valueRequired":true,"valueName":"search_term_string"}}],"inLanguage":"en-US"},{"@type":"Organization","@id":"https:\/\/shop.pranichealing.ch\/en\/#organization","name":"Institut Pranic Healing Switzerland","url":"https:\/\/shop.pranichealing.ch\/en\/","logo":{"@type":"ImageObject","inLanguage":"en-US","@id":"https:\/\/shop.pranichealing.ch\/en\/#\/schema\/logo\/image\/","url":"https:\/\/shop.pranichealing.ch\/wp-content\/uploads\/2022\/02\/iphs.svg","contentUrl":"https:\/\/shop.pranichealing.ch\/wp-content\/uploads\/2022\/02\/iphs.svg","width":416,"height":84,"caption":"Institut Pranic Healing Switzerland"},"image":{"@id":"https:\/\/shop.pranichealing.ch\/en\/#\/schema\/logo\/image\/"}}]}},"_links":{"self":[{"href":"https:\/\/shop.pranichealing.ch\/en\/wp-json\/wp\/v2\/product\/1090","targetHints":{"allow":["GET"]}}],"collection":[{"href":"https:\/\/shop.pranichealing.ch\/en\/wp-json\/wp\/v2\/product"}],"about":[{"href":"https:\/\/shop.pranichealing.ch\/en\/wp-json\/wp\/v2\/types\/product"}],"wp:featuredmedia":[{"embeddable":true,"href":"https:\/\/shop.pranichealing.ch\/en\/wp-json\/wp\/v2\/media\/767"}],"wp:attachment":[{"href":"https:\/\/shop.pranichealing.ch\/en\/wp-json\/wp\/v2\/media?parent=1090"}],"wp:term":[{"taxonomy":"product_brand","embeddable":true,"href":"https:\/\/shop.pranichealing.ch\/en\/wp-json\/wp\/v2\/product_brand?post=1090"},{"taxonomy":"product_cat","embeddable":true,"href":"https:\/\/shop.pranichealing.ch\/en\/wp-json\/wp\/v2\/product_cat?post=1090"},{"taxonomy":"product_tag","embeddable":true,"href":"https:\/\/shop.pranichealing.ch\/en\/wp-json\/wp\/v2\/product_tag?post=1090"}],"curies":[{"name":"wp","href":"https:\/\/api.w.org\/{rel}","templated":true}]}}