{"id":1100,"date":"2022-01-19T09:19:33","date_gmt":"2022-01-19T08:19:33","guid":{"rendered":"https:\/\/shop.pranichealing.ch\/produkt\/om-mani-padme-hum\/"},"modified":"2022-01-24T15:52:27","modified_gmt":"2022-01-24T14:52:27","slug":"om-mani-padme-hum","status":"publish","type":"product","link":"https:\/\/shop.pranichealing.ch\/en\/produkt\/om-mani-padme-hum\/","title":{"rendered":"Om Mani Padme Hum &#8211; Die blaue Perle im goldenen Lotos"},"content":{"rendered":"<p>Mantras sind heilige Worte oder Kl\u00e4nge, die zu bestimmten g\u00f6ttlichen Verbindungen schwingen. Om und Amen sind Beispiele f\u00fcr heilige Kl\u00e4nge. Om Mani Padme Hum ist ein kraftvolles Mantra und Gebet, das von enormer Liebe, Barmherzigkeit und Mitgef\u00fchl durchdrungen ist. Master Choa Kok Sui enth\u00fcllt das tiefere Verst\u00e4ndnis dieses kraftvollen Mantras und seine zahlreichen Vorteile und Anwendungen. In diesem Buch erf\u00e4hrt man mehr \u00fcber die Kraft des Mantras Om Mani Padme Hum und wie man es nutzen kann, um &#8220;Yoga&#8221; oder die Vereinigung mit der h\u00f6heren Seele zu erreichen. Es enth\u00fcllt den Ort der blauen Perle oder den &#8220;Samen des Bewusstseins&#8221; und auch die wahre Bedeutung von &#8220;Geboren auf einer Lotusblume&#8221;.<\/p>\n","protected":false},"excerpt":{"rendered":"<p>In diesem Buch beschreibt Grandmaster Choa Kok Sui die Grenzen von Zeit und Raum, indem er die Wahrheit \u00fcber seinen spirituellen Lehrer der \u00d6ffentlichkeit preisgibt und einige besonders wichtige Lehren dieses unsterblichen Tibetischen Meisters zusammenfasst.<\/p>\n","protected":false},"featured_media":735,"template":"","meta":{"inline_featured_image":false},"product_brand":[],"product_cat":[48,61],"product_tag":[],"class_list":{"0":"post-1100","1":"product","2":"type-product","3":"status-publish","4":"has-post-thumbnail","6":"product_cat-books","7":"product_cat-de-en-2","8":"entry","10":"first","11":"instock","12":"taxable","13":"shipping-taxable","14":"purchasable","15":"product-type-simple"},"yoast_head":"<!-- This site is optimized with the Yoast SEO plugin v27.3 - https:\/\/yoast.com\/product\/yoast-seo-wordpress\/ -->\n<title>Om Mani Padme Hum - Die blaue Perle im goldenen Lotos - Institut Pranic Healing Switzerland<\/title>\n<meta name=\"description\" content=\"In diesem Buch beschreibt Grandmaster Choa Kok Sui die Grenzen von Zeit und Raum, indem er die Wahrheit \u00fcber seinen spirituellen Lehrer der \u00d6ffentlichkeit preisgibt und einige besonders wichtige Lehren dieses unsterblichen Tibetischen Meisters zusammenfasst.\" \/>\n<meta name=\"robots\" content=\"index, follow, max-snippet:-1, max-image-preview:large, max-video-preview:-1\" \/>\n<link rel=\"canonical\" href=\"https:\/\/shop.pranichealing.ch\/en\/produkt\/om-mani-padme-hum\/\" \/>\n<meta property=\"og:locale\" content=\"en_US\" \/>\n<meta property=\"og:type\" content=\"article\" \/>\n<meta property=\"og:title\" content=\"Om Mani Padme Hum - Die blaue Perle im goldenen Lotos - Institut Pranic Healing Switzerland\" \/>\n<meta property=\"og:description\" content=\"In diesem Buch beschreibt Grandmaster Choa Kok Sui die Grenzen von Zeit und Raum, indem er die Wahrheit \u00fcber seinen spirituellen Lehrer der \u00d6ffentlichkeit preisgibt und einige besonders wichtige Lehren dieses unsterblichen Tibetischen Meisters zusammenfasst.\" \/>\n<meta property=\"og:url\" content=\"https:\/\/shop.pranichealing.ch\/en\/produkt\/om-mani-padme-hum\/\" \/>\n<meta property=\"og:site_name\" content=\"Institut Pranic Healing Switzerland\" \/>\n<meta property=\"article:modified_time\" content=\"2022-01-24T14:52:27+00:00\" \/>\n<meta property=\"og:image\" content=\"https:\/\/shop.pranichealing.ch\/wp-content\/uploads\/2022\/01\/Om-Mani-Padme-Hum.jpg\" \/>\n\t<meta property=\"og:image:width\" content=\"800\" \/>\n\t<meta property=\"og:image:height\" content=\"1118\" \/>\n\t<meta property=\"og:image:type\" content=\"image\/jpeg\" \/>\n<meta name=\"twitter:card\" content=\"summary_large_image\" \/>\n<meta name=\"twitter:label1\" content=\"Est. reading time\" \/>\n\t<meta name=\"twitter:data1\" content=\"1 minute\" \/>\n<script type=\"application\/ld+json\" class=\"yoast-schema-graph\">{\"@context\":\"https:\\\/\\\/schema.org\",\"@graph\":[{\"@type\":\"WebPage\",\"@id\":\"https:\\\/\\\/shop.pranichealing.ch\\\/en\\\/produkt\\\/om-mani-padme-hum\\\/\",\"url\":\"https:\\\/\\\/shop.pranichealing.ch\\\/en\\\/produkt\\\/om-mani-padme-hum\\\/\",\"name\":\"Om Mani Padme Hum - Die blaue Perle im goldenen Lotos - Institut Pranic Healing Switzerland\",\"isPartOf\":{\"@id\":\"https:\\\/\\\/shop.pranichealing.ch\\\/en\\\/#website\"},\"primaryImageOfPage\":{\"@id\":\"https:\\\/\\\/shop.pranichealing.ch\\\/en\\\/produkt\\\/om-mani-padme-hum\\\/#primaryimage\"},\"image\":{\"@id\":\"https:\\\/\\\/shop.pranichealing.ch\\\/en\\\/produkt\\\/om-mani-padme-hum\\\/#primaryimage\"},\"thumbnailUrl\":\"https:\\\/\\\/shop.pranichealing.ch\\\/wp-content\\\/uploads\\\/2022\\\/01\\\/Om-Mani-Padme-Hum.jpg\",\"datePublished\":\"2022-01-19T08:19:33+00:00\",\"dateModified\":\"2022-01-24T14:52:27+00:00\",\"description\":\"In diesem Buch beschreibt Grandmaster Choa Kok Sui die Grenzen von Zeit und Raum, indem er die Wahrheit \u00fcber seinen spirituellen Lehrer der \u00d6ffentlichkeit preisgibt und einige besonders wichtige Lehren dieses unsterblichen Tibetischen Meisters zusammenfasst.\",\"breadcrumb\":{\"@id\":\"https:\\\/\\\/shop.pranichealing.ch\\\/en\\\/produkt\\\/om-mani-padme-hum\\\/#breadcrumb\"},\"inLanguage\":\"en-US\",\"potentialAction\":[{\"@type\":\"ReadAction\",\"target\":[\"https:\\\/\\\/shop.pranichealing.ch\\\/en\\\/produkt\\\/om-mani-padme-hum\\\/\"]}]},{\"@type\":\"ImageObject\",\"inLanguage\":\"en-US\",\"@id\":\"https:\\\/\\\/shop.pranichealing.ch\\\/en\\\/produkt\\\/om-mani-padme-hum\\\/#primaryimage\",\"url\":\"https:\\\/\\\/shop.pranichealing.ch\\\/wp-content\\\/uploads\\\/2022\\\/01\\\/Om-Mani-Padme-Hum.jpg\",\"contentUrl\":\"https:\\\/\\\/shop.pranichealing.ch\\\/wp-content\\\/uploads\\\/2022\\\/01\\\/Om-Mani-Padme-Hum.jpg\",\"width\":800,\"height\":1118},{\"@type\":\"BreadcrumbList\",\"@id\":\"https:\\\/\\\/shop.pranichealing.ch\\\/en\\\/produkt\\\/om-mani-padme-hum\\\/#breadcrumb\",\"itemListElement\":[{\"@type\":\"ListItem\",\"position\":1,\"name\":\"Startseite\",\"item\":\"https:\\\/\\\/shop.pranichealing.ch\\\/en\\\/\"},{\"@type\":\"ListItem\",\"position\":2,\"name\":\"Shop\",\"item\":\"https:\\\/\\\/shop.pranichealing.ch\\\/en\\\/shop-2\\\/\"},{\"@type\":\"ListItem\",\"position\":3,\"name\":\"Om Mani Padme Hum &#8211; Die blaue Perle im goldenen Lotos\"}]},{\"@type\":\"WebSite\",\"@id\":\"https:\\\/\\\/shop.pranichealing.ch\\\/en\\\/#website\",\"url\":\"https:\\\/\\\/shop.pranichealing.ch\\\/en\\\/\",\"name\":\"Institut Pranic Healing Switzerland\",\"description\":\"Onlineshop\",\"publisher\":{\"@id\":\"https:\\\/\\\/shop.pranichealing.ch\\\/en\\\/#organization\"},\"potentialAction\":[{\"@type\":\"SearchAction\",\"target\":{\"@type\":\"EntryPoint\",\"urlTemplate\":\"https:\\\/\\\/shop.pranichealing.ch\\\/en\\\/?s={search_term_string}\"},\"query-input\":{\"@type\":\"PropertyValueSpecification\",\"valueRequired\":true,\"valueName\":\"search_term_string\"}}],\"inLanguage\":\"en-US\"},{\"@type\":\"Organization\",\"@id\":\"https:\\\/\\\/shop.pranichealing.ch\\\/en\\\/#organization\",\"name\":\"Institut Pranic Healing Switzerland\",\"url\":\"https:\\\/\\\/shop.pranichealing.ch\\\/en\\\/\",\"logo\":{\"@type\":\"ImageObject\",\"inLanguage\":\"en-US\",\"@id\":\"https:\\\/\\\/shop.pranichealing.ch\\\/en\\\/#\\\/schema\\\/logo\\\/image\\\/\",\"url\":\"https:\\\/\\\/shop.pranichealing.ch\\\/wp-content\\\/uploads\\\/2022\\\/02\\\/iphs.svg\",\"contentUrl\":\"https:\\\/\\\/shop.pranichealing.ch\\\/wp-content\\\/uploads\\\/2022\\\/02\\\/iphs.svg\",\"width\":416,\"height\":84,\"caption\":\"Institut Pranic Healing Switzerland\"},\"image\":{\"@id\":\"https:\\\/\\\/shop.pranichealing.ch\\\/en\\\/#\\\/schema\\\/logo\\\/image\\\/\"}}]}<\/script>\n<!-- \/ Yoast SEO plugin. -->","yoast_head_json":{"title":"Om Mani Padme Hum - Die blaue Perle im goldenen Lotos - Institut Pranic Healing Switzerland","description":"In diesem Buch beschreibt Grandmaster Choa Kok Sui die Grenzen von Zeit und Raum, indem er die Wahrheit \u00fcber seinen spirituellen Lehrer der \u00d6ffentlichkeit preisgibt und einige besonders wichtige Lehren dieses unsterblichen Tibetischen Meisters zusammenfasst.","robots":{"index":"index","follow":"follow","max-snippet":"max-snippet:-1","max-image-preview":"max-image-preview:large","max-video-preview":"max-video-preview:-1"},"canonical":"https:\/\/shop.pranichealing.ch\/en\/produkt\/om-mani-padme-hum\/","og_locale":"en_US","og_type":"article","og_title":"Om Mani Padme Hum - Die blaue Perle im goldenen Lotos - Institut Pranic Healing Switzerland","og_description":"In diesem Buch beschreibt Grandmaster Choa Kok Sui die Grenzen von Zeit und Raum, indem er die Wahrheit \u00fcber seinen spirituellen Lehrer der \u00d6ffentlichkeit preisgibt und einige besonders wichtige Lehren dieses unsterblichen Tibetischen Meisters zusammenfasst.","og_url":"https:\/\/shop.pranichealing.ch\/en\/produkt\/om-mani-padme-hum\/","og_site_name":"Institut Pranic Healing Switzerland","article_modified_time":"2022-01-24T14:52:27+00:00","og_image":[{"width":800,"height":1118,"url":"https:\/\/shop.pranichealing.ch\/wp-content\/uploads\/2022\/01\/Om-Mani-Padme-Hum.jpg","type":"image\/jpeg"}],"twitter_card":"summary_large_image","twitter_misc":{"Est. reading time":"1 minute"},"schema":{"@context":"https:\/\/schema.org","@graph":[{"@type":"WebPage","@id":"https:\/\/shop.pranichealing.ch\/en\/produkt\/om-mani-padme-hum\/","url":"https:\/\/shop.pranichealing.ch\/en\/produkt\/om-mani-padme-hum\/","name":"Om Mani Padme Hum - Die blaue Perle im goldenen Lotos - Institut Pranic Healing Switzerland","isPartOf":{"@id":"https:\/\/shop.pranichealing.ch\/en\/#website"},"primaryImageOfPage":{"@id":"https:\/\/shop.pranichealing.ch\/en\/produkt\/om-mani-padme-hum\/#primaryimage"},"image":{"@id":"https:\/\/shop.pranichealing.ch\/en\/produkt\/om-mani-padme-hum\/#primaryimage"},"thumbnailUrl":"https:\/\/shop.pranichealing.ch\/wp-content\/uploads\/2022\/01\/Om-Mani-Padme-Hum.jpg","datePublished":"2022-01-19T08:19:33+00:00","dateModified":"2022-01-24T14:52:27+00:00","description":"In diesem Buch beschreibt Grandmaster Choa Kok Sui die Grenzen von Zeit und Raum, indem er die Wahrheit \u00fcber seinen spirituellen Lehrer der \u00d6ffentlichkeit preisgibt und einige besonders wichtige Lehren dieses unsterblichen Tibetischen Meisters zusammenfasst.","breadcrumb":{"@id":"https:\/\/shop.pranichealing.ch\/en\/produkt\/om-mani-padme-hum\/#breadcrumb"},"inLanguage":"en-US","potentialAction":[{"@type":"ReadAction","target":["https:\/\/shop.pranichealing.ch\/en\/produkt\/om-mani-padme-hum\/"]}]},{"@type":"ImageObject","inLanguage":"en-US","@id":"https:\/\/shop.pranichealing.ch\/en\/produkt\/om-mani-padme-hum\/#primaryimage","url":"https:\/\/shop.pranichealing.ch\/wp-content\/uploads\/2022\/01\/Om-Mani-Padme-Hum.jpg","contentUrl":"https:\/\/shop.pranichealing.ch\/wp-content\/uploads\/2022\/01\/Om-Mani-Padme-Hum.jpg","width":800,"height":1118},{"@type":"BreadcrumbList","@id":"https:\/\/shop.pranichealing.ch\/en\/produkt\/om-mani-padme-hum\/#breadcrumb","itemListElement":[{"@type":"ListItem","position":1,"name":"Startseite","item":"https:\/\/shop.pranichealing.ch\/en\/"},{"@type":"ListItem","position":2,"name":"Shop","item":"https:\/\/shop.pranichealing.ch\/en\/shop-2\/"},{"@type":"ListItem","position":3,"name":"Om Mani Padme Hum &#8211; Die blaue Perle im goldenen Lotos"}]},{"@type":"WebSite","@id":"https:\/\/shop.pranichealing.ch\/en\/#website","url":"https:\/\/shop.pranichealing.ch\/en\/","name":"Institut Pranic Healing Switzerland","description":"Onlineshop","publisher":{"@id":"https:\/\/shop.pranichealing.ch\/en\/#organization"},"potentialAction":[{"@type":"SearchAction","target":{"@type":"EntryPoint","urlTemplate":"https:\/\/shop.pranichealing.ch\/en\/?s={search_term_string}"},"query-input":{"@type":"PropertyValueSpecification","valueRequired":true,"valueName":"search_term_string"}}],"inLanguage":"en-US"},{"@type":"Organization","@id":"https:\/\/shop.pranichealing.ch\/en\/#organization","name":"Institut Pranic Healing Switzerland","url":"https:\/\/shop.pranichealing.ch\/en\/","logo":{"@type":"ImageObject","inLanguage":"en-US","@id":"https:\/\/shop.pranichealing.ch\/en\/#\/schema\/logo\/image\/","url":"https:\/\/shop.pranichealing.ch\/wp-content\/uploads\/2022\/02\/iphs.svg","contentUrl":"https:\/\/shop.pranichealing.ch\/wp-content\/uploads\/2022\/02\/iphs.svg","width":416,"height":84,"caption":"Institut Pranic Healing Switzerland"},"image":{"@id":"https:\/\/shop.pranichealing.ch\/en\/#\/schema\/logo\/image\/"}}]}},"_links":{"self":[{"href":"https:\/\/shop.pranichealing.ch\/en\/wp-json\/wp\/v2\/product\/1100","targetHints":{"allow":["GET"]}}],"collection":[{"href":"https:\/\/shop.pranichealing.ch\/en\/wp-json\/wp\/v2\/product"}],"about":[{"href":"https:\/\/shop.pranichealing.ch\/en\/wp-json\/wp\/v2\/types\/product"}],"wp:featuredmedia":[{"embeddable":true,"href":"https:\/\/shop.pranichealing.ch\/en\/wp-json\/wp\/v2\/media\/735"}],"wp:attachment":[{"href":"https:\/\/shop.pranichealing.ch\/en\/wp-json\/wp\/v2\/media?parent=1100"}],"wp:term":[{"taxonomy":"product_brand","embeddable":true,"href":"https:\/\/shop.pranichealing.ch\/en\/wp-json\/wp\/v2\/product_brand?post=1100"},{"taxonomy":"product_cat","embeddable":true,"href":"https:\/\/shop.pranichealing.ch\/en\/wp-json\/wp\/v2\/product_cat?post=1100"},{"taxonomy":"product_tag","embeddable":true,"href":"https:\/\/shop.pranichealing.ch\/en\/wp-json\/wp\/v2\/product_tag?post=1100"}],"curies":[{"name":"wp","href":"https:\/\/api.w.org\/{rel}","templated":true}]}}