{"id":1249,"date":"2022-01-19T14:35:49","date_gmt":"2022-01-19T14:15:54","guid":{"rendered":"https:\/\/shop.pranichealing.ch\/produkt\/meditation-on-twin-hearts-with-chackral-healing\/"},"modified":"2022-01-24T15:27:33","modified_gmt":"2022-01-24T14:27:33","slug":"meditation-on-twin-hearts-with-chackral-healing","status":"publish","type":"product","link":"https:\/\/shop.pranichealing.ch\/en\/produkt\/meditation-on-twin-hearts-with-chackral-healing\/","title":{"rendered":"Meditation on Twin Hearts &#8211; with Chakral Healing"},"content":{"rendered":"<p>Die englische Originalversion der Meditation \u00fcber zwei Herzen, in welcher Master Choa Kok Sui zus\u00e4tzlich die Energien durch die Hauptchakras fliessen l\u00e4sst, um Stress, \u00c4ngste, Depression und vieles mehr zu transformieren.<\/p>\n<p>Regular practice of this meditation also cleanses and energises your aura. A strong aura provides a big reservoir of energy. When practiced regularly some of the benefits are increased inner peace, reduced stress levels, mental clarity, happiness, and increased intelligence and comprehension skills \u2013 all distinct advantages for anyone. This version of the Meditation on Twin Hearts includes an additional guided meditation where Master Choa Kok Sui guides energy through the major chakras of the energy body to clear and disintegrate stress, phobic energies, depression and other negative energies.<\/p>\n","protected":false},"excerpt":{"rendered":"<p>Die englische Originalversion der Meditation \u00fcber zwei Herzen, in welcher Master Choa Kok Sui zus\u00e4tzlich die Energien durch die Hauptchakras fliessen l\u00e4sst, um Stress, \u00c4ngste, Depression und vieles mehr zu transformieren. Regular practice of this meditation also cleanses and energises your aura. A strong aura provides a big reservoir of energy. When practiced regularly some&hellip; <a class=\"more-link\" href=\"https:\/\/shop.pranichealing.ch\/en\/produkt\/meditation-on-twin-hearts-with-chackral-healing\/\">Continue reading <span class=\"screen-reader-text\">Meditation on Twin Hearts &#8211; with Chakral Healing<\/span><\/a><\/p>\n","protected":false},"featured_media":831,"template":"","meta":{"inline_featured_image":false},"product_brand":[],"product_cat":[49,62],"product_tag":[],"class_list":{"0":"post-1249","1":"product","2":"type-product","3":"status-publish","4":"has-post-thumbnail","6":"product_cat-cds-en","7":"product_cat-en-en-2","8":"entry","10":"first","11":"instock","12":"taxable","13":"shipping-taxable","14":"purchasable","15":"product-type-simple"},"yoast_head":"<!-- This site is optimized with the Yoast SEO plugin v27.3 - https:\/\/yoast.com\/product\/yoast-seo-wordpress\/ -->\n<title>Meditation on Twin Hearts - with Chakral Healing - Institut Pranic Healing Switzerland<\/title>\n<meta name=\"description\" content=\"Die englische Originalversion der Meditation \u00fcber zwei Herzen mit einer integrierten Selbstheilung der Hauptchakras gesprochen von Master Choa Kok Sui.\" \/>\n<meta name=\"robots\" content=\"index, follow, max-snippet:-1, max-image-preview:large, max-video-preview:-1\" \/>\n<link rel=\"canonical\" href=\"https:\/\/shop.pranichealing.ch\/en\/produkt\/meditation-on-twin-hearts-with-chackral-healing\/\" \/>\n<meta property=\"og:locale\" content=\"en_US\" \/>\n<meta property=\"og:type\" content=\"article\" \/>\n<meta property=\"og:title\" content=\"Meditation on Twin Hearts - with Chakral Healing - Institut Pranic Healing Switzerland\" \/>\n<meta property=\"og:description\" content=\"Die englische Originalversion der Meditation \u00fcber zwei Herzen mit einer integrierten Selbstheilung der Hauptchakras gesprochen von Master Choa Kok Sui.\" \/>\n<meta property=\"og:url\" content=\"https:\/\/shop.pranichealing.ch\/en\/produkt\/meditation-on-twin-hearts-with-chackral-healing\/\" \/>\n<meta property=\"og:site_name\" content=\"Institut Pranic Healing Switzerland\" \/>\n<meta property=\"article:modified_time\" content=\"2022-01-24T14:27:33+00:00\" \/>\n<meta property=\"og:image\" content=\"https:\/\/shop.pranichealing.ch\/wp-content\/uploads\/2022\/01\/CD_Meditation-on-Twin-Hearts-with-Chakral-Healing.jpg\" \/>\n\t<meta property=\"og:image:width\" content=\"800\" \/>\n\t<meta property=\"og:image:height\" content=\"800\" \/>\n\t<meta property=\"og:image:type\" content=\"image\/jpeg\" \/>\n<meta name=\"twitter:card\" content=\"summary_large_image\" \/>\n<meta name=\"twitter:label1\" content=\"Est. reading time\" \/>\n\t<meta name=\"twitter:data1\" content=\"1 minute\" \/>\n<script type=\"application\/ld+json\" class=\"yoast-schema-graph\">{\"@context\":\"https:\\\/\\\/schema.org\",\"@graph\":[{\"@type\":\"WebPage\",\"@id\":\"https:\\\/\\\/shop.pranichealing.ch\\\/en\\\/produkt\\\/meditation-on-twin-hearts-with-chackral-healing\\\/\",\"url\":\"https:\\\/\\\/shop.pranichealing.ch\\\/en\\\/produkt\\\/meditation-on-twin-hearts-with-chackral-healing\\\/\",\"name\":\"Meditation on Twin Hearts - with Chakral Healing - Institut Pranic Healing Switzerland\",\"isPartOf\":{\"@id\":\"https:\\\/\\\/shop.pranichealing.ch\\\/en\\\/#website\"},\"primaryImageOfPage\":{\"@id\":\"https:\\\/\\\/shop.pranichealing.ch\\\/en\\\/produkt\\\/meditation-on-twin-hearts-with-chackral-healing\\\/#primaryimage\"},\"image\":{\"@id\":\"https:\\\/\\\/shop.pranichealing.ch\\\/en\\\/produkt\\\/meditation-on-twin-hearts-with-chackral-healing\\\/#primaryimage\"},\"thumbnailUrl\":\"https:\\\/\\\/shop.pranichealing.ch\\\/wp-content\\\/uploads\\\/2022\\\/01\\\/CD_Meditation-on-Twin-Hearts-with-Chakral-Healing.jpg\",\"datePublished\":\"2022-01-19T14:15:54+00:00\",\"dateModified\":\"2022-01-24T14:27:33+00:00\",\"description\":\"Die englische Originalversion der Meditation \u00fcber zwei Herzen mit einer integrierten Selbstheilung der Hauptchakras gesprochen von Master Choa Kok Sui.\",\"breadcrumb\":{\"@id\":\"https:\\\/\\\/shop.pranichealing.ch\\\/en\\\/produkt\\\/meditation-on-twin-hearts-with-chackral-healing\\\/#breadcrumb\"},\"inLanguage\":\"en-US\",\"potentialAction\":[{\"@type\":\"ReadAction\",\"target\":[\"https:\\\/\\\/shop.pranichealing.ch\\\/en\\\/produkt\\\/meditation-on-twin-hearts-with-chackral-healing\\\/\"]}]},{\"@type\":\"ImageObject\",\"inLanguage\":\"en-US\",\"@id\":\"https:\\\/\\\/shop.pranichealing.ch\\\/en\\\/produkt\\\/meditation-on-twin-hearts-with-chackral-healing\\\/#primaryimage\",\"url\":\"https:\\\/\\\/shop.pranichealing.ch\\\/wp-content\\\/uploads\\\/2022\\\/01\\\/CD_Meditation-on-Twin-Hearts-with-Chakral-Healing.jpg\",\"contentUrl\":\"https:\\\/\\\/shop.pranichealing.ch\\\/wp-content\\\/uploads\\\/2022\\\/01\\\/CD_Meditation-on-Twin-Hearts-with-Chakral-Healing.jpg\",\"width\":800,\"height\":800},{\"@type\":\"BreadcrumbList\",\"@id\":\"https:\\\/\\\/shop.pranichealing.ch\\\/en\\\/produkt\\\/meditation-on-twin-hearts-with-chackral-healing\\\/#breadcrumb\",\"itemListElement\":[{\"@type\":\"ListItem\",\"position\":1,\"name\":\"Startseite\",\"item\":\"https:\\\/\\\/shop.pranichealing.ch\\\/en\\\/\"},{\"@type\":\"ListItem\",\"position\":2,\"name\":\"Shop\",\"item\":\"https:\\\/\\\/shop.pranichealing.ch\\\/en\\\/shop-2\\\/\"},{\"@type\":\"ListItem\",\"position\":3,\"name\":\"Meditation on Twin Hearts &#8211; with Chakral Healing\"}]},{\"@type\":\"WebSite\",\"@id\":\"https:\\\/\\\/shop.pranichealing.ch\\\/en\\\/#website\",\"url\":\"https:\\\/\\\/shop.pranichealing.ch\\\/en\\\/\",\"name\":\"Institut Pranic Healing Switzerland\",\"description\":\"Onlineshop\",\"publisher\":{\"@id\":\"https:\\\/\\\/shop.pranichealing.ch\\\/en\\\/#organization\"},\"potentialAction\":[{\"@type\":\"SearchAction\",\"target\":{\"@type\":\"EntryPoint\",\"urlTemplate\":\"https:\\\/\\\/shop.pranichealing.ch\\\/en\\\/?s={search_term_string}\"},\"query-input\":{\"@type\":\"PropertyValueSpecification\",\"valueRequired\":true,\"valueName\":\"search_term_string\"}}],\"inLanguage\":\"en-US\"},{\"@type\":\"Organization\",\"@id\":\"https:\\\/\\\/shop.pranichealing.ch\\\/en\\\/#organization\",\"name\":\"Institut Pranic Healing Switzerland\",\"url\":\"https:\\\/\\\/shop.pranichealing.ch\\\/en\\\/\",\"logo\":{\"@type\":\"ImageObject\",\"inLanguage\":\"en-US\",\"@id\":\"https:\\\/\\\/shop.pranichealing.ch\\\/en\\\/#\\\/schema\\\/logo\\\/image\\\/\",\"url\":\"https:\\\/\\\/shop.pranichealing.ch\\\/wp-content\\\/uploads\\\/2022\\\/02\\\/iphs.svg\",\"contentUrl\":\"https:\\\/\\\/shop.pranichealing.ch\\\/wp-content\\\/uploads\\\/2022\\\/02\\\/iphs.svg\",\"width\":416,\"height\":84,\"caption\":\"Institut Pranic Healing Switzerland\"},\"image\":{\"@id\":\"https:\\\/\\\/shop.pranichealing.ch\\\/en\\\/#\\\/schema\\\/logo\\\/image\\\/\"}}]}<\/script>\n<!-- \/ Yoast SEO plugin. -->","yoast_head_json":{"title":"Meditation on Twin Hearts - with Chakral Healing - Institut Pranic Healing Switzerland","description":"Die englische Originalversion der Meditation \u00fcber zwei Herzen mit einer integrierten Selbstheilung der Hauptchakras gesprochen von Master Choa Kok Sui.","robots":{"index":"index","follow":"follow","max-snippet":"max-snippet:-1","max-image-preview":"max-image-preview:large","max-video-preview":"max-video-preview:-1"},"canonical":"https:\/\/shop.pranichealing.ch\/en\/produkt\/meditation-on-twin-hearts-with-chackral-healing\/","og_locale":"en_US","og_type":"article","og_title":"Meditation on Twin Hearts - with Chakral Healing - Institut Pranic Healing Switzerland","og_description":"Die englische Originalversion der Meditation \u00fcber zwei Herzen mit einer integrierten Selbstheilung der Hauptchakras gesprochen von Master Choa Kok Sui.","og_url":"https:\/\/shop.pranichealing.ch\/en\/produkt\/meditation-on-twin-hearts-with-chackral-healing\/","og_site_name":"Institut Pranic Healing Switzerland","article_modified_time":"2022-01-24T14:27:33+00:00","og_image":[{"width":800,"height":800,"url":"https:\/\/shop.pranichealing.ch\/wp-content\/uploads\/2022\/01\/CD_Meditation-on-Twin-Hearts-with-Chakral-Healing.jpg","type":"image\/jpeg"}],"twitter_card":"summary_large_image","twitter_misc":{"Est. reading time":"1 minute"},"schema":{"@context":"https:\/\/schema.org","@graph":[{"@type":"WebPage","@id":"https:\/\/shop.pranichealing.ch\/en\/produkt\/meditation-on-twin-hearts-with-chackral-healing\/","url":"https:\/\/shop.pranichealing.ch\/en\/produkt\/meditation-on-twin-hearts-with-chackral-healing\/","name":"Meditation on Twin Hearts - with Chakral Healing - Institut Pranic Healing Switzerland","isPartOf":{"@id":"https:\/\/shop.pranichealing.ch\/en\/#website"},"primaryImageOfPage":{"@id":"https:\/\/shop.pranichealing.ch\/en\/produkt\/meditation-on-twin-hearts-with-chackral-healing\/#primaryimage"},"image":{"@id":"https:\/\/shop.pranichealing.ch\/en\/produkt\/meditation-on-twin-hearts-with-chackral-healing\/#primaryimage"},"thumbnailUrl":"https:\/\/shop.pranichealing.ch\/wp-content\/uploads\/2022\/01\/CD_Meditation-on-Twin-Hearts-with-Chakral-Healing.jpg","datePublished":"2022-01-19T14:15:54+00:00","dateModified":"2022-01-24T14:27:33+00:00","description":"Die englische Originalversion der Meditation \u00fcber zwei Herzen mit einer integrierten Selbstheilung der Hauptchakras gesprochen von Master Choa Kok Sui.","breadcrumb":{"@id":"https:\/\/shop.pranichealing.ch\/en\/produkt\/meditation-on-twin-hearts-with-chackral-healing\/#breadcrumb"},"inLanguage":"en-US","potentialAction":[{"@type":"ReadAction","target":["https:\/\/shop.pranichealing.ch\/en\/produkt\/meditation-on-twin-hearts-with-chackral-healing\/"]}]},{"@type":"ImageObject","inLanguage":"en-US","@id":"https:\/\/shop.pranichealing.ch\/en\/produkt\/meditation-on-twin-hearts-with-chackral-healing\/#primaryimage","url":"https:\/\/shop.pranichealing.ch\/wp-content\/uploads\/2022\/01\/CD_Meditation-on-Twin-Hearts-with-Chakral-Healing.jpg","contentUrl":"https:\/\/shop.pranichealing.ch\/wp-content\/uploads\/2022\/01\/CD_Meditation-on-Twin-Hearts-with-Chakral-Healing.jpg","width":800,"height":800},{"@type":"BreadcrumbList","@id":"https:\/\/shop.pranichealing.ch\/en\/produkt\/meditation-on-twin-hearts-with-chackral-healing\/#breadcrumb","itemListElement":[{"@type":"ListItem","position":1,"name":"Startseite","item":"https:\/\/shop.pranichealing.ch\/en\/"},{"@type":"ListItem","position":2,"name":"Shop","item":"https:\/\/shop.pranichealing.ch\/en\/shop-2\/"},{"@type":"ListItem","position":3,"name":"Meditation on Twin Hearts &#8211; with Chakral Healing"}]},{"@type":"WebSite","@id":"https:\/\/shop.pranichealing.ch\/en\/#website","url":"https:\/\/shop.pranichealing.ch\/en\/","name":"Institut Pranic Healing Switzerland","description":"Onlineshop","publisher":{"@id":"https:\/\/shop.pranichealing.ch\/en\/#organization"},"potentialAction":[{"@type":"SearchAction","target":{"@type":"EntryPoint","urlTemplate":"https:\/\/shop.pranichealing.ch\/en\/?s={search_term_string}"},"query-input":{"@type":"PropertyValueSpecification","valueRequired":true,"valueName":"search_term_string"}}],"inLanguage":"en-US"},{"@type":"Organization","@id":"https:\/\/shop.pranichealing.ch\/en\/#organization","name":"Institut Pranic Healing Switzerland","url":"https:\/\/shop.pranichealing.ch\/en\/","logo":{"@type":"ImageObject","inLanguage":"en-US","@id":"https:\/\/shop.pranichealing.ch\/en\/#\/schema\/logo\/image\/","url":"https:\/\/shop.pranichealing.ch\/wp-content\/uploads\/2022\/02\/iphs.svg","contentUrl":"https:\/\/shop.pranichealing.ch\/wp-content\/uploads\/2022\/02\/iphs.svg","width":416,"height":84,"caption":"Institut Pranic Healing Switzerland"},"image":{"@id":"https:\/\/shop.pranichealing.ch\/en\/#\/schema\/logo\/image\/"}}]}},"_links":{"self":[{"href":"https:\/\/shop.pranichealing.ch\/en\/wp-json\/wp\/v2\/product\/1249","targetHints":{"allow":["GET"]}}],"collection":[{"href":"https:\/\/shop.pranichealing.ch\/en\/wp-json\/wp\/v2\/product"}],"about":[{"href":"https:\/\/shop.pranichealing.ch\/en\/wp-json\/wp\/v2\/types\/product"}],"wp:featuredmedia":[{"embeddable":true,"href":"https:\/\/shop.pranichealing.ch\/en\/wp-json\/wp\/v2\/media\/831"}],"wp:attachment":[{"href":"https:\/\/shop.pranichealing.ch\/en\/wp-json\/wp\/v2\/media?parent=1249"}],"wp:term":[{"taxonomy":"product_brand","embeddable":true,"href":"https:\/\/shop.pranichealing.ch\/en\/wp-json\/wp\/v2\/product_brand?post=1249"},{"taxonomy":"product_cat","embeddable":true,"href":"https:\/\/shop.pranichealing.ch\/en\/wp-json\/wp\/v2\/product_cat?post=1249"},{"taxonomy":"product_tag","embeddable":true,"href":"https:\/\/shop.pranichealing.ch\/en\/wp-json\/wp\/v2\/product_tag?post=1249"}],"curies":[{"name":"wp","href":"https:\/\/api.w.org\/{rel}","templated":true}]}}