{"id":3909,"date":"2024-09-23T16:42:04","date_gmt":"2024-09-23T14:42:04","guid":{"rendered":"https:\/\/shop.pranichealing.ch\/produkt\/meditation-for-soul-realization-download\/"},"modified":"2024-09-24T14:20:51","modified_gmt":"2024-09-24T12:20:51","slug":"meditation-for-soul-realization-download","status":"publish","type":"product","link":"https:\/\/shop.pranichealing.ch\/en\/produkt\/meditation-for-soul-realization-download\/","title":{"rendered":"Meditation for Soul Realization (Download)"},"content":{"rendered":"<p>The original English version of the Meditation on the Soul is guided by Master Choa Kok Sui. &nbsp; The &#8220;Meditation for Soul Realization&#8221; is a synthesis of ancient meditation techniques that have been kept secret for centuries. The meditation enables the practitioner to accelerate the union of the incarnated soul with the higher soul. This process is known as \u201csoul realization\u201d or \u201cenlightenment\u201d. By meditating on the Higher Soul, we become one with the \u201cI AM\u201d or the \u201cDivine Nature\u201d within us all.    &nbsp;<\/p>\n<p><strong>Only for persons who have completed the Seminar &#8220;Achieving Oneness with the Higher Soul&#8221;<\/strong><\/p>\n","protected":false},"excerpt":{"rendered":"<p>The original English version of the Meditation on the Soul is guided by Master Choa Kok Sui. &nbsp; The &#8220;Meditation for Soul Realization&#8221; is a synthesis of ancient meditation techniques that have been kept secret for centuries. The meditation enables the practitioner to accelerate the union of the incarnated soul with the higher soul. This&hellip; <a class=\"more-link\" href=\"https:\/\/shop.pranichealing.ch\/en\/produkt\/meditation-for-soul-realization-download\/\">Continue reading <span class=\"screen-reader-text\">Meditation for Soul Realization (Download)<\/span><\/a><\/p>\n","protected":false},"featured_media":3906,"template":"","meta":{"inline_featured_image":false},"product_brand":[],"product_cat":[86],"product_tag":[],"class_list":{"0":"post-3909","1":"product","2":"type-product","3":"status-publish","4":"has-post-thumbnail","6":"product_cat-seelen-en","7":"entry","9":"first","10":"instock","11":"downloadable","12":"virtual","13":"taxable","14":"purchasable","15":"product-type-simple"},"yoast_head":"<!-- This site is optimized with the Yoast SEO plugin v27.3 - https:\/\/yoast.com\/product\/yoast-seo-wordpress\/ -->\n<title>Meditation for Soul Realization (Download) - Institut Pranic Healing Switzerland<\/title>\n<meta name=\"description\" content=\"Die Meditation \u00fcber die Seele erm\u00f6glicht es der praktizierenden Person, die Vereinigung der inkarnierten Seele mit der h\u00f6heren Seele zu beschleunigen.\" \/>\n<meta name=\"robots\" content=\"index, follow, max-snippet:-1, max-image-preview:large, max-video-preview:-1\" \/>\n<link rel=\"canonical\" href=\"https:\/\/shop.pranichealing.ch\/en\/produkt\/meditation-for-soul-realization-download\/\" \/>\n<meta property=\"og:locale\" content=\"en_US\" \/>\n<meta property=\"og:type\" content=\"article\" \/>\n<meta property=\"og:title\" content=\"Meditation for Soul Realization (Download) - Institut Pranic Healing Switzerland\" \/>\n<meta property=\"og:description\" content=\"Die Meditation \u00fcber die Seele erm\u00f6glicht es der praktizierenden Person, die Vereinigung der inkarnierten Seele mit der h\u00f6heren Seele zu beschleunigen.\" \/>\n<meta property=\"og:url\" content=\"https:\/\/shop.pranichealing.ch\/en\/produkt\/meditation-for-soul-realization-download\/\" \/>\n<meta property=\"og:site_name\" content=\"Institut Pranic Healing Switzerland\" \/>\n<meta property=\"article:modified_time\" content=\"2024-09-24T12:20:51+00:00\" \/>\n<meta property=\"og:image\" content=\"https:\/\/shop.pranichealing.ch\/wp-content\/uploads\/2024\/09\/Meditation-for-Soul-Realization_Cover.jpg\" \/>\n\t<meta property=\"og:image:width\" content=\"200\" \/>\n\t<meta property=\"og:image:height\" content=\"200\" \/>\n\t<meta property=\"og:image:type\" content=\"image\/jpeg\" \/>\n<meta name=\"twitter:card\" content=\"summary_large_image\" \/>\n<script type=\"application\/ld+json\" class=\"yoast-schema-graph\">{\"@context\":\"https:\\\/\\\/schema.org\",\"@graph\":[{\"@type\":\"WebPage\",\"@id\":\"https:\\\/\\\/shop.pranichealing.ch\\\/en\\\/produkt\\\/meditation-for-soul-realization-download\\\/\",\"url\":\"https:\\\/\\\/shop.pranichealing.ch\\\/en\\\/produkt\\\/meditation-for-soul-realization-download\\\/\",\"name\":\"Meditation for Soul Realization (Download) - Institut Pranic Healing Switzerland\",\"isPartOf\":{\"@id\":\"https:\\\/\\\/shop.pranichealing.ch\\\/en\\\/#website\"},\"primaryImageOfPage\":{\"@id\":\"https:\\\/\\\/shop.pranichealing.ch\\\/en\\\/produkt\\\/meditation-for-soul-realization-download\\\/#primaryimage\"},\"image\":{\"@id\":\"https:\\\/\\\/shop.pranichealing.ch\\\/en\\\/produkt\\\/meditation-for-soul-realization-download\\\/#primaryimage\"},\"thumbnailUrl\":\"https:\\\/\\\/shop.pranichealing.ch\\\/wp-content\\\/uploads\\\/2024\\\/09\\\/Meditation-for-Soul-Realization_Cover.jpg\",\"datePublished\":\"2024-09-23T14:42:04+00:00\",\"dateModified\":\"2024-09-24T12:20:51+00:00\",\"description\":\"Die Meditation \u00fcber die Seele erm\u00f6glicht es der praktizierenden Person, die Vereinigung der inkarnierten Seele mit der h\u00f6heren Seele zu beschleunigen.\",\"breadcrumb\":{\"@id\":\"https:\\\/\\\/shop.pranichealing.ch\\\/en\\\/produkt\\\/meditation-for-soul-realization-download\\\/#breadcrumb\"},\"inLanguage\":\"en-US\",\"potentialAction\":[{\"@type\":\"ReadAction\",\"target\":[\"https:\\\/\\\/shop.pranichealing.ch\\\/en\\\/produkt\\\/meditation-for-soul-realization-download\\\/\"]}]},{\"@type\":\"ImageObject\",\"inLanguage\":\"en-US\",\"@id\":\"https:\\\/\\\/shop.pranichealing.ch\\\/en\\\/produkt\\\/meditation-for-soul-realization-download\\\/#primaryimage\",\"url\":\"https:\\\/\\\/shop.pranichealing.ch\\\/wp-content\\\/uploads\\\/2024\\\/09\\\/Meditation-for-Soul-Realization_Cover.jpg\",\"contentUrl\":\"https:\\\/\\\/shop.pranichealing.ch\\\/wp-content\\\/uploads\\\/2024\\\/09\\\/Meditation-for-Soul-Realization_Cover.jpg\",\"width\":200,\"height\":200},{\"@type\":\"BreadcrumbList\",\"@id\":\"https:\\\/\\\/shop.pranichealing.ch\\\/en\\\/produkt\\\/meditation-for-soul-realization-download\\\/#breadcrumb\",\"itemListElement\":[{\"@type\":\"ListItem\",\"position\":1,\"name\":\"Startseite\",\"item\":\"https:\\\/\\\/shop.pranichealing.ch\\\/en\\\/\"},{\"@type\":\"ListItem\",\"position\":2,\"name\":\"Shop\",\"item\":\"https:\\\/\\\/shop.pranichealing.ch\\\/en\\\/shop-2\\\/\"},{\"@type\":\"ListItem\",\"position\":3,\"name\":\"Meditation for Soul Realization (Download)\"}]},{\"@type\":\"WebSite\",\"@id\":\"https:\\\/\\\/shop.pranichealing.ch\\\/en\\\/#website\",\"url\":\"https:\\\/\\\/shop.pranichealing.ch\\\/en\\\/\",\"name\":\"Institut Pranic Healing Switzerland\",\"description\":\"Onlineshop\",\"publisher\":{\"@id\":\"https:\\\/\\\/shop.pranichealing.ch\\\/en\\\/#organization\"},\"potentialAction\":[{\"@type\":\"SearchAction\",\"target\":{\"@type\":\"EntryPoint\",\"urlTemplate\":\"https:\\\/\\\/shop.pranichealing.ch\\\/en\\\/?s={search_term_string}\"},\"query-input\":{\"@type\":\"PropertyValueSpecification\",\"valueRequired\":true,\"valueName\":\"search_term_string\"}}],\"inLanguage\":\"en-US\"},{\"@type\":\"Organization\",\"@id\":\"https:\\\/\\\/shop.pranichealing.ch\\\/en\\\/#organization\",\"name\":\"Institut Pranic Healing Switzerland\",\"url\":\"https:\\\/\\\/shop.pranichealing.ch\\\/en\\\/\",\"logo\":{\"@type\":\"ImageObject\",\"inLanguage\":\"en-US\",\"@id\":\"https:\\\/\\\/shop.pranichealing.ch\\\/en\\\/#\\\/schema\\\/logo\\\/image\\\/\",\"url\":\"https:\\\/\\\/shop.pranichealing.ch\\\/wp-content\\\/uploads\\\/2022\\\/02\\\/iphs.svg\",\"contentUrl\":\"https:\\\/\\\/shop.pranichealing.ch\\\/wp-content\\\/uploads\\\/2022\\\/02\\\/iphs.svg\",\"width\":416,\"height\":84,\"caption\":\"Institut Pranic Healing Switzerland\"},\"image\":{\"@id\":\"https:\\\/\\\/shop.pranichealing.ch\\\/en\\\/#\\\/schema\\\/logo\\\/image\\\/\"}}]}<\/script>\n<!-- \/ Yoast SEO plugin. -->","yoast_head_json":{"title":"Meditation for Soul Realization (Download) - Institut Pranic Healing Switzerland","description":"Die Meditation \u00fcber die Seele erm\u00f6glicht es der praktizierenden Person, die Vereinigung der inkarnierten Seele mit der h\u00f6heren Seele zu beschleunigen.","robots":{"index":"index","follow":"follow","max-snippet":"max-snippet:-1","max-image-preview":"max-image-preview:large","max-video-preview":"max-video-preview:-1"},"canonical":"https:\/\/shop.pranichealing.ch\/en\/produkt\/meditation-for-soul-realization-download\/","og_locale":"en_US","og_type":"article","og_title":"Meditation for Soul Realization (Download) - Institut Pranic Healing Switzerland","og_description":"Die Meditation \u00fcber die Seele erm\u00f6glicht es der praktizierenden Person, die Vereinigung der inkarnierten Seele mit der h\u00f6heren Seele zu beschleunigen.","og_url":"https:\/\/shop.pranichealing.ch\/en\/produkt\/meditation-for-soul-realization-download\/","og_site_name":"Institut Pranic Healing Switzerland","article_modified_time":"2024-09-24T12:20:51+00:00","og_image":[{"width":200,"height":200,"url":"https:\/\/shop.pranichealing.ch\/wp-content\/uploads\/2024\/09\/Meditation-for-Soul-Realization_Cover.jpg","type":"image\/jpeg"}],"twitter_card":"summary_large_image","schema":{"@context":"https:\/\/schema.org","@graph":[{"@type":"WebPage","@id":"https:\/\/shop.pranichealing.ch\/en\/produkt\/meditation-for-soul-realization-download\/","url":"https:\/\/shop.pranichealing.ch\/en\/produkt\/meditation-for-soul-realization-download\/","name":"Meditation for Soul Realization (Download) - Institut Pranic Healing Switzerland","isPartOf":{"@id":"https:\/\/shop.pranichealing.ch\/en\/#website"},"primaryImageOfPage":{"@id":"https:\/\/shop.pranichealing.ch\/en\/produkt\/meditation-for-soul-realization-download\/#primaryimage"},"image":{"@id":"https:\/\/shop.pranichealing.ch\/en\/produkt\/meditation-for-soul-realization-download\/#primaryimage"},"thumbnailUrl":"https:\/\/shop.pranichealing.ch\/wp-content\/uploads\/2024\/09\/Meditation-for-Soul-Realization_Cover.jpg","datePublished":"2024-09-23T14:42:04+00:00","dateModified":"2024-09-24T12:20:51+00:00","description":"Die Meditation \u00fcber die Seele erm\u00f6glicht es der praktizierenden Person, die Vereinigung der inkarnierten Seele mit der h\u00f6heren Seele zu beschleunigen.","breadcrumb":{"@id":"https:\/\/shop.pranichealing.ch\/en\/produkt\/meditation-for-soul-realization-download\/#breadcrumb"},"inLanguage":"en-US","potentialAction":[{"@type":"ReadAction","target":["https:\/\/shop.pranichealing.ch\/en\/produkt\/meditation-for-soul-realization-download\/"]}]},{"@type":"ImageObject","inLanguage":"en-US","@id":"https:\/\/shop.pranichealing.ch\/en\/produkt\/meditation-for-soul-realization-download\/#primaryimage","url":"https:\/\/shop.pranichealing.ch\/wp-content\/uploads\/2024\/09\/Meditation-for-Soul-Realization_Cover.jpg","contentUrl":"https:\/\/shop.pranichealing.ch\/wp-content\/uploads\/2024\/09\/Meditation-for-Soul-Realization_Cover.jpg","width":200,"height":200},{"@type":"BreadcrumbList","@id":"https:\/\/shop.pranichealing.ch\/en\/produkt\/meditation-for-soul-realization-download\/#breadcrumb","itemListElement":[{"@type":"ListItem","position":1,"name":"Startseite","item":"https:\/\/shop.pranichealing.ch\/en\/"},{"@type":"ListItem","position":2,"name":"Shop","item":"https:\/\/shop.pranichealing.ch\/en\/shop-2\/"},{"@type":"ListItem","position":3,"name":"Meditation for Soul Realization (Download)"}]},{"@type":"WebSite","@id":"https:\/\/shop.pranichealing.ch\/en\/#website","url":"https:\/\/shop.pranichealing.ch\/en\/","name":"Institut Pranic Healing Switzerland","description":"Onlineshop","publisher":{"@id":"https:\/\/shop.pranichealing.ch\/en\/#organization"},"potentialAction":[{"@type":"SearchAction","target":{"@type":"EntryPoint","urlTemplate":"https:\/\/shop.pranichealing.ch\/en\/?s={search_term_string}"},"query-input":{"@type":"PropertyValueSpecification","valueRequired":true,"valueName":"search_term_string"}}],"inLanguage":"en-US"},{"@type":"Organization","@id":"https:\/\/shop.pranichealing.ch\/en\/#organization","name":"Institut Pranic Healing Switzerland","url":"https:\/\/shop.pranichealing.ch\/en\/","logo":{"@type":"ImageObject","inLanguage":"en-US","@id":"https:\/\/shop.pranichealing.ch\/en\/#\/schema\/logo\/image\/","url":"https:\/\/shop.pranichealing.ch\/wp-content\/uploads\/2022\/02\/iphs.svg","contentUrl":"https:\/\/shop.pranichealing.ch\/wp-content\/uploads\/2022\/02\/iphs.svg","width":416,"height":84,"caption":"Institut Pranic Healing Switzerland"},"image":{"@id":"https:\/\/shop.pranichealing.ch\/en\/#\/schema\/logo\/image\/"}}]}},"_links":{"self":[{"href":"https:\/\/shop.pranichealing.ch\/en\/wp-json\/wp\/v2\/product\/3909","targetHints":{"allow":["GET"]}}],"collection":[{"href":"https:\/\/shop.pranichealing.ch\/en\/wp-json\/wp\/v2\/product"}],"about":[{"href":"https:\/\/shop.pranichealing.ch\/en\/wp-json\/wp\/v2\/types\/product"}],"wp:featuredmedia":[{"embeddable":true,"href":"https:\/\/shop.pranichealing.ch\/en\/wp-json\/wp\/v2\/media\/3906"}],"wp:attachment":[{"href":"https:\/\/shop.pranichealing.ch\/en\/wp-json\/wp\/v2\/media?parent=3909"}],"wp:term":[{"taxonomy":"product_brand","embeddable":true,"href":"https:\/\/shop.pranichealing.ch\/en\/wp-json\/wp\/v2\/product_brand?post=3909"},{"taxonomy":"product_cat","embeddable":true,"href":"https:\/\/shop.pranichealing.ch\/en\/wp-json\/wp\/v2\/product_cat?post=3909"},{"taxonomy":"product_tag","embeddable":true,"href":"https:\/\/shop.pranichealing.ch\/en\/wp-json\/wp\/v2\/product_tag?post=3909"}],"curies":[{"name":"wp","href":"https:\/\/api.w.org\/{rel}","templated":true}]}}