{"id":4605,"date":"2026-05-08T07:39:55","date_gmt":"2026-05-08T05:39:55","guid":{"rendered":"https:\/\/shop.pranichealing.ch\/?post_type=product&#038;p=4605"},"modified":"2026-05-08T09:26:31","modified_gmt":"2026-05-08T07:26:31","slug":"meditazione-sui-cuori-gemelli-benessere-salute-psicologica-download","status":"publish","type":"product","link":"https:\/\/shop.pranichealing.ch\/en\/produkt\/meditazione-sui-cuori-gemelli-benessere-salute-psicologica-download\/","title":{"rendered":"Meditazione sui Cuori Gemelli per il Benessere e la Salute Psicologica (Download)"},"content":{"rendered":"<p>Questa versione della meditazione sui cuori gemelli contiene una meditazione aggiuntiva in cui Master Choa Kok Sui guida le energie attraverso i chakra principali per trasformare lo stress, le paure, la depressione e molto altro ancora.<\/p>\n<p>La pratica regolare di questa meditazione, facile da imparare, porta all\u2019equilibrio fisico, emotivo e mentale. Le esperienze spaziano dalla quiete e dalla pace interiori al rafforzamento delle capacit\u00e0 di guarigione e a una maggiore sensibilit\u00e0. La meditazione dei due cuori \u00e8 inoltre una forma inestimabile di servizio al mondo, poich\u00e9 benedice la Terra con amore, gentilezza, pace, gioia e benevolenza.<\/p>\n","protected":false},"excerpt":{"rendered":"<p>Questa versione della meditazione sui cuori gemelli contiene una meditazione aggiuntiva in cui Master Choa Kok Sui guida le energie attraverso i chakra principali per trasformare lo stress, le paure, la depressione e molto altro ancora. La pratica regolare di questa meditazione, facile da imparare, porta all\u2019equilibrio fisico, emotivo e mentale. Le esperienze spaziano dalla&hellip; <a class=\"more-link\" href=\"https:\/\/shop.pranichealing.ch\/en\/produkt\/meditazione-sui-cuori-gemelli-benessere-salute-psicologica-download\/\">Continue reading <span class=\"screen-reader-text\">Meditazione sui Cuori Gemelli per il Benessere e la Salute Psicologica (Download)<\/span><\/a><\/p>\n","protected":false},"featured_media":4613,"template":"","meta":{"inline_featured_image":false},"product_brand":[],"product_cat":[50,64],"product_tag":[],"class_list":{"0":"post-4605","1":"product","2":"type-product","3":"status-publish","4":"has-post-thumbnail","6":"product_cat-downloads","7":"product_cat-it-en-2","8":"entry","10":"first","11":"instock","12":"downloadable","13":"virtual","14":"taxable","15":"purchasable","16":"product-type-simple"},"yoast_head":"<!-- This site is optimized with the Yoast SEO plugin v27.3 - https:\/\/yoast.com\/product\/yoast-seo-wordpress\/ -->\n<title>Meditazione sui Cuori Gemelli per il Benessere e la Salute Psicologica (Download) - Institut Pranic Healing Switzerland<\/title>\n<meta name=\"description\" content=\"Questa meditazione \u00e8 una forma di servizio inestimabile per l&#039;umanit\u00e0 intera, che contribuisce ad armonizzare la terra.\" \/>\n<meta name=\"robots\" content=\"index, follow, max-snippet:-1, max-image-preview:large, max-video-preview:-1\" \/>\n<link rel=\"canonical\" href=\"https:\/\/shop.pranichealing.ch\/en\/produkt\/meditazione-sui-cuori-gemelli-benessere-salute-psicologica-download\/\" \/>\n<meta property=\"og:locale\" content=\"en_US\" \/>\n<meta property=\"og:type\" content=\"article\" \/>\n<meta property=\"og:title\" content=\"Meditazione sui Cuori Gemelli per il Benessere e la Salute Psicologica (Download) - Institut Pranic Healing Switzerland\" \/>\n<meta property=\"og:description\" content=\"Questa meditazione \u00e8 una forma di servizio inestimabile per l&#039;umanit\u00e0 intera, che contribuisce ad armonizzare la terra.\" \/>\n<meta property=\"og:url\" content=\"https:\/\/shop.pranichealing.ch\/en\/produkt\/meditazione-sui-cuori-gemelli-benessere-salute-psicologica-download\/\" \/>\n<meta property=\"og:site_name\" content=\"Institut Pranic Healing Switzerland\" \/>\n<meta property=\"article:modified_time\" content=\"2026-05-08T07:26:31+00:00\" \/>\n<meta property=\"og:image\" content=\"https:\/\/shop.pranichealing.ch\/wp-content\/uploads\/2026\/05\/meditazione-cuori-psy.jpeg\" \/>\n\t<meta property=\"og:image:width\" content=\"1000\" \/>\n\t<meta property=\"og:image:height\" content=\"1018\" \/>\n\t<meta property=\"og:image:type\" content=\"image\/jpeg\" \/>\n<meta name=\"twitter:card\" content=\"summary_large_image\" \/>\n<meta name=\"twitter:label1\" content=\"Est. reading time\" \/>\n\t<meta name=\"twitter:data1\" content=\"1 minute\" \/>\n<script type=\"application\/ld+json\" class=\"yoast-schema-graph\">{\"@context\":\"https:\\\/\\\/schema.org\",\"@graph\":[{\"@type\":\"WebPage\",\"@id\":\"https:\\\/\\\/shop.pranichealing.ch\\\/en\\\/produkt\\\/meditazione-sui-cuori-gemelli-benessere-salute-psicologica-download\\\/\",\"url\":\"https:\\\/\\\/shop.pranichealing.ch\\\/en\\\/produkt\\\/meditazione-sui-cuori-gemelli-benessere-salute-psicologica-download\\\/\",\"name\":\"Meditazione sui Cuori Gemelli per il Benessere e la Salute Psicologica (Download) - Institut Pranic Healing Switzerland\",\"isPartOf\":{\"@id\":\"https:\\\/\\\/shop.pranichealing.ch\\\/en\\\/#website\"},\"primaryImageOfPage\":{\"@id\":\"https:\\\/\\\/shop.pranichealing.ch\\\/en\\\/produkt\\\/meditazione-sui-cuori-gemelli-benessere-salute-psicologica-download\\\/#primaryimage\"},\"image\":{\"@id\":\"https:\\\/\\\/shop.pranichealing.ch\\\/en\\\/produkt\\\/meditazione-sui-cuori-gemelli-benessere-salute-psicologica-download\\\/#primaryimage\"},\"thumbnailUrl\":\"https:\\\/\\\/shop.pranichealing.ch\\\/wp-content\\\/uploads\\\/2026\\\/05\\\/meditazione-cuori-psy.jpeg\",\"datePublished\":\"2026-05-08T05:39:55+00:00\",\"dateModified\":\"2026-05-08T07:26:31+00:00\",\"description\":\"Questa meditazione \u00e8 una forma di servizio inestimabile per l'umanit\u00e0 intera, che contribuisce ad armonizzare la terra.\",\"breadcrumb\":{\"@id\":\"https:\\\/\\\/shop.pranichealing.ch\\\/en\\\/produkt\\\/meditazione-sui-cuori-gemelli-benessere-salute-psicologica-download\\\/#breadcrumb\"},\"inLanguage\":\"en-US\",\"potentialAction\":[{\"@type\":\"ReadAction\",\"target\":[\"https:\\\/\\\/shop.pranichealing.ch\\\/en\\\/produkt\\\/meditazione-sui-cuori-gemelli-benessere-salute-psicologica-download\\\/\"]}]},{\"@type\":\"ImageObject\",\"inLanguage\":\"en-US\",\"@id\":\"https:\\\/\\\/shop.pranichealing.ch\\\/en\\\/produkt\\\/meditazione-sui-cuori-gemelli-benessere-salute-psicologica-download\\\/#primaryimage\",\"url\":\"https:\\\/\\\/shop.pranichealing.ch\\\/wp-content\\\/uploads\\\/2026\\\/05\\\/meditazione-cuori-psy.jpeg\",\"contentUrl\":\"https:\\\/\\\/shop.pranichealing.ch\\\/wp-content\\\/uploads\\\/2026\\\/05\\\/meditazione-cuori-psy.jpeg\",\"width\":1000,\"height\":1018},{\"@type\":\"BreadcrumbList\",\"@id\":\"https:\\\/\\\/shop.pranichealing.ch\\\/en\\\/produkt\\\/meditazione-sui-cuori-gemelli-benessere-salute-psicologica-download\\\/#breadcrumb\",\"itemListElement\":[{\"@type\":\"ListItem\",\"position\":1,\"name\":\"Startseite\",\"item\":\"https:\\\/\\\/shop.pranichealing.ch\\\/en\\\/\"},{\"@type\":\"ListItem\",\"position\":2,\"name\":\"Shop\",\"item\":\"https:\\\/\\\/shop.pranichealing.ch\\\/en\\\/shop-2\\\/\"},{\"@type\":\"ListItem\",\"position\":3,\"name\":\"Meditazione sui Cuori Gemelli per il Benessere e la Salute Psicologica (Download)\"}]},{\"@type\":\"WebSite\",\"@id\":\"https:\\\/\\\/shop.pranichealing.ch\\\/en\\\/#website\",\"url\":\"https:\\\/\\\/shop.pranichealing.ch\\\/en\\\/\",\"name\":\"Institut Pranic Healing Switzerland\",\"description\":\"Onlineshop\",\"publisher\":{\"@id\":\"https:\\\/\\\/shop.pranichealing.ch\\\/en\\\/#organization\"},\"potentialAction\":[{\"@type\":\"SearchAction\",\"target\":{\"@type\":\"EntryPoint\",\"urlTemplate\":\"https:\\\/\\\/shop.pranichealing.ch\\\/en\\\/?s={search_term_string}\"},\"query-input\":{\"@type\":\"PropertyValueSpecification\",\"valueRequired\":true,\"valueName\":\"search_term_string\"}}],\"inLanguage\":\"en-US\"},{\"@type\":\"Organization\",\"@id\":\"https:\\\/\\\/shop.pranichealing.ch\\\/en\\\/#organization\",\"name\":\"Institut Pranic Healing Switzerland\",\"url\":\"https:\\\/\\\/shop.pranichealing.ch\\\/en\\\/\",\"logo\":{\"@type\":\"ImageObject\",\"inLanguage\":\"en-US\",\"@id\":\"https:\\\/\\\/shop.pranichealing.ch\\\/en\\\/#\\\/schema\\\/logo\\\/image\\\/\",\"url\":\"https:\\\/\\\/shop.pranichealing.ch\\\/wp-content\\\/uploads\\\/2022\\\/02\\\/iphs.svg\",\"contentUrl\":\"https:\\\/\\\/shop.pranichealing.ch\\\/wp-content\\\/uploads\\\/2022\\\/02\\\/iphs.svg\",\"width\":416,\"height\":84,\"caption\":\"Institut Pranic Healing Switzerland\"},\"image\":{\"@id\":\"https:\\\/\\\/shop.pranichealing.ch\\\/en\\\/#\\\/schema\\\/logo\\\/image\\\/\"}}]}<\/script>\n<!-- \/ Yoast SEO plugin. -->","yoast_head_json":{"title":"Meditazione sui Cuori Gemelli per il Benessere e la Salute Psicologica (Download) - Institut Pranic Healing Switzerland","description":"Questa meditazione \u00e8 una forma di servizio inestimabile per l'umanit\u00e0 intera, che contribuisce ad armonizzare la terra.","robots":{"index":"index","follow":"follow","max-snippet":"max-snippet:-1","max-image-preview":"max-image-preview:large","max-video-preview":"max-video-preview:-1"},"canonical":"https:\/\/shop.pranichealing.ch\/en\/produkt\/meditazione-sui-cuori-gemelli-benessere-salute-psicologica-download\/","og_locale":"en_US","og_type":"article","og_title":"Meditazione sui Cuori Gemelli per il Benessere e la Salute Psicologica (Download) - Institut Pranic Healing Switzerland","og_description":"Questa meditazione \u00e8 una forma di servizio inestimabile per l'umanit\u00e0 intera, che contribuisce ad armonizzare la terra.","og_url":"https:\/\/shop.pranichealing.ch\/en\/produkt\/meditazione-sui-cuori-gemelli-benessere-salute-psicologica-download\/","og_site_name":"Institut Pranic Healing Switzerland","article_modified_time":"2026-05-08T07:26:31+00:00","og_image":[{"width":1000,"height":1018,"url":"https:\/\/shop.pranichealing.ch\/wp-content\/uploads\/2026\/05\/meditazione-cuori-psy.jpeg","type":"image\/jpeg"}],"twitter_card":"summary_large_image","twitter_misc":{"Est. reading time":"1 minute"},"schema":{"@context":"https:\/\/schema.org","@graph":[{"@type":"WebPage","@id":"https:\/\/shop.pranichealing.ch\/en\/produkt\/meditazione-sui-cuori-gemelli-benessere-salute-psicologica-download\/","url":"https:\/\/shop.pranichealing.ch\/en\/produkt\/meditazione-sui-cuori-gemelli-benessere-salute-psicologica-download\/","name":"Meditazione sui Cuori Gemelli per il Benessere e la Salute Psicologica (Download) - Institut Pranic Healing Switzerland","isPartOf":{"@id":"https:\/\/shop.pranichealing.ch\/en\/#website"},"primaryImageOfPage":{"@id":"https:\/\/shop.pranichealing.ch\/en\/produkt\/meditazione-sui-cuori-gemelli-benessere-salute-psicologica-download\/#primaryimage"},"image":{"@id":"https:\/\/shop.pranichealing.ch\/en\/produkt\/meditazione-sui-cuori-gemelli-benessere-salute-psicologica-download\/#primaryimage"},"thumbnailUrl":"https:\/\/shop.pranichealing.ch\/wp-content\/uploads\/2026\/05\/meditazione-cuori-psy.jpeg","datePublished":"2026-05-08T05:39:55+00:00","dateModified":"2026-05-08T07:26:31+00:00","description":"Questa meditazione \u00e8 una forma di servizio inestimabile per l'umanit\u00e0 intera, che contribuisce ad armonizzare la terra.","breadcrumb":{"@id":"https:\/\/shop.pranichealing.ch\/en\/produkt\/meditazione-sui-cuori-gemelli-benessere-salute-psicologica-download\/#breadcrumb"},"inLanguage":"en-US","potentialAction":[{"@type":"ReadAction","target":["https:\/\/shop.pranichealing.ch\/en\/produkt\/meditazione-sui-cuori-gemelli-benessere-salute-psicologica-download\/"]}]},{"@type":"ImageObject","inLanguage":"en-US","@id":"https:\/\/shop.pranichealing.ch\/en\/produkt\/meditazione-sui-cuori-gemelli-benessere-salute-psicologica-download\/#primaryimage","url":"https:\/\/shop.pranichealing.ch\/wp-content\/uploads\/2026\/05\/meditazione-cuori-psy.jpeg","contentUrl":"https:\/\/shop.pranichealing.ch\/wp-content\/uploads\/2026\/05\/meditazione-cuori-psy.jpeg","width":1000,"height":1018},{"@type":"BreadcrumbList","@id":"https:\/\/shop.pranichealing.ch\/en\/produkt\/meditazione-sui-cuori-gemelli-benessere-salute-psicologica-download\/#breadcrumb","itemListElement":[{"@type":"ListItem","position":1,"name":"Startseite","item":"https:\/\/shop.pranichealing.ch\/en\/"},{"@type":"ListItem","position":2,"name":"Shop","item":"https:\/\/shop.pranichealing.ch\/en\/shop-2\/"},{"@type":"ListItem","position":3,"name":"Meditazione sui Cuori Gemelli per il Benessere e la Salute Psicologica (Download)"}]},{"@type":"WebSite","@id":"https:\/\/shop.pranichealing.ch\/en\/#website","url":"https:\/\/shop.pranichealing.ch\/en\/","name":"Institut Pranic Healing Switzerland","description":"Onlineshop","publisher":{"@id":"https:\/\/shop.pranichealing.ch\/en\/#organization"},"potentialAction":[{"@type":"SearchAction","target":{"@type":"EntryPoint","urlTemplate":"https:\/\/shop.pranichealing.ch\/en\/?s={search_term_string}"},"query-input":{"@type":"PropertyValueSpecification","valueRequired":true,"valueName":"search_term_string"}}],"inLanguage":"en-US"},{"@type":"Organization","@id":"https:\/\/shop.pranichealing.ch\/en\/#organization","name":"Institut Pranic Healing Switzerland","url":"https:\/\/shop.pranichealing.ch\/en\/","logo":{"@type":"ImageObject","inLanguage":"en-US","@id":"https:\/\/shop.pranichealing.ch\/en\/#\/schema\/logo\/image\/","url":"https:\/\/shop.pranichealing.ch\/wp-content\/uploads\/2022\/02\/iphs.svg","contentUrl":"https:\/\/shop.pranichealing.ch\/wp-content\/uploads\/2022\/02\/iphs.svg","width":416,"height":84,"caption":"Institut Pranic Healing Switzerland"},"image":{"@id":"https:\/\/shop.pranichealing.ch\/en\/#\/schema\/logo\/image\/"}}]}},"_links":{"self":[{"href":"https:\/\/shop.pranichealing.ch\/en\/wp-json\/wp\/v2\/product\/4605","targetHints":{"allow":["GET"]}}],"collection":[{"href":"https:\/\/shop.pranichealing.ch\/en\/wp-json\/wp\/v2\/product"}],"about":[{"href":"https:\/\/shop.pranichealing.ch\/en\/wp-json\/wp\/v2\/types\/product"}],"wp:featuredmedia":[{"embeddable":true,"href":"https:\/\/shop.pranichealing.ch\/en\/wp-json\/wp\/v2\/media\/4613"}],"wp:attachment":[{"href":"https:\/\/shop.pranichealing.ch\/en\/wp-json\/wp\/v2\/media?parent=4605"}],"wp:term":[{"taxonomy":"product_brand","embeddable":true,"href":"https:\/\/shop.pranichealing.ch\/en\/wp-json\/wp\/v2\/product_brand?post=4605"},{"taxonomy":"product_cat","embeddable":true,"href":"https:\/\/shop.pranichealing.ch\/en\/wp-json\/wp\/v2\/product_cat?post=4605"},{"taxonomy":"product_tag","embeddable":true,"href":"https:\/\/shop.pranichealing.ch\/en\/wp-json\/wp\/v2\/product_tag?post=4605"}],"curies":[{"name":"wp","href":"https:\/\/api.w.org\/{rel}","templated":true}]}}