{"id":620,"date":"2022-01-14T10:11:31","date_gmt":"2022-01-14T09:11:31","guid":{"rendered":"https:\/\/shop.pranichealing.ch\/protection-des-donnees\/"},"modified":"2022-01-21T12:15:20","modified_gmt":"2022-01-21T11:15:20","slug":"protection-des-donnees","status":"publish","type":"page","link":"https:\/\/shop.pranichealing.ch\/fr\/protection-des-donnees\/","title":{"rendered":"Protection des donn\u00e9es"},"content":{"rendered":"\t\t<div data-elementor-type=\"wp-page\" data-elementor-id=\"620\" class=\"elementor elementor-620 elementor-605\" data-elementor-post-type=\"page\">\n\t\t\t\t\t\t<section data-particle_enable=\"false\" data-particle-mobile-disabled=\"false\" class=\"elementor-section elementor-top-section elementor-element elementor-element-7199524 elementor-section-boxed elementor-section-height-default elementor-section-height-default\" data-id=\"7199524\" data-element_type=\"section\" data-e-type=\"section\">\n\t\t\t\t\t\t<div class=\"elementor-container elementor-column-gap-default\">\n\t\t\t\t\t<div class=\"elementor-column elementor-col-100 elementor-top-column elementor-element elementor-element-ea5fa39\" data-id=\"ea5fa39\" data-element_type=\"column\" data-e-type=\"column\">\n\t\t\t<div class=\"elementor-widget-wrap elementor-element-populated\">\n\t\t\t\t\t\t<div class=\"elementor-element elementor-element-95ec9b9 elementor-widget elementor-widget-heading\" data-id=\"95ec9b9\" data-element_type=\"widget\" data-e-type=\"widget\" data-widget_type=\"heading.default\">\n\t\t\t\t<div class=\"elementor-widget-container\">\n\t\t\t\t\t<h1 class=\"elementor-heading-title elementor-size-default\">Protection des donn\u00e9es<\/h1>\t\t\t\t<\/div>\n\t\t\t\t<\/div>\n\t\t\t\t<div class=\"elementor-element elementor-element-dd827fc elementor-widget elementor-widget-text-editor\" data-id=\"dd827fc\" data-element_type=\"widget\" data-e-type=\"widget\" data-widget_type=\"text-editor.default\">\n\t\t\t\t<div class=\"elementor-widget-container\">\n\t\t\t\t\t\t\t\t\t<p>Vous \u00eates importants pour nous:<\/p>\n<p>C&rsquo;est pourquoi nous vous informons volontiers sur la protection des donn\u00e9es et vous exposons comment nous assurons une gestion consciencieuse.<\/p>\n<p>L&rsquo;Institut Pranic Healing Suisse respecte les conditions de la loi f\u00e9d\u00e9rale sur la protection des donn\u00e9es (LPD). Cette loi est actuellement en r\u00e9vision. Nos directives pour la protection des donn\u00e9es vont en partie d\u00e9j\u00e0 plus loin que la loi l\u2018exige \u00e0 ce jour.<br \/>Nous nous engageons \u00e0 prot\u00e9ger la vie priv\u00e9e de toute personne qui se rend sur notre site Internet et \u00e0 traiter avec confidentialit\u00e9 toutes les donn\u00e9es personnelles qu&rsquo;elle pourrait nous confier.<\/p>\n<\/p>\n<p><strong>Donn\u00e9es personnelles<\/strong><\/p>\n<p>Nous collectons les donn\u00e9es que vous mettez volontairement \u00e0 notre disposition, par ex. nom, pr\u00e9nom, adresse, num\u00e9ro de t\u00e9l\u00e9phone et adresse e-mail, pour l&rsquo;inscription \u00e0 un s\u00e9minaire ou un \u00e9v\u00e9nement. Avec l\u2018envoi du formulaire, vous approuvez que l&rsquo;Institut Pranic Healing Suisse traite vos donn\u00e9es personnelles.<\/p>\n<p>Les informations collect\u00e9es servent exclusivement \u00e0 entrer en contact avec vous, respectivement pour la correspondance en relation avec des s\u00e9minaires, \u00e9v\u00e9nements ou offres et la transmission d\u2018informations (par ex. s\u00e9ances d&rsquo;information, s\u00e9minaires dans la r\u00e9gion). Les donn\u00e9es personnelles de nos utilisateurs ne sont pas communiqu\u00e9es \u00e0 des tiers. Nous n&rsquo;\u00e9tablissons pas de profils personnels de nos utilisateurs.<\/p>\n<p>En tant que concessionnaire de licence de l&rsquo;Institute for Inner Studies, Manila, nous sommes oblig\u00e9s \u00e0 transmettre les noms des \u00e9tudiants participants ainsi que leurs adresses au conc\u00e9dant de licence. Cependant, vous avez la possibilit\u00e9 d&rsquo;exclure express\u00e9ment cette transmission de donn\u00e9es lors de la participation au premier s\u00e9minaire.<br \/>De plus, le formulaire de candidature pour la participation \u00e0 un s\u00e9minaire d&rsquo;Arhatic Yoga (niveaux avanc\u00e9s inclus) est transmis \u00e0 l&rsquo;Institute for Inner Studies, Manila qui examine si d&rsquo;\u00e9ventuelles cons\u00e9quences n\u00e9gatives contrediraient \u00e0 une participation. Sans cette transmission et ce contr\u00f4le, une participation au s\u00e9minaire d&rsquo;Arhatic Yoga est impossible.<\/p>\n<p>Nous n&rsquo;enregistrons que des informations d&rsquo;ordre g\u00e9n\u00e9ral (par ex. des statistiques relatives aux plages horaires d&rsquo;acc\u00e8s \u00e0 notre site) via les connexions \u00e0 notre site Internet \u00e0 des fins de contr\u00f4les techniques et de v\u00e9rification des contenus. Ces donn\u00e9es sont cependant agr\u00e9g\u00e9es et ne permettent aucune conclusion quant \u00e0 un visiteur donn\u00e9. Ces donn\u00e9es sont trait\u00e9es avec la plus stricte confidentialit\u00e9 et ne sont ni transmises hors de l&rsquo;Institut Pranic Healing Suisse, ni rendues accessible \u00e0 des tiers, sauf \u00e0 la demande explicite du droit en vigueur, notamment des autorit\u00e9s judiciaires comp\u00e9tentes.<\/p>\n<\/p>\n<p><strong>Newsletter<\/strong><\/p>\n<p>L&rsquo;abonnement \u00e0 la Newsletter peut \u00eatre r\u00e9sili\u00e9 \u00e0 tout moment. Les informations y relatives figurent dans chaque Newsletter. Les adresses des abonn\u00e9s \u00e0 la Newsletter ne sont pas communiqu\u00e9es \u00e0 des clients publicitaires ou autres int\u00e9ress\u00e9s.<\/p>\n<\/p>\n<p><strong>Pr\u00e9sences sur les r\u00e9seaux sociaux<\/strong><\/p>\n<p>Nous sommes \u00e9galement pr\u00e9sents sur les r\u00e9seaux sociaux et des plateformes comme par ex Facebook. Nous communiquons avec les clients, int\u00e9ress\u00e9s et utilisateurs qui y sont actifs et pouvons les informer sur nos prestations. Sur ces r\u00e9seaux et plateformes, les conditions g\u00e9n\u00e9rales et lois sur la protection des donn\u00e9es des exploitants sont appliqu\u00e9s. Facebook est certifi\u00e9 par l&rsquo;accord du Privacy-Shield. L&rsquo;application du droit europ\u00e9en sur la protection des donn\u00e9es est ainsi garantie. Le traitement des donn\u00e9es par Facebook est r\u00e9gl\u00e9 dans le cadre des directives sur l&rsquo;utilisation des donn\u00e9es de Facebook.<\/p>\n<p>A tout moment, vous avez le droit de recevoir des informations concernant vos donn\u00e9es enregistr\u00e9es chez nous. Vous pouvez demander leur modification, \u00e0 les compl\u00e9ter, resp. \u00e0 les effacer. Dans ce cas, veuillez nous adresser un e-mail \u00e0 info@pranichealing.ch<\/p>\n\t\t\t\t\t\t\t\t<\/div>\n\t\t\t\t<\/div>\n\t\t\t\t\t<\/div>\n\t\t<\/div>\n\t\t\t\t\t<\/div>\n\t\t<\/section>\n\t\t\t\t<\/div>\n\t\t","protected":false},"excerpt":{"rendered":"<p>Protection des donn\u00e9es Vous \u00eates importants pour nous: C&rsquo;est pourquoi nous vous informons volontiers sur la protection des donn\u00e9es et vous exposons comment nous assurons une gestion consciencieuse. L&rsquo;Institut Pranic Healing Suisse respecte les conditions de la loi f\u00e9d\u00e9rale sur la protection des donn\u00e9es (LPD). Cette loi est actuellement en r\u00e9vision. Nos directives pour la&hellip; <a class=\"more-link\" href=\"https:\/\/shop.pranichealing.ch\/fr\/protection-des-donnees\/\">Poursuivre la lecture <span class=\"screen-reader-text\">Protection des donn\u00e9es<\/span><\/a><\/p>\n","protected":false},"author":4,"featured_media":0,"parent":0,"menu_order":0,"comment_status":"closed","ping_status":"closed","template":"elementor_header_footer","meta":{"inline_featured_image":false,"footnotes":""},"class_list":["post-620","page","type-page","status-publish","hentry","entry"],"yoast_head":"<!-- This site is optimized with the Yoast SEO plugin v27.3 - https:\/\/yoast.com\/product\/yoast-seo-wordpress\/ -->\n<title>Protection des donn\u00e9es - Institut Pranic Healing Suisse<\/title>\n<meta name=\"robots\" content=\"index, follow, max-snippet:-1, max-image-preview:large, max-video-preview:-1\" \/>\n<link rel=\"canonical\" href=\"https:\/\/shop.pranichealing.ch\/fr\/protection-des-donnees\/\" \/>\n<meta property=\"og:locale\" content=\"fr_FR\" \/>\n<meta property=\"og:type\" content=\"article\" \/>\n<meta property=\"og:title\" content=\"Protection des donn\u00e9es - Institut Pranic Healing Suisse\" \/>\n<meta property=\"og:description\" content=\"Protection des donn\u00e9es Vous \u00eates importants pour nous: C&rsquo;est pourquoi nous vous informons volontiers sur la protection des donn\u00e9es et vous exposons comment nous assurons une gestion consciencieuse. L&rsquo;Institut Pranic Healing Suisse respecte les conditions de la loi f\u00e9d\u00e9rale sur la protection des donn\u00e9es (LPD). Cette loi est actuellement en r\u00e9vision. Nos directives pour la&hellip; Poursuivre la lecture Protection des donn\u00e9es\" \/>\n<meta property=\"og:url\" content=\"https:\/\/shop.pranichealing.ch\/fr\/protection-des-donnees\/\" \/>\n<meta property=\"og:site_name\" content=\"Institut Pranic Healing Suisse\" \/>\n<meta property=\"article:modified_time\" content=\"2022-01-21T11:15:20+00:00\" \/>\n<meta name=\"twitter:card\" content=\"summary_large_image\" \/>\n<meta name=\"twitter:label1\" content=\"Dur\u00e9e de lecture estim\u00e9e\" \/>\n\t<meta name=\"twitter:data1\" content=\"3 minutes\" \/>\n<script type=\"application\/ld+json\" class=\"yoast-schema-graph\">{\"@context\":\"https:\\\/\\\/schema.org\",\"@graph\":[{\"@type\":\"WebPage\",\"@id\":\"https:\\\/\\\/shop.pranichealing.ch\\\/fr\\\/protection-des-donnees\\\/\",\"url\":\"https:\\\/\\\/shop.pranichealing.ch\\\/fr\\\/protection-des-donnees\\\/\",\"name\":\"Protection des donn\u00e9es - Institut Pranic Healing Suisse\",\"isPartOf\":{\"@id\":\"https:\\\/\\\/shop.pranichealing.ch\\\/fr\\\/#website\"},\"datePublished\":\"2022-01-14T09:11:31+00:00\",\"dateModified\":\"2022-01-21T11:15:20+00:00\",\"breadcrumb\":{\"@id\":\"https:\\\/\\\/shop.pranichealing.ch\\\/fr\\\/protection-des-donnees\\\/#breadcrumb\"},\"inLanguage\":\"fr-FR\",\"potentialAction\":[{\"@type\":\"ReadAction\",\"target\":[\"https:\\\/\\\/shop.pranichealing.ch\\\/fr\\\/protection-des-donnees\\\/\"]}]},{\"@type\":\"BreadcrumbList\",\"@id\":\"https:\\\/\\\/shop.pranichealing.ch\\\/fr\\\/protection-des-donnees\\\/#breadcrumb\",\"itemListElement\":[{\"@type\":\"ListItem\",\"position\":1,\"name\":\"Startseite\",\"item\":\"https:\\\/\\\/shop.pranichealing.ch\\\/fr\\\/livres\\\/\"},{\"@type\":\"ListItem\",\"position\":2,\"name\":\"Protection des donn\u00e9es\"}]},{\"@type\":\"WebSite\",\"@id\":\"https:\\\/\\\/shop.pranichealing.ch\\\/fr\\\/#website\",\"url\":\"https:\\\/\\\/shop.pranichealing.ch\\\/fr\\\/\",\"name\":\"Institut Pranic Healing Suisse\",\"description\":\"Onlineshop\",\"publisher\":{\"@id\":\"https:\\\/\\\/shop.pranichealing.ch\\\/fr\\\/#organization\"},\"potentialAction\":[{\"@type\":\"SearchAction\",\"target\":{\"@type\":\"EntryPoint\",\"urlTemplate\":\"https:\\\/\\\/shop.pranichealing.ch\\\/fr\\\/?s={search_term_string}\"},\"query-input\":{\"@type\":\"PropertyValueSpecification\",\"valueRequired\":true,\"valueName\":\"search_term_string\"}}],\"inLanguage\":\"fr-FR\"},{\"@type\":\"Organization\",\"@id\":\"https:\\\/\\\/shop.pranichealing.ch\\\/fr\\\/#organization\",\"name\":\"Institut Pranic Healing Suisse\",\"url\":\"https:\\\/\\\/shop.pranichealing.ch\\\/fr\\\/\",\"logo\":{\"@type\":\"ImageObject\",\"inLanguage\":\"fr-FR\",\"@id\":\"https:\\\/\\\/shop.pranichealing.ch\\\/fr\\\/#\\\/schema\\\/logo\\\/image\\\/\",\"url\":\"https:\\\/\\\/shop.pranichealing.ch\\\/wp-content\\\/uploads\\\/2022\\\/02\\\/iphs.svg\",\"contentUrl\":\"https:\\\/\\\/shop.pranichealing.ch\\\/wp-content\\\/uploads\\\/2022\\\/02\\\/iphs.svg\",\"width\":416,\"height\":84,\"caption\":\"Institut Pranic Healing Suisse\"},\"image\":{\"@id\":\"https:\\\/\\\/shop.pranichealing.ch\\\/fr\\\/#\\\/schema\\\/logo\\\/image\\\/\"}}]}<\/script>\n<!-- \/ Yoast SEO plugin. -->","yoast_head_json":{"title":"Protection des donn\u00e9es - Institut Pranic Healing Suisse","robots":{"index":"index","follow":"follow","max-snippet":"max-snippet:-1","max-image-preview":"max-image-preview:large","max-video-preview":"max-video-preview:-1"},"canonical":"https:\/\/shop.pranichealing.ch\/fr\/protection-des-donnees\/","og_locale":"fr_FR","og_type":"article","og_title":"Protection des donn\u00e9es - Institut Pranic Healing Suisse","og_description":"Protection des donn\u00e9es Vous \u00eates importants pour nous: C&rsquo;est pourquoi nous vous informons volontiers sur la protection des donn\u00e9es et vous exposons comment nous assurons une gestion consciencieuse. L&rsquo;Institut Pranic Healing Suisse respecte les conditions de la loi f\u00e9d\u00e9rale sur la protection des donn\u00e9es (LPD). Cette loi est actuellement en r\u00e9vision. Nos directives pour la&hellip; Poursuivre la lecture Protection des donn\u00e9es","og_url":"https:\/\/shop.pranichealing.ch\/fr\/protection-des-donnees\/","og_site_name":"Institut Pranic Healing Suisse","article_modified_time":"2022-01-21T11:15:20+00:00","twitter_card":"summary_large_image","twitter_misc":{"Dur\u00e9e de lecture estim\u00e9e":"3 minutes"},"schema":{"@context":"https:\/\/schema.org","@graph":[{"@type":"WebPage","@id":"https:\/\/shop.pranichealing.ch\/fr\/protection-des-donnees\/","url":"https:\/\/shop.pranichealing.ch\/fr\/protection-des-donnees\/","name":"Protection des donn\u00e9es - Institut Pranic Healing Suisse","isPartOf":{"@id":"https:\/\/shop.pranichealing.ch\/fr\/#website"},"datePublished":"2022-01-14T09:11:31+00:00","dateModified":"2022-01-21T11:15:20+00:00","breadcrumb":{"@id":"https:\/\/shop.pranichealing.ch\/fr\/protection-des-donnees\/#breadcrumb"},"inLanguage":"fr-FR","potentialAction":[{"@type":"ReadAction","target":["https:\/\/shop.pranichealing.ch\/fr\/protection-des-donnees\/"]}]},{"@type":"BreadcrumbList","@id":"https:\/\/shop.pranichealing.ch\/fr\/protection-des-donnees\/#breadcrumb","itemListElement":[{"@type":"ListItem","position":1,"name":"Startseite","item":"https:\/\/shop.pranichealing.ch\/fr\/livres\/"},{"@type":"ListItem","position":2,"name":"Protection des donn\u00e9es"}]},{"@type":"WebSite","@id":"https:\/\/shop.pranichealing.ch\/fr\/#website","url":"https:\/\/shop.pranichealing.ch\/fr\/","name":"Institut Pranic Healing Suisse","description":"Onlineshop","publisher":{"@id":"https:\/\/shop.pranichealing.ch\/fr\/#organization"},"potentialAction":[{"@type":"SearchAction","target":{"@type":"EntryPoint","urlTemplate":"https:\/\/shop.pranichealing.ch\/fr\/?s={search_term_string}"},"query-input":{"@type":"PropertyValueSpecification","valueRequired":true,"valueName":"search_term_string"}}],"inLanguage":"fr-FR"},{"@type":"Organization","@id":"https:\/\/shop.pranichealing.ch\/fr\/#organization","name":"Institut Pranic Healing Suisse","url":"https:\/\/shop.pranichealing.ch\/fr\/","logo":{"@type":"ImageObject","inLanguage":"fr-FR","@id":"https:\/\/shop.pranichealing.ch\/fr\/#\/schema\/logo\/image\/","url":"https:\/\/shop.pranichealing.ch\/wp-content\/uploads\/2022\/02\/iphs.svg","contentUrl":"https:\/\/shop.pranichealing.ch\/wp-content\/uploads\/2022\/02\/iphs.svg","width":416,"height":84,"caption":"Institut Pranic Healing Suisse"},"image":{"@id":"https:\/\/shop.pranichealing.ch\/fr\/#\/schema\/logo\/image\/"}}]}},"_links":{"self":[{"href":"https:\/\/shop.pranichealing.ch\/fr\/wp-json\/wp\/v2\/pages\/620","targetHints":{"allow":["GET"]}}],"collection":[{"href":"https:\/\/shop.pranichealing.ch\/fr\/wp-json\/wp\/v2\/pages"}],"about":[{"href":"https:\/\/shop.pranichealing.ch\/fr\/wp-json\/wp\/v2\/types\/page"}],"author":[{"embeddable":true,"href":"https:\/\/shop.pranichealing.ch\/fr\/wp-json\/wp\/v2\/users\/4"}],"replies":[{"embeddable":true,"href":"https:\/\/shop.pranichealing.ch\/fr\/wp-json\/wp\/v2\/comments?post=620"}],"version-history":[{"count":0,"href":"https:\/\/shop.pranichealing.ch\/fr\/wp-json\/wp\/v2\/pages\/620\/revisions"}],"wp:attachment":[{"href":"https:\/\/shop.pranichealing.ch\/fr\/wp-json\/wp\/v2\/media?parent=620"}],"curies":[{"name":"wp","href":"https:\/\/api.w.org\/{rel}","templated":true}]}}