{"id":1072,"date":"2022-01-19T10:41:01","date_gmt":"2022-01-19T11:11:07","guid":{"rendered":"https:\/\/shop.pranichealing.ch\/produkt\/la-psychotherapie-pranique\/"},"modified":"2022-02-10T18:04:51","modified_gmt":"2022-02-10T17:04:51","slug":"la-psychotherapie-pranique","status":"publish","type":"product","link":"https:\/\/shop.pranichealing.ch\/fr\/produkt\/la-psychotherapie-pranique\/","title":{"rendered":"La Psychoth\u00e9rapie Pranique"},"content":{"rendered":"<p>Vous vous sentez stress\u00e9, d\u00e9prim\u00e9, ou simplement d\u00e9pass\u00e9 par vos probl\u00e8mes? Ruminez-vous souvent vos propres limitations avec l&rsquo;envie de vous d\u00e9partir de cette habitude? Connaissez-vous quelqu&rsquo;un qui est psychologiquement d\u00e9s\u00e9quilibr\u00e9, qui a des tendances suicidaires, ou qui a un retard mental?<\/p>\n<p>La psychoth\u00e9rapie Pranique jette un pont entre la pens\u00e9e, le corps physique, et le syst\u00e8me \u00e9nerg\u00e9tique humain et donne de nouvelles dimensions aux mesures et pratiques traditionnelles de la psychoth\u00e9rapie conventionnelle. Ce livre offre une voie compr\u00e9hensible, efficace et simple pour le traitement des maladies psychologiques: anxi\u00e9t\u00e9, stress, phobie, r\u00e9action compulsive et obsessionnelle, d\u00e9pression, dysfonction \u00e9rectile, tendance \u00e0 la violence et au suicide, d\u00e9pendance aux drogues, alcoolisme, retard mental et autres conditions similaires.<\/p>\n","protected":false},"excerpt":{"rendered":"<p>Vous vous sentez stress\u00e9, ou d\u00e9prim\u00e9, ou simplement d\u00e9pass\u00e9 par vos probl\u00e8mes? Rumiez-vous souvent vos propres limitations avec l&rsquo;envie de vous d\u00e9partir de cette habitude?<\/p>\n","protected":false},"featured_media":906,"template":"","meta":{"inline_featured_image":false},"product_brand":[],"product_cat":[74,51],"product_tag":[],"class_list":{"0":"post-1072","1":"product","2":"type-product","3":"status-publish","4":"has-post-thumbnail","6":"product_cat-fr-fr-2","7":"product_cat-livres","8":"entry","10":"first","11":"outofstock","12":"taxable","13":"shipping-taxable","14":"purchasable","15":"product-type-simple"},"yoast_head":"<!-- This site is optimized with the Yoast SEO plugin v27.3 - https:\/\/yoast.com\/product\/yoast-seo-wordpress\/ -->\n<title>La Psychoth\u00e9rapie Pranique - Institut Pranic Healing Suisse<\/title>\n<meta name=\"description\" content=\"Vous vous sentez stress\u00e9, ou d\u00e9prim\u00e9, ou simplement d\u00e9pass\u00e9 par vos probl\u00e8mes? Rumiez-vous souvent vos propres limitations avec l&#039;envie de vous d\u00e9partir de cette habitude?\" \/>\n<meta name=\"robots\" content=\"index, follow, max-snippet:-1, max-image-preview:large, max-video-preview:-1\" \/>\n<link rel=\"canonical\" href=\"https:\/\/shop.pranichealing.ch\/fr\/produkt\/la-psychotherapie-pranique\/\" \/>\n<meta property=\"og:locale\" content=\"fr_FR\" \/>\n<meta property=\"og:type\" content=\"article\" \/>\n<meta property=\"og:title\" content=\"La Psychoth\u00e9rapie Pranique - Institut Pranic Healing Suisse\" \/>\n<meta property=\"og:description\" content=\"Vous vous sentez stress\u00e9, ou d\u00e9prim\u00e9, ou simplement d\u00e9pass\u00e9 par vos probl\u00e8mes? Rumiez-vous souvent vos propres limitations avec l&#039;envie de vous d\u00e9partir de cette habitude?\" \/>\n<meta property=\"og:url\" content=\"https:\/\/shop.pranichealing.ch\/fr\/produkt\/la-psychotherapie-pranique\/\" \/>\n<meta property=\"og:site_name\" content=\"Institut Pranic Healing Suisse\" \/>\n<meta property=\"article:modified_time\" content=\"2022-02-10T17:04:51+00:00\" \/>\n<meta property=\"og:image\" content=\"https:\/\/shop.pranichealing.ch\/wp-content\/uploads\/2022\/01\/La-Psychotherapie-Pranique.jpeg\" \/>\n\t<meta property=\"og:image:width\" content=\"1087\" \/>\n\t<meta property=\"og:image:height\" content=\"1708\" \/>\n\t<meta property=\"og:image:type\" content=\"image\/jpeg\" \/>\n<meta name=\"twitter:card\" content=\"summary_large_image\" \/>\n<meta name=\"twitter:label1\" content=\"Dur\u00e9e de lecture estim\u00e9e\" \/>\n\t<meta name=\"twitter:data1\" content=\"1 minute\" \/>\n<script type=\"application\/ld+json\" class=\"yoast-schema-graph\">{\"@context\":\"https:\\\/\\\/schema.org\",\"@graph\":[{\"@type\":\"WebPage\",\"@id\":\"https:\\\/\\\/shop.pranichealing.ch\\\/fr\\\/produkt\\\/la-psychotherapie-pranique\\\/\",\"url\":\"https:\\\/\\\/shop.pranichealing.ch\\\/fr\\\/produkt\\\/la-psychotherapie-pranique\\\/\",\"name\":\"La Psychoth\u00e9rapie Pranique - Institut Pranic Healing Suisse\",\"isPartOf\":{\"@id\":\"https:\\\/\\\/shop.pranichealing.ch\\\/fr\\\/#website\"},\"primaryImageOfPage\":{\"@id\":\"https:\\\/\\\/shop.pranichealing.ch\\\/fr\\\/produkt\\\/la-psychotherapie-pranique\\\/#primaryimage\"},\"image\":{\"@id\":\"https:\\\/\\\/shop.pranichealing.ch\\\/fr\\\/produkt\\\/la-psychotherapie-pranique\\\/#primaryimage\"},\"thumbnailUrl\":\"https:\\\/\\\/shop.pranichealing.ch\\\/wp-content\\\/uploads\\\/2022\\\/01\\\/La-Psychotherapie-Pranique.jpeg\",\"datePublished\":\"2022-01-19T11:11:07+00:00\",\"dateModified\":\"2022-02-10T17:04:51+00:00\",\"description\":\"Vous vous sentez stress\u00e9, ou d\u00e9prim\u00e9, ou simplement d\u00e9pass\u00e9 par vos probl\u00e8mes? Rumiez-vous souvent vos propres limitations avec l'envie de vous d\u00e9partir de cette habitude?\",\"breadcrumb\":{\"@id\":\"https:\\\/\\\/shop.pranichealing.ch\\\/fr\\\/produkt\\\/la-psychotherapie-pranique\\\/#breadcrumb\"},\"inLanguage\":\"fr-FR\",\"potentialAction\":[{\"@type\":\"ReadAction\",\"target\":[\"https:\\\/\\\/shop.pranichealing.ch\\\/fr\\\/produkt\\\/la-psychotherapie-pranique\\\/\"]}]},{\"@type\":\"ImageObject\",\"inLanguage\":\"fr-FR\",\"@id\":\"https:\\\/\\\/shop.pranichealing.ch\\\/fr\\\/produkt\\\/la-psychotherapie-pranique\\\/#primaryimage\",\"url\":\"https:\\\/\\\/shop.pranichealing.ch\\\/wp-content\\\/uploads\\\/2022\\\/01\\\/La-Psychotherapie-Pranique.jpeg\",\"contentUrl\":\"https:\\\/\\\/shop.pranichealing.ch\\\/wp-content\\\/uploads\\\/2022\\\/01\\\/La-Psychotherapie-Pranique.jpeg\",\"width\":1087,\"height\":1708},{\"@type\":\"BreadcrumbList\",\"@id\":\"https:\\\/\\\/shop.pranichealing.ch\\\/fr\\\/produkt\\\/la-psychotherapie-pranique\\\/#breadcrumb\",\"itemListElement\":[{\"@type\":\"ListItem\",\"position\":1,\"name\":\"Startseite\",\"item\":\"https:\\\/\\\/shop.pranichealing.ch\\\/fr\\\/livres\\\/\"},{\"@type\":\"ListItem\",\"position\":2,\"name\":\"Boutique\",\"item\":\"https:\\\/\\\/shop.pranichealing.ch\\\/fr\\\/boutique\\\/\"},{\"@type\":\"ListItem\",\"position\":3,\"name\":\"La Psychoth\u00e9rapie Pranique\"}]},{\"@type\":\"WebSite\",\"@id\":\"https:\\\/\\\/shop.pranichealing.ch\\\/fr\\\/#website\",\"url\":\"https:\\\/\\\/shop.pranichealing.ch\\\/fr\\\/\",\"name\":\"Institut Pranic Healing Suisse\",\"description\":\"Onlineshop\",\"publisher\":{\"@id\":\"https:\\\/\\\/shop.pranichealing.ch\\\/fr\\\/#organization\"},\"potentialAction\":[{\"@type\":\"SearchAction\",\"target\":{\"@type\":\"EntryPoint\",\"urlTemplate\":\"https:\\\/\\\/shop.pranichealing.ch\\\/fr\\\/?s={search_term_string}\"},\"query-input\":{\"@type\":\"PropertyValueSpecification\",\"valueRequired\":true,\"valueName\":\"search_term_string\"}}],\"inLanguage\":\"fr-FR\"},{\"@type\":\"Organization\",\"@id\":\"https:\\\/\\\/shop.pranichealing.ch\\\/fr\\\/#organization\",\"name\":\"Institut Pranic Healing Suisse\",\"url\":\"https:\\\/\\\/shop.pranichealing.ch\\\/fr\\\/\",\"logo\":{\"@type\":\"ImageObject\",\"inLanguage\":\"fr-FR\",\"@id\":\"https:\\\/\\\/shop.pranichealing.ch\\\/fr\\\/#\\\/schema\\\/logo\\\/image\\\/\",\"url\":\"https:\\\/\\\/shop.pranichealing.ch\\\/wp-content\\\/uploads\\\/2022\\\/02\\\/iphs.svg\",\"contentUrl\":\"https:\\\/\\\/shop.pranichealing.ch\\\/wp-content\\\/uploads\\\/2022\\\/02\\\/iphs.svg\",\"width\":416,\"height\":84,\"caption\":\"Institut Pranic Healing Suisse\"},\"image\":{\"@id\":\"https:\\\/\\\/shop.pranichealing.ch\\\/fr\\\/#\\\/schema\\\/logo\\\/image\\\/\"}}]}<\/script>\n<!-- \/ Yoast SEO plugin. -->","yoast_head_json":{"title":"La Psychoth\u00e9rapie Pranique - Institut Pranic Healing Suisse","description":"Vous vous sentez stress\u00e9, ou d\u00e9prim\u00e9, ou simplement d\u00e9pass\u00e9 par vos probl\u00e8mes? Rumiez-vous souvent vos propres limitations avec l'envie de vous d\u00e9partir de cette habitude?","robots":{"index":"index","follow":"follow","max-snippet":"max-snippet:-1","max-image-preview":"max-image-preview:large","max-video-preview":"max-video-preview:-1"},"canonical":"https:\/\/shop.pranichealing.ch\/fr\/produkt\/la-psychotherapie-pranique\/","og_locale":"fr_FR","og_type":"article","og_title":"La Psychoth\u00e9rapie Pranique - Institut Pranic Healing Suisse","og_description":"Vous vous sentez stress\u00e9, ou d\u00e9prim\u00e9, ou simplement d\u00e9pass\u00e9 par vos probl\u00e8mes? Rumiez-vous souvent vos propres limitations avec l'envie de vous d\u00e9partir de cette habitude?","og_url":"https:\/\/shop.pranichealing.ch\/fr\/produkt\/la-psychotherapie-pranique\/","og_site_name":"Institut Pranic Healing Suisse","article_modified_time":"2022-02-10T17:04:51+00:00","og_image":[{"width":1087,"height":1708,"url":"https:\/\/shop.pranichealing.ch\/wp-content\/uploads\/2022\/01\/La-Psychotherapie-Pranique.jpeg","type":"image\/jpeg"}],"twitter_card":"summary_large_image","twitter_misc":{"Dur\u00e9e de lecture estim\u00e9e":"1 minute"},"schema":{"@context":"https:\/\/schema.org","@graph":[{"@type":"WebPage","@id":"https:\/\/shop.pranichealing.ch\/fr\/produkt\/la-psychotherapie-pranique\/","url":"https:\/\/shop.pranichealing.ch\/fr\/produkt\/la-psychotherapie-pranique\/","name":"La Psychoth\u00e9rapie Pranique - Institut Pranic Healing Suisse","isPartOf":{"@id":"https:\/\/shop.pranichealing.ch\/fr\/#website"},"primaryImageOfPage":{"@id":"https:\/\/shop.pranichealing.ch\/fr\/produkt\/la-psychotherapie-pranique\/#primaryimage"},"image":{"@id":"https:\/\/shop.pranichealing.ch\/fr\/produkt\/la-psychotherapie-pranique\/#primaryimage"},"thumbnailUrl":"https:\/\/shop.pranichealing.ch\/wp-content\/uploads\/2022\/01\/La-Psychotherapie-Pranique.jpeg","datePublished":"2022-01-19T11:11:07+00:00","dateModified":"2022-02-10T17:04:51+00:00","description":"Vous vous sentez stress\u00e9, ou d\u00e9prim\u00e9, ou simplement d\u00e9pass\u00e9 par vos probl\u00e8mes? Rumiez-vous souvent vos propres limitations avec l'envie de vous d\u00e9partir de cette habitude?","breadcrumb":{"@id":"https:\/\/shop.pranichealing.ch\/fr\/produkt\/la-psychotherapie-pranique\/#breadcrumb"},"inLanguage":"fr-FR","potentialAction":[{"@type":"ReadAction","target":["https:\/\/shop.pranichealing.ch\/fr\/produkt\/la-psychotherapie-pranique\/"]}]},{"@type":"ImageObject","inLanguage":"fr-FR","@id":"https:\/\/shop.pranichealing.ch\/fr\/produkt\/la-psychotherapie-pranique\/#primaryimage","url":"https:\/\/shop.pranichealing.ch\/wp-content\/uploads\/2022\/01\/La-Psychotherapie-Pranique.jpeg","contentUrl":"https:\/\/shop.pranichealing.ch\/wp-content\/uploads\/2022\/01\/La-Psychotherapie-Pranique.jpeg","width":1087,"height":1708},{"@type":"BreadcrumbList","@id":"https:\/\/shop.pranichealing.ch\/fr\/produkt\/la-psychotherapie-pranique\/#breadcrumb","itemListElement":[{"@type":"ListItem","position":1,"name":"Startseite","item":"https:\/\/shop.pranichealing.ch\/fr\/livres\/"},{"@type":"ListItem","position":2,"name":"Boutique","item":"https:\/\/shop.pranichealing.ch\/fr\/boutique\/"},{"@type":"ListItem","position":3,"name":"La Psychoth\u00e9rapie Pranique"}]},{"@type":"WebSite","@id":"https:\/\/shop.pranichealing.ch\/fr\/#website","url":"https:\/\/shop.pranichealing.ch\/fr\/","name":"Institut Pranic Healing Suisse","description":"Onlineshop","publisher":{"@id":"https:\/\/shop.pranichealing.ch\/fr\/#organization"},"potentialAction":[{"@type":"SearchAction","target":{"@type":"EntryPoint","urlTemplate":"https:\/\/shop.pranichealing.ch\/fr\/?s={search_term_string}"},"query-input":{"@type":"PropertyValueSpecification","valueRequired":true,"valueName":"search_term_string"}}],"inLanguage":"fr-FR"},{"@type":"Organization","@id":"https:\/\/shop.pranichealing.ch\/fr\/#organization","name":"Institut Pranic Healing Suisse","url":"https:\/\/shop.pranichealing.ch\/fr\/","logo":{"@type":"ImageObject","inLanguage":"fr-FR","@id":"https:\/\/shop.pranichealing.ch\/fr\/#\/schema\/logo\/image\/","url":"https:\/\/shop.pranichealing.ch\/wp-content\/uploads\/2022\/02\/iphs.svg","contentUrl":"https:\/\/shop.pranichealing.ch\/wp-content\/uploads\/2022\/02\/iphs.svg","width":416,"height":84,"caption":"Institut Pranic Healing Suisse"},"image":{"@id":"https:\/\/shop.pranichealing.ch\/fr\/#\/schema\/logo\/image\/"}}]}},"_links":{"self":[{"href":"https:\/\/shop.pranichealing.ch\/fr\/wp-json\/wp\/v2\/product\/1072","targetHints":{"allow":["GET"]}}],"collection":[{"href":"https:\/\/shop.pranichealing.ch\/fr\/wp-json\/wp\/v2\/product"}],"about":[{"href":"https:\/\/shop.pranichealing.ch\/fr\/wp-json\/wp\/v2\/types\/product"}],"wp:featuredmedia":[{"embeddable":true,"href":"https:\/\/shop.pranichealing.ch\/fr\/wp-json\/wp\/v2\/media\/906"}],"wp:attachment":[{"href":"https:\/\/shop.pranichealing.ch\/fr\/wp-json\/wp\/v2\/media?parent=1072"}],"wp:term":[{"taxonomy":"product_brand","embeddable":true,"href":"https:\/\/shop.pranichealing.ch\/fr\/wp-json\/wp\/v2\/product_brand?post=1072"},{"taxonomy":"product_cat","embeddable":true,"href":"https:\/\/shop.pranichealing.ch\/fr\/wp-json\/wp\/v2\/product_cat?post=1072"},{"taxonomy":"product_tag","embeddable":true,"href":"https:\/\/shop.pranichealing.ch\/fr\/wp-json\/wp\/v2\/product_tag?post=1072"}],"curies":[{"name":"wp","href":"https:\/\/api.w.org\/{rel}","templated":true}]}}