{"id":1099,"date":"2022-01-19T09:43:44","date_gmt":"2022-01-19T11:22:55","guid":{"rendered":"https:\/\/shop.pranichealing.ch\/produkt\/die-entstehung-der-pranaheilung-und-des-arhatic-yoga\/"},"modified":"2022-01-24T15:48:54","modified_gmt":"2022-01-24T14:48:54","slug":"die-entstehung-der-pranaheilung-und-des-arhatic-yoga","status":"publish","type":"product","link":"https:\/\/shop.pranichealing.ch\/fr\/produkt\/die-entstehung-der-pranaheilung-und-des-arhatic-yoga\/","title":{"rendered":"Die Entstehung der Pranaheilung und des Arhatic Yoga"},"content":{"rendered":"<p>Wer war Master Choa Kok Sui? Wie sind seine Lehren entstanden? Was ist Arhatic Yoga? In diesem Buch erz\u00e4hlt Master Choa Kok Sui \u00fcber seinen Werdegang, seine spirituellen Lehrer und die Entstehungsgeschichte von Pranic Healing und Arhatic Yoga. Weiterhin enth\u00e4lt das Buch Zeugnisse verschiedener, ihm nahestehenden Personen \u00fcber ihn und seine spirituellen Lehrer. Ebenso darin enthalten sind bewegende Erfahrungsberichte von Sch\u00fclern aus der ganzen Welt. Im letzten Kapitel gibt Master Choa Kok Sui seine spirituellen Erkenntnisse \u00fcber das Wesen Gottes und der g\u00f6ttlichen Hierarchien, die inneren Welten und die spirituelle Evolution des Menschen preis.<\/p>\n","protected":false},"excerpt":{"rendered":"<p>Die Geschichte von Pranic Healing und Arhatic Yoga &#8211; eine Autobiografie des Begr\u00fcnders und noch viel, viel mehr.<\/p>\n","protected":false},"featured_media":704,"template":"","meta":{"inline_featured_image":false},"product_brand":[],"product_cat":[65,51],"product_tag":[],"class_list":{"0":"post-1099","1":"product","2":"type-product","3":"status-publish","4":"has-post-thumbnail","6":"product_cat-de-fr","7":"product_cat-livres","8":"entry","10":"first","11":"instock","12":"taxable","13":"shipping-taxable","14":"purchasable","15":"product-type-simple"},"yoast_head":"<!-- This site is optimized with the Yoast SEO plugin v27.3 - https:\/\/yoast.com\/product\/yoast-seo-wordpress\/ -->\n<title>Die Entstehung der Pranaheilung und des Arhatic Yoga - Institut Pranic Healing Suisse<\/title>\n<meta name=\"description\" content=\"Die Geschichte von Pranic Healing und Arhatic Yoga - eine Autobiografie des Begr\u00fcnders und noch viel, viel mehr.\" \/>\n<meta name=\"robots\" content=\"index, follow, max-snippet:-1, max-image-preview:large, max-video-preview:-1\" \/>\n<link rel=\"canonical\" href=\"https:\/\/shop.pranichealing.ch\/fr\/produkt\/die-entstehung-der-pranaheilung-und-des-arhatic-yoga\/\" \/>\n<meta property=\"og:locale\" content=\"fr_FR\" \/>\n<meta property=\"og:type\" content=\"article\" \/>\n<meta property=\"og:title\" content=\"Die Entstehung der Pranaheilung und des Arhatic Yoga - Institut Pranic Healing Suisse\" \/>\n<meta property=\"og:description\" content=\"Die Geschichte von Pranic Healing und Arhatic Yoga - eine Autobiografie des Begr\u00fcnders und noch viel, viel mehr.\" \/>\n<meta property=\"og:url\" content=\"https:\/\/shop.pranichealing.ch\/fr\/produkt\/die-entstehung-der-pranaheilung-und-des-arhatic-yoga\/\" \/>\n<meta property=\"og:site_name\" content=\"Institut Pranic Healing Suisse\" \/>\n<meta property=\"article:modified_time\" content=\"2022-01-24T14:48:54+00:00\" \/>\n<meta property=\"og:image\" content=\"https:\/\/shop.pranichealing.ch\/wp-content\/uploads\/2022\/01\/Die-Entstehung-der-Pranaheilung-und-des-Arhatic-Yoga.jpg\" \/>\n\t<meta property=\"og:image:width\" content=\"800\" \/>\n\t<meta property=\"og:image:height\" content=\"1152\" \/>\n\t<meta property=\"og:image:type\" content=\"image\/jpeg\" \/>\n<meta name=\"twitter:card\" content=\"summary_large_image\" \/>\n<script type=\"application\/ld+json\" class=\"yoast-schema-graph\">{\"@context\":\"https:\\\/\\\/schema.org\",\"@graph\":[{\"@type\":\"WebPage\",\"@id\":\"https:\\\/\\\/shop.pranichealing.ch\\\/fr\\\/produkt\\\/die-entstehung-der-pranaheilung-und-des-arhatic-yoga\\\/\",\"url\":\"https:\\\/\\\/shop.pranichealing.ch\\\/fr\\\/produkt\\\/die-entstehung-der-pranaheilung-und-des-arhatic-yoga\\\/\",\"name\":\"Die Entstehung der Pranaheilung und des Arhatic Yoga - Institut Pranic Healing Suisse\",\"isPartOf\":{\"@id\":\"https:\\\/\\\/shop.pranichealing.ch\\\/fr\\\/#website\"},\"primaryImageOfPage\":{\"@id\":\"https:\\\/\\\/shop.pranichealing.ch\\\/fr\\\/produkt\\\/die-entstehung-der-pranaheilung-und-des-arhatic-yoga\\\/#primaryimage\"},\"image\":{\"@id\":\"https:\\\/\\\/shop.pranichealing.ch\\\/fr\\\/produkt\\\/die-entstehung-der-pranaheilung-und-des-arhatic-yoga\\\/#primaryimage\"},\"thumbnailUrl\":\"https:\\\/\\\/shop.pranichealing.ch\\\/wp-content\\\/uploads\\\/2022\\\/01\\\/Die-Entstehung-der-Pranaheilung-und-des-Arhatic-Yoga.jpg\",\"datePublished\":\"2022-01-19T11:22:55+00:00\",\"dateModified\":\"2022-01-24T14:48:54+00:00\",\"description\":\"Die Geschichte von Pranic Healing und Arhatic Yoga - eine Autobiografie des Begr\u00fcnders und noch viel, viel mehr.\",\"breadcrumb\":{\"@id\":\"https:\\\/\\\/shop.pranichealing.ch\\\/fr\\\/produkt\\\/die-entstehung-der-pranaheilung-und-des-arhatic-yoga\\\/#breadcrumb\"},\"inLanguage\":\"fr-FR\",\"potentialAction\":[{\"@type\":\"ReadAction\",\"target\":[\"https:\\\/\\\/shop.pranichealing.ch\\\/fr\\\/produkt\\\/die-entstehung-der-pranaheilung-und-des-arhatic-yoga\\\/\"]}]},{\"@type\":\"ImageObject\",\"inLanguage\":\"fr-FR\",\"@id\":\"https:\\\/\\\/shop.pranichealing.ch\\\/fr\\\/produkt\\\/die-entstehung-der-pranaheilung-und-des-arhatic-yoga\\\/#primaryimage\",\"url\":\"https:\\\/\\\/shop.pranichealing.ch\\\/wp-content\\\/uploads\\\/2022\\\/01\\\/Die-Entstehung-der-Pranaheilung-und-des-Arhatic-Yoga.jpg\",\"contentUrl\":\"https:\\\/\\\/shop.pranichealing.ch\\\/wp-content\\\/uploads\\\/2022\\\/01\\\/Die-Entstehung-der-Pranaheilung-und-des-Arhatic-Yoga.jpg\",\"width\":800,\"height\":1152},{\"@type\":\"BreadcrumbList\",\"@id\":\"https:\\\/\\\/shop.pranichealing.ch\\\/fr\\\/produkt\\\/die-entstehung-der-pranaheilung-und-des-arhatic-yoga\\\/#breadcrumb\",\"itemListElement\":[{\"@type\":\"ListItem\",\"position\":1,\"name\":\"Startseite\",\"item\":\"https:\\\/\\\/shop.pranichealing.ch\\\/fr\\\/livres\\\/\"},{\"@type\":\"ListItem\",\"position\":2,\"name\":\"Boutique\",\"item\":\"https:\\\/\\\/shop.pranichealing.ch\\\/fr\\\/boutique\\\/\"},{\"@type\":\"ListItem\",\"position\":3,\"name\":\"Die Entstehung der Pranaheilung und des Arhatic Yoga\"}]},{\"@type\":\"WebSite\",\"@id\":\"https:\\\/\\\/shop.pranichealing.ch\\\/fr\\\/#website\",\"url\":\"https:\\\/\\\/shop.pranichealing.ch\\\/fr\\\/\",\"name\":\"Institut Pranic Healing Suisse\",\"description\":\"Onlineshop\",\"publisher\":{\"@id\":\"https:\\\/\\\/shop.pranichealing.ch\\\/fr\\\/#organization\"},\"potentialAction\":[{\"@type\":\"SearchAction\",\"target\":{\"@type\":\"EntryPoint\",\"urlTemplate\":\"https:\\\/\\\/shop.pranichealing.ch\\\/fr\\\/?s={search_term_string}\"},\"query-input\":{\"@type\":\"PropertyValueSpecification\",\"valueRequired\":true,\"valueName\":\"search_term_string\"}}],\"inLanguage\":\"fr-FR\"},{\"@type\":\"Organization\",\"@id\":\"https:\\\/\\\/shop.pranichealing.ch\\\/fr\\\/#organization\",\"name\":\"Institut Pranic Healing Suisse\",\"url\":\"https:\\\/\\\/shop.pranichealing.ch\\\/fr\\\/\",\"logo\":{\"@type\":\"ImageObject\",\"inLanguage\":\"fr-FR\",\"@id\":\"https:\\\/\\\/shop.pranichealing.ch\\\/fr\\\/#\\\/schema\\\/logo\\\/image\\\/\",\"url\":\"https:\\\/\\\/shop.pranichealing.ch\\\/wp-content\\\/uploads\\\/2022\\\/02\\\/iphs.svg\",\"contentUrl\":\"https:\\\/\\\/shop.pranichealing.ch\\\/wp-content\\\/uploads\\\/2022\\\/02\\\/iphs.svg\",\"width\":416,\"height\":84,\"caption\":\"Institut Pranic Healing Suisse\"},\"image\":{\"@id\":\"https:\\\/\\\/shop.pranichealing.ch\\\/fr\\\/#\\\/schema\\\/logo\\\/image\\\/\"}}]}<\/script>\n<!-- \/ Yoast SEO plugin. -->","yoast_head_json":{"title":"Die Entstehung der Pranaheilung und des Arhatic Yoga - Institut Pranic Healing Suisse","description":"Die Geschichte von Pranic Healing und Arhatic Yoga - eine Autobiografie des Begr\u00fcnders und noch viel, viel mehr.","robots":{"index":"index","follow":"follow","max-snippet":"max-snippet:-1","max-image-preview":"max-image-preview:large","max-video-preview":"max-video-preview:-1"},"canonical":"https:\/\/shop.pranichealing.ch\/fr\/produkt\/die-entstehung-der-pranaheilung-und-des-arhatic-yoga\/","og_locale":"fr_FR","og_type":"article","og_title":"Die Entstehung der Pranaheilung und des Arhatic Yoga - Institut Pranic Healing Suisse","og_description":"Die Geschichte von Pranic Healing und Arhatic Yoga - eine Autobiografie des Begr\u00fcnders und noch viel, viel mehr.","og_url":"https:\/\/shop.pranichealing.ch\/fr\/produkt\/die-entstehung-der-pranaheilung-und-des-arhatic-yoga\/","og_site_name":"Institut Pranic Healing Suisse","article_modified_time":"2022-01-24T14:48:54+00:00","og_image":[{"width":800,"height":1152,"url":"https:\/\/shop.pranichealing.ch\/wp-content\/uploads\/2022\/01\/Die-Entstehung-der-Pranaheilung-und-des-Arhatic-Yoga.jpg","type":"image\/jpeg"}],"twitter_card":"summary_large_image","schema":{"@context":"https:\/\/schema.org","@graph":[{"@type":"WebPage","@id":"https:\/\/shop.pranichealing.ch\/fr\/produkt\/die-entstehung-der-pranaheilung-und-des-arhatic-yoga\/","url":"https:\/\/shop.pranichealing.ch\/fr\/produkt\/die-entstehung-der-pranaheilung-und-des-arhatic-yoga\/","name":"Die Entstehung der Pranaheilung und des Arhatic Yoga - Institut Pranic Healing Suisse","isPartOf":{"@id":"https:\/\/shop.pranichealing.ch\/fr\/#website"},"primaryImageOfPage":{"@id":"https:\/\/shop.pranichealing.ch\/fr\/produkt\/die-entstehung-der-pranaheilung-und-des-arhatic-yoga\/#primaryimage"},"image":{"@id":"https:\/\/shop.pranichealing.ch\/fr\/produkt\/die-entstehung-der-pranaheilung-und-des-arhatic-yoga\/#primaryimage"},"thumbnailUrl":"https:\/\/shop.pranichealing.ch\/wp-content\/uploads\/2022\/01\/Die-Entstehung-der-Pranaheilung-und-des-Arhatic-Yoga.jpg","datePublished":"2022-01-19T11:22:55+00:00","dateModified":"2022-01-24T14:48:54+00:00","description":"Die Geschichte von Pranic Healing und Arhatic Yoga - eine Autobiografie des Begr\u00fcnders und noch viel, viel mehr.","breadcrumb":{"@id":"https:\/\/shop.pranichealing.ch\/fr\/produkt\/die-entstehung-der-pranaheilung-und-des-arhatic-yoga\/#breadcrumb"},"inLanguage":"fr-FR","potentialAction":[{"@type":"ReadAction","target":["https:\/\/shop.pranichealing.ch\/fr\/produkt\/die-entstehung-der-pranaheilung-und-des-arhatic-yoga\/"]}]},{"@type":"ImageObject","inLanguage":"fr-FR","@id":"https:\/\/shop.pranichealing.ch\/fr\/produkt\/die-entstehung-der-pranaheilung-und-des-arhatic-yoga\/#primaryimage","url":"https:\/\/shop.pranichealing.ch\/wp-content\/uploads\/2022\/01\/Die-Entstehung-der-Pranaheilung-und-des-Arhatic-Yoga.jpg","contentUrl":"https:\/\/shop.pranichealing.ch\/wp-content\/uploads\/2022\/01\/Die-Entstehung-der-Pranaheilung-und-des-Arhatic-Yoga.jpg","width":800,"height":1152},{"@type":"BreadcrumbList","@id":"https:\/\/shop.pranichealing.ch\/fr\/produkt\/die-entstehung-der-pranaheilung-und-des-arhatic-yoga\/#breadcrumb","itemListElement":[{"@type":"ListItem","position":1,"name":"Startseite","item":"https:\/\/shop.pranichealing.ch\/fr\/livres\/"},{"@type":"ListItem","position":2,"name":"Boutique","item":"https:\/\/shop.pranichealing.ch\/fr\/boutique\/"},{"@type":"ListItem","position":3,"name":"Die Entstehung der Pranaheilung und des Arhatic Yoga"}]},{"@type":"WebSite","@id":"https:\/\/shop.pranichealing.ch\/fr\/#website","url":"https:\/\/shop.pranichealing.ch\/fr\/","name":"Institut Pranic Healing Suisse","description":"Onlineshop","publisher":{"@id":"https:\/\/shop.pranichealing.ch\/fr\/#organization"},"potentialAction":[{"@type":"SearchAction","target":{"@type":"EntryPoint","urlTemplate":"https:\/\/shop.pranichealing.ch\/fr\/?s={search_term_string}"},"query-input":{"@type":"PropertyValueSpecification","valueRequired":true,"valueName":"search_term_string"}}],"inLanguage":"fr-FR"},{"@type":"Organization","@id":"https:\/\/shop.pranichealing.ch\/fr\/#organization","name":"Institut Pranic Healing Suisse","url":"https:\/\/shop.pranichealing.ch\/fr\/","logo":{"@type":"ImageObject","inLanguage":"fr-FR","@id":"https:\/\/shop.pranichealing.ch\/fr\/#\/schema\/logo\/image\/","url":"https:\/\/shop.pranichealing.ch\/wp-content\/uploads\/2022\/02\/iphs.svg","contentUrl":"https:\/\/shop.pranichealing.ch\/wp-content\/uploads\/2022\/02\/iphs.svg","width":416,"height":84,"caption":"Institut Pranic Healing Suisse"},"image":{"@id":"https:\/\/shop.pranichealing.ch\/fr\/#\/schema\/logo\/image\/"}}]}},"_links":{"self":[{"href":"https:\/\/shop.pranichealing.ch\/fr\/wp-json\/wp\/v2\/product\/1099","targetHints":{"allow":["GET"]}}],"collection":[{"href":"https:\/\/shop.pranichealing.ch\/fr\/wp-json\/wp\/v2\/product"}],"about":[{"href":"https:\/\/shop.pranichealing.ch\/fr\/wp-json\/wp\/v2\/types\/product"}],"wp:featuredmedia":[{"embeddable":true,"href":"https:\/\/shop.pranichealing.ch\/fr\/wp-json\/wp\/v2\/media\/704"}],"wp:attachment":[{"href":"https:\/\/shop.pranichealing.ch\/fr\/wp-json\/wp\/v2\/media?parent=1099"}],"wp:term":[{"taxonomy":"product_brand","embeddable":true,"href":"https:\/\/shop.pranichealing.ch\/fr\/wp-json\/wp\/v2\/product_brand?post=1099"},{"taxonomy":"product_cat","embeddable":true,"href":"https:\/\/shop.pranichealing.ch\/fr\/wp-json\/wp\/v2\/product_cat?post=1099"},{"taxonomy":"product_tag","embeddable":true,"href":"https:\/\/shop.pranichealing.ch\/fr\/wp-json\/wp\/v2\/product_tag?post=1099"}],"curies":[{"name":"wp","href":"https:\/\/api.w.org\/{rel}","templated":true}]}}