{"id":1114,"date":"2022-01-19T09:17:32","date_gmt":"2022-01-19T11:25:41","guid":{"rendered":"https:\/\/shop.pranichealing.ch\/produkt\/die-existenz-gottes-ist-offensichtlich\/"},"modified":"2022-01-24T15:52:31","modified_gmt":"2022-01-24T14:52:31","slug":"die-existenz-gottes-ist-offensichtlich","status":"publish","type":"product","link":"https:\/\/shop.pranichealing.ch\/fr\/produkt\/die-existenz-gottes-ist-offensichtlich\/","title":{"rendered":"Die Existenz Gottes ist offensichtlich"},"content":{"rendered":"<p>Das Buch \u00abDie Existenz Gottes ist offensichtlich\u00bb erweitert den Geist mit erstaunlichen Beweisen zu Gottes Allmacht und Allgegenwart in unserem Alltag. Master Choa Kok Sui hat ein kraftvoll formuliertes Buch geschrieben, das den Weg der Erleuchtung und des spirituellen Einsseins f\u00f6rdert. Bereits bei einmaligem Lesen dieses Buches wird die spirituelle Schnur gr\u00f6sser werden. Damit fliesst mehr spirituelle Energie zum Kronenchakra, was zur Vergr\u00f6sserung der anderen Chakren f\u00fchrt. Bei wiederholter Lekt\u00fcre dieses Buches kann Erleuchtung und g\u00f6ttliche Einheit erlangt werden.<\/p>\n","protected":false},"excerpt":{"rendered":"<p>Ein Buch der Antworten. Ein wundervoller spiritueller Leitfaden von Master Choa Kok Sui.<\/p>\n","protected":false},"featured_media":708,"template":"","meta":{"inline_featured_image":false},"product_brand":[],"product_cat":[65,51],"product_tag":[],"class_list":{"0":"post-1114","1":"product","2":"type-product","3":"status-publish","4":"has-post-thumbnail","6":"product_cat-de-fr","7":"product_cat-livres","8":"entry","10":"first","11":"instock","12":"taxable","13":"shipping-taxable","14":"purchasable","15":"product-type-simple"},"yoast_head":"<!-- This site is optimized with the Yoast SEO plugin v27.3 - https:\/\/yoast.com\/product\/yoast-seo-wordpress\/ -->\n<title>Die Existenz Gottes ist offensichtlich - Institut Pranic Healing Suisse<\/title>\n<meta name=\"description\" content=\"Ein Buch der Antworten. Ein wundervoller spiritueller Leitfaden von Master Choa Kok Sui.\" \/>\n<meta name=\"robots\" content=\"index, follow, max-snippet:-1, max-image-preview:large, max-video-preview:-1\" \/>\n<link rel=\"canonical\" href=\"https:\/\/shop.pranichealing.ch\/fr\/produkt\/die-existenz-gottes-ist-offensichtlich\/\" \/>\n<meta property=\"og:locale\" content=\"fr_FR\" \/>\n<meta property=\"og:type\" content=\"article\" \/>\n<meta property=\"og:title\" content=\"Die Existenz Gottes ist offensichtlich - Institut Pranic Healing Suisse\" \/>\n<meta property=\"og:description\" content=\"Ein Buch der Antworten. Ein wundervoller spiritueller Leitfaden von Master Choa Kok Sui.\" \/>\n<meta property=\"og:url\" content=\"https:\/\/shop.pranichealing.ch\/fr\/produkt\/die-existenz-gottes-ist-offensichtlich\/\" \/>\n<meta property=\"og:site_name\" content=\"Institut Pranic Healing Suisse\" \/>\n<meta property=\"article:modified_time\" content=\"2022-01-24T14:52:31+00:00\" \/>\n<meta property=\"og:image\" content=\"https:\/\/shop.pranichealing.ch\/wp-content\/uploads\/2022\/01\/Die-Existenz-Gottes-ist-offensichtlich.jpg\" \/>\n\t<meta property=\"og:image:width\" content=\"800\" \/>\n\t<meta property=\"og:image:height\" content=\"1233\" \/>\n\t<meta property=\"og:image:type\" content=\"image\/jpeg\" \/>\n<meta name=\"twitter:card\" content=\"summary_large_image\" \/>\n<script type=\"application\/ld+json\" class=\"yoast-schema-graph\">{\"@context\":\"https:\\\/\\\/schema.org\",\"@graph\":[{\"@type\":\"WebPage\",\"@id\":\"https:\\\/\\\/shop.pranichealing.ch\\\/fr\\\/produkt\\\/die-existenz-gottes-ist-offensichtlich\\\/\",\"url\":\"https:\\\/\\\/shop.pranichealing.ch\\\/fr\\\/produkt\\\/die-existenz-gottes-ist-offensichtlich\\\/\",\"name\":\"Die Existenz Gottes ist offensichtlich - Institut Pranic Healing Suisse\",\"isPartOf\":{\"@id\":\"https:\\\/\\\/shop.pranichealing.ch\\\/fr\\\/#website\"},\"primaryImageOfPage\":{\"@id\":\"https:\\\/\\\/shop.pranichealing.ch\\\/fr\\\/produkt\\\/die-existenz-gottes-ist-offensichtlich\\\/#primaryimage\"},\"image\":{\"@id\":\"https:\\\/\\\/shop.pranichealing.ch\\\/fr\\\/produkt\\\/die-existenz-gottes-ist-offensichtlich\\\/#primaryimage\"},\"thumbnailUrl\":\"https:\\\/\\\/shop.pranichealing.ch\\\/wp-content\\\/uploads\\\/2022\\\/01\\\/Die-Existenz-Gottes-ist-offensichtlich.jpg\",\"datePublished\":\"2022-01-19T11:25:41+00:00\",\"dateModified\":\"2022-01-24T14:52:31+00:00\",\"description\":\"Ein Buch der Antworten. Ein wundervoller spiritueller Leitfaden von Master Choa Kok Sui.\",\"breadcrumb\":{\"@id\":\"https:\\\/\\\/shop.pranichealing.ch\\\/fr\\\/produkt\\\/die-existenz-gottes-ist-offensichtlich\\\/#breadcrumb\"},\"inLanguage\":\"fr-FR\",\"potentialAction\":[{\"@type\":\"ReadAction\",\"target\":[\"https:\\\/\\\/shop.pranichealing.ch\\\/fr\\\/produkt\\\/die-existenz-gottes-ist-offensichtlich\\\/\"]}]},{\"@type\":\"ImageObject\",\"inLanguage\":\"fr-FR\",\"@id\":\"https:\\\/\\\/shop.pranichealing.ch\\\/fr\\\/produkt\\\/die-existenz-gottes-ist-offensichtlich\\\/#primaryimage\",\"url\":\"https:\\\/\\\/shop.pranichealing.ch\\\/wp-content\\\/uploads\\\/2022\\\/01\\\/Die-Existenz-Gottes-ist-offensichtlich.jpg\",\"contentUrl\":\"https:\\\/\\\/shop.pranichealing.ch\\\/wp-content\\\/uploads\\\/2022\\\/01\\\/Die-Existenz-Gottes-ist-offensichtlich.jpg\",\"width\":800,\"height\":1233},{\"@type\":\"BreadcrumbList\",\"@id\":\"https:\\\/\\\/shop.pranichealing.ch\\\/fr\\\/produkt\\\/die-existenz-gottes-ist-offensichtlich\\\/#breadcrumb\",\"itemListElement\":[{\"@type\":\"ListItem\",\"position\":1,\"name\":\"Startseite\",\"item\":\"https:\\\/\\\/shop.pranichealing.ch\\\/fr\\\/livres\\\/\"},{\"@type\":\"ListItem\",\"position\":2,\"name\":\"Boutique\",\"item\":\"https:\\\/\\\/shop.pranichealing.ch\\\/fr\\\/boutique\\\/\"},{\"@type\":\"ListItem\",\"position\":3,\"name\":\"Die Existenz Gottes ist offensichtlich\"}]},{\"@type\":\"WebSite\",\"@id\":\"https:\\\/\\\/shop.pranichealing.ch\\\/fr\\\/#website\",\"url\":\"https:\\\/\\\/shop.pranichealing.ch\\\/fr\\\/\",\"name\":\"Institut Pranic Healing Suisse\",\"description\":\"Onlineshop\",\"publisher\":{\"@id\":\"https:\\\/\\\/shop.pranichealing.ch\\\/fr\\\/#organization\"},\"potentialAction\":[{\"@type\":\"SearchAction\",\"target\":{\"@type\":\"EntryPoint\",\"urlTemplate\":\"https:\\\/\\\/shop.pranichealing.ch\\\/fr\\\/?s={search_term_string}\"},\"query-input\":{\"@type\":\"PropertyValueSpecification\",\"valueRequired\":true,\"valueName\":\"search_term_string\"}}],\"inLanguage\":\"fr-FR\"},{\"@type\":\"Organization\",\"@id\":\"https:\\\/\\\/shop.pranichealing.ch\\\/fr\\\/#organization\",\"name\":\"Institut Pranic Healing Suisse\",\"url\":\"https:\\\/\\\/shop.pranichealing.ch\\\/fr\\\/\",\"logo\":{\"@type\":\"ImageObject\",\"inLanguage\":\"fr-FR\",\"@id\":\"https:\\\/\\\/shop.pranichealing.ch\\\/fr\\\/#\\\/schema\\\/logo\\\/image\\\/\",\"url\":\"https:\\\/\\\/shop.pranichealing.ch\\\/wp-content\\\/uploads\\\/2022\\\/02\\\/iphs.svg\",\"contentUrl\":\"https:\\\/\\\/shop.pranichealing.ch\\\/wp-content\\\/uploads\\\/2022\\\/02\\\/iphs.svg\",\"width\":416,\"height\":84,\"caption\":\"Institut Pranic Healing Suisse\"},\"image\":{\"@id\":\"https:\\\/\\\/shop.pranichealing.ch\\\/fr\\\/#\\\/schema\\\/logo\\\/image\\\/\"}}]}<\/script>\n<!-- \/ Yoast SEO plugin. -->","yoast_head_json":{"title":"Die Existenz Gottes ist offensichtlich - Institut Pranic Healing Suisse","description":"Ein Buch der Antworten. Ein wundervoller spiritueller Leitfaden von Master Choa Kok Sui.","robots":{"index":"index","follow":"follow","max-snippet":"max-snippet:-1","max-image-preview":"max-image-preview:large","max-video-preview":"max-video-preview:-1"},"canonical":"https:\/\/shop.pranichealing.ch\/fr\/produkt\/die-existenz-gottes-ist-offensichtlich\/","og_locale":"fr_FR","og_type":"article","og_title":"Die Existenz Gottes ist offensichtlich - Institut Pranic Healing Suisse","og_description":"Ein Buch der Antworten. Ein wundervoller spiritueller Leitfaden von Master Choa Kok Sui.","og_url":"https:\/\/shop.pranichealing.ch\/fr\/produkt\/die-existenz-gottes-ist-offensichtlich\/","og_site_name":"Institut Pranic Healing Suisse","article_modified_time":"2022-01-24T14:52:31+00:00","og_image":[{"width":800,"height":1233,"url":"https:\/\/shop.pranichealing.ch\/wp-content\/uploads\/2022\/01\/Die-Existenz-Gottes-ist-offensichtlich.jpg","type":"image\/jpeg"}],"twitter_card":"summary_large_image","schema":{"@context":"https:\/\/schema.org","@graph":[{"@type":"WebPage","@id":"https:\/\/shop.pranichealing.ch\/fr\/produkt\/die-existenz-gottes-ist-offensichtlich\/","url":"https:\/\/shop.pranichealing.ch\/fr\/produkt\/die-existenz-gottes-ist-offensichtlich\/","name":"Die Existenz Gottes ist offensichtlich - Institut Pranic Healing Suisse","isPartOf":{"@id":"https:\/\/shop.pranichealing.ch\/fr\/#website"},"primaryImageOfPage":{"@id":"https:\/\/shop.pranichealing.ch\/fr\/produkt\/die-existenz-gottes-ist-offensichtlich\/#primaryimage"},"image":{"@id":"https:\/\/shop.pranichealing.ch\/fr\/produkt\/die-existenz-gottes-ist-offensichtlich\/#primaryimage"},"thumbnailUrl":"https:\/\/shop.pranichealing.ch\/wp-content\/uploads\/2022\/01\/Die-Existenz-Gottes-ist-offensichtlich.jpg","datePublished":"2022-01-19T11:25:41+00:00","dateModified":"2022-01-24T14:52:31+00:00","description":"Ein Buch der Antworten. Ein wundervoller spiritueller Leitfaden von Master Choa Kok Sui.","breadcrumb":{"@id":"https:\/\/shop.pranichealing.ch\/fr\/produkt\/die-existenz-gottes-ist-offensichtlich\/#breadcrumb"},"inLanguage":"fr-FR","potentialAction":[{"@type":"ReadAction","target":["https:\/\/shop.pranichealing.ch\/fr\/produkt\/die-existenz-gottes-ist-offensichtlich\/"]}]},{"@type":"ImageObject","inLanguage":"fr-FR","@id":"https:\/\/shop.pranichealing.ch\/fr\/produkt\/die-existenz-gottes-ist-offensichtlich\/#primaryimage","url":"https:\/\/shop.pranichealing.ch\/wp-content\/uploads\/2022\/01\/Die-Existenz-Gottes-ist-offensichtlich.jpg","contentUrl":"https:\/\/shop.pranichealing.ch\/wp-content\/uploads\/2022\/01\/Die-Existenz-Gottes-ist-offensichtlich.jpg","width":800,"height":1233},{"@type":"BreadcrumbList","@id":"https:\/\/shop.pranichealing.ch\/fr\/produkt\/die-existenz-gottes-ist-offensichtlich\/#breadcrumb","itemListElement":[{"@type":"ListItem","position":1,"name":"Startseite","item":"https:\/\/shop.pranichealing.ch\/fr\/livres\/"},{"@type":"ListItem","position":2,"name":"Boutique","item":"https:\/\/shop.pranichealing.ch\/fr\/boutique\/"},{"@type":"ListItem","position":3,"name":"Die Existenz Gottes ist offensichtlich"}]},{"@type":"WebSite","@id":"https:\/\/shop.pranichealing.ch\/fr\/#website","url":"https:\/\/shop.pranichealing.ch\/fr\/","name":"Institut Pranic Healing Suisse","description":"Onlineshop","publisher":{"@id":"https:\/\/shop.pranichealing.ch\/fr\/#organization"},"potentialAction":[{"@type":"SearchAction","target":{"@type":"EntryPoint","urlTemplate":"https:\/\/shop.pranichealing.ch\/fr\/?s={search_term_string}"},"query-input":{"@type":"PropertyValueSpecification","valueRequired":true,"valueName":"search_term_string"}}],"inLanguage":"fr-FR"},{"@type":"Organization","@id":"https:\/\/shop.pranichealing.ch\/fr\/#organization","name":"Institut Pranic Healing Suisse","url":"https:\/\/shop.pranichealing.ch\/fr\/","logo":{"@type":"ImageObject","inLanguage":"fr-FR","@id":"https:\/\/shop.pranichealing.ch\/fr\/#\/schema\/logo\/image\/","url":"https:\/\/shop.pranichealing.ch\/wp-content\/uploads\/2022\/02\/iphs.svg","contentUrl":"https:\/\/shop.pranichealing.ch\/wp-content\/uploads\/2022\/02\/iphs.svg","width":416,"height":84,"caption":"Institut Pranic Healing Suisse"},"image":{"@id":"https:\/\/shop.pranichealing.ch\/fr\/#\/schema\/logo\/image\/"}}]}},"_links":{"self":[{"href":"https:\/\/shop.pranichealing.ch\/fr\/wp-json\/wp\/v2\/product\/1114","targetHints":{"allow":["GET"]}}],"collection":[{"href":"https:\/\/shop.pranichealing.ch\/fr\/wp-json\/wp\/v2\/product"}],"about":[{"href":"https:\/\/shop.pranichealing.ch\/fr\/wp-json\/wp\/v2\/types\/product"}],"wp:featuredmedia":[{"embeddable":true,"href":"https:\/\/shop.pranichealing.ch\/fr\/wp-json\/wp\/v2\/media\/708"}],"wp:attachment":[{"href":"https:\/\/shop.pranichealing.ch\/fr\/wp-json\/wp\/v2\/media?parent=1114"}],"wp:term":[{"taxonomy":"product_brand","embeddable":true,"href":"https:\/\/shop.pranichealing.ch\/fr\/wp-json\/wp\/v2\/product_brand?post=1114"},{"taxonomy":"product_cat","embeddable":true,"href":"https:\/\/shop.pranichealing.ch\/fr\/wp-json\/wp\/v2\/product_cat?post=1114"},{"taxonomy":"product_tag","embeddable":true,"href":"https:\/\/shop.pranichealing.ch\/fr\/wp-json\/wp\/v2\/product_tag?post=1114"}],"curies":[{"name":"wp","href":"https:\/\/api.w.org\/{rel}","templated":true}]}}