{"id":1238,"date":"2022-01-19T14:47:17","date_gmt":"2022-01-19T14:13:41","guid":{"rendered":"https:\/\/shop.pranichealing.ch\/produkt\/meditation-sue-les-coeurs-jumeaux-avec-guerison-chakrale\/"},"modified":"2022-02-10T17:33:12","modified_gmt":"2022-02-10T16:33:12","slug":"meditation-su-les-coeurs-jumeaux-avec-guerison-chakrale","status":"publish","type":"product","link":"https:\/\/shop.pranichealing.ch\/fr\/produkt\/meditation-su-les-coeurs-jumeaux-avec-guerison-chakrale\/","title":{"rendered":"M\u00e9ditation sur les C\u0153urs Jumeaux avec Gu\u00e9rison Chakrale"},"content":{"rendered":"<p>La pratique r\u00e9guli\u00e8re de cette m\u00e9ditation nettoie et agrandit l\u2019aura. Une aura forte fournit un grand r\u00e9servoir d\u2019\u00e9nergie. Lorsqu\u2019elle est pratiqu\u00e9e r\u00e9guli\u00e8rement, on peut ressentir plus de paix et de calme int\u00e9rieurs, le niveau de stress diminue, le mental devient plus clair et la compr\u00e9hension augmente.<\/p>\n<p>Cette version de la m\u00e9ditation sur les c\u0153urs jumeaux comprend une m\u00e9ditation guid\u00e9e suppl\u00e9mentaire o\u00f9 Ma\u00eetre Choa Kok Sui guide et diffuse les \u00e9nergies divines \u00e0 travers les chakras majeurs pour \u00e9liminer et d\u00e9sint\u00e9grer le stress, les \u00e9nergies de peur, la d\u00e9pression et d\u2019autres \u00e9nergies n\u00e9gatives<\/p>\n","protected":false},"excerpt":{"rendered":"<p>La pratique r\u00e9guli\u00e8re de cette m\u00e9ditation nettoie et agrandit l\u2019aura. Une aura forte fournit un grand r\u00e9servoir d\u2019\u00e9nergie. Lorsqu\u2019elle est pratiqu\u00e9e r\u00e9guli\u00e8rement, on peut ressentir plus de paix et de calme int\u00e9rieurs, le niveau de stress diminue, le mental devient plus clair et la compr\u00e9hension augmente. Cette version de la m\u00e9ditation sur les c\u0153urs jumeaux&hellip; <a class=\"more-link\" href=\"https:\/\/shop.pranichealing.ch\/fr\/produkt\/meditation-su-les-coeurs-jumeaux-avec-guerison-chakrale\/\">Poursuivre la lecture <span class=\"screen-reader-text\">M\u00e9ditation sur les C\u0153urs Jumeaux avec Gu\u00e9rison Chakrale<\/span><\/a><\/p>\n","protected":false},"featured_media":967,"template":"","meta":{"inline_featured_image":false},"product_brand":[],"product_cat":[53,74],"product_tag":[],"class_list":{"0":"post-1238","1":"product","2":"type-product","3":"status-publish","4":"has-post-thumbnail","6":"product_cat-cds-fr","7":"product_cat-fr-fr-2","8":"entry","10":"first","11":"instock","12":"taxable","13":"shipping-taxable","14":"purchasable","15":"product-type-simple"},"yoast_head":"<!-- This site is optimized with the Yoast SEO plugin v27.3 - https:\/\/yoast.com\/product\/yoast-seo-wordpress\/ -->\n<title>M\u00e9ditation sur les C\u0153urs Jumeaux avec Gu\u00e9rison Chakrale - Institut Pranic Healing Suisse<\/title>\n<meta name=\"description\" content=\"Ce m\u00e9ditation est une technique exceptionelle de m\u00e9ditation pour d\u00e9veloppement spirituel et la gu\u00e9rison.\" \/>\n<meta name=\"robots\" content=\"index, follow, max-snippet:-1, max-image-preview:large, max-video-preview:-1\" \/>\n<link rel=\"canonical\" href=\"https:\/\/shop.pranichealing.ch\/fr\/produkt\/meditation-su-les-coeurs-jumeaux-avec-guerison-chakrale\/\" \/>\n<meta property=\"og:locale\" content=\"fr_FR\" \/>\n<meta property=\"og:type\" content=\"article\" \/>\n<meta property=\"og:title\" content=\"M\u00e9ditation sur les C\u0153urs Jumeaux avec Gu\u00e9rison Chakrale - Institut Pranic Healing Suisse\" \/>\n<meta property=\"og:description\" content=\"Ce m\u00e9ditation est une technique exceptionelle de m\u00e9ditation pour d\u00e9veloppement spirituel et la gu\u00e9rison.\" \/>\n<meta property=\"og:url\" content=\"https:\/\/shop.pranichealing.ch\/fr\/produkt\/meditation-su-les-coeurs-jumeaux-avec-guerison-chakrale\/\" \/>\n<meta property=\"og:site_name\" content=\"Institut Pranic Healing Suisse\" \/>\n<meta property=\"article:modified_time\" content=\"2022-02-10T16:33:12+00:00\" \/>\n<meta property=\"og:image\" content=\"https:\/\/shop.pranichealing.ch\/wp-content\/uploads\/2022\/01\/M2H_Chakraheilung_French.jpg\" \/>\n\t<meta property=\"og:image:width\" content=\"1014\" \/>\n\t<meta property=\"og:image:height\" content=\"1021\" \/>\n\t<meta property=\"og:image:type\" content=\"image\/jpeg\" \/>\n<meta name=\"twitter:card\" content=\"summary_large_image\" \/>\n<meta name=\"twitter:label1\" content=\"Dur\u00e9e de lecture estim\u00e9e\" \/>\n\t<meta name=\"twitter:data1\" content=\"1 minute\" \/>\n<script type=\"application\/ld+json\" class=\"yoast-schema-graph\">{\"@context\":\"https:\\\/\\\/schema.org\",\"@graph\":[{\"@type\":\"WebPage\",\"@id\":\"https:\\\/\\\/shop.pranichealing.ch\\\/fr\\\/produkt\\\/meditation-su-les-coeurs-jumeaux-avec-guerison-chakrale\\\/\",\"url\":\"https:\\\/\\\/shop.pranichealing.ch\\\/fr\\\/produkt\\\/meditation-su-les-coeurs-jumeaux-avec-guerison-chakrale\\\/\",\"name\":\"M\u00e9ditation sur les C\u0153urs Jumeaux avec Gu\u00e9rison Chakrale - Institut Pranic Healing Suisse\",\"isPartOf\":{\"@id\":\"https:\\\/\\\/shop.pranichealing.ch\\\/fr\\\/#website\"},\"primaryImageOfPage\":{\"@id\":\"https:\\\/\\\/shop.pranichealing.ch\\\/fr\\\/produkt\\\/meditation-su-les-coeurs-jumeaux-avec-guerison-chakrale\\\/#primaryimage\"},\"image\":{\"@id\":\"https:\\\/\\\/shop.pranichealing.ch\\\/fr\\\/produkt\\\/meditation-su-les-coeurs-jumeaux-avec-guerison-chakrale\\\/#primaryimage\"},\"thumbnailUrl\":\"https:\\\/\\\/shop.pranichealing.ch\\\/wp-content\\\/uploads\\\/2022\\\/01\\\/M2H_Chakraheilung_French.jpg\",\"datePublished\":\"2022-01-19T14:13:41+00:00\",\"dateModified\":\"2022-02-10T16:33:12+00:00\",\"description\":\"Ce m\u00e9ditation est une technique exceptionelle de m\u00e9ditation pour d\u00e9veloppement spirituel et la gu\u00e9rison.\",\"breadcrumb\":{\"@id\":\"https:\\\/\\\/shop.pranichealing.ch\\\/fr\\\/produkt\\\/meditation-su-les-coeurs-jumeaux-avec-guerison-chakrale\\\/#breadcrumb\"},\"inLanguage\":\"fr-FR\",\"potentialAction\":[{\"@type\":\"ReadAction\",\"target\":[\"https:\\\/\\\/shop.pranichealing.ch\\\/fr\\\/produkt\\\/meditation-su-les-coeurs-jumeaux-avec-guerison-chakrale\\\/\"]}]},{\"@type\":\"ImageObject\",\"inLanguage\":\"fr-FR\",\"@id\":\"https:\\\/\\\/shop.pranichealing.ch\\\/fr\\\/produkt\\\/meditation-su-les-coeurs-jumeaux-avec-guerison-chakrale\\\/#primaryimage\",\"url\":\"https:\\\/\\\/shop.pranichealing.ch\\\/wp-content\\\/uploads\\\/2022\\\/01\\\/M2H_Chakraheilung_French.jpg\",\"contentUrl\":\"https:\\\/\\\/shop.pranichealing.ch\\\/wp-content\\\/uploads\\\/2022\\\/01\\\/M2H_Chakraheilung_French.jpg\",\"width\":1014,\"height\":1021},{\"@type\":\"BreadcrumbList\",\"@id\":\"https:\\\/\\\/shop.pranichealing.ch\\\/fr\\\/produkt\\\/meditation-su-les-coeurs-jumeaux-avec-guerison-chakrale\\\/#breadcrumb\",\"itemListElement\":[{\"@type\":\"ListItem\",\"position\":1,\"name\":\"Startseite\",\"item\":\"https:\\\/\\\/shop.pranichealing.ch\\\/fr\\\/livres\\\/\"},{\"@type\":\"ListItem\",\"position\":2,\"name\":\"Boutique\",\"item\":\"https:\\\/\\\/shop.pranichealing.ch\\\/fr\\\/boutique\\\/\"},{\"@type\":\"ListItem\",\"position\":3,\"name\":\"M\u00e9ditation sur les C\u0153urs Jumeaux avec Gu\u00e9rison Chakrale\"}]},{\"@type\":\"WebSite\",\"@id\":\"https:\\\/\\\/shop.pranichealing.ch\\\/fr\\\/#website\",\"url\":\"https:\\\/\\\/shop.pranichealing.ch\\\/fr\\\/\",\"name\":\"Institut Pranic Healing Suisse\",\"description\":\"Onlineshop\",\"publisher\":{\"@id\":\"https:\\\/\\\/shop.pranichealing.ch\\\/fr\\\/#organization\"},\"potentialAction\":[{\"@type\":\"SearchAction\",\"target\":{\"@type\":\"EntryPoint\",\"urlTemplate\":\"https:\\\/\\\/shop.pranichealing.ch\\\/fr\\\/?s={search_term_string}\"},\"query-input\":{\"@type\":\"PropertyValueSpecification\",\"valueRequired\":true,\"valueName\":\"search_term_string\"}}],\"inLanguage\":\"fr-FR\"},{\"@type\":\"Organization\",\"@id\":\"https:\\\/\\\/shop.pranichealing.ch\\\/fr\\\/#organization\",\"name\":\"Institut Pranic Healing Suisse\",\"url\":\"https:\\\/\\\/shop.pranichealing.ch\\\/fr\\\/\",\"logo\":{\"@type\":\"ImageObject\",\"inLanguage\":\"fr-FR\",\"@id\":\"https:\\\/\\\/shop.pranichealing.ch\\\/fr\\\/#\\\/schema\\\/logo\\\/image\\\/\",\"url\":\"https:\\\/\\\/shop.pranichealing.ch\\\/wp-content\\\/uploads\\\/2022\\\/02\\\/iphs.svg\",\"contentUrl\":\"https:\\\/\\\/shop.pranichealing.ch\\\/wp-content\\\/uploads\\\/2022\\\/02\\\/iphs.svg\",\"width\":416,\"height\":84,\"caption\":\"Institut Pranic Healing Suisse\"},\"image\":{\"@id\":\"https:\\\/\\\/shop.pranichealing.ch\\\/fr\\\/#\\\/schema\\\/logo\\\/image\\\/\"}}]}<\/script>\n<!-- \/ Yoast SEO plugin. -->","yoast_head_json":{"title":"M\u00e9ditation sur les C\u0153urs Jumeaux avec Gu\u00e9rison Chakrale - Institut Pranic Healing Suisse","description":"Ce m\u00e9ditation est une technique exceptionelle de m\u00e9ditation pour d\u00e9veloppement spirituel et la gu\u00e9rison.","robots":{"index":"index","follow":"follow","max-snippet":"max-snippet:-1","max-image-preview":"max-image-preview:large","max-video-preview":"max-video-preview:-1"},"canonical":"https:\/\/shop.pranichealing.ch\/fr\/produkt\/meditation-su-les-coeurs-jumeaux-avec-guerison-chakrale\/","og_locale":"fr_FR","og_type":"article","og_title":"M\u00e9ditation sur les C\u0153urs Jumeaux avec Gu\u00e9rison Chakrale - Institut Pranic Healing Suisse","og_description":"Ce m\u00e9ditation est une technique exceptionelle de m\u00e9ditation pour d\u00e9veloppement spirituel et la gu\u00e9rison.","og_url":"https:\/\/shop.pranichealing.ch\/fr\/produkt\/meditation-su-les-coeurs-jumeaux-avec-guerison-chakrale\/","og_site_name":"Institut Pranic Healing Suisse","article_modified_time":"2022-02-10T16:33:12+00:00","og_image":[{"width":1014,"height":1021,"url":"https:\/\/shop.pranichealing.ch\/wp-content\/uploads\/2022\/01\/M2H_Chakraheilung_French.jpg","type":"image\/jpeg"}],"twitter_card":"summary_large_image","twitter_misc":{"Dur\u00e9e de lecture estim\u00e9e":"1 minute"},"schema":{"@context":"https:\/\/schema.org","@graph":[{"@type":"WebPage","@id":"https:\/\/shop.pranichealing.ch\/fr\/produkt\/meditation-su-les-coeurs-jumeaux-avec-guerison-chakrale\/","url":"https:\/\/shop.pranichealing.ch\/fr\/produkt\/meditation-su-les-coeurs-jumeaux-avec-guerison-chakrale\/","name":"M\u00e9ditation sur les C\u0153urs Jumeaux avec Gu\u00e9rison Chakrale - Institut Pranic Healing Suisse","isPartOf":{"@id":"https:\/\/shop.pranichealing.ch\/fr\/#website"},"primaryImageOfPage":{"@id":"https:\/\/shop.pranichealing.ch\/fr\/produkt\/meditation-su-les-coeurs-jumeaux-avec-guerison-chakrale\/#primaryimage"},"image":{"@id":"https:\/\/shop.pranichealing.ch\/fr\/produkt\/meditation-su-les-coeurs-jumeaux-avec-guerison-chakrale\/#primaryimage"},"thumbnailUrl":"https:\/\/shop.pranichealing.ch\/wp-content\/uploads\/2022\/01\/M2H_Chakraheilung_French.jpg","datePublished":"2022-01-19T14:13:41+00:00","dateModified":"2022-02-10T16:33:12+00:00","description":"Ce m\u00e9ditation est une technique exceptionelle de m\u00e9ditation pour d\u00e9veloppement spirituel et la gu\u00e9rison.","breadcrumb":{"@id":"https:\/\/shop.pranichealing.ch\/fr\/produkt\/meditation-su-les-coeurs-jumeaux-avec-guerison-chakrale\/#breadcrumb"},"inLanguage":"fr-FR","potentialAction":[{"@type":"ReadAction","target":["https:\/\/shop.pranichealing.ch\/fr\/produkt\/meditation-su-les-coeurs-jumeaux-avec-guerison-chakrale\/"]}]},{"@type":"ImageObject","inLanguage":"fr-FR","@id":"https:\/\/shop.pranichealing.ch\/fr\/produkt\/meditation-su-les-coeurs-jumeaux-avec-guerison-chakrale\/#primaryimage","url":"https:\/\/shop.pranichealing.ch\/wp-content\/uploads\/2022\/01\/M2H_Chakraheilung_French.jpg","contentUrl":"https:\/\/shop.pranichealing.ch\/wp-content\/uploads\/2022\/01\/M2H_Chakraheilung_French.jpg","width":1014,"height":1021},{"@type":"BreadcrumbList","@id":"https:\/\/shop.pranichealing.ch\/fr\/produkt\/meditation-su-les-coeurs-jumeaux-avec-guerison-chakrale\/#breadcrumb","itemListElement":[{"@type":"ListItem","position":1,"name":"Startseite","item":"https:\/\/shop.pranichealing.ch\/fr\/livres\/"},{"@type":"ListItem","position":2,"name":"Boutique","item":"https:\/\/shop.pranichealing.ch\/fr\/boutique\/"},{"@type":"ListItem","position":3,"name":"M\u00e9ditation sur les C\u0153urs Jumeaux avec Gu\u00e9rison Chakrale"}]},{"@type":"WebSite","@id":"https:\/\/shop.pranichealing.ch\/fr\/#website","url":"https:\/\/shop.pranichealing.ch\/fr\/","name":"Institut Pranic Healing Suisse","description":"Onlineshop","publisher":{"@id":"https:\/\/shop.pranichealing.ch\/fr\/#organization"},"potentialAction":[{"@type":"SearchAction","target":{"@type":"EntryPoint","urlTemplate":"https:\/\/shop.pranichealing.ch\/fr\/?s={search_term_string}"},"query-input":{"@type":"PropertyValueSpecification","valueRequired":true,"valueName":"search_term_string"}}],"inLanguage":"fr-FR"},{"@type":"Organization","@id":"https:\/\/shop.pranichealing.ch\/fr\/#organization","name":"Institut Pranic Healing Suisse","url":"https:\/\/shop.pranichealing.ch\/fr\/","logo":{"@type":"ImageObject","inLanguage":"fr-FR","@id":"https:\/\/shop.pranichealing.ch\/fr\/#\/schema\/logo\/image\/","url":"https:\/\/shop.pranichealing.ch\/wp-content\/uploads\/2022\/02\/iphs.svg","contentUrl":"https:\/\/shop.pranichealing.ch\/wp-content\/uploads\/2022\/02\/iphs.svg","width":416,"height":84,"caption":"Institut Pranic Healing Suisse"},"image":{"@id":"https:\/\/shop.pranichealing.ch\/fr\/#\/schema\/logo\/image\/"}}]}},"_links":{"self":[{"href":"https:\/\/shop.pranichealing.ch\/fr\/wp-json\/wp\/v2\/product\/1238","targetHints":{"allow":["GET"]}}],"collection":[{"href":"https:\/\/shop.pranichealing.ch\/fr\/wp-json\/wp\/v2\/product"}],"about":[{"href":"https:\/\/shop.pranichealing.ch\/fr\/wp-json\/wp\/v2\/types\/product"}],"wp:featuredmedia":[{"embeddable":true,"href":"https:\/\/shop.pranichealing.ch\/fr\/wp-json\/wp\/v2\/media\/967"}],"wp:attachment":[{"href":"https:\/\/shop.pranichealing.ch\/fr\/wp-json\/wp\/v2\/media?parent=1238"}],"wp:term":[{"taxonomy":"product_brand","embeddable":true,"href":"https:\/\/shop.pranichealing.ch\/fr\/wp-json\/wp\/v2\/product_brand?post=1238"},{"taxonomy":"product_cat","embeddable":true,"href":"https:\/\/shop.pranichealing.ch\/fr\/wp-json\/wp\/v2\/product_cat?post=1238"},{"taxonomy":"product_tag","embeddable":true,"href":"https:\/\/shop.pranichealing.ch\/fr\/wp-json\/wp\/v2\/product_tag?post=1238"}],"curies":[{"name":"wp","href":"https:\/\/api.w.org\/{rel}","templated":true}]}}