{"id":1240,"date":"2022-01-19T14:40:21","date_gmt":"2022-01-19T14:13:43","guid":{"rendered":"https:\/\/shop.pranichealing.ch\/produkt\/meditation-sue-les-coeurs-jumeaux-pour-la-paix-et-lillumination\/"},"modified":"2022-02-10T17:33:15","modified_gmt":"2022-02-10T16:33:15","slug":"meditation-sue-les-coeurs-jumeaux-pour-la-paix-et-lillumination","status":"publish","type":"product","link":"https:\/\/shop.pranichealing.ch\/fr\/produkt\/meditation-sue-les-coeurs-jumeaux-pour-la-paix-et-lillumination\/","title":{"rendered":"M\u00e9ditation sur les C\u0153urs Jumeaux pour la Paix et l&rsquo;Illumination"},"content":{"rendered":"<p>La pratique r\u00e9guli\u00e8re de cette m\u00e9ditation nettoie et agrandit l\u2019aura. Une aura forte fournit un grand r\u00e9servoir d\u2019\u00e9nergie. Lorsqu\u2019elle est pratiqu\u00e9e r\u00e9guli\u00e8rement, on peut ressentir plus de paix et de calme int\u00e9rieurs, le niveau de stress diminue, le mental devient plus clair et la compr\u00e9hension augmente.<\/p>\n<p>Le nom \u201eC\u0153urs Jumeaux\u201c fait r\u00e9f\u00e9rence aux centres d\u2019\u00e9nergie du c\u0153ur et de la couronne. La terre et tous les \u00eatres vivants sont b\u00e9nis avec de la bienveillance, ce qui favorise la paix et influence positivement les relations humaines.<\/p>\n","protected":false},"excerpt":{"rendered":"<p>La pratique r\u00e9guli\u00e8re de cette m\u00e9ditation nettoie et agrandit l\u2019aura. Une aura forte fournit un grand r\u00e9servoir d\u2019\u00e9nergie. Lorsqu\u2019elle est pratiqu\u00e9e r\u00e9guli\u00e8rement, on peut ressentir plus de paix et de calme int\u00e9rieurs, le niveau de stress diminue, le mental devient plus clair et la compr\u00e9hension augmente. Le nom \u201eC\u0153urs Jumeaux\u201c fait r\u00e9f\u00e9rence aux centres d\u2019\u00e9nergie&hellip; <a class=\"more-link\" href=\"https:\/\/shop.pranichealing.ch\/fr\/produkt\/meditation-sue-les-coeurs-jumeaux-pour-la-paix-et-lillumination\/\">Poursuivre la lecture <span class=\"screen-reader-text\">M\u00e9ditation sur les C\u0153urs Jumeaux pour la Paix et l&rsquo;Illumination<\/span><\/a><\/p>\n","protected":false},"featured_media":989,"template":"","meta":{"inline_featured_image":false},"product_brand":[],"product_cat":[53,74],"product_tag":[],"class_list":{"0":"post-1240","1":"product","2":"type-product","3":"status-publish","4":"has-post-thumbnail","6":"product_cat-cds-fr","7":"product_cat-fr-fr-2","8":"entry","10":"first","11":"instock","12":"taxable","13":"shipping-taxable","14":"purchasable","15":"product-type-simple"},"yoast_head":"<!-- This site is optimized with the Yoast SEO plugin v27.3 - https:\/\/yoast.com\/product\/yoast-seo-wordpress\/ -->\n<title>M\u00e9ditation sur les C\u0153urs Jumeaux pour la Paix et l&#039;Illumination - Institut Pranic Healing Suisse<\/title>\n<meta name=\"description\" content=\"Ce m\u00e9ditation est une forme inestimable de service pour toute l&#039;humanit\u00e9 qui aide \u00e0 harmoniser la terre en la b\u00e9nissant avec amour et gentillesse, paix, joie et bonne volont\u00e9.\" \/>\n<meta name=\"robots\" content=\"index, follow, max-snippet:-1, max-image-preview:large, max-video-preview:-1\" \/>\n<link rel=\"canonical\" href=\"https:\/\/shop.pranichealing.ch\/fr\/produkt\/meditation-sue-les-coeurs-jumeaux-pour-la-paix-et-lillumination\/\" \/>\n<meta property=\"og:locale\" content=\"fr_FR\" \/>\n<meta property=\"og:type\" content=\"article\" \/>\n<meta property=\"og:title\" content=\"M\u00e9ditation sur les C\u0153urs Jumeaux pour la Paix et l&#039;Illumination - Institut Pranic Healing Suisse\" \/>\n<meta property=\"og:description\" content=\"Ce m\u00e9ditation est une forme inestimable de service pour toute l&#039;humanit\u00e9 qui aide \u00e0 harmoniser la terre en la b\u00e9nissant avec amour et gentillesse, paix, joie et bonne volont\u00e9.\" \/>\n<meta property=\"og:url\" content=\"https:\/\/shop.pranichealing.ch\/fr\/produkt\/meditation-sue-les-coeurs-jumeaux-pour-la-paix-et-lillumination\/\" \/>\n<meta property=\"og:site_name\" content=\"Institut Pranic Healing Suisse\" \/>\n<meta property=\"article:modified_time\" content=\"2022-02-10T16:33:15+00:00\" \/>\n<meta property=\"og:image\" content=\"https:\/\/shop.pranichealing.ch\/wp-content\/uploads\/2022\/01\/Meditation-sur-les-Coeurs-Jumeaux-pour-la-Paix-et-lIllumination.jpeg\" \/>\n\t<meta property=\"og:image:width\" content=\"1002\" \/>\n\t<meta property=\"og:image:height\" content=\"1019\" \/>\n\t<meta property=\"og:image:type\" content=\"image\/jpeg\" \/>\n<meta name=\"twitter:card\" content=\"summary_large_image\" \/>\n<meta name=\"twitter:label1\" content=\"Dur\u00e9e de lecture estim\u00e9e\" \/>\n\t<meta name=\"twitter:data1\" content=\"1 minute\" \/>\n<script type=\"application\/ld+json\" class=\"yoast-schema-graph\">{\"@context\":\"https:\\\/\\\/schema.org\",\"@graph\":[{\"@type\":\"WebPage\",\"@id\":\"https:\\\/\\\/shop.pranichealing.ch\\\/fr\\\/produkt\\\/meditation-sue-les-coeurs-jumeaux-pour-la-paix-et-lillumination\\\/\",\"url\":\"https:\\\/\\\/shop.pranichealing.ch\\\/fr\\\/produkt\\\/meditation-sue-les-coeurs-jumeaux-pour-la-paix-et-lillumination\\\/\",\"name\":\"M\u00e9ditation sur les C\u0153urs Jumeaux pour la Paix et l'Illumination - Institut Pranic Healing Suisse\",\"isPartOf\":{\"@id\":\"https:\\\/\\\/shop.pranichealing.ch\\\/fr\\\/#website\"},\"primaryImageOfPage\":{\"@id\":\"https:\\\/\\\/shop.pranichealing.ch\\\/fr\\\/produkt\\\/meditation-sue-les-coeurs-jumeaux-pour-la-paix-et-lillumination\\\/#primaryimage\"},\"image\":{\"@id\":\"https:\\\/\\\/shop.pranichealing.ch\\\/fr\\\/produkt\\\/meditation-sue-les-coeurs-jumeaux-pour-la-paix-et-lillumination\\\/#primaryimage\"},\"thumbnailUrl\":\"https:\\\/\\\/shop.pranichealing.ch\\\/wp-content\\\/uploads\\\/2022\\\/01\\\/Meditation-sur-les-Coeurs-Jumeaux-pour-la-Paix-et-lIllumination.jpeg\",\"datePublished\":\"2022-01-19T14:13:43+00:00\",\"dateModified\":\"2022-02-10T16:33:15+00:00\",\"description\":\"Ce m\u00e9ditation est une forme inestimable de service pour toute l'humanit\u00e9 qui aide \u00e0 harmoniser la terre en la b\u00e9nissant avec amour et gentillesse, paix, joie et bonne volont\u00e9.\",\"breadcrumb\":{\"@id\":\"https:\\\/\\\/shop.pranichealing.ch\\\/fr\\\/produkt\\\/meditation-sue-les-coeurs-jumeaux-pour-la-paix-et-lillumination\\\/#breadcrumb\"},\"inLanguage\":\"fr-FR\",\"potentialAction\":[{\"@type\":\"ReadAction\",\"target\":[\"https:\\\/\\\/shop.pranichealing.ch\\\/fr\\\/produkt\\\/meditation-sue-les-coeurs-jumeaux-pour-la-paix-et-lillumination\\\/\"]}]},{\"@type\":\"ImageObject\",\"inLanguage\":\"fr-FR\",\"@id\":\"https:\\\/\\\/shop.pranichealing.ch\\\/fr\\\/produkt\\\/meditation-sue-les-coeurs-jumeaux-pour-la-paix-et-lillumination\\\/#primaryimage\",\"url\":\"https:\\\/\\\/shop.pranichealing.ch\\\/wp-content\\\/uploads\\\/2022\\\/01\\\/Meditation-sur-les-Coeurs-Jumeaux-pour-la-Paix-et-lIllumination.jpeg\",\"contentUrl\":\"https:\\\/\\\/shop.pranichealing.ch\\\/wp-content\\\/uploads\\\/2022\\\/01\\\/Meditation-sur-les-Coeurs-Jumeaux-pour-la-Paix-et-lIllumination.jpeg\",\"width\":1002,\"height\":1019},{\"@type\":\"BreadcrumbList\",\"@id\":\"https:\\\/\\\/shop.pranichealing.ch\\\/fr\\\/produkt\\\/meditation-sue-les-coeurs-jumeaux-pour-la-paix-et-lillumination\\\/#breadcrumb\",\"itemListElement\":[{\"@type\":\"ListItem\",\"position\":1,\"name\":\"Startseite\",\"item\":\"https:\\\/\\\/shop.pranichealing.ch\\\/fr\\\/livres\\\/\"},{\"@type\":\"ListItem\",\"position\":2,\"name\":\"Boutique\",\"item\":\"https:\\\/\\\/shop.pranichealing.ch\\\/fr\\\/boutique\\\/\"},{\"@type\":\"ListItem\",\"position\":3,\"name\":\"M\u00e9ditation sur les C\u0153urs Jumeaux pour la Paix et l&rsquo;Illumination\"}]},{\"@type\":\"WebSite\",\"@id\":\"https:\\\/\\\/shop.pranichealing.ch\\\/fr\\\/#website\",\"url\":\"https:\\\/\\\/shop.pranichealing.ch\\\/fr\\\/\",\"name\":\"Institut Pranic Healing Suisse\",\"description\":\"Onlineshop\",\"publisher\":{\"@id\":\"https:\\\/\\\/shop.pranichealing.ch\\\/fr\\\/#organization\"},\"potentialAction\":[{\"@type\":\"SearchAction\",\"target\":{\"@type\":\"EntryPoint\",\"urlTemplate\":\"https:\\\/\\\/shop.pranichealing.ch\\\/fr\\\/?s={search_term_string}\"},\"query-input\":{\"@type\":\"PropertyValueSpecification\",\"valueRequired\":true,\"valueName\":\"search_term_string\"}}],\"inLanguage\":\"fr-FR\"},{\"@type\":\"Organization\",\"@id\":\"https:\\\/\\\/shop.pranichealing.ch\\\/fr\\\/#organization\",\"name\":\"Institut Pranic Healing Suisse\",\"url\":\"https:\\\/\\\/shop.pranichealing.ch\\\/fr\\\/\",\"logo\":{\"@type\":\"ImageObject\",\"inLanguage\":\"fr-FR\",\"@id\":\"https:\\\/\\\/shop.pranichealing.ch\\\/fr\\\/#\\\/schema\\\/logo\\\/image\\\/\",\"url\":\"https:\\\/\\\/shop.pranichealing.ch\\\/wp-content\\\/uploads\\\/2022\\\/02\\\/iphs.svg\",\"contentUrl\":\"https:\\\/\\\/shop.pranichealing.ch\\\/wp-content\\\/uploads\\\/2022\\\/02\\\/iphs.svg\",\"width\":416,\"height\":84,\"caption\":\"Institut Pranic Healing Suisse\"},\"image\":{\"@id\":\"https:\\\/\\\/shop.pranichealing.ch\\\/fr\\\/#\\\/schema\\\/logo\\\/image\\\/\"}}]}<\/script>\n<!-- \/ Yoast SEO plugin. -->","yoast_head_json":{"title":"M\u00e9ditation sur les C\u0153urs Jumeaux pour la Paix et l'Illumination - Institut Pranic Healing Suisse","description":"Ce m\u00e9ditation est une forme inestimable de service pour toute l'humanit\u00e9 qui aide \u00e0 harmoniser la terre en la b\u00e9nissant avec amour et gentillesse, paix, joie et bonne volont\u00e9.","robots":{"index":"index","follow":"follow","max-snippet":"max-snippet:-1","max-image-preview":"max-image-preview:large","max-video-preview":"max-video-preview:-1"},"canonical":"https:\/\/shop.pranichealing.ch\/fr\/produkt\/meditation-sue-les-coeurs-jumeaux-pour-la-paix-et-lillumination\/","og_locale":"fr_FR","og_type":"article","og_title":"M\u00e9ditation sur les C\u0153urs Jumeaux pour la Paix et l'Illumination - Institut Pranic Healing Suisse","og_description":"Ce m\u00e9ditation est une forme inestimable de service pour toute l'humanit\u00e9 qui aide \u00e0 harmoniser la terre en la b\u00e9nissant avec amour et gentillesse, paix, joie et bonne volont\u00e9.","og_url":"https:\/\/shop.pranichealing.ch\/fr\/produkt\/meditation-sue-les-coeurs-jumeaux-pour-la-paix-et-lillumination\/","og_site_name":"Institut Pranic Healing Suisse","article_modified_time":"2022-02-10T16:33:15+00:00","og_image":[{"width":1002,"height":1019,"url":"https:\/\/shop.pranichealing.ch\/wp-content\/uploads\/2022\/01\/Meditation-sur-les-Coeurs-Jumeaux-pour-la-Paix-et-lIllumination.jpeg","type":"image\/jpeg"}],"twitter_card":"summary_large_image","twitter_misc":{"Dur\u00e9e de lecture estim\u00e9e":"1 minute"},"schema":{"@context":"https:\/\/schema.org","@graph":[{"@type":"WebPage","@id":"https:\/\/shop.pranichealing.ch\/fr\/produkt\/meditation-sue-les-coeurs-jumeaux-pour-la-paix-et-lillumination\/","url":"https:\/\/shop.pranichealing.ch\/fr\/produkt\/meditation-sue-les-coeurs-jumeaux-pour-la-paix-et-lillumination\/","name":"M\u00e9ditation sur les C\u0153urs Jumeaux pour la Paix et l'Illumination - Institut Pranic Healing Suisse","isPartOf":{"@id":"https:\/\/shop.pranichealing.ch\/fr\/#website"},"primaryImageOfPage":{"@id":"https:\/\/shop.pranichealing.ch\/fr\/produkt\/meditation-sue-les-coeurs-jumeaux-pour-la-paix-et-lillumination\/#primaryimage"},"image":{"@id":"https:\/\/shop.pranichealing.ch\/fr\/produkt\/meditation-sue-les-coeurs-jumeaux-pour-la-paix-et-lillumination\/#primaryimage"},"thumbnailUrl":"https:\/\/shop.pranichealing.ch\/wp-content\/uploads\/2022\/01\/Meditation-sur-les-Coeurs-Jumeaux-pour-la-Paix-et-lIllumination.jpeg","datePublished":"2022-01-19T14:13:43+00:00","dateModified":"2022-02-10T16:33:15+00:00","description":"Ce m\u00e9ditation est une forme inestimable de service pour toute l'humanit\u00e9 qui aide \u00e0 harmoniser la terre en la b\u00e9nissant avec amour et gentillesse, paix, joie et bonne volont\u00e9.","breadcrumb":{"@id":"https:\/\/shop.pranichealing.ch\/fr\/produkt\/meditation-sue-les-coeurs-jumeaux-pour-la-paix-et-lillumination\/#breadcrumb"},"inLanguage":"fr-FR","potentialAction":[{"@type":"ReadAction","target":["https:\/\/shop.pranichealing.ch\/fr\/produkt\/meditation-sue-les-coeurs-jumeaux-pour-la-paix-et-lillumination\/"]}]},{"@type":"ImageObject","inLanguage":"fr-FR","@id":"https:\/\/shop.pranichealing.ch\/fr\/produkt\/meditation-sue-les-coeurs-jumeaux-pour-la-paix-et-lillumination\/#primaryimage","url":"https:\/\/shop.pranichealing.ch\/wp-content\/uploads\/2022\/01\/Meditation-sur-les-Coeurs-Jumeaux-pour-la-Paix-et-lIllumination.jpeg","contentUrl":"https:\/\/shop.pranichealing.ch\/wp-content\/uploads\/2022\/01\/Meditation-sur-les-Coeurs-Jumeaux-pour-la-Paix-et-lIllumination.jpeg","width":1002,"height":1019},{"@type":"BreadcrumbList","@id":"https:\/\/shop.pranichealing.ch\/fr\/produkt\/meditation-sue-les-coeurs-jumeaux-pour-la-paix-et-lillumination\/#breadcrumb","itemListElement":[{"@type":"ListItem","position":1,"name":"Startseite","item":"https:\/\/shop.pranichealing.ch\/fr\/livres\/"},{"@type":"ListItem","position":2,"name":"Boutique","item":"https:\/\/shop.pranichealing.ch\/fr\/boutique\/"},{"@type":"ListItem","position":3,"name":"M\u00e9ditation sur les C\u0153urs Jumeaux pour la Paix et l&rsquo;Illumination"}]},{"@type":"WebSite","@id":"https:\/\/shop.pranichealing.ch\/fr\/#website","url":"https:\/\/shop.pranichealing.ch\/fr\/","name":"Institut Pranic Healing Suisse","description":"Onlineshop","publisher":{"@id":"https:\/\/shop.pranichealing.ch\/fr\/#organization"},"potentialAction":[{"@type":"SearchAction","target":{"@type":"EntryPoint","urlTemplate":"https:\/\/shop.pranichealing.ch\/fr\/?s={search_term_string}"},"query-input":{"@type":"PropertyValueSpecification","valueRequired":true,"valueName":"search_term_string"}}],"inLanguage":"fr-FR"},{"@type":"Organization","@id":"https:\/\/shop.pranichealing.ch\/fr\/#organization","name":"Institut Pranic Healing Suisse","url":"https:\/\/shop.pranichealing.ch\/fr\/","logo":{"@type":"ImageObject","inLanguage":"fr-FR","@id":"https:\/\/shop.pranichealing.ch\/fr\/#\/schema\/logo\/image\/","url":"https:\/\/shop.pranichealing.ch\/wp-content\/uploads\/2022\/02\/iphs.svg","contentUrl":"https:\/\/shop.pranichealing.ch\/wp-content\/uploads\/2022\/02\/iphs.svg","width":416,"height":84,"caption":"Institut Pranic Healing Suisse"},"image":{"@id":"https:\/\/shop.pranichealing.ch\/fr\/#\/schema\/logo\/image\/"}}]}},"_links":{"self":[{"href":"https:\/\/shop.pranichealing.ch\/fr\/wp-json\/wp\/v2\/product\/1240","targetHints":{"allow":["GET"]}}],"collection":[{"href":"https:\/\/shop.pranichealing.ch\/fr\/wp-json\/wp\/v2\/product"}],"about":[{"href":"https:\/\/shop.pranichealing.ch\/fr\/wp-json\/wp\/v2\/types\/product"}],"wp:featuredmedia":[{"embeddable":true,"href":"https:\/\/shop.pranichealing.ch\/fr\/wp-json\/wp\/v2\/media\/989"}],"wp:attachment":[{"href":"https:\/\/shop.pranichealing.ch\/fr\/wp-json\/wp\/v2\/media?parent=1240"}],"wp:term":[{"taxonomy":"product_brand","embeddable":true,"href":"https:\/\/shop.pranichealing.ch\/fr\/wp-json\/wp\/v2\/product_brand?post=1240"},{"taxonomy":"product_cat","embeddable":true,"href":"https:\/\/shop.pranichealing.ch\/fr\/wp-json\/wp\/v2\/product_cat?post=1240"},{"taxonomy":"product_tag","embeddable":true,"href":"https:\/\/shop.pranichealing.ch\/fr\/wp-json\/wp\/v2\/product_tag?post=1240"}],"curies":[{"name":"wp","href":"https:\/\/api.w.org\/{rel}","templated":true}]}}