{"id":1243,"date":"2022-02-08T14:41:43","date_gmt":"2022-01-19T14:13:46","guid":{"rendered":"https:\/\/shop.pranichealing.ch\/produkt\/universal-and-kabbalistic-meditation-on-the-lords-prayer\/"},"modified":"2022-02-13T06:44:45","modified_gmt":"2022-02-13T05:44:45","slug":"universal-and-kabbalistic-meditation-on-the-lords-prayer","status":"publish","type":"product","link":"https:\/\/shop.pranichealing.ch\/fr\/produkt\/universal-and-kabbalistic-meditation-on-the-lords-prayer\/","title":{"rendered":"Universal and Kabbalistic Meditation on the Lord&rsquo;s Prayer"},"content":{"rendered":"<p>La version originale anglaise de la m\u00e9ditation sur le Notre P\u00e8re, prononc\u00e9e par Master Choa Kok Sui.<\/p>\n<p>The Meditation on the Lord&rsquo;s Prayer assigns all of the eleven major chakras (energy centers of the etheric body) to phrases of the Lord&rsquo;s Prayer and to the Sephiroth of the kabbalistic tree of life.<\/p>\n<ul>\n<li>cleanses, energizes, and activates the chakras<\/li>\n<li>produces inner peace and balance<\/li>\n<\/ul>\n<p>With time it will deepen your understanding of the prayer\u2019s contents.<\/p>\n","protected":false},"excerpt":{"rendered":"<p>La version originale anglaise de la m\u00e9ditation sur le Notre P\u00e8re, prononc\u00e9e par Master Choa Kok Sui. The Meditation on the Lord&rsquo;s Prayer assigns all of the eleven major chakras (energy centers of the etheric body) to phrases of the Lord&rsquo;s Prayer and to the Sephiroth of the kabbalistic tree of life. cleanses, energizes, and&hellip; <a class=\"more-link\" href=\"https:\/\/shop.pranichealing.ch\/fr\/produkt\/universal-and-kabbalistic-meditation-on-the-lords-prayer\/\">Poursuivre la lecture <span class=\"screen-reader-text\">Universal and Kabbalistic Meditation on the Lord&rsquo;s Prayer<\/span><\/a><\/p>\n","protected":false},"featured_media":852,"template":"","meta":{"inline_featured_image":false},"product_brand":[],"product_cat":[53,68],"product_tag":[],"class_list":{"0":"post-1243","1":"product","2":"type-product","3":"status-publish","4":"has-post-thumbnail","6":"product_cat-cds-fr","7":"product_cat-en-fr","8":"entry","10":"first","11":"instock","12":"taxable","13":"shipping-taxable","14":"purchasable","15":"product-type-simple"},"yoast_head":"<!-- This site is optimized with the Yoast SEO plugin v27.3 - https:\/\/yoast.com\/product\/yoast-seo-wordpress\/ -->\n<title>Universal and Kabbalistic Meditation on the Lord&#039;s Prayer - Institut Pranic Healing Suisse<\/title>\n<meta name=\"description\" content=\"Universal and Kabbalistic Meditation on the Lord&#039;s Prayer\" \/>\n<meta name=\"robots\" content=\"index, follow, max-snippet:-1, max-image-preview:large, max-video-preview:-1\" \/>\n<link rel=\"canonical\" href=\"https:\/\/shop.pranichealing.ch\/fr\/produkt\/universal-and-kabbalistic-meditation-on-the-lords-prayer\/\" \/>\n<meta property=\"og:locale\" content=\"fr_FR\" \/>\n<meta property=\"og:type\" content=\"article\" \/>\n<meta property=\"og:title\" content=\"Universal and Kabbalistic Meditation on the Lord&#039;s Prayer - Institut Pranic Healing Suisse\" \/>\n<meta property=\"og:description\" content=\"Universal and Kabbalistic Meditation on the Lord&#039;s Prayer\" \/>\n<meta property=\"og:url\" content=\"https:\/\/shop.pranichealing.ch\/fr\/produkt\/universal-and-kabbalistic-meditation-on-the-lords-prayer\/\" \/>\n<meta property=\"og:site_name\" content=\"Institut Pranic Healing Suisse\" \/>\n<meta property=\"article:modified_time\" content=\"2022-02-13T05:44:45+00:00\" \/>\n<meta property=\"og:image\" content=\"https:\/\/shop.pranichealing.ch\/wp-content\/uploads\/2022\/01\/CD_Universal-and-Kabbalistic-Meditation-on-the-Lords-Prayer.jpg\" \/>\n\t<meta property=\"og:image:width\" content=\"800\" \/>\n\t<meta property=\"og:image:height\" content=\"820\" \/>\n\t<meta property=\"og:image:type\" content=\"image\/jpeg\" \/>\n<meta name=\"twitter:card\" content=\"summary_large_image\" \/>\n<script type=\"application\/ld+json\" class=\"yoast-schema-graph\">{\"@context\":\"https:\\\/\\\/schema.org\",\"@graph\":[{\"@type\":\"WebPage\",\"@id\":\"https:\\\/\\\/shop.pranichealing.ch\\\/fr\\\/produkt\\\/universal-and-kabbalistic-meditation-on-the-lords-prayer\\\/\",\"url\":\"https:\\\/\\\/shop.pranichealing.ch\\\/fr\\\/produkt\\\/universal-and-kabbalistic-meditation-on-the-lords-prayer\\\/\",\"name\":\"Universal and Kabbalistic Meditation on the Lord's Prayer - Institut Pranic Healing Suisse\",\"isPartOf\":{\"@id\":\"https:\\\/\\\/shop.pranichealing.ch\\\/fr\\\/#website\"},\"primaryImageOfPage\":{\"@id\":\"https:\\\/\\\/shop.pranichealing.ch\\\/fr\\\/produkt\\\/universal-and-kabbalistic-meditation-on-the-lords-prayer\\\/#primaryimage\"},\"image\":{\"@id\":\"https:\\\/\\\/shop.pranichealing.ch\\\/fr\\\/produkt\\\/universal-and-kabbalistic-meditation-on-the-lords-prayer\\\/#primaryimage\"},\"thumbnailUrl\":\"https:\\\/\\\/shop.pranichealing.ch\\\/wp-content\\\/uploads\\\/2022\\\/01\\\/CD_Universal-and-Kabbalistic-Meditation-on-the-Lords-Prayer.jpg\",\"datePublished\":\"2022-01-19T14:13:46+00:00\",\"dateModified\":\"2022-02-13T05:44:45+00:00\",\"description\":\"Universal and Kabbalistic Meditation on the Lord's Prayer\",\"breadcrumb\":{\"@id\":\"https:\\\/\\\/shop.pranichealing.ch\\\/fr\\\/produkt\\\/universal-and-kabbalistic-meditation-on-the-lords-prayer\\\/#breadcrumb\"},\"inLanguage\":\"fr-FR\",\"potentialAction\":[{\"@type\":\"ReadAction\",\"target\":[\"https:\\\/\\\/shop.pranichealing.ch\\\/fr\\\/produkt\\\/universal-and-kabbalistic-meditation-on-the-lords-prayer\\\/\"]}]},{\"@type\":\"ImageObject\",\"inLanguage\":\"fr-FR\",\"@id\":\"https:\\\/\\\/shop.pranichealing.ch\\\/fr\\\/produkt\\\/universal-and-kabbalistic-meditation-on-the-lords-prayer\\\/#primaryimage\",\"url\":\"https:\\\/\\\/shop.pranichealing.ch\\\/wp-content\\\/uploads\\\/2022\\\/01\\\/CD_Universal-and-Kabbalistic-Meditation-on-the-Lords-Prayer.jpg\",\"contentUrl\":\"https:\\\/\\\/shop.pranichealing.ch\\\/wp-content\\\/uploads\\\/2022\\\/01\\\/CD_Universal-and-Kabbalistic-Meditation-on-the-Lords-Prayer.jpg\",\"width\":800,\"height\":820},{\"@type\":\"BreadcrumbList\",\"@id\":\"https:\\\/\\\/shop.pranichealing.ch\\\/fr\\\/produkt\\\/universal-and-kabbalistic-meditation-on-the-lords-prayer\\\/#breadcrumb\",\"itemListElement\":[{\"@type\":\"ListItem\",\"position\":1,\"name\":\"Startseite\",\"item\":\"https:\\\/\\\/shop.pranichealing.ch\\\/fr\\\/livres\\\/\"},{\"@type\":\"ListItem\",\"position\":2,\"name\":\"Boutique\",\"item\":\"https:\\\/\\\/shop.pranichealing.ch\\\/fr\\\/boutique\\\/\"},{\"@type\":\"ListItem\",\"position\":3,\"name\":\"Universal and Kabbalistic Meditation on the Lord&#8217;s Prayer\"}]},{\"@type\":\"WebSite\",\"@id\":\"https:\\\/\\\/shop.pranichealing.ch\\\/fr\\\/#website\",\"url\":\"https:\\\/\\\/shop.pranichealing.ch\\\/fr\\\/\",\"name\":\"Institut Pranic Healing Suisse\",\"description\":\"Onlineshop\",\"publisher\":{\"@id\":\"https:\\\/\\\/shop.pranichealing.ch\\\/fr\\\/#organization\"},\"potentialAction\":[{\"@type\":\"SearchAction\",\"target\":{\"@type\":\"EntryPoint\",\"urlTemplate\":\"https:\\\/\\\/shop.pranichealing.ch\\\/fr\\\/?s={search_term_string}\"},\"query-input\":{\"@type\":\"PropertyValueSpecification\",\"valueRequired\":true,\"valueName\":\"search_term_string\"}}],\"inLanguage\":\"fr-FR\"},{\"@type\":\"Organization\",\"@id\":\"https:\\\/\\\/shop.pranichealing.ch\\\/fr\\\/#organization\",\"name\":\"Institut Pranic Healing Suisse\",\"url\":\"https:\\\/\\\/shop.pranichealing.ch\\\/fr\\\/\",\"logo\":{\"@type\":\"ImageObject\",\"inLanguage\":\"fr-FR\",\"@id\":\"https:\\\/\\\/shop.pranichealing.ch\\\/fr\\\/#\\\/schema\\\/logo\\\/image\\\/\",\"url\":\"https:\\\/\\\/shop.pranichealing.ch\\\/wp-content\\\/uploads\\\/2022\\\/02\\\/iphs.svg\",\"contentUrl\":\"https:\\\/\\\/shop.pranichealing.ch\\\/wp-content\\\/uploads\\\/2022\\\/02\\\/iphs.svg\",\"width\":416,\"height\":84,\"caption\":\"Institut Pranic Healing Suisse\"},\"image\":{\"@id\":\"https:\\\/\\\/shop.pranichealing.ch\\\/fr\\\/#\\\/schema\\\/logo\\\/image\\\/\"}}]}<\/script>\n<!-- \/ Yoast SEO plugin. -->","yoast_head_json":{"title":"Universal and Kabbalistic Meditation on the Lord's Prayer - Institut Pranic Healing Suisse","description":"Universal and Kabbalistic Meditation on the Lord's Prayer","robots":{"index":"index","follow":"follow","max-snippet":"max-snippet:-1","max-image-preview":"max-image-preview:large","max-video-preview":"max-video-preview:-1"},"canonical":"https:\/\/shop.pranichealing.ch\/fr\/produkt\/universal-and-kabbalistic-meditation-on-the-lords-prayer\/","og_locale":"fr_FR","og_type":"article","og_title":"Universal and Kabbalistic Meditation on the Lord's Prayer - Institut Pranic Healing Suisse","og_description":"Universal and Kabbalistic Meditation on the Lord's Prayer","og_url":"https:\/\/shop.pranichealing.ch\/fr\/produkt\/universal-and-kabbalistic-meditation-on-the-lords-prayer\/","og_site_name":"Institut Pranic Healing Suisse","article_modified_time":"2022-02-13T05:44:45+00:00","og_image":[{"width":800,"height":820,"url":"https:\/\/shop.pranichealing.ch\/wp-content\/uploads\/2022\/01\/CD_Universal-and-Kabbalistic-Meditation-on-the-Lords-Prayer.jpg","type":"image\/jpeg"}],"twitter_card":"summary_large_image","schema":{"@context":"https:\/\/schema.org","@graph":[{"@type":"WebPage","@id":"https:\/\/shop.pranichealing.ch\/fr\/produkt\/universal-and-kabbalistic-meditation-on-the-lords-prayer\/","url":"https:\/\/shop.pranichealing.ch\/fr\/produkt\/universal-and-kabbalistic-meditation-on-the-lords-prayer\/","name":"Universal and Kabbalistic Meditation on the Lord's Prayer - Institut Pranic Healing Suisse","isPartOf":{"@id":"https:\/\/shop.pranichealing.ch\/fr\/#website"},"primaryImageOfPage":{"@id":"https:\/\/shop.pranichealing.ch\/fr\/produkt\/universal-and-kabbalistic-meditation-on-the-lords-prayer\/#primaryimage"},"image":{"@id":"https:\/\/shop.pranichealing.ch\/fr\/produkt\/universal-and-kabbalistic-meditation-on-the-lords-prayer\/#primaryimage"},"thumbnailUrl":"https:\/\/shop.pranichealing.ch\/wp-content\/uploads\/2022\/01\/CD_Universal-and-Kabbalistic-Meditation-on-the-Lords-Prayer.jpg","datePublished":"2022-01-19T14:13:46+00:00","dateModified":"2022-02-13T05:44:45+00:00","description":"Universal and Kabbalistic Meditation on the Lord's Prayer","breadcrumb":{"@id":"https:\/\/shop.pranichealing.ch\/fr\/produkt\/universal-and-kabbalistic-meditation-on-the-lords-prayer\/#breadcrumb"},"inLanguage":"fr-FR","potentialAction":[{"@type":"ReadAction","target":["https:\/\/shop.pranichealing.ch\/fr\/produkt\/universal-and-kabbalistic-meditation-on-the-lords-prayer\/"]}]},{"@type":"ImageObject","inLanguage":"fr-FR","@id":"https:\/\/shop.pranichealing.ch\/fr\/produkt\/universal-and-kabbalistic-meditation-on-the-lords-prayer\/#primaryimage","url":"https:\/\/shop.pranichealing.ch\/wp-content\/uploads\/2022\/01\/CD_Universal-and-Kabbalistic-Meditation-on-the-Lords-Prayer.jpg","contentUrl":"https:\/\/shop.pranichealing.ch\/wp-content\/uploads\/2022\/01\/CD_Universal-and-Kabbalistic-Meditation-on-the-Lords-Prayer.jpg","width":800,"height":820},{"@type":"BreadcrumbList","@id":"https:\/\/shop.pranichealing.ch\/fr\/produkt\/universal-and-kabbalistic-meditation-on-the-lords-prayer\/#breadcrumb","itemListElement":[{"@type":"ListItem","position":1,"name":"Startseite","item":"https:\/\/shop.pranichealing.ch\/fr\/livres\/"},{"@type":"ListItem","position":2,"name":"Boutique","item":"https:\/\/shop.pranichealing.ch\/fr\/boutique\/"},{"@type":"ListItem","position":3,"name":"Universal and Kabbalistic Meditation on the Lord&#8217;s Prayer"}]},{"@type":"WebSite","@id":"https:\/\/shop.pranichealing.ch\/fr\/#website","url":"https:\/\/shop.pranichealing.ch\/fr\/","name":"Institut Pranic Healing Suisse","description":"Onlineshop","publisher":{"@id":"https:\/\/shop.pranichealing.ch\/fr\/#organization"},"potentialAction":[{"@type":"SearchAction","target":{"@type":"EntryPoint","urlTemplate":"https:\/\/shop.pranichealing.ch\/fr\/?s={search_term_string}"},"query-input":{"@type":"PropertyValueSpecification","valueRequired":true,"valueName":"search_term_string"}}],"inLanguage":"fr-FR"},{"@type":"Organization","@id":"https:\/\/shop.pranichealing.ch\/fr\/#organization","name":"Institut Pranic Healing Suisse","url":"https:\/\/shop.pranichealing.ch\/fr\/","logo":{"@type":"ImageObject","inLanguage":"fr-FR","@id":"https:\/\/shop.pranichealing.ch\/fr\/#\/schema\/logo\/image\/","url":"https:\/\/shop.pranichealing.ch\/wp-content\/uploads\/2022\/02\/iphs.svg","contentUrl":"https:\/\/shop.pranichealing.ch\/wp-content\/uploads\/2022\/02\/iphs.svg","width":416,"height":84,"caption":"Institut Pranic Healing Suisse"},"image":{"@id":"https:\/\/shop.pranichealing.ch\/fr\/#\/schema\/logo\/image\/"}}]}},"_links":{"self":[{"href":"https:\/\/shop.pranichealing.ch\/fr\/wp-json\/wp\/v2\/product\/1243","targetHints":{"allow":["GET"]}}],"collection":[{"href":"https:\/\/shop.pranichealing.ch\/fr\/wp-json\/wp\/v2\/product"}],"about":[{"href":"https:\/\/shop.pranichealing.ch\/fr\/wp-json\/wp\/v2\/types\/product"}],"wp:featuredmedia":[{"embeddable":true,"href":"https:\/\/shop.pranichealing.ch\/fr\/wp-json\/wp\/v2\/media\/852"}],"wp:attachment":[{"href":"https:\/\/shop.pranichealing.ch\/fr\/wp-json\/wp\/v2\/media?parent=1243"}],"wp:term":[{"taxonomy":"product_brand","embeddable":true,"href":"https:\/\/shop.pranichealing.ch\/fr\/wp-json\/wp\/v2\/product_brand?post=1243"},{"taxonomy":"product_cat","embeddable":true,"href":"https:\/\/shop.pranichealing.ch\/fr\/wp-json\/wp\/v2\/product_cat?post=1243"},{"taxonomy":"product_tag","embeddable":true,"href":"https:\/\/shop.pranichealing.ch\/fr\/wp-json\/wp\/v2\/product_tag?post=1243"}],"curies":[{"name":"wp","href":"https:\/\/api.w.org\/{rel}","templated":true}]}}