{"id":1246,"date":"2022-01-19T14:35:49","date_gmt":"2022-01-19T14:15:52","guid":{"rendered":"https:\/\/shop.pranichealing.ch\/produkt\/meditation-on-twin-hearts-with-chackral-healing\/"},"modified":"2022-02-13T06:52:06","modified_gmt":"2022-02-13T05:52:06","slug":"meditation-on-twin-hearts-with-chackral-healing","status":"publish","type":"product","link":"https:\/\/shop.pranichealing.ch\/fr\/produkt\/meditation-on-twin-hearts-with-chackral-healing\/","title":{"rendered":"Meditation on Twin Hearts &#8211; with Chakral Healing"},"content":{"rendered":"<p>La version originale anglaise de la m\u00e9ditation sur les c\u0153urs jumeaux, dans laquelle Master Choa Kok Sui fait circuler les \u00e9nergies dans les chakras principaux, afin de transformer le stress, l&rsquo;anxi\u00e9t\u00e9, la d\u00e9pression et bien d&rsquo;autres choses encore.<\/p>\n<p>Regular practice of this meditation also cleanses and energises your aura. A strong aura provides a big reservoir of energy. When practiced regularly some of the benefits are increased inner peace, reduced stress levels, mental clarity, happiness, and increased intelligence and comprehension skills \u2013 all distinct advantages for anyone. This version of the Meditation on Twin Hearts includes an additional guided meditation where Master Choa Kok Sui guides energy through the major chakras of the energy body to clear and disintegrate stress, phobic energies, depression and other negative energies.<\/p>\n","protected":false},"excerpt":{"rendered":"<p>La version originale anglaise de la m\u00e9ditation sur les c\u0153urs jumeaux, dans laquelle Master Choa Kok Sui fait circuler les \u00e9nergies dans les chakras principaux, afin de transformer le stress, l&rsquo;anxi\u00e9t\u00e9, la d\u00e9pression et bien d&rsquo;autres choses encore. Regular practice of this meditation also cleanses and energises your aura. A strong aura provides a big&hellip; <a class=\"more-link\" href=\"https:\/\/shop.pranichealing.ch\/fr\/produkt\/meditation-on-twin-hearts-with-chackral-healing\/\">Poursuivre la lecture <span class=\"screen-reader-text\">Meditation on Twin Hearts &#8211; with Chakral Healing<\/span><\/a><\/p>\n","protected":false},"featured_media":832,"template":"","meta":{"inline_featured_image":false},"product_brand":[],"product_cat":[53,68],"product_tag":[],"class_list":{"0":"post-1246","1":"product","2":"type-product","3":"status-publish","4":"has-post-thumbnail","6":"product_cat-cds-fr","7":"product_cat-en-fr","8":"entry","10":"first","11":"instock","12":"taxable","13":"shipping-taxable","14":"purchasable","15":"product-type-simple"},"yoast_head":"<!-- This site is optimized with the Yoast SEO plugin v27.3 - https:\/\/yoast.com\/product\/yoast-seo-wordpress\/ -->\n<title>Meditation on Twin Hearts - with Chakral Healing - Institut Pranic Healing Suisse<\/title>\n<meta name=\"description\" content=\"Die englische Originalversion der Meditation \u00fcber zwei Herzen mit einer integrierten Selbstheilung der Hauptchakras gesprochen von Master Choa Kok Sui.\" \/>\n<meta name=\"robots\" content=\"index, follow, max-snippet:-1, max-image-preview:large, max-video-preview:-1\" \/>\n<link rel=\"canonical\" href=\"https:\/\/shop.pranichealing.ch\/fr\/produkt\/meditation-on-twin-hearts-with-chackral-healing\/\" \/>\n<meta property=\"og:locale\" content=\"fr_FR\" \/>\n<meta property=\"og:type\" content=\"article\" \/>\n<meta property=\"og:title\" content=\"Meditation on Twin Hearts - with Chakral Healing - Institut Pranic Healing Suisse\" \/>\n<meta property=\"og:description\" content=\"Die englische Originalversion der Meditation \u00fcber zwei Herzen mit einer integrierten Selbstheilung der Hauptchakras gesprochen von Master Choa Kok Sui.\" \/>\n<meta property=\"og:url\" content=\"https:\/\/shop.pranichealing.ch\/fr\/produkt\/meditation-on-twin-hearts-with-chackral-healing\/\" \/>\n<meta property=\"og:site_name\" content=\"Institut Pranic Healing Suisse\" \/>\n<meta property=\"article:modified_time\" content=\"2022-02-13T05:52:06+00:00\" \/>\n<meta property=\"og:image\" content=\"https:\/\/shop.pranichealing.ch\/wp-content\/uploads\/2022\/01\/CD_Meditation-on-Twin-Hearts-with-Chakral-Healing.jpg\" \/>\n\t<meta property=\"og:image:width\" content=\"800\" \/>\n\t<meta property=\"og:image:height\" content=\"800\" \/>\n\t<meta property=\"og:image:type\" content=\"image\/jpeg\" \/>\n<meta name=\"twitter:card\" content=\"summary_large_image\" \/>\n<meta name=\"twitter:label1\" content=\"Dur\u00e9e de lecture estim\u00e9e\" \/>\n\t<meta name=\"twitter:data1\" content=\"1 minute\" \/>\n<script type=\"application\/ld+json\" class=\"yoast-schema-graph\">{\"@context\":\"https:\\\/\\\/schema.org\",\"@graph\":[{\"@type\":\"WebPage\",\"@id\":\"https:\\\/\\\/shop.pranichealing.ch\\\/fr\\\/produkt\\\/meditation-on-twin-hearts-with-chackral-healing\\\/\",\"url\":\"https:\\\/\\\/shop.pranichealing.ch\\\/fr\\\/produkt\\\/meditation-on-twin-hearts-with-chackral-healing\\\/\",\"name\":\"Meditation on Twin Hearts - with Chakral Healing - Institut Pranic Healing Suisse\",\"isPartOf\":{\"@id\":\"https:\\\/\\\/shop.pranichealing.ch\\\/fr\\\/#website\"},\"primaryImageOfPage\":{\"@id\":\"https:\\\/\\\/shop.pranichealing.ch\\\/fr\\\/produkt\\\/meditation-on-twin-hearts-with-chackral-healing\\\/#primaryimage\"},\"image\":{\"@id\":\"https:\\\/\\\/shop.pranichealing.ch\\\/fr\\\/produkt\\\/meditation-on-twin-hearts-with-chackral-healing\\\/#primaryimage\"},\"thumbnailUrl\":\"https:\\\/\\\/shop.pranichealing.ch\\\/wp-content\\\/uploads\\\/2022\\\/01\\\/CD_Meditation-on-Twin-Hearts-with-Chakral-Healing.jpg\",\"datePublished\":\"2022-01-19T14:15:52+00:00\",\"dateModified\":\"2022-02-13T05:52:06+00:00\",\"description\":\"Die englische Originalversion der Meditation \u00fcber zwei Herzen mit einer integrierten Selbstheilung der Hauptchakras gesprochen von Master Choa Kok Sui.\",\"breadcrumb\":{\"@id\":\"https:\\\/\\\/shop.pranichealing.ch\\\/fr\\\/produkt\\\/meditation-on-twin-hearts-with-chackral-healing\\\/#breadcrumb\"},\"inLanguage\":\"fr-FR\",\"potentialAction\":[{\"@type\":\"ReadAction\",\"target\":[\"https:\\\/\\\/shop.pranichealing.ch\\\/fr\\\/produkt\\\/meditation-on-twin-hearts-with-chackral-healing\\\/\"]}]},{\"@type\":\"ImageObject\",\"inLanguage\":\"fr-FR\",\"@id\":\"https:\\\/\\\/shop.pranichealing.ch\\\/fr\\\/produkt\\\/meditation-on-twin-hearts-with-chackral-healing\\\/#primaryimage\",\"url\":\"https:\\\/\\\/shop.pranichealing.ch\\\/wp-content\\\/uploads\\\/2022\\\/01\\\/CD_Meditation-on-Twin-Hearts-with-Chakral-Healing.jpg\",\"contentUrl\":\"https:\\\/\\\/shop.pranichealing.ch\\\/wp-content\\\/uploads\\\/2022\\\/01\\\/CD_Meditation-on-Twin-Hearts-with-Chakral-Healing.jpg\",\"width\":800,\"height\":800},{\"@type\":\"BreadcrumbList\",\"@id\":\"https:\\\/\\\/shop.pranichealing.ch\\\/fr\\\/produkt\\\/meditation-on-twin-hearts-with-chackral-healing\\\/#breadcrumb\",\"itemListElement\":[{\"@type\":\"ListItem\",\"position\":1,\"name\":\"Startseite\",\"item\":\"https:\\\/\\\/shop.pranichealing.ch\\\/fr\\\/livres\\\/\"},{\"@type\":\"ListItem\",\"position\":2,\"name\":\"Boutique\",\"item\":\"https:\\\/\\\/shop.pranichealing.ch\\\/fr\\\/boutique\\\/\"},{\"@type\":\"ListItem\",\"position\":3,\"name\":\"Meditation on Twin Hearts &#8211; with Chakral Healing\"}]},{\"@type\":\"WebSite\",\"@id\":\"https:\\\/\\\/shop.pranichealing.ch\\\/fr\\\/#website\",\"url\":\"https:\\\/\\\/shop.pranichealing.ch\\\/fr\\\/\",\"name\":\"Institut Pranic Healing Suisse\",\"description\":\"Onlineshop\",\"publisher\":{\"@id\":\"https:\\\/\\\/shop.pranichealing.ch\\\/fr\\\/#organization\"},\"potentialAction\":[{\"@type\":\"SearchAction\",\"target\":{\"@type\":\"EntryPoint\",\"urlTemplate\":\"https:\\\/\\\/shop.pranichealing.ch\\\/fr\\\/?s={search_term_string}\"},\"query-input\":{\"@type\":\"PropertyValueSpecification\",\"valueRequired\":true,\"valueName\":\"search_term_string\"}}],\"inLanguage\":\"fr-FR\"},{\"@type\":\"Organization\",\"@id\":\"https:\\\/\\\/shop.pranichealing.ch\\\/fr\\\/#organization\",\"name\":\"Institut Pranic Healing Suisse\",\"url\":\"https:\\\/\\\/shop.pranichealing.ch\\\/fr\\\/\",\"logo\":{\"@type\":\"ImageObject\",\"inLanguage\":\"fr-FR\",\"@id\":\"https:\\\/\\\/shop.pranichealing.ch\\\/fr\\\/#\\\/schema\\\/logo\\\/image\\\/\",\"url\":\"https:\\\/\\\/shop.pranichealing.ch\\\/wp-content\\\/uploads\\\/2022\\\/02\\\/iphs.svg\",\"contentUrl\":\"https:\\\/\\\/shop.pranichealing.ch\\\/wp-content\\\/uploads\\\/2022\\\/02\\\/iphs.svg\",\"width\":416,\"height\":84,\"caption\":\"Institut Pranic Healing Suisse\"},\"image\":{\"@id\":\"https:\\\/\\\/shop.pranichealing.ch\\\/fr\\\/#\\\/schema\\\/logo\\\/image\\\/\"}}]}<\/script>\n<!-- \/ Yoast SEO plugin. -->","yoast_head_json":{"title":"Meditation on Twin Hearts - with Chakral Healing - Institut Pranic Healing Suisse","description":"Die englische Originalversion der Meditation \u00fcber zwei Herzen mit einer integrierten Selbstheilung der Hauptchakras gesprochen von Master Choa Kok Sui.","robots":{"index":"index","follow":"follow","max-snippet":"max-snippet:-1","max-image-preview":"max-image-preview:large","max-video-preview":"max-video-preview:-1"},"canonical":"https:\/\/shop.pranichealing.ch\/fr\/produkt\/meditation-on-twin-hearts-with-chackral-healing\/","og_locale":"fr_FR","og_type":"article","og_title":"Meditation on Twin Hearts - with Chakral Healing - Institut Pranic Healing Suisse","og_description":"Die englische Originalversion der Meditation \u00fcber zwei Herzen mit einer integrierten Selbstheilung der Hauptchakras gesprochen von Master Choa Kok Sui.","og_url":"https:\/\/shop.pranichealing.ch\/fr\/produkt\/meditation-on-twin-hearts-with-chackral-healing\/","og_site_name":"Institut Pranic Healing Suisse","article_modified_time":"2022-02-13T05:52:06+00:00","og_image":[{"width":800,"height":800,"url":"https:\/\/shop.pranichealing.ch\/wp-content\/uploads\/2022\/01\/CD_Meditation-on-Twin-Hearts-with-Chakral-Healing.jpg","type":"image\/jpeg"}],"twitter_card":"summary_large_image","twitter_misc":{"Dur\u00e9e de lecture estim\u00e9e":"1 minute"},"schema":{"@context":"https:\/\/schema.org","@graph":[{"@type":"WebPage","@id":"https:\/\/shop.pranichealing.ch\/fr\/produkt\/meditation-on-twin-hearts-with-chackral-healing\/","url":"https:\/\/shop.pranichealing.ch\/fr\/produkt\/meditation-on-twin-hearts-with-chackral-healing\/","name":"Meditation on Twin Hearts - with Chakral Healing - Institut Pranic Healing Suisse","isPartOf":{"@id":"https:\/\/shop.pranichealing.ch\/fr\/#website"},"primaryImageOfPage":{"@id":"https:\/\/shop.pranichealing.ch\/fr\/produkt\/meditation-on-twin-hearts-with-chackral-healing\/#primaryimage"},"image":{"@id":"https:\/\/shop.pranichealing.ch\/fr\/produkt\/meditation-on-twin-hearts-with-chackral-healing\/#primaryimage"},"thumbnailUrl":"https:\/\/shop.pranichealing.ch\/wp-content\/uploads\/2022\/01\/CD_Meditation-on-Twin-Hearts-with-Chakral-Healing.jpg","datePublished":"2022-01-19T14:15:52+00:00","dateModified":"2022-02-13T05:52:06+00:00","description":"Die englische Originalversion der Meditation \u00fcber zwei Herzen mit einer integrierten Selbstheilung der Hauptchakras gesprochen von Master Choa Kok Sui.","breadcrumb":{"@id":"https:\/\/shop.pranichealing.ch\/fr\/produkt\/meditation-on-twin-hearts-with-chackral-healing\/#breadcrumb"},"inLanguage":"fr-FR","potentialAction":[{"@type":"ReadAction","target":["https:\/\/shop.pranichealing.ch\/fr\/produkt\/meditation-on-twin-hearts-with-chackral-healing\/"]}]},{"@type":"ImageObject","inLanguage":"fr-FR","@id":"https:\/\/shop.pranichealing.ch\/fr\/produkt\/meditation-on-twin-hearts-with-chackral-healing\/#primaryimage","url":"https:\/\/shop.pranichealing.ch\/wp-content\/uploads\/2022\/01\/CD_Meditation-on-Twin-Hearts-with-Chakral-Healing.jpg","contentUrl":"https:\/\/shop.pranichealing.ch\/wp-content\/uploads\/2022\/01\/CD_Meditation-on-Twin-Hearts-with-Chakral-Healing.jpg","width":800,"height":800},{"@type":"BreadcrumbList","@id":"https:\/\/shop.pranichealing.ch\/fr\/produkt\/meditation-on-twin-hearts-with-chackral-healing\/#breadcrumb","itemListElement":[{"@type":"ListItem","position":1,"name":"Startseite","item":"https:\/\/shop.pranichealing.ch\/fr\/livres\/"},{"@type":"ListItem","position":2,"name":"Boutique","item":"https:\/\/shop.pranichealing.ch\/fr\/boutique\/"},{"@type":"ListItem","position":3,"name":"Meditation on Twin Hearts &#8211; with Chakral Healing"}]},{"@type":"WebSite","@id":"https:\/\/shop.pranichealing.ch\/fr\/#website","url":"https:\/\/shop.pranichealing.ch\/fr\/","name":"Institut Pranic Healing Suisse","description":"Onlineshop","publisher":{"@id":"https:\/\/shop.pranichealing.ch\/fr\/#organization"},"potentialAction":[{"@type":"SearchAction","target":{"@type":"EntryPoint","urlTemplate":"https:\/\/shop.pranichealing.ch\/fr\/?s={search_term_string}"},"query-input":{"@type":"PropertyValueSpecification","valueRequired":true,"valueName":"search_term_string"}}],"inLanguage":"fr-FR"},{"@type":"Organization","@id":"https:\/\/shop.pranichealing.ch\/fr\/#organization","name":"Institut Pranic Healing Suisse","url":"https:\/\/shop.pranichealing.ch\/fr\/","logo":{"@type":"ImageObject","inLanguage":"fr-FR","@id":"https:\/\/shop.pranichealing.ch\/fr\/#\/schema\/logo\/image\/","url":"https:\/\/shop.pranichealing.ch\/wp-content\/uploads\/2022\/02\/iphs.svg","contentUrl":"https:\/\/shop.pranichealing.ch\/wp-content\/uploads\/2022\/02\/iphs.svg","width":416,"height":84,"caption":"Institut Pranic Healing Suisse"},"image":{"@id":"https:\/\/shop.pranichealing.ch\/fr\/#\/schema\/logo\/image\/"}}]}},"_links":{"self":[{"href":"https:\/\/shop.pranichealing.ch\/fr\/wp-json\/wp\/v2\/product\/1246","targetHints":{"allow":["GET"]}}],"collection":[{"href":"https:\/\/shop.pranichealing.ch\/fr\/wp-json\/wp\/v2\/product"}],"about":[{"href":"https:\/\/shop.pranichealing.ch\/fr\/wp-json\/wp\/v2\/types\/product"}],"wp:featuredmedia":[{"embeddable":true,"href":"https:\/\/shop.pranichealing.ch\/fr\/wp-json\/wp\/v2\/media\/832"}],"wp:attachment":[{"href":"https:\/\/shop.pranichealing.ch\/fr\/wp-json\/wp\/v2\/media?parent=1246"}],"wp:term":[{"taxonomy":"product_brand","embeddable":true,"href":"https:\/\/shop.pranichealing.ch\/fr\/wp-json\/wp\/v2\/product_brand?post=1246"},{"taxonomy":"product_cat","embeddable":true,"href":"https:\/\/shop.pranichealing.ch\/fr\/wp-json\/wp\/v2\/product_cat?post=1246"},{"taxonomy":"product_tag","embeddable":true,"href":"https:\/\/shop.pranichealing.ch\/fr\/wp-json\/wp\/v2\/product_tag?post=1246"}],"curies":[{"name":"wp","href":"https:\/\/api.w.org\/{rel}","templated":true}]}}