{"id":1259,"date":"2022-01-19T14:28:38","date_gmt":"2022-01-19T14:18:41","guid":{"rendered":"https:\/\/shop.pranichealing.ch\/produkt\/die-existenz-gottes-ist-offensichtlich\/"},"modified":"2022-01-24T15:36:16","modified_gmt":"2022-01-24T14:36:16","slug":"die-existenz-gottes-ist-offensichtlich-2-2","status":"publish","type":"product","link":"https:\/\/shop.pranichealing.ch\/fr\/produkt\/die-existenz-gottes-ist-offensichtlich-2-2\/","title":{"rendered":"Die Existenz Gottes ist offensichtlich"},"content":{"rendered":"<p>Das H\u00f6rbuch-Audio \u00abDie Existenz Gottes ist offensichtlich\u00bb erweitert den Geist mit erstaunlichen Beweisen zu Gottes Allmacht und Allgegenwart in unserem Alltag. Master Choa Kok Sui mit diesem Audio auf dem Weg der Erleuchtung und des spirituellen Einsseins vorw\u00e4rtszukommen. Bereits bei einmaligem H\u00f6ren dieses Audio wird die spirituelle Schnur gr\u00f6sser werden. Damit fliesst mehr spirituelle Energie zum Kronenchakra, was als zur Vergr\u00f6sserung der anderen Chakren f\u00fchrt. Bei wiederholtem H\u00f6ren dieses Buches kann Erleuchtung und g\u00f6ttliche Einheit erlangt werden. Dieser Artikel enth\u00e4lt 2 CD&rsquo;s.<\/p>\n","protected":false},"excerpt":{"rendered":"<p>Das H\u00f6rbuch-Audio \u00abDie Existenz Gottes ist offensichtlich\u00bb erweitert den Geist mit erstaunlichen Beweisen zu Gottes Allmacht und Allgegenwart in unserem Alltag. Master Choa Kok Sui mit diesem Audio auf dem Weg der Erleuchtung und des spirituellen Einsseins vorw\u00e4rtszukommen. Bereits bei einmaligem H\u00f6ren dieses Audio wird die spirituelle Schnur gr\u00f6sser werden. Damit fliesst mehr spirituelle Energie&hellip; <a class=\"more-link\" href=\"https:\/\/shop.pranichealing.ch\/fr\/produkt\/die-existenz-gottes-ist-offensichtlich-2-2\/\">Poursuivre la lecture <span class=\"screen-reader-text\">Die Existenz Gottes ist offensichtlich<\/span><\/a><\/p>\n","protected":false},"featured_media":816,"template":"","meta":{"inline_featured_image":false},"product_brand":[],"product_cat":[53,65],"product_tag":[],"class_list":{"0":"post-1259","1":"product","2":"type-product","3":"status-publish","4":"has-post-thumbnail","6":"product_cat-cds-fr","7":"product_cat-de-fr","8":"entry","10":"first","11":"instock","12":"taxable","13":"shipping-taxable","14":"purchasable","15":"product-type-simple"},"yoast_head":"<!-- This site is optimized with the Yoast SEO plugin v27.3 - https:\/\/yoast.com\/product\/yoast-seo-wordpress\/ -->\n<title>Die Existenz Gottes ist offensichtlich - Institut Pranic Healing Suisse<\/title>\n<meta name=\"description\" content=\"Die Existenz Gottes ist offensichtlich\" \/>\n<meta name=\"robots\" content=\"index, follow, max-snippet:-1, max-image-preview:large, max-video-preview:-1\" \/>\n<link rel=\"canonical\" href=\"https:\/\/shop.pranichealing.ch\/fr\/produkt\/die-existenz-gottes-ist-offensichtlich-2-2\/\" \/>\n<meta property=\"og:locale\" content=\"fr_FR\" \/>\n<meta property=\"og:type\" content=\"article\" \/>\n<meta property=\"og:title\" content=\"Die Existenz Gottes ist offensichtlich - Institut Pranic Healing Suisse\" \/>\n<meta property=\"og:description\" content=\"Die Existenz Gottes ist offensichtlich\" \/>\n<meta property=\"og:url\" content=\"https:\/\/shop.pranichealing.ch\/fr\/produkt\/die-existenz-gottes-ist-offensichtlich-2-2\/\" \/>\n<meta property=\"og:site_name\" content=\"Institut Pranic Healing Suisse\" \/>\n<meta property=\"article:modified_time\" content=\"2022-01-24T14:36:16+00:00\" \/>\n<meta property=\"og:image\" content=\"https:\/\/shop.pranichealing.ch\/wp-content\/uploads\/2022\/01\/CD_Die-Existenz-Gottes-ist-offensichtlich.jpg\" \/>\n\t<meta property=\"og:image:width\" content=\"800\" \/>\n\t<meta property=\"og:image:height\" content=\"800\" \/>\n\t<meta property=\"og:image:type\" content=\"image\/jpeg\" \/>\n<meta name=\"twitter:card\" content=\"summary_large_image\" \/>\n<script type=\"application\/ld+json\" class=\"yoast-schema-graph\">{\"@context\":\"https:\\\/\\\/schema.org\",\"@graph\":[{\"@type\":\"WebPage\",\"@id\":\"https:\\\/\\\/shop.pranichealing.ch\\\/fr\\\/produkt\\\/die-existenz-gottes-ist-offensichtlich-2-2\\\/\",\"url\":\"https:\\\/\\\/shop.pranichealing.ch\\\/fr\\\/produkt\\\/die-existenz-gottes-ist-offensichtlich-2-2\\\/\",\"name\":\"Die Existenz Gottes ist offensichtlich - Institut Pranic Healing Suisse\",\"isPartOf\":{\"@id\":\"https:\\\/\\\/shop.pranichealing.ch\\\/fr\\\/#website\"},\"primaryImageOfPage\":{\"@id\":\"https:\\\/\\\/shop.pranichealing.ch\\\/fr\\\/produkt\\\/die-existenz-gottes-ist-offensichtlich-2-2\\\/#primaryimage\"},\"image\":{\"@id\":\"https:\\\/\\\/shop.pranichealing.ch\\\/fr\\\/produkt\\\/die-existenz-gottes-ist-offensichtlich-2-2\\\/#primaryimage\"},\"thumbnailUrl\":\"https:\\\/\\\/shop.pranichealing.ch\\\/wp-content\\\/uploads\\\/2022\\\/01\\\/CD_Die-Existenz-Gottes-ist-offensichtlich.jpg\",\"datePublished\":\"2022-01-19T14:18:41+00:00\",\"dateModified\":\"2022-01-24T14:36:16+00:00\",\"description\":\"Die Existenz Gottes ist offensichtlich\",\"breadcrumb\":{\"@id\":\"https:\\\/\\\/shop.pranichealing.ch\\\/fr\\\/produkt\\\/die-existenz-gottes-ist-offensichtlich-2-2\\\/#breadcrumb\"},\"inLanguage\":\"fr-FR\",\"potentialAction\":[{\"@type\":\"ReadAction\",\"target\":[\"https:\\\/\\\/shop.pranichealing.ch\\\/fr\\\/produkt\\\/die-existenz-gottes-ist-offensichtlich-2-2\\\/\"]}]},{\"@type\":\"ImageObject\",\"inLanguage\":\"fr-FR\",\"@id\":\"https:\\\/\\\/shop.pranichealing.ch\\\/fr\\\/produkt\\\/die-existenz-gottes-ist-offensichtlich-2-2\\\/#primaryimage\",\"url\":\"https:\\\/\\\/shop.pranichealing.ch\\\/wp-content\\\/uploads\\\/2022\\\/01\\\/CD_Die-Existenz-Gottes-ist-offensichtlich.jpg\",\"contentUrl\":\"https:\\\/\\\/shop.pranichealing.ch\\\/wp-content\\\/uploads\\\/2022\\\/01\\\/CD_Die-Existenz-Gottes-ist-offensichtlich.jpg\",\"width\":800,\"height\":800},{\"@type\":\"BreadcrumbList\",\"@id\":\"https:\\\/\\\/shop.pranichealing.ch\\\/fr\\\/produkt\\\/die-existenz-gottes-ist-offensichtlich-2-2\\\/#breadcrumb\",\"itemListElement\":[{\"@type\":\"ListItem\",\"position\":1,\"name\":\"Startseite\",\"item\":\"https:\\\/\\\/shop.pranichealing.ch\\\/fr\\\/livres\\\/\"},{\"@type\":\"ListItem\",\"position\":2,\"name\":\"Boutique\",\"item\":\"https:\\\/\\\/shop.pranichealing.ch\\\/fr\\\/boutique\\\/\"},{\"@type\":\"ListItem\",\"position\":3,\"name\":\"Die Existenz Gottes ist offensichtlich\"}]},{\"@type\":\"WebSite\",\"@id\":\"https:\\\/\\\/shop.pranichealing.ch\\\/fr\\\/#website\",\"url\":\"https:\\\/\\\/shop.pranichealing.ch\\\/fr\\\/\",\"name\":\"Institut Pranic Healing Suisse\",\"description\":\"Onlineshop\",\"publisher\":{\"@id\":\"https:\\\/\\\/shop.pranichealing.ch\\\/fr\\\/#organization\"},\"potentialAction\":[{\"@type\":\"SearchAction\",\"target\":{\"@type\":\"EntryPoint\",\"urlTemplate\":\"https:\\\/\\\/shop.pranichealing.ch\\\/fr\\\/?s={search_term_string}\"},\"query-input\":{\"@type\":\"PropertyValueSpecification\",\"valueRequired\":true,\"valueName\":\"search_term_string\"}}],\"inLanguage\":\"fr-FR\"},{\"@type\":\"Organization\",\"@id\":\"https:\\\/\\\/shop.pranichealing.ch\\\/fr\\\/#organization\",\"name\":\"Institut Pranic Healing Suisse\",\"url\":\"https:\\\/\\\/shop.pranichealing.ch\\\/fr\\\/\",\"logo\":{\"@type\":\"ImageObject\",\"inLanguage\":\"fr-FR\",\"@id\":\"https:\\\/\\\/shop.pranichealing.ch\\\/fr\\\/#\\\/schema\\\/logo\\\/image\\\/\",\"url\":\"https:\\\/\\\/shop.pranichealing.ch\\\/wp-content\\\/uploads\\\/2022\\\/02\\\/iphs.svg\",\"contentUrl\":\"https:\\\/\\\/shop.pranichealing.ch\\\/wp-content\\\/uploads\\\/2022\\\/02\\\/iphs.svg\",\"width\":416,\"height\":84,\"caption\":\"Institut Pranic Healing Suisse\"},\"image\":{\"@id\":\"https:\\\/\\\/shop.pranichealing.ch\\\/fr\\\/#\\\/schema\\\/logo\\\/image\\\/\"}}]}<\/script>\n<!-- \/ Yoast SEO plugin. -->","yoast_head_json":{"title":"Die Existenz Gottes ist offensichtlich - Institut Pranic Healing Suisse","description":"Die Existenz Gottes ist offensichtlich","robots":{"index":"index","follow":"follow","max-snippet":"max-snippet:-1","max-image-preview":"max-image-preview:large","max-video-preview":"max-video-preview:-1"},"canonical":"https:\/\/shop.pranichealing.ch\/fr\/produkt\/die-existenz-gottes-ist-offensichtlich-2-2\/","og_locale":"fr_FR","og_type":"article","og_title":"Die Existenz Gottes ist offensichtlich - Institut Pranic Healing Suisse","og_description":"Die Existenz Gottes ist offensichtlich","og_url":"https:\/\/shop.pranichealing.ch\/fr\/produkt\/die-existenz-gottes-ist-offensichtlich-2-2\/","og_site_name":"Institut Pranic Healing Suisse","article_modified_time":"2022-01-24T14:36:16+00:00","og_image":[{"width":800,"height":800,"url":"https:\/\/shop.pranichealing.ch\/wp-content\/uploads\/2022\/01\/CD_Die-Existenz-Gottes-ist-offensichtlich.jpg","type":"image\/jpeg"}],"twitter_card":"summary_large_image","schema":{"@context":"https:\/\/schema.org","@graph":[{"@type":"WebPage","@id":"https:\/\/shop.pranichealing.ch\/fr\/produkt\/die-existenz-gottes-ist-offensichtlich-2-2\/","url":"https:\/\/shop.pranichealing.ch\/fr\/produkt\/die-existenz-gottes-ist-offensichtlich-2-2\/","name":"Die Existenz Gottes ist offensichtlich - Institut Pranic Healing Suisse","isPartOf":{"@id":"https:\/\/shop.pranichealing.ch\/fr\/#website"},"primaryImageOfPage":{"@id":"https:\/\/shop.pranichealing.ch\/fr\/produkt\/die-existenz-gottes-ist-offensichtlich-2-2\/#primaryimage"},"image":{"@id":"https:\/\/shop.pranichealing.ch\/fr\/produkt\/die-existenz-gottes-ist-offensichtlich-2-2\/#primaryimage"},"thumbnailUrl":"https:\/\/shop.pranichealing.ch\/wp-content\/uploads\/2022\/01\/CD_Die-Existenz-Gottes-ist-offensichtlich.jpg","datePublished":"2022-01-19T14:18:41+00:00","dateModified":"2022-01-24T14:36:16+00:00","description":"Die Existenz Gottes ist offensichtlich","breadcrumb":{"@id":"https:\/\/shop.pranichealing.ch\/fr\/produkt\/die-existenz-gottes-ist-offensichtlich-2-2\/#breadcrumb"},"inLanguage":"fr-FR","potentialAction":[{"@type":"ReadAction","target":["https:\/\/shop.pranichealing.ch\/fr\/produkt\/die-existenz-gottes-ist-offensichtlich-2-2\/"]}]},{"@type":"ImageObject","inLanguage":"fr-FR","@id":"https:\/\/shop.pranichealing.ch\/fr\/produkt\/die-existenz-gottes-ist-offensichtlich-2-2\/#primaryimage","url":"https:\/\/shop.pranichealing.ch\/wp-content\/uploads\/2022\/01\/CD_Die-Existenz-Gottes-ist-offensichtlich.jpg","contentUrl":"https:\/\/shop.pranichealing.ch\/wp-content\/uploads\/2022\/01\/CD_Die-Existenz-Gottes-ist-offensichtlich.jpg","width":800,"height":800},{"@type":"BreadcrumbList","@id":"https:\/\/shop.pranichealing.ch\/fr\/produkt\/die-existenz-gottes-ist-offensichtlich-2-2\/#breadcrumb","itemListElement":[{"@type":"ListItem","position":1,"name":"Startseite","item":"https:\/\/shop.pranichealing.ch\/fr\/livres\/"},{"@type":"ListItem","position":2,"name":"Boutique","item":"https:\/\/shop.pranichealing.ch\/fr\/boutique\/"},{"@type":"ListItem","position":3,"name":"Die Existenz Gottes ist offensichtlich"}]},{"@type":"WebSite","@id":"https:\/\/shop.pranichealing.ch\/fr\/#website","url":"https:\/\/shop.pranichealing.ch\/fr\/","name":"Institut Pranic Healing Suisse","description":"Onlineshop","publisher":{"@id":"https:\/\/shop.pranichealing.ch\/fr\/#organization"},"potentialAction":[{"@type":"SearchAction","target":{"@type":"EntryPoint","urlTemplate":"https:\/\/shop.pranichealing.ch\/fr\/?s={search_term_string}"},"query-input":{"@type":"PropertyValueSpecification","valueRequired":true,"valueName":"search_term_string"}}],"inLanguage":"fr-FR"},{"@type":"Organization","@id":"https:\/\/shop.pranichealing.ch\/fr\/#organization","name":"Institut Pranic Healing Suisse","url":"https:\/\/shop.pranichealing.ch\/fr\/","logo":{"@type":"ImageObject","inLanguage":"fr-FR","@id":"https:\/\/shop.pranichealing.ch\/fr\/#\/schema\/logo\/image\/","url":"https:\/\/shop.pranichealing.ch\/wp-content\/uploads\/2022\/02\/iphs.svg","contentUrl":"https:\/\/shop.pranichealing.ch\/wp-content\/uploads\/2022\/02\/iphs.svg","width":416,"height":84,"caption":"Institut Pranic Healing Suisse"},"image":{"@id":"https:\/\/shop.pranichealing.ch\/fr\/#\/schema\/logo\/image\/"}}]}},"_links":{"self":[{"href":"https:\/\/shop.pranichealing.ch\/fr\/wp-json\/wp\/v2\/product\/1259","targetHints":{"allow":["GET"]}}],"collection":[{"href":"https:\/\/shop.pranichealing.ch\/fr\/wp-json\/wp\/v2\/product"}],"about":[{"href":"https:\/\/shop.pranichealing.ch\/fr\/wp-json\/wp\/v2\/types\/product"}],"wp:featuredmedia":[{"embeddable":true,"href":"https:\/\/shop.pranichealing.ch\/fr\/wp-json\/wp\/v2\/media\/816"}],"wp:attachment":[{"href":"https:\/\/shop.pranichealing.ch\/fr\/wp-json\/wp\/v2\/media?parent=1259"}],"wp:term":[{"taxonomy":"product_brand","embeddable":true,"href":"https:\/\/shop.pranichealing.ch\/fr\/wp-json\/wp\/v2\/product_brand?post=1259"},{"taxonomy":"product_cat","embeddable":true,"href":"https:\/\/shop.pranichealing.ch\/fr\/wp-json\/wp\/v2\/product_cat?post=1259"},{"taxonomy":"product_tag","embeddable":true,"href":"https:\/\/shop.pranichealing.ch\/fr\/wp-json\/wp\/v2\/product_tag?post=1259"}],"curies":[{"name":"wp","href":"https:\/\/api.w.org\/{rel}","templated":true}]}}