{"id":1476,"date":"2022-01-07T14:19:51","date_gmt":"2022-01-21T13:30:34","guid":{"rendered":"https:\/\/shop.pranichealing.ch\/produkt\/guerison-pranique-avancee\/"},"modified":"2022-02-15T11:33:52","modified_gmt":"2022-02-15T10:33:52","slug":"guerison-pranique-avancee","status":"publish","type":"product","link":"https:\/\/shop.pranichealing.ch\/fr\/produkt\/guerison-pranique-avancee\/","title":{"rendered":"Gu\u00e9rison Pranique Avanc\u00e9e"},"content":{"rendered":"<p>La Gu\u00e9rison Pranique Avanc\u00e9e utilise les propri\u00e9t\u00e9s \u00e9nerg\u00e9tiques des couleurs pour soigner avec plus d\u2019efficacit\u00e9 et de rapidit\u00e9 et traiter des maladies complexes. Le syst\u00e8me des chakras et des chakras mineurs est expliqu\u00e9 en d\u00e9tail.<\/p>\n<p>L\u2019auteur mentionne aussi le traitement rapide de probl\u00e8mes sp\u00e9cifiques avec des techniques devenues fameuses dans le monde entier pour leur puissance. <\/p>\n<p>La \u00ab Super Healing Technique \u00bb consiste en :<br \/>\n\u2022\tLa technique de purification du sang<br \/>\n\u2022\tLa technique de purification des organes<br \/>\n\u2022\tLa technique de gu\u00e9rison des Ma\u00eetres<\/p>\n","protected":false},"excerpt":{"rendered":"<p>La Gu\u00e9rison Pranique Avanc\u00e9e utilise les propri\u00e9t\u00e9s \u00e9nerg\u00e9tiques des couleurs pour soigner avec plus d\u2019efficacit\u00e9 et de rapidit\u00e9 et traiter des maladies complexes. Le syst\u00e8me des chakras et des chakras mineurs est expliqu\u00e9 en d\u00e9tail. L\u2019auteur mentionne aussi le traitement rapide de probl\u00e8mes sp\u00e9cifiques avec des techniques devenues fameuses dans le monde entier pour leur&hellip; <a class=\"more-link\" href=\"https:\/\/shop.pranichealing.ch\/fr\/produkt\/guerison-pranique-avancee\/\">Poursuivre la lecture <span class=\"screen-reader-text\">Gu\u00e9rison Pranique Avanc\u00e9e<\/span><\/a><\/p>\n","protected":false},"featured_media":1464,"template":"","meta":{"inline_featured_image":false},"product_brand":[],"product_cat":[74,51],"product_tag":[],"class_list":{"0":"post-1476","1":"product","2":"type-product","3":"status-publish","4":"has-post-thumbnail","6":"product_cat-fr-fr-2","7":"product_cat-livres","8":"entry","10":"first","11":"instock","12":"taxable","13":"shipping-taxable","14":"purchasable","15":"product-type-simple"},"yoast_head":"<!-- This site is optimized with the Yoast SEO plugin v27.3 - https:\/\/yoast.com\/product\/yoast-seo-wordpress\/ -->\n<title>Gu\u00e9rison Pranique Avanc\u00e9e - Institut Pranic Healing Suisse<\/title>\n<meta name=\"description\" content=\"La Gu\u00e9rison Pranique Avanc\u00e9e utilise les pranas couleur et les techniques relatives aux chakras pour produire une gu\u00e9rison tr\u00e8s rapide et soigner les probl\u00e8mes graves.\" \/>\n<meta name=\"robots\" content=\"index, follow, max-snippet:-1, max-image-preview:large, max-video-preview:-1\" \/>\n<link rel=\"canonical\" href=\"https:\/\/shop.pranichealing.ch\/fr\/produkt\/guerison-pranique-avancee\/\" \/>\n<meta property=\"og:locale\" content=\"fr_FR\" \/>\n<meta property=\"og:type\" content=\"article\" \/>\n<meta property=\"og:title\" content=\"Gu\u00e9rison Pranique Avanc\u00e9e - Institut Pranic Healing Suisse\" \/>\n<meta property=\"og:description\" content=\"La Gu\u00e9rison Pranique Avanc\u00e9e utilise les pranas couleur et les techniques relatives aux chakras pour produire une gu\u00e9rison tr\u00e8s rapide et soigner les probl\u00e8mes graves.\" \/>\n<meta property=\"og:url\" content=\"https:\/\/shop.pranichealing.ch\/fr\/produkt\/guerison-pranique-avancee\/\" \/>\n<meta property=\"og:site_name\" content=\"Institut Pranic Healing Suisse\" \/>\n<meta property=\"article:modified_time\" content=\"2022-02-15T10:33:52+00:00\" \/>\n<meta property=\"og:image\" content=\"https:\/\/shop.pranichealing.ch\/wp-content\/uploads\/2022\/01\/Fortbildung_French-722x1024.jpg\" \/>\n\t<meta property=\"og:image:width\" content=\"722\" \/>\n\t<meta property=\"og:image:height\" content=\"1024\" \/>\n\t<meta property=\"og:image:type\" content=\"image\/jpeg\" \/>\n<meta name=\"twitter:card\" content=\"summary_large_image\" \/>\n<script type=\"application\/ld+json\" class=\"yoast-schema-graph\">{\"@context\":\"https:\\\/\\\/schema.org\",\"@graph\":[{\"@type\":\"WebPage\",\"@id\":\"https:\\\/\\\/shop.pranichealing.ch\\\/fr\\\/produkt\\\/guerison-pranique-avancee\\\/\",\"url\":\"https:\\\/\\\/shop.pranichealing.ch\\\/fr\\\/produkt\\\/guerison-pranique-avancee\\\/\",\"name\":\"Gu\u00e9rison Pranique Avanc\u00e9e - Institut Pranic Healing Suisse\",\"isPartOf\":{\"@id\":\"https:\\\/\\\/shop.pranichealing.ch\\\/fr\\\/#website\"},\"primaryImageOfPage\":{\"@id\":\"https:\\\/\\\/shop.pranichealing.ch\\\/fr\\\/produkt\\\/guerison-pranique-avancee\\\/#primaryimage\"},\"image\":{\"@id\":\"https:\\\/\\\/shop.pranichealing.ch\\\/fr\\\/produkt\\\/guerison-pranique-avancee\\\/#primaryimage\"},\"thumbnailUrl\":\"https:\\\/\\\/shop.pranichealing.ch\\\/wp-content\\\/uploads\\\/2022\\\/01\\\/Fortbildung_French.jpg\",\"datePublished\":\"2022-01-21T13:30:34+00:00\",\"dateModified\":\"2022-02-15T10:33:52+00:00\",\"description\":\"La Gu\u00e9rison Pranique Avanc\u00e9e utilise les pranas couleur et les techniques relatives aux chakras pour produire une gu\u00e9rison tr\u00e8s rapide et soigner les probl\u00e8mes graves.\",\"breadcrumb\":{\"@id\":\"https:\\\/\\\/shop.pranichealing.ch\\\/fr\\\/produkt\\\/guerison-pranique-avancee\\\/#breadcrumb\"},\"inLanguage\":\"fr-FR\",\"potentialAction\":[{\"@type\":\"ReadAction\",\"target\":[\"https:\\\/\\\/shop.pranichealing.ch\\\/fr\\\/produkt\\\/guerison-pranique-avancee\\\/\"]}]},{\"@type\":\"ImageObject\",\"inLanguage\":\"fr-FR\",\"@id\":\"https:\\\/\\\/shop.pranichealing.ch\\\/fr\\\/produkt\\\/guerison-pranique-avancee\\\/#primaryimage\",\"url\":\"https:\\\/\\\/shop.pranichealing.ch\\\/wp-content\\\/uploads\\\/2022\\\/01\\\/Fortbildung_French.jpg\",\"contentUrl\":\"https:\\\/\\\/shop.pranichealing.ch\\\/wp-content\\\/uploads\\\/2022\\\/01\\\/Fortbildung_French.jpg\",\"width\":1326,\"height\":1880},{\"@type\":\"BreadcrumbList\",\"@id\":\"https:\\\/\\\/shop.pranichealing.ch\\\/fr\\\/produkt\\\/guerison-pranique-avancee\\\/#breadcrumb\",\"itemListElement\":[{\"@type\":\"ListItem\",\"position\":1,\"name\":\"Startseite\",\"item\":\"https:\\\/\\\/shop.pranichealing.ch\\\/fr\\\/livres\\\/\"},{\"@type\":\"ListItem\",\"position\":2,\"name\":\"Boutique\",\"item\":\"https:\\\/\\\/shop.pranichealing.ch\\\/fr\\\/boutique\\\/\"},{\"@type\":\"ListItem\",\"position\":3,\"name\":\"Gu\u00e9rison Pranique Avanc\u00e9e\"}]},{\"@type\":\"WebSite\",\"@id\":\"https:\\\/\\\/shop.pranichealing.ch\\\/fr\\\/#website\",\"url\":\"https:\\\/\\\/shop.pranichealing.ch\\\/fr\\\/\",\"name\":\"Institut Pranic Healing Suisse\",\"description\":\"Onlineshop\",\"publisher\":{\"@id\":\"https:\\\/\\\/shop.pranichealing.ch\\\/fr\\\/#organization\"},\"potentialAction\":[{\"@type\":\"SearchAction\",\"target\":{\"@type\":\"EntryPoint\",\"urlTemplate\":\"https:\\\/\\\/shop.pranichealing.ch\\\/fr\\\/?s={search_term_string}\"},\"query-input\":{\"@type\":\"PropertyValueSpecification\",\"valueRequired\":true,\"valueName\":\"search_term_string\"}}],\"inLanguage\":\"fr-FR\"},{\"@type\":\"Organization\",\"@id\":\"https:\\\/\\\/shop.pranichealing.ch\\\/fr\\\/#organization\",\"name\":\"Institut Pranic Healing Suisse\",\"url\":\"https:\\\/\\\/shop.pranichealing.ch\\\/fr\\\/\",\"logo\":{\"@type\":\"ImageObject\",\"inLanguage\":\"fr-FR\",\"@id\":\"https:\\\/\\\/shop.pranichealing.ch\\\/fr\\\/#\\\/schema\\\/logo\\\/image\\\/\",\"url\":\"https:\\\/\\\/shop.pranichealing.ch\\\/wp-content\\\/uploads\\\/2022\\\/02\\\/iphs.svg\",\"contentUrl\":\"https:\\\/\\\/shop.pranichealing.ch\\\/wp-content\\\/uploads\\\/2022\\\/02\\\/iphs.svg\",\"width\":416,\"height\":84,\"caption\":\"Institut Pranic Healing Suisse\"},\"image\":{\"@id\":\"https:\\\/\\\/shop.pranichealing.ch\\\/fr\\\/#\\\/schema\\\/logo\\\/image\\\/\"}}]}<\/script>\n<!-- \/ Yoast SEO plugin. -->","yoast_head_json":{"title":"Gu\u00e9rison Pranique Avanc\u00e9e - Institut Pranic Healing Suisse","description":"La Gu\u00e9rison Pranique Avanc\u00e9e utilise les pranas couleur et les techniques relatives aux chakras pour produire une gu\u00e9rison tr\u00e8s rapide et soigner les probl\u00e8mes graves.","robots":{"index":"index","follow":"follow","max-snippet":"max-snippet:-1","max-image-preview":"max-image-preview:large","max-video-preview":"max-video-preview:-1"},"canonical":"https:\/\/shop.pranichealing.ch\/fr\/produkt\/guerison-pranique-avancee\/","og_locale":"fr_FR","og_type":"article","og_title":"Gu\u00e9rison Pranique Avanc\u00e9e - Institut Pranic Healing Suisse","og_description":"La Gu\u00e9rison Pranique Avanc\u00e9e utilise les pranas couleur et les techniques relatives aux chakras pour produire une gu\u00e9rison tr\u00e8s rapide et soigner les probl\u00e8mes graves.","og_url":"https:\/\/shop.pranichealing.ch\/fr\/produkt\/guerison-pranique-avancee\/","og_site_name":"Institut Pranic Healing Suisse","article_modified_time":"2022-02-15T10:33:52+00:00","og_image":[{"width":722,"height":1024,"url":"https:\/\/shop.pranichealing.ch\/wp-content\/uploads\/2022\/01\/Fortbildung_French-722x1024.jpg","type":"image\/jpeg"}],"twitter_card":"summary_large_image","schema":{"@context":"https:\/\/schema.org","@graph":[{"@type":"WebPage","@id":"https:\/\/shop.pranichealing.ch\/fr\/produkt\/guerison-pranique-avancee\/","url":"https:\/\/shop.pranichealing.ch\/fr\/produkt\/guerison-pranique-avancee\/","name":"Gu\u00e9rison Pranique Avanc\u00e9e - Institut Pranic Healing Suisse","isPartOf":{"@id":"https:\/\/shop.pranichealing.ch\/fr\/#website"},"primaryImageOfPage":{"@id":"https:\/\/shop.pranichealing.ch\/fr\/produkt\/guerison-pranique-avancee\/#primaryimage"},"image":{"@id":"https:\/\/shop.pranichealing.ch\/fr\/produkt\/guerison-pranique-avancee\/#primaryimage"},"thumbnailUrl":"https:\/\/shop.pranichealing.ch\/wp-content\/uploads\/2022\/01\/Fortbildung_French.jpg","datePublished":"2022-01-21T13:30:34+00:00","dateModified":"2022-02-15T10:33:52+00:00","description":"La Gu\u00e9rison Pranique Avanc\u00e9e utilise les pranas couleur et les techniques relatives aux chakras pour produire une gu\u00e9rison tr\u00e8s rapide et soigner les probl\u00e8mes graves.","breadcrumb":{"@id":"https:\/\/shop.pranichealing.ch\/fr\/produkt\/guerison-pranique-avancee\/#breadcrumb"},"inLanguage":"fr-FR","potentialAction":[{"@type":"ReadAction","target":["https:\/\/shop.pranichealing.ch\/fr\/produkt\/guerison-pranique-avancee\/"]}]},{"@type":"ImageObject","inLanguage":"fr-FR","@id":"https:\/\/shop.pranichealing.ch\/fr\/produkt\/guerison-pranique-avancee\/#primaryimage","url":"https:\/\/shop.pranichealing.ch\/wp-content\/uploads\/2022\/01\/Fortbildung_French.jpg","contentUrl":"https:\/\/shop.pranichealing.ch\/wp-content\/uploads\/2022\/01\/Fortbildung_French.jpg","width":1326,"height":1880},{"@type":"BreadcrumbList","@id":"https:\/\/shop.pranichealing.ch\/fr\/produkt\/guerison-pranique-avancee\/#breadcrumb","itemListElement":[{"@type":"ListItem","position":1,"name":"Startseite","item":"https:\/\/shop.pranichealing.ch\/fr\/livres\/"},{"@type":"ListItem","position":2,"name":"Boutique","item":"https:\/\/shop.pranichealing.ch\/fr\/boutique\/"},{"@type":"ListItem","position":3,"name":"Gu\u00e9rison Pranique Avanc\u00e9e"}]},{"@type":"WebSite","@id":"https:\/\/shop.pranichealing.ch\/fr\/#website","url":"https:\/\/shop.pranichealing.ch\/fr\/","name":"Institut Pranic Healing Suisse","description":"Onlineshop","publisher":{"@id":"https:\/\/shop.pranichealing.ch\/fr\/#organization"},"potentialAction":[{"@type":"SearchAction","target":{"@type":"EntryPoint","urlTemplate":"https:\/\/shop.pranichealing.ch\/fr\/?s={search_term_string}"},"query-input":{"@type":"PropertyValueSpecification","valueRequired":true,"valueName":"search_term_string"}}],"inLanguage":"fr-FR"},{"@type":"Organization","@id":"https:\/\/shop.pranichealing.ch\/fr\/#organization","name":"Institut Pranic Healing Suisse","url":"https:\/\/shop.pranichealing.ch\/fr\/","logo":{"@type":"ImageObject","inLanguage":"fr-FR","@id":"https:\/\/shop.pranichealing.ch\/fr\/#\/schema\/logo\/image\/","url":"https:\/\/shop.pranichealing.ch\/wp-content\/uploads\/2022\/02\/iphs.svg","contentUrl":"https:\/\/shop.pranichealing.ch\/wp-content\/uploads\/2022\/02\/iphs.svg","width":416,"height":84,"caption":"Institut Pranic Healing Suisse"},"image":{"@id":"https:\/\/shop.pranichealing.ch\/fr\/#\/schema\/logo\/image\/"}}]}},"_links":{"self":[{"href":"https:\/\/shop.pranichealing.ch\/fr\/wp-json\/wp\/v2\/product\/1476","targetHints":{"allow":["GET"]}}],"collection":[{"href":"https:\/\/shop.pranichealing.ch\/fr\/wp-json\/wp\/v2\/product"}],"about":[{"href":"https:\/\/shop.pranichealing.ch\/fr\/wp-json\/wp\/v2\/types\/product"}],"wp:featuredmedia":[{"embeddable":true,"href":"https:\/\/shop.pranichealing.ch\/fr\/wp-json\/wp\/v2\/media\/1464"}],"wp:attachment":[{"href":"https:\/\/shop.pranichealing.ch\/fr\/wp-json\/wp\/v2\/media?parent=1476"}],"wp:term":[{"taxonomy":"product_brand","embeddable":true,"href":"https:\/\/shop.pranichealing.ch\/fr\/wp-json\/wp\/v2\/product_brand?post=1476"},{"taxonomy":"product_cat","embeddable":true,"href":"https:\/\/shop.pranichealing.ch\/fr\/wp-json\/wp\/v2\/product_cat?post=1476"},{"taxonomy":"product_tag","embeddable":true,"href":"https:\/\/shop.pranichealing.ch\/fr\/wp-json\/wp\/v2\/product_tag?post=1476"}],"curies":[{"name":"wp","href":"https:\/\/api.w.org\/{rel}","templated":true}]}}