{"id":1652,"date":"2022-01-19T11:09:29","date_gmt":"2022-01-24T16:16:12","guid":{"rendered":"https:\/\/shop.pranichealing.ch\/produkt\/lo-yoga-du-supercerveau\/"},"modified":"2022-02-10T16:51:25","modified_gmt":"2022-02-10T15:51:25","slug":"le-yoga-du-supercerveau","status":"publish","type":"product","link":"https:\/\/shop.pranichealing.ch\/fr\/produkt\/le-yoga-du-supercerveau\/","title":{"rendered":"Le Yoga du Supercerveau"},"content":{"rendered":"<p>Il y a tr\u00e8s longtemps, les grands rishis de l\u2019Inde avaient mis au point une technique permettant d\u2019augmenter le niveau d\u2019intelligence de l\u2019homme, en se basant sur le principe des points d\u2019acupuncture auriculaire. Malheureusement la technique correcte pour r\u00e9aliser cet exercice a \u00e9t\u00e9 d\u00e9form\u00e9e et perdue.<\/p>\n<p>Le livre explique les principes et les concepts \u00e0 la base du Superbrain Yoga et les illustre \u00e0 l\u2019aide de nombreux exemples. Cette technique est tr\u00e8s utile pour soutenir les personnes atteintes de TDA, de troubles de l\u2019apprentissage et de la concentration et dans bien d\u2019autres situations. Le livre pr\u00e9sente \u00e9galement comment garder notre cerveau en forme et fonctionnel, \u00e0 tout \u00e2ge. Il sera ton alli\u00e9 lors de pertes de m\u00e9moire, de d\u00e9mence ou de maladie d\u2019Alzheimer.<\/p>\n","protected":false},"excerpt":{"rendered":"<p>Il y a tr\u00e8s longtemps, les grands rishis de l\u2019Inde avaient mis au point une technique permettant d\u2019augmenter le niveau d\u2019intelligence de l\u2019homme, en se basant sur le principe des points d\u2019acupuncture auriculaire. Malheureusement la technique correcte pour r\u00e9aliser cet exercice a \u00e9t\u00e9 d\u00e9form\u00e9e et perdue. Le livre explique les principes et les concepts \u00e0&hellip; <a class=\"more-link\" href=\"https:\/\/shop.pranichealing.ch\/fr\/produkt\/le-yoga-du-supercerveau\/\">Poursuivre la lecture <span class=\"screen-reader-text\">Le Yoga du Supercerveau<\/span><\/a><\/p>\n","protected":false},"featured_media":1009,"template":"","meta":{"inline_featured_image":false},"product_brand":[],"product_cat":[74,51],"product_tag":[],"class_list":{"0":"post-1652","1":"product","2":"type-product","3":"status-publish","4":"has-post-thumbnail","6":"product_cat-fr-fr-2","7":"product_cat-livres","8":"entry","10":"first","11":"outofstock","12":"taxable","13":"shipping-taxable","14":"purchasable","15":"product-type-simple"},"yoast_head":"<!-- This site is optimized with the Yoast SEO plugin v27.3 - https:\/\/yoast.com\/product\/yoast-seo-wordpress\/ -->\n<title>Le Yoga du Supercerveau - Institut Pranic Healing Suisse<\/title>\n<meta name=\"description\" content=\"Lo Yoga du Supercerveau\" \/>\n<meta name=\"robots\" content=\"index, follow, max-snippet:-1, max-image-preview:large, max-video-preview:-1\" \/>\n<link rel=\"canonical\" href=\"https:\/\/shop.pranichealing.ch\/fr\/produkt\/le-yoga-du-supercerveau\/\" \/>\n<meta property=\"og:locale\" content=\"fr_FR\" \/>\n<meta property=\"og:type\" content=\"article\" \/>\n<meta property=\"og:title\" content=\"Le Yoga du Supercerveau - Institut Pranic Healing Suisse\" \/>\n<meta property=\"og:description\" content=\"Lo Yoga du Supercerveau\" \/>\n<meta property=\"og:url\" content=\"https:\/\/shop.pranichealing.ch\/fr\/produkt\/le-yoga-du-supercerveau\/\" \/>\n<meta property=\"og:site_name\" content=\"Institut Pranic Healing Suisse\" \/>\n<meta property=\"article:modified_time\" content=\"2022-02-10T15:51:25+00:00\" \/>\n<meta property=\"og:image\" content=\"https:\/\/shop.pranichealing.ch\/wp-content\/uploads\/2022\/01\/Superbrain-French-scaled.jpg\" \/>\n\t<meta property=\"og:image:width\" content=\"1837\" \/>\n\t<meta property=\"og:image:height\" content=\"2560\" \/>\n\t<meta property=\"og:image:type\" content=\"image\/jpeg\" \/>\n<meta name=\"twitter:card\" content=\"summary_large_image\" \/>\n<meta name=\"twitter:label1\" content=\"Dur\u00e9e de lecture estim\u00e9e\" \/>\n\t<meta name=\"twitter:data1\" content=\"1 minute\" \/>\n<script type=\"application\/ld+json\" class=\"yoast-schema-graph\">{\"@context\":\"https:\\\/\\\/schema.org\",\"@graph\":[{\"@type\":\"WebPage\",\"@id\":\"https:\\\/\\\/shop.pranichealing.ch\\\/fr\\\/produkt\\\/le-yoga-du-supercerveau\\\/\",\"url\":\"https:\\\/\\\/shop.pranichealing.ch\\\/fr\\\/produkt\\\/le-yoga-du-supercerveau\\\/\",\"name\":\"Le Yoga du Supercerveau - Institut Pranic Healing Suisse\",\"isPartOf\":{\"@id\":\"https:\\\/\\\/shop.pranichealing.ch\\\/fr\\\/#website\"},\"primaryImageOfPage\":{\"@id\":\"https:\\\/\\\/shop.pranichealing.ch\\\/fr\\\/produkt\\\/le-yoga-du-supercerveau\\\/#primaryimage\"},\"image\":{\"@id\":\"https:\\\/\\\/shop.pranichealing.ch\\\/fr\\\/produkt\\\/le-yoga-du-supercerveau\\\/#primaryimage\"},\"thumbnailUrl\":\"https:\\\/\\\/shop.pranichealing.ch\\\/wp-content\\\/uploads\\\/2022\\\/01\\\/Superbrain-French-scaled.jpg\",\"datePublished\":\"2022-01-24T16:16:12+00:00\",\"dateModified\":\"2022-02-10T15:51:25+00:00\",\"description\":\"Lo Yoga du Supercerveau\",\"breadcrumb\":{\"@id\":\"https:\\\/\\\/shop.pranichealing.ch\\\/fr\\\/produkt\\\/le-yoga-du-supercerveau\\\/#breadcrumb\"},\"inLanguage\":\"fr-FR\",\"potentialAction\":[{\"@type\":\"ReadAction\",\"target\":[\"https:\\\/\\\/shop.pranichealing.ch\\\/fr\\\/produkt\\\/le-yoga-du-supercerveau\\\/\"]}]},{\"@type\":\"ImageObject\",\"inLanguage\":\"fr-FR\",\"@id\":\"https:\\\/\\\/shop.pranichealing.ch\\\/fr\\\/produkt\\\/le-yoga-du-supercerveau\\\/#primaryimage\",\"url\":\"https:\\\/\\\/shop.pranichealing.ch\\\/wp-content\\\/uploads\\\/2022\\\/01\\\/Superbrain-French-scaled.jpg\",\"contentUrl\":\"https:\\\/\\\/shop.pranichealing.ch\\\/wp-content\\\/uploads\\\/2022\\\/01\\\/Superbrain-French-scaled.jpg\",\"width\":1837,\"height\":2560},{\"@type\":\"BreadcrumbList\",\"@id\":\"https:\\\/\\\/shop.pranichealing.ch\\\/fr\\\/produkt\\\/le-yoga-du-supercerveau\\\/#breadcrumb\",\"itemListElement\":[{\"@type\":\"ListItem\",\"position\":1,\"name\":\"Startseite\",\"item\":\"https:\\\/\\\/shop.pranichealing.ch\\\/fr\\\/livres\\\/\"},{\"@type\":\"ListItem\",\"position\":2,\"name\":\"Boutique\",\"item\":\"https:\\\/\\\/shop.pranichealing.ch\\\/fr\\\/boutique\\\/\"},{\"@type\":\"ListItem\",\"position\":3,\"name\":\"Le Yoga du Supercerveau\"}]},{\"@type\":\"WebSite\",\"@id\":\"https:\\\/\\\/shop.pranichealing.ch\\\/fr\\\/#website\",\"url\":\"https:\\\/\\\/shop.pranichealing.ch\\\/fr\\\/\",\"name\":\"Institut Pranic Healing Suisse\",\"description\":\"Onlineshop\",\"publisher\":{\"@id\":\"https:\\\/\\\/shop.pranichealing.ch\\\/fr\\\/#organization\"},\"potentialAction\":[{\"@type\":\"SearchAction\",\"target\":{\"@type\":\"EntryPoint\",\"urlTemplate\":\"https:\\\/\\\/shop.pranichealing.ch\\\/fr\\\/?s={search_term_string}\"},\"query-input\":{\"@type\":\"PropertyValueSpecification\",\"valueRequired\":true,\"valueName\":\"search_term_string\"}}],\"inLanguage\":\"fr-FR\"},{\"@type\":\"Organization\",\"@id\":\"https:\\\/\\\/shop.pranichealing.ch\\\/fr\\\/#organization\",\"name\":\"Institut Pranic Healing Suisse\",\"url\":\"https:\\\/\\\/shop.pranichealing.ch\\\/fr\\\/\",\"logo\":{\"@type\":\"ImageObject\",\"inLanguage\":\"fr-FR\",\"@id\":\"https:\\\/\\\/shop.pranichealing.ch\\\/fr\\\/#\\\/schema\\\/logo\\\/image\\\/\",\"url\":\"https:\\\/\\\/shop.pranichealing.ch\\\/wp-content\\\/uploads\\\/2022\\\/02\\\/iphs.svg\",\"contentUrl\":\"https:\\\/\\\/shop.pranichealing.ch\\\/wp-content\\\/uploads\\\/2022\\\/02\\\/iphs.svg\",\"width\":416,\"height\":84,\"caption\":\"Institut Pranic Healing Suisse\"},\"image\":{\"@id\":\"https:\\\/\\\/shop.pranichealing.ch\\\/fr\\\/#\\\/schema\\\/logo\\\/image\\\/\"}}]}<\/script>\n<!-- \/ Yoast SEO plugin. -->","yoast_head_json":{"title":"Le Yoga du Supercerveau - Institut Pranic Healing Suisse","description":"Lo Yoga du Supercerveau","robots":{"index":"index","follow":"follow","max-snippet":"max-snippet:-1","max-image-preview":"max-image-preview:large","max-video-preview":"max-video-preview:-1"},"canonical":"https:\/\/shop.pranichealing.ch\/fr\/produkt\/le-yoga-du-supercerveau\/","og_locale":"fr_FR","og_type":"article","og_title":"Le Yoga du Supercerveau - Institut Pranic Healing Suisse","og_description":"Lo Yoga du Supercerveau","og_url":"https:\/\/shop.pranichealing.ch\/fr\/produkt\/le-yoga-du-supercerveau\/","og_site_name":"Institut Pranic Healing Suisse","article_modified_time":"2022-02-10T15:51:25+00:00","og_image":[{"width":1837,"height":2560,"url":"https:\/\/shop.pranichealing.ch\/wp-content\/uploads\/2022\/01\/Superbrain-French-scaled.jpg","type":"image\/jpeg"}],"twitter_card":"summary_large_image","twitter_misc":{"Dur\u00e9e de lecture estim\u00e9e":"1 minute"},"schema":{"@context":"https:\/\/schema.org","@graph":[{"@type":"WebPage","@id":"https:\/\/shop.pranichealing.ch\/fr\/produkt\/le-yoga-du-supercerveau\/","url":"https:\/\/shop.pranichealing.ch\/fr\/produkt\/le-yoga-du-supercerveau\/","name":"Le Yoga du Supercerveau - Institut Pranic Healing Suisse","isPartOf":{"@id":"https:\/\/shop.pranichealing.ch\/fr\/#website"},"primaryImageOfPage":{"@id":"https:\/\/shop.pranichealing.ch\/fr\/produkt\/le-yoga-du-supercerveau\/#primaryimage"},"image":{"@id":"https:\/\/shop.pranichealing.ch\/fr\/produkt\/le-yoga-du-supercerveau\/#primaryimage"},"thumbnailUrl":"https:\/\/shop.pranichealing.ch\/wp-content\/uploads\/2022\/01\/Superbrain-French-scaled.jpg","datePublished":"2022-01-24T16:16:12+00:00","dateModified":"2022-02-10T15:51:25+00:00","description":"Lo Yoga du Supercerveau","breadcrumb":{"@id":"https:\/\/shop.pranichealing.ch\/fr\/produkt\/le-yoga-du-supercerveau\/#breadcrumb"},"inLanguage":"fr-FR","potentialAction":[{"@type":"ReadAction","target":["https:\/\/shop.pranichealing.ch\/fr\/produkt\/le-yoga-du-supercerveau\/"]}]},{"@type":"ImageObject","inLanguage":"fr-FR","@id":"https:\/\/shop.pranichealing.ch\/fr\/produkt\/le-yoga-du-supercerveau\/#primaryimage","url":"https:\/\/shop.pranichealing.ch\/wp-content\/uploads\/2022\/01\/Superbrain-French-scaled.jpg","contentUrl":"https:\/\/shop.pranichealing.ch\/wp-content\/uploads\/2022\/01\/Superbrain-French-scaled.jpg","width":1837,"height":2560},{"@type":"BreadcrumbList","@id":"https:\/\/shop.pranichealing.ch\/fr\/produkt\/le-yoga-du-supercerveau\/#breadcrumb","itemListElement":[{"@type":"ListItem","position":1,"name":"Startseite","item":"https:\/\/shop.pranichealing.ch\/fr\/livres\/"},{"@type":"ListItem","position":2,"name":"Boutique","item":"https:\/\/shop.pranichealing.ch\/fr\/boutique\/"},{"@type":"ListItem","position":3,"name":"Le Yoga du Supercerveau"}]},{"@type":"WebSite","@id":"https:\/\/shop.pranichealing.ch\/fr\/#website","url":"https:\/\/shop.pranichealing.ch\/fr\/","name":"Institut Pranic Healing Suisse","description":"Onlineshop","publisher":{"@id":"https:\/\/shop.pranichealing.ch\/fr\/#organization"},"potentialAction":[{"@type":"SearchAction","target":{"@type":"EntryPoint","urlTemplate":"https:\/\/shop.pranichealing.ch\/fr\/?s={search_term_string}"},"query-input":{"@type":"PropertyValueSpecification","valueRequired":true,"valueName":"search_term_string"}}],"inLanguage":"fr-FR"},{"@type":"Organization","@id":"https:\/\/shop.pranichealing.ch\/fr\/#organization","name":"Institut Pranic Healing Suisse","url":"https:\/\/shop.pranichealing.ch\/fr\/","logo":{"@type":"ImageObject","inLanguage":"fr-FR","@id":"https:\/\/shop.pranichealing.ch\/fr\/#\/schema\/logo\/image\/","url":"https:\/\/shop.pranichealing.ch\/wp-content\/uploads\/2022\/02\/iphs.svg","contentUrl":"https:\/\/shop.pranichealing.ch\/wp-content\/uploads\/2022\/02\/iphs.svg","width":416,"height":84,"caption":"Institut Pranic Healing Suisse"},"image":{"@id":"https:\/\/shop.pranichealing.ch\/fr\/#\/schema\/logo\/image\/"}}]}},"_links":{"self":[{"href":"https:\/\/shop.pranichealing.ch\/fr\/wp-json\/wp\/v2\/product\/1652","targetHints":{"allow":["GET"]}}],"collection":[{"href":"https:\/\/shop.pranichealing.ch\/fr\/wp-json\/wp\/v2\/product"}],"about":[{"href":"https:\/\/shop.pranichealing.ch\/fr\/wp-json\/wp\/v2\/types\/product"}],"wp:featuredmedia":[{"embeddable":true,"href":"https:\/\/shop.pranichealing.ch\/fr\/wp-json\/wp\/v2\/media\/1009"}],"wp:attachment":[{"href":"https:\/\/shop.pranichealing.ch\/fr\/wp-json\/wp\/v2\/media?parent=1652"}],"wp:term":[{"taxonomy":"product_brand","embeddable":true,"href":"https:\/\/shop.pranichealing.ch\/fr\/wp-json\/wp\/v2\/product_brand?post=1652"},{"taxonomy":"product_cat","embeddable":true,"href":"https:\/\/shop.pranichealing.ch\/fr\/wp-json\/wp\/v2\/product_cat?post=1652"},{"taxonomy":"product_tag","embeddable":true,"href":"https:\/\/shop.pranichealing.ch\/fr\/wp-json\/wp\/v2\/product_tag?post=1652"}],"curies":[{"name":"wp","href":"https:\/\/api.w.org\/{rel}","templated":true}]}}