{"id":1856,"date":"2022-02-07T12:05:07","date_gmt":"2022-02-07T11:05:10","guid":{"rendered":"https:\/\/shop.pranichealing.ch\/?post_type=product&#038;p=1856"},"modified":"2022-03-11T14:51:53","modified_gmt":"2022-03-11T13:51:53","slug":"om-der-klang-der-stille-fr","status":"publish","type":"product","link":"https:\/\/shop.pranichealing.ch\/fr\/produkt\/om-der-klang-der-stille-fr\/","title":{"rendered":"OM &#8211; le Son du Silence"},"content":{"rendered":"<p>Ma\u00eetre Choa Kok Sui chante 108 fois le OM. Le OM est un son universel, comme le AMEN. L\u2019\u00e9coute de ce son a un effet tr\u00e8s \u00e9nergisant. Il nettoie et harmonise les centres \u00e9nerg\u00e9tiques du corps. Il cr\u00e9e une vibration paisible dans les pi\u00e8ces o\u00f9 il est jou\u00e9. Il peut lib\u00e9rer du stress, des \u00e9nergies n\u00e9gatives et \u00e9lever la conscience.<\/p>\n<ul>\n<li>Ce son purifie et harmonise les centres \u00e9nerg\u00e9tiques du corps.<\/li>\n<li>Il cr\u00e9e une vibration \u00e9nerg\u00e9tiquement pure et paisible dans les pi\u00e8ces o\u00f9 il est jou\u00e9.<\/li>\n<li>Il \u00e9limine le stress et les \u00e9nergies n\u00e9gatives.<\/li>\n<li>Il \u00e9l\u00e8ve la conscience.<\/li>\n<\/ul>\n","protected":false},"excerpt":{"rendered":"<p>Ma\u00eetre Choa Kok Sui chante 108 fois le OM. Le OM est un son universel, comme le AMEN. L\u2019\u00e9coute de ce son a un effet tr\u00e8s \u00e9nergisant. Il nettoie et harmonise les centres \u00e9nerg\u00e9tiques du corps. Il cr\u00e9e une vibration paisible dans les pi\u00e8ces o\u00f9 il est jou\u00e9. Il peut lib\u00e9rer du stress, des \u00e9nergies&hellip; <a class=\"more-link\" href=\"https:\/\/shop.pranichealing.ch\/fr\/produkt\/om-der-klang-der-stille-fr\/\">Poursuivre la lecture <span class=\"screen-reader-text\">OM &#8211; le Son du Silence<\/span><\/a><\/p>\n","protected":false},"featured_media":804,"template":"","meta":{"inline_featured_image":false},"product_brand":[],"product_cat":[53,74],"product_tag":[],"class_list":{"0":"post-1856","1":"product","2":"type-product","3":"status-publish","4":"has-post-thumbnail","6":"product_cat-cds-fr","7":"product_cat-fr-fr-2","8":"entry","10":"first","11":"outofstock","12":"taxable","13":"shipping-taxable","14":"purchasable","15":"product-type-simple"},"yoast_head":"<!-- This site is optimized with the Yoast SEO plugin v27.3 - https:\/\/yoast.com\/product\/yoast-seo-wordpress\/ -->\n<title>OM - le Son du Silence - Institut Pranic Healing Suisse<\/title>\n<meta name=\"description\" content=\"Master Choa Kok Sui singt das OM 108 mal. OM ist wie AMEN ein universeller Klang und sein fortlaufendes Rezitieren hat eine stark energetisierende Wirkung. Es reinigt und harmonisiert die Energiezentren des K\u00f6rpers, erzeugt eine friedvolle Schwingung im Raum, kann Stress und negative Energien l\u00f6sen und das Bewusstsein heben.\" \/>\n<meta name=\"robots\" content=\"index, follow, max-snippet:-1, max-image-preview:large, max-video-preview:-1\" \/>\n<link rel=\"canonical\" href=\"https:\/\/shop.pranichealing.ch\/fr\/produkt\/om-der-klang-der-stille-fr\/\" \/>\n<meta property=\"og:locale\" content=\"fr_FR\" \/>\n<meta property=\"og:type\" content=\"article\" \/>\n<meta property=\"og:title\" content=\"OM - le Son du Silence - Institut Pranic Healing Suisse\" \/>\n<meta property=\"og:description\" content=\"Master Choa Kok Sui singt das OM 108 mal. OM ist wie AMEN ein universeller Klang und sein fortlaufendes Rezitieren hat eine stark energetisierende Wirkung. Es reinigt und harmonisiert die Energiezentren des K\u00f6rpers, erzeugt eine friedvolle Schwingung im Raum, kann Stress und negative Energien l\u00f6sen und das Bewusstsein heben.\" \/>\n<meta property=\"og:url\" content=\"https:\/\/shop.pranichealing.ch\/fr\/produkt\/om-der-klang-der-stille-fr\/\" \/>\n<meta property=\"og:site_name\" content=\"Institut Pranic Healing Suisse\" \/>\n<meta property=\"article:modified_time\" content=\"2022-03-11T13:51:53+00:00\" \/>\n<meta property=\"og:image\" content=\"https:\/\/shop.pranichealing.ch\/wp-content\/uploads\/2022\/01\/CD_Om-The-sound-of-stillness.jpg\" \/>\n\t<meta property=\"og:image:width\" content=\"809\" \/>\n\t<meta property=\"og:image:height\" content=\"800\" \/>\n\t<meta property=\"og:image:type\" content=\"image\/jpeg\" \/>\n<meta name=\"twitter:card\" content=\"summary_large_image\" \/>\n<meta name=\"twitter:label1\" content=\"Dur\u00e9e de lecture estim\u00e9e\" \/>\n\t<meta name=\"twitter:data1\" content=\"1 minute\" \/>\n<script type=\"application\/ld+json\" class=\"yoast-schema-graph\">{\"@context\":\"https:\\\/\\\/schema.org\",\"@graph\":[{\"@type\":\"WebPage\",\"@id\":\"https:\\\/\\\/shop.pranichealing.ch\\\/fr\\\/produkt\\\/om-der-klang-der-stille-fr\\\/\",\"url\":\"https:\\\/\\\/shop.pranichealing.ch\\\/fr\\\/produkt\\\/om-der-klang-der-stille-fr\\\/\",\"name\":\"OM - le Son du Silence - Institut Pranic Healing Suisse\",\"isPartOf\":{\"@id\":\"https:\\\/\\\/shop.pranichealing.ch\\\/fr\\\/#website\"},\"primaryImageOfPage\":{\"@id\":\"https:\\\/\\\/shop.pranichealing.ch\\\/fr\\\/produkt\\\/om-der-klang-der-stille-fr\\\/#primaryimage\"},\"image\":{\"@id\":\"https:\\\/\\\/shop.pranichealing.ch\\\/fr\\\/produkt\\\/om-der-klang-der-stille-fr\\\/#primaryimage\"},\"thumbnailUrl\":\"https:\\\/\\\/shop.pranichealing.ch\\\/wp-content\\\/uploads\\\/2022\\\/01\\\/CD_Om-The-sound-of-stillness.jpg\",\"datePublished\":\"2022-02-07T11:05:10+00:00\",\"dateModified\":\"2022-03-11T13:51:53+00:00\",\"description\":\"Master Choa Kok Sui singt das OM 108 mal. OM ist wie AMEN ein universeller Klang und sein fortlaufendes Rezitieren hat eine stark energetisierende Wirkung. Es reinigt und harmonisiert die Energiezentren des K\u00f6rpers, erzeugt eine friedvolle Schwingung im Raum, kann Stress und negative Energien l\u00f6sen und das Bewusstsein heben.\",\"breadcrumb\":{\"@id\":\"https:\\\/\\\/shop.pranichealing.ch\\\/fr\\\/produkt\\\/om-der-klang-der-stille-fr\\\/#breadcrumb\"},\"inLanguage\":\"fr-FR\",\"potentialAction\":[{\"@type\":\"ReadAction\",\"target\":[\"https:\\\/\\\/shop.pranichealing.ch\\\/fr\\\/produkt\\\/om-der-klang-der-stille-fr\\\/\"]}]},{\"@type\":\"ImageObject\",\"inLanguage\":\"fr-FR\",\"@id\":\"https:\\\/\\\/shop.pranichealing.ch\\\/fr\\\/produkt\\\/om-der-klang-der-stille-fr\\\/#primaryimage\",\"url\":\"https:\\\/\\\/shop.pranichealing.ch\\\/wp-content\\\/uploads\\\/2022\\\/01\\\/CD_Om-The-sound-of-stillness.jpg\",\"contentUrl\":\"https:\\\/\\\/shop.pranichealing.ch\\\/wp-content\\\/uploads\\\/2022\\\/01\\\/CD_Om-The-sound-of-stillness.jpg\",\"width\":809,\"height\":800},{\"@type\":\"BreadcrumbList\",\"@id\":\"https:\\\/\\\/shop.pranichealing.ch\\\/fr\\\/produkt\\\/om-der-klang-der-stille-fr\\\/#breadcrumb\",\"itemListElement\":[{\"@type\":\"ListItem\",\"position\":1,\"name\":\"Startseite\",\"item\":\"https:\\\/\\\/shop.pranichealing.ch\\\/fr\\\/livres\\\/\"},{\"@type\":\"ListItem\",\"position\":2,\"name\":\"Boutique\",\"item\":\"https:\\\/\\\/shop.pranichealing.ch\\\/fr\\\/boutique\\\/\"},{\"@type\":\"ListItem\",\"position\":3,\"name\":\"OM &#8211; le Son du Silence\"}]},{\"@type\":\"WebSite\",\"@id\":\"https:\\\/\\\/shop.pranichealing.ch\\\/fr\\\/#website\",\"url\":\"https:\\\/\\\/shop.pranichealing.ch\\\/fr\\\/\",\"name\":\"Institut Pranic Healing Suisse\",\"description\":\"Onlineshop\",\"publisher\":{\"@id\":\"https:\\\/\\\/shop.pranichealing.ch\\\/fr\\\/#organization\"},\"potentialAction\":[{\"@type\":\"SearchAction\",\"target\":{\"@type\":\"EntryPoint\",\"urlTemplate\":\"https:\\\/\\\/shop.pranichealing.ch\\\/fr\\\/?s={search_term_string}\"},\"query-input\":{\"@type\":\"PropertyValueSpecification\",\"valueRequired\":true,\"valueName\":\"search_term_string\"}}],\"inLanguage\":\"fr-FR\"},{\"@type\":\"Organization\",\"@id\":\"https:\\\/\\\/shop.pranichealing.ch\\\/fr\\\/#organization\",\"name\":\"Institut Pranic Healing Suisse\",\"url\":\"https:\\\/\\\/shop.pranichealing.ch\\\/fr\\\/\",\"logo\":{\"@type\":\"ImageObject\",\"inLanguage\":\"fr-FR\",\"@id\":\"https:\\\/\\\/shop.pranichealing.ch\\\/fr\\\/#\\\/schema\\\/logo\\\/image\\\/\",\"url\":\"https:\\\/\\\/shop.pranichealing.ch\\\/wp-content\\\/uploads\\\/2022\\\/02\\\/iphs.svg\",\"contentUrl\":\"https:\\\/\\\/shop.pranichealing.ch\\\/wp-content\\\/uploads\\\/2022\\\/02\\\/iphs.svg\",\"width\":416,\"height\":84,\"caption\":\"Institut Pranic Healing Suisse\"},\"image\":{\"@id\":\"https:\\\/\\\/shop.pranichealing.ch\\\/fr\\\/#\\\/schema\\\/logo\\\/image\\\/\"}}]}<\/script>\n<!-- \/ Yoast SEO plugin. -->","yoast_head_json":{"title":"OM - le Son du Silence - Institut Pranic Healing Suisse","description":"Master Choa Kok Sui singt das OM 108 mal. OM ist wie AMEN ein universeller Klang und sein fortlaufendes Rezitieren hat eine stark energetisierende Wirkung. Es reinigt und harmonisiert die Energiezentren des K\u00f6rpers, erzeugt eine friedvolle Schwingung im Raum, kann Stress und negative Energien l\u00f6sen und das Bewusstsein heben.","robots":{"index":"index","follow":"follow","max-snippet":"max-snippet:-1","max-image-preview":"max-image-preview:large","max-video-preview":"max-video-preview:-1"},"canonical":"https:\/\/shop.pranichealing.ch\/fr\/produkt\/om-der-klang-der-stille-fr\/","og_locale":"fr_FR","og_type":"article","og_title":"OM - le Son du Silence - Institut Pranic Healing Suisse","og_description":"Master Choa Kok Sui singt das OM 108 mal. OM ist wie AMEN ein universeller Klang und sein fortlaufendes Rezitieren hat eine stark energetisierende Wirkung. Es reinigt und harmonisiert die Energiezentren des K\u00f6rpers, erzeugt eine friedvolle Schwingung im Raum, kann Stress und negative Energien l\u00f6sen und das Bewusstsein heben.","og_url":"https:\/\/shop.pranichealing.ch\/fr\/produkt\/om-der-klang-der-stille-fr\/","og_site_name":"Institut Pranic Healing Suisse","article_modified_time":"2022-03-11T13:51:53+00:00","og_image":[{"width":809,"height":800,"url":"https:\/\/shop.pranichealing.ch\/wp-content\/uploads\/2022\/01\/CD_Om-The-sound-of-stillness.jpg","type":"image\/jpeg"}],"twitter_card":"summary_large_image","twitter_misc":{"Dur\u00e9e de lecture estim\u00e9e":"1 minute"},"schema":{"@context":"https:\/\/schema.org","@graph":[{"@type":"WebPage","@id":"https:\/\/shop.pranichealing.ch\/fr\/produkt\/om-der-klang-der-stille-fr\/","url":"https:\/\/shop.pranichealing.ch\/fr\/produkt\/om-der-klang-der-stille-fr\/","name":"OM - le Son du Silence - Institut Pranic Healing Suisse","isPartOf":{"@id":"https:\/\/shop.pranichealing.ch\/fr\/#website"},"primaryImageOfPage":{"@id":"https:\/\/shop.pranichealing.ch\/fr\/produkt\/om-der-klang-der-stille-fr\/#primaryimage"},"image":{"@id":"https:\/\/shop.pranichealing.ch\/fr\/produkt\/om-der-klang-der-stille-fr\/#primaryimage"},"thumbnailUrl":"https:\/\/shop.pranichealing.ch\/wp-content\/uploads\/2022\/01\/CD_Om-The-sound-of-stillness.jpg","datePublished":"2022-02-07T11:05:10+00:00","dateModified":"2022-03-11T13:51:53+00:00","description":"Master Choa Kok Sui singt das OM 108 mal. OM ist wie AMEN ein universeller Klang und sein fortlaufendes Rezitieren hat eine stark energetisierende Wirkung. Es reinigt und harmonisiert die Energiezentren des K\u00f6rpers, erzeugt eine friedvolle Schwingung im Raum, kann Stress und negative Energien l\u00f6sen und das Bewusstsein heben.","breadcrumb":{"@id":"https:\/\/shop.pranichealing.ch\/fr\/produkt\/om-der-klang-der-stille-fr\/#breadcrumb"},"inLanguage":"fr-FR","potentialAction":[{"@type":"ReadAction","target":["https:\/\/shop.pranichealing.ch\/fr\/produkt\/om-der-klang-der-stille-fr\/"]}]},{"@type":"ImageObject","inLanguage":"fr-FR","@id":"https:\/\/shop.pranichealing.ch\/fr\/produkt\/om-der-klang-der-stille-fr\/#primaryimage","url":"https:\/\/shop.pranichealing.ch\/wp-content\/uploads\/2022\/01\/CD_Om-The-sound-of-stillness.jpg","contentUrl":"https:\/\/shop.pranichealing.ch\/wp-content\/uploads\/2022\/01\/CD_Om-The-sound-of-stillness.jpg","width":809,"height":800},{"@type":"BreadcrumbList","@id":"https:\/\/shop.pranichealing.ch\/fr\/produkt\/om-der-klang-der-stille-fr\/#breadcrumb","itemListElement":[{"@type":"ListItem","position":1,"name":"Startseite","item":"https:\/\/shop.pranichealing.ch\/fr\/livres\/"},{"@type":"ListItem","position":2,"name":"Boutique","item":"https:\/\/shop.pranichealing.ch\/fr\/boutique\/"},{"@type":"ListItem","position":3,"name":"OM &#8211; le Son du Silence"}]},{"@type":"WebSite","@id":"https:\/\/shop.pranichealing.ch\/fr\/#website","url":"https:\/\/shop.pranichealing.ch\/fr\/","name":"Institut Pranic Healing Suisse","description":"Onlineshop","publisher":{"@id":"https:\/\/shop.pranichealing.ch\/fr\/#organization"},"potentialAction":[{"@type":"SearchAction","target":{"@type":"EntryPoint","urlTemplate":"https:\/\/shop.pranichealing.ch\/fr\/?s={search_term_string}"},"query-input":{"@type":"PropertyValueSpecification","valueRequired":true,"valueName":"search_term_string"}}],"inLanguage":"fr-FR"},{"@type":"Organization","@id":"https:\/\/shop.pranichealing.ch\/fr\/#organization","name":"Institut Pranic Healing Suisse","url":"https:\/\/shop.pranichealing.ch\/fr\/","logo":{"@type":"ImageObject","inLanguage":"fr-FR","@id":"https:\/\/shop.pranichealing.ch\/fr\/#\/schema\/logo\/image\/","url":"https:\/\/shop.pranichealing.ch\/wp-content\/uploads\/2022\/02\/iphs.svg","contentUrl":"https:\/\/shop.pranichealing.ch\/wp-content\/uploads\/2022\/02\/iphs.svg","width":416,"height":84,"caption":"Institut Pranic Healing Suisse"},"image":{"@id":"https:\/\/shop.pranichealing.ch\/fr\/#\/schema\/logo\/image\/"}}]}},"_links":{"self":[{"href":"https:\/\/shop.pranichealing.ch\/fr\/wp-json\/wp\/v2\/product\/1856","targetHints":{"allow":["GET"]}}],"collection":[{"href":"https:\/\/shop.pranichealing.ch\/fr\/wp-json\/wp\/v2\/product"}],"about":[{"href":"https:\/\/shop.pranichealing.ch\/fr\/wp-json\/wp\/v2\/types\/product"}],"wp:featuredmedia":[{"embeddable":true,"href":"https:\/\/shop.pranichealing.ch\/fr\/wp-json\/wp\/v2\/media\/804"}],"wp:attachment":[{"href":"https:\/\/shop.pranichealing.ch\/fr\/wp-json\/wp\/v2\/media?parent=1856"}],"wp:term":[{"taxonomy":"product_brand","embeddable":true,"href":"https:\/\/shop.pranichealing.ch\/fr\/wp-json\/wp\/v2\/product_brand?post=1856"},{"taxonomy":"product_cat","embeddable":true,"href":"https:\/\/shop.pranichealing.ch\/fr\/wp-json\/wp\/v2\/product_cat?post=1856"},{"taxonomy":"product_tag","embeddable":true,"href":"https:\/\/shop.pranichealing.ch\/fr\/wp-json\/wp\/v2\/product_tag?post=1856"}],"curies":[{"name":"wp","href":"https:\/\/api.w.org\/{rel}","templated":true}]}}