{"id":2852,"date":"2022-10-13T14:10:41","date_gmt":"2022-10-13T12:10:41","guid":{"rendered":"https:\/\/shop.pranichealing.ch\/?post_type=product&#038;p=2852"},"modified":"2022-10-11T12:40:45","modified_gmt":"2022-10-11T10:40:45","slug":"arhatic-dhyan-meditation-cd","status":"publish","type":"product","link":"https:\/\/shop.pranichealing.ch\/fr\/produkt\/arhatic-dhyan-meditation-cd\/","title":{"rendered":"Arhatic Dhyan Meditation"},"content":{"rendered":"<p>La version anglaise originale de la m\u00e9ditation Dhyan est guid\u00e9e par Ma\u00eetre Choa Kok Sui.<\/p>\n<p>&nbsp;<\/p>\n<p>Arhatic Dhyan is an advanced Arhatic Yoga meditation that develops the practice of prolonged awareness. Prolonged awareness is necessary in order to register and respond to inner and higher stimuli. To be successful in one\u2019s spiritual practice, there must be proper balance between prolonged one-pointedness (concentration) and prolonged awareness.<\/p>\n<p>&nbsp;<\/p>\n<p><strong>Uniquement pour les personnes qui ont suivi Arhatic Yoga niveau base.<\/strong><\/p>\n<p>&nbsp;<\/p>\n","protected":false},"excerpt":{"rendered":"<p>La version anglaise originale de la m\u00e9ditation Dhyan est guid\u00e9e par Ma\u00eetre Choa Kok Sui. &nbsp; Arhatic Dhyan is an advanced Arhatic Yoga meditation that develops the practice of prolonged awareness. Prolonged awareness is necessary in order to register and respond to inner and higher stimuli. To be successful in one\u2019s spiritual practice, there must&hellip; <a class=\"more-link\" href=\"https:\/\/shop.pranichealing.ch\/fr\/produkt\/arhatic-dhyan-meditation-cd\/\">Poursuivre la lecture <span class=\"screen-reader-text\">Arhatic Dhyan Meditation<\/span><\/a><\/p>\n","protected":false},"featured_media":2856,"template":"","meta":{"inline_featured_image":false},"product_brand":[],"product_cat":[83,65],"product_tag":[],"class_list":{"0":"post-2852","1":"product","2":"type-product","3":"status-publish","4":"has-post-thumbnail","6":"product_cat-arhatic-yoga-fr","7":"product_cat-de-fr","8":"entry","10":"first","11":"outofstock","12":"taxable","13":"shipping-taxable","14":"purchasable","15":"product-type-simple"},"yoast_head":"<!-- This site is optimized with the Yoast SEO plugin v27.3 - https:\/\/yoast.com\/product\/yoast-seo-wordpress\/ -->\n<title>Arhatic Dhyan Meditation - Institut Pranic Healing Suisse<\/title>\n<meta name=\"description\" content=\"Kabbalistische und universelle Meditation zum VATER UNSER.\" \/>\n<meta name=\"robots\" content=\"index, follow, max-snippet:-1, max-image-preview:large, max-video-preview:-1\" \/>\n<link rel=\"canonical\" href=\"https:\/\/shop.pranichealing.ch\/fr\/produkt\/arhatic-dhyan-meditation-cd\/\" \/>\n<meta property=\"og:locale\" content=\"fr_FR\" \/>\n<meta property=\"og:type\" content=\"article\" \/>\n<meta property=\"og:title\" content=\"Arhatic Dhyan Meditation - Institut Pranic Healing Suisse\" \/>\n<meta property=\"og:description\" content=\"Kabbalistische und universelle Meditation zum VATER UNSER.\" \/>\n<meta property=\"og:url\" content=\"https:\/\/shop.pranichealing.ch\/fr\/produkt\/arhatic-dhyan-meditation-cd\/\" \/>\n<meta property=\"og:site_name\" content=\"Institut Pranic Healing Suisse\" \/>\n<meta property=\"og:image\" content=\"https:\/\/shop.pranichealing.ch\/wp-content\/uploads\/2022\/07\/Dhyan.jpg\" \/>\n\t<meta property=\"og:image:width\" content=\"300\" \/>\n\t<meta property=\"og:image:height\" content=\"300\" \/>\n\t<meta property=\"og:image:type\" content=\"image\/jpeg\" \/>\n<meta name=\"twitter:card\" content=\"summary_large_image\" \/>\n<script type=\"application\/ld+json\" class=\"yoast-schema-graph\">{\"@context\":\"https:\\\/\\\/schema.org\",\"@graph\":[{\"@type\":\"WebPage\",\"@id\":\"https:\\\/\\\/shop.pranichealing.ch\\\/fr\\\/produkt\\\/arhatic-dhyan-meditation-cd\\\/\",\"url\":\"https:\\\/\\\/shop.pranichealing.ch\\\/fr\\\/produkt\\\/arhatic-dhyan-meditation-cd\\\/\",\"name\":\"Arhatic Dhyan Meditation - Institut Pranic Healing Suisse\",\"isPartOf\":{\"@id\":\"https:\\\/\\\/shop.pranichealing.ch\\\/fr\\\/#website\"},\"primaryImageOfPage\":{\"@id\":\"https:\\\/\\\/shop.pranichealing.ch\\\/fr\\\/produkt\\\/arhatic-dhyan-meditation-cd\\\/#primaryimage\"},\"image\":{\"@id\":\"https:\\\/\\\/shop.pranichealing.ch\\\/fr\\\/produkt\\\/arhatic-dhyan-meditation-cd\\\/#primaryimage\"},\"thumbnailUrl\":\"https:\\\/\\\/shop.pranichealing.ch\\\/wp-content\\\/uploads\\\/2022\\\/07\\\/Dhyan.jpg\",\"datePublished\":\"2022-10-13T12:10:41+00:00\",\"description\":\"Kabbalistische und universelle Meditation zum VATER UNSER.\",\"breadcrumb\":{\"@id\":\"https:\\\/\\\/shop.pranichealing.ch\\\/fr\\\/produkt\\\/arhatic-dhyan-meditation-cd\\\/#breadcrumb\"},\"inLanguage\":\"fr-FR\",\"potentialAction\":[{\"@type\":\"ReadAction\",\"target\":[\"https:\\\/\\\/shop.pranichealing.ch\\\/fr\\\/produkt\\\/arhatic-dhyan-meditation-cd\\\/\"]}]},{\"@type\":\"ImageObject\",\"inLanguage\":\"fr-FR\",\"@id\":\"https:\\\/\\\/shop.pranichealing.ch\\\/fr\\\/produkt\\\/arhatic-dhyan-meditation-cd\\\/#primaryimage\",\"url\":\"https:\\\/\\\/shop.pranichealing.ch\\\/wp-content\\\/uploads\\\/2022\\\/07\\\/Dhyan.jpg\",\"contentUrl\":\"https:\\\/\\\/shop.pranichealing.ch\\\/wp-content\\\/uploads\\\/2022\\\/07\\\/Dhyan.jpg\",\"width\":300,\"height\":300},{\"@type\":\"BreadcrumbList\",\"@id\":\"https:\\\/\\\/shop.pranichealing.ch\\\/fr\\\/produkt\\\/arhatic-dhyan-meditation-cd\\\/#breadcrumb\",\"itemListElement\":[{\"@type\":\"ListItem\",\"position\":1,\"name\":\"Startseite\",\"item\":\"https:\\\/\\\/shop.pranichealing.ch\\\/fr\\\/livres\\\/\"},{\"@type\":\"ListItem\",\"position\":2,\"name\":\"Boutique\",\"item\":\"https:\\\/\\\/shop.pranichealing.ch\\\/fr\\\/boutique\\\/\"},{\"@type\":\"ListItem\",\"position\":3,\"name\":\"Arhatic Dhyan Meditation\"}]},{\"@type\":\"WebSite\",\"@id\":\"https:\\\/\\\/shop.pranichealing.ch\\\/fr\\\/#website\",\"url\":\"https:\\\/\\\/shop.pranichealing.ch\\\/fr\\\/\",\"name\":\"Institut Pranic Healing Suisse\",\"description\":\"Onlineshop\",\"publisher\":{\"@id\":\"https:\\\/\\\/shop.pranichealing.ch\\\/fr\\\/#organization\"},\"potentialAction\":[{\"@type\":\"SearchAction\",\"target\":{\"@type\":\"EntryPoint\",\"urlTemplate\":\"https:\\\/\\\/shop.pranichealing.ch\\\/fr\\\/?s={search_term_string}\"},\"query-input\":{\"@type\":\"PropertyValueSpecification\",\"valueRequired\":true,\"valueName\":\"search_term_string\"}}],\"inLanguage\":\"fr-FR\"},{\"@type\":\"Organization\",\"@id\":\"https:\\\/\\\/shop.pranichealing.ch\\\/fr\\\/#organization\",\"name\":\"Institut Pranic Healing Suisse\",\"url\":\"https:\\\/\\\/shop.pranichealing.ch\\\/fr\\\/\",\"logo\":{\"@type\":\"ImageObject\",\"inLanguage\":\"fr-FR\",\"@id\":\"https:\\\/\\\/shop.pranichealing.ch\\\/fr\\\/#\\\/schema\\\/logo\\\/image\\\/\",\"url\":\"https:\\\/\\\/shop.pranichealing.ch\\\/wp-content\\\/uploads\\\/2022\\\/02\\\/iphs.svg\",\"contentUrl\":\"https:\\\/\\\/shop.pranichealing.ch\\\/wp-content\\\/uploads\\\/2022\\\/02\\\/iphs.svg\",\"width\":416,\"height\":84,\"caption\":\"Institut Pranic Healing Suisse\"},\"image\":{\"@id\":\"https:\\\/\\\/shop.pranichealing.ch\\\/fr\\\/#\\\/schema\\\/logo\\\/image\\\/\"}}]}<\/script>\n<!-- \/ Yoast SEO plugin. -->","yoast_head_json":{"title":"Arhatic Dhyan Meditation - Institut Pranic Healing Suisse","description":"Kabbalistische und universelle Meditation zum VATER UNSER.","robots":{"index":"index","follow":"follow","max-snippet":"max-snippet:-1","max-image-preview":"max-image-preview:large","max-video-preview":"max-video-preview:-1"},"canonical":"https:\/\/shop.pranichealing.ch\/fr\/produkt\/arhatic-dhyan-meditation-cd\/","og_locale":"fr_FR","og_type":"article","og_title":"Arhatic Dhyan Meditation - Institut Pranic Healing Suisse","og_description":"Kabbalistische und universelle Meditation zum VATER UNSER.","og_url":"https:\/\/shop.pranichealing.ch\/fr\/produkt\/arhatic-dhyan-meditation-cd\/","og_site_name":"Institut Pranic Healing Suisse","og_image":[{"width":300,"height":300,"url":"https:\/\/shop.pranichealing.ch\/wp-content\/uploads\/2022\/07\/Dhyan.jpg","type":"image\/jpeg"}],"twitter_card":"summary_large_image","schema":{"@context":"https:\/\/schema.org","@graph":[{"@type":"WebPage","@id":"https:\/\/shop.pranichealing.ch\/fr\/produkt\/arhatic-dhyan-meditation-cd\/","url":"https:\/\/shop.pranichealing.ch\/fr\/produkt\/arhatic-dhyan-meditation-cd\/","name":"Arhatic Dhyan Meditation - Institut Pranic Healing Suisse","isPartOf":{"@id":"https:\/\/shop.pranichealing.ch\/fr\/#website"},"primaryImageOfPage":{"@id":"https:\/\/shop.pranichealing.ch\/fr\/produkt\/arhatic-dhyan-meditation-cd\/#primaryimage"},"image":{"@id":"https:\/\/shop.pranichealing.ch\/fr\/produkt\/arhatic-dhyan-meditation-cd\/#primaryimage"},"thumbnailUrl":"https:\/\/shop.pranichealing.ch\/wp-content\/uploads\/2022\/07\/Dhyan.jpg","datePublished":"2022-10-13T12:10:41+00:00","description":"Kabbalistische und universelle Meditation zum VATER UNSER.","breadcrumb":{"@id":"https:\/\/shop.pranichealing.ch\/fr\/produkt\/arhatic-dhyan-meditation-cd\/#breadcrumb"},"inLanguage":"fr-FR","potentialAction":[{"@type":"ReadAction","target":["https:\/\/shop.pranichealing.ch\/fr\/produkt\/arhatic-dhyan-meditation-cd\/"]}]},{"@type":"ImageObject","inLanguage":"fr-FR","@id":"https:\/\/shop.pranichealing.ch\/fr\/produkt\/arhatic-dhyan-meditation-cd\/#primaryimage","url":"https:\/\/shop.pranichealing.ch\/wp-content\/uploads\/2022\/07\/Dhyan.jpg","contentUrl":"https:\/\/shop.pranichealing.ch\/wp-content\/uploads\/2022\/07\/Dhyan.jpg","width":300,"height":300},{"@type":"BreadcrumbList","@id":"https:\/\/shop.pranichealing.ch\/fr\/produkt\/arhatic-dhyan-meditation-cd\/#breadcrumb","itemListElement":[{"@type":"ListItem","position":1,"name":"Startseite","item":"https:\/\/shop.pranichealing.ch\/fr\/livres\/"},{"@type":"ListItem","position":2,"name":"Boutique","item":"https:\/\/shop.pranichealing.ch\/fr\/boutique\/"},{"@type":"ListItem","position":3,"name":"Arhatic Dhyan Meditation"}]},{"@type":"WebSite","@id":"https:\/\/shop.pranichealing.ch\/fr\/#website","url":"https:\/\/shop.pranichealing.ch\/fr\/","name":"Institut Pranic Healing Suisse","description":"Onlineshop","publisher":{"@id":"https:\/\/shop.pranichealing.ch\/fr\/#organization"},"potentialAction":[{"@type":"SearchAction","target":{"@type":"EntryPoint","urlTemplate":"https:\/\/shop.pranichealing.ch\/fr\/?s={search_term_string}"},"query-input":{"@type":"PropertyValueSpecification","valueRequired":true,"valueName":"search_term_string"}}],"inLanguage":"fr-FR"},{"@type":"Organization","@id":"https:\/\/shop.pranichealing.ch\/fr\/#organization","name":"Institut Pranic Healing Suisse","url":"https:\/\/shop.pranichealing.ch\/fr\/","logo":{"@type":"ImageObject","inLanguage":"fr-FR","@id":"https:\/\/shop.pranichealing.ch\/fr\/#\/schema\/logo\/image\/","url":"https:\/\/shop.pranichealing.ch\/wp-content\/uploads\/2022\/02\/iphs.svg","contentUrl":"https:\/\/shop.pranichealing.ch\/wp-content\/uploads\/2022\/02\/iphs.svg","width":416,"height":84,"caption":"Institut Pranic Healing Suisse"},"image":{"@id":"https:\/\/shop.pranichealing.ch\/fr\/#\/schema\/logo\/image\/"}}]}},"_links":{"self":[{"href":"https:\/\/shop.pranichealing.ch\/fr\/wp-json\/wp\/v2\/product\/2852","targetHints":{"allow":["GET"]}}],"collection":[{"href":"https:\/\/shop.pranichealing.ch\/fr\/wp-json\/wp\/v2\/product"}],"about":[{"href":"https:\/\/shop.pranichealing.ch\/fr\/wp-json\/wp\/v2\/types\/product"}],"wp:featuredmedia":[{"embeddable":true,"href":"https:\/\/shop.pranichealing.ch\/fr\/wp-json\/wp\/v2\/media\/2856"}],"wp:attachment":[{"href":"https:\/\/shop.pranichealing.ch\/fr\/wp-json\/wp\/v2\/media?parent=2852"}],"wp:term":[{"taxonomy":"product_brand","embeddable":true,"href":"https:\/\/shop.pranichealing.ch\/fr\/wp-json\/wp\/v2\/product_brand?post=2852"},{"taxonomy":"product_cat","embeddable":true,"href":"https:\/\/shop.pranichealing.ch\/fr\/wp-json\/wp\/v2\/product_cat?post=2852"},{"taxonomy":"product_tag","embeddable":true,"href":"https:\/\/shop.pranichealing.ch\/fr\/wp-json\/wp\/v2\/product_tag?post=2852"}],"curies":[{"name":"wp","href":"https:\/\/api.w.org\/{rel}","templated":true}]}}