{"id":3044,"date":"2022-10-13T14:40:00","date_gmt":"2022-10-13T12:40:00","guid":{"rendered":"https:\/\/shop.pranichealing.ch\/produkt\/inner-purification-the-blue-triangle\/"},"modified":"2022-10-11T12:37:02","modified_gmt":"2022-10-11T10:37:02","slug":"inner-purification-cd","status":"publish","type":"product","link":"https:\/\/shop.pranichealing.ch\/fr\/produkt\/inner-purification-cd\/","title":{"rendered":"Inner Purification &#8211; the Blue Triangle"},"content":{"rendered":"<p>La version anglaise originale de la purification int\u00e9rieure est guid\u00e9e par Ma\u00eetre Choa Kok Sui.<\/p>\n<p>&nbsp;<\/p>\n<p>The Blue Triangle is your psychic garbage can. It is used to extract and disintegrate unwanted habits, vices and energies from within you.<\/p>\n<p>The longer and unwanted quality has been accumulating in your system, the more time it will take to remove it. These unwanted, undesirable energies may take the form of inner pain, repetitive or obsessive thoughts, compulsive or unwholesome habits or general weaknesses in your personality or in your nature.<\/p>\n<p>The process of extracting a particular unwanted quality should be repeated anywhere form 30 to 90 days. If the unwanted energy corresponds to a habit or a thoughtform that you have repeated in 10 to 20 lifetimes, then maybe it is possible that the process of extraction will take much longer than 90 days because of the excessive accumulation of garbage.<\/p>\n<p><strong> <\/strong><\/p>\n<p><strong>Uniquement pour les personnes qui ont suivi Arhatic Yoga niveau base.<\/strong><\/p>\n<p>&nbsp;<\/p>\n","protected":false},"excerpt":{"rendered":"<p>La version anglaise originale de la purification int\u00e9rieure est guid\u00e9e par Ma\u00eetre Choa Kok Sui. &nbsp; The Blue Triangle is your psychic garbage can. It is used to extract and disintegrate unwanted habits, vices and energies from within you. The longer and unwanted quality has been accumulating in your system, the more time it will&hellip; <a class=\"more-link\" href=\"https:\/\/shop.pranichealing.ch\/fr\/produkt\/inner-purification-cd\/\">Poursuivre la lecture <span class=\"screen-reader-text\">Inner Purification &#8211; the Blue Triangle<\/span><\/a><\/p>\n","protected":false},"featured_media":3022,"template":"","meta":{"inline_featured_image":false},"product_brand":[],"product_cat":[83,65],"product_tag":[],"class_list":{"0":"post-3044","1":"product","2":"type-product","3":"status-publish","4":"has-post-thumbnail","6":"product_cat-arhatic-yoga-fr","7":"product_cat-de-fr","8":"entry","10":"first","11":"instock","12":"taxable","13":"shipping-taxable","14":"purchasable","15":"product-type-simple"},"yoast_head":"<!-- This site is optimized with the Yoast SEO plugin v27.3 - https:\/\/yoast.com\/product\/yoast-seo-wordpress\/ -->\n<title>Inner Purification - the Blue Triangle - Institut Pranic Healing Suisse<\/title>\n<meta name=\"robots\" content=\"index, follow, max-snippet:-1, max-image-preview:large, max-video-preview:-1\" \/>\n<link rel=\"canonical\" href=\"https:\/\/shop.pranichealing.ch\/fr\/produkt\/inner-purification-cd\/\" \/>\n<meta property=\"og:locale\" content=\"fr_FR\" \/>\n<meta property=\"og:type\" content=\"article\" \/>\n<meta property=\"og:title\" content=\"Inner Purification - the Blue Triangle - Institut Pranic Healing Suisse\" \/>\n<meta property=\"og:description\" content=\"La version anglaise originale de la purification int\u00e9rieure est guid\u00e9e par Ma\u00eetre Choa Kok Sui. &nbsp; The Blue Triangle is your psychic garbage can. It is used to extract and disintegrate unwanted habits, vices and energies from within you. The longer and unwanted quality has been accumulating in your system, the more time it will&hellip; Poursuivre la lecture Inner Purification &#8211; the Blue Triangle\" \/>\n<meta property=\"og:url\" content=\"https:\/\/shop.pranichealing.ch\/fr\/produkt\/inner-purification-cd\/\" \/>\n<meta property=\"og:site_name\" content=\"Institut Pranic Healing Suisse\" \/>\n<meta property=\"og:image\" content=\"https:\/\/shop.pranichealing.ch\/wp-content\/uploads\/2022\/07\/Blue-triangle.jpg\" \/>\n\t<meta property=\"og:image:width\" content=\"300\" \/>\n\t<meta property=\"og:image:height\" content=\"300\" \/>\n\t<meta property=\"og:image:type\" content=\"image\/jpeg\" \/>\n<meta name=\"twitter:card\" content=\"summary_large_image\" \/>\n<meta name=\"twitter:label1\" content=\"Dur\u00e9e de lecture estim\u00e9e\" \/>\n\t<meta name=\"twitter:data1\" content=\"1 minute\" \/>\n<script type=\"application\/ld+json\" class=\"yoast-schema-graph\">{\"@context\":\"https:\\\/\\\/schema.org\",\"@graph\":[{\"@type\":\"WebPage\",\"@id\":\"https:\\\/\\\/shop.pranichealing.ch\\\/fr\\\/produkt\\\/inner-purification-cd\\\/\",\"url\":\"https:\\\/\\\/shop.pranichealing.ch\\\/fr\\\/produkt\\\/inner-purification-cd\\\/\",\"name\":\"Inner Purification - the Blue Triangle - Institut Pranic Healing Suisse\",\"isPartOf\":{\"@id\":\"https:\\\/\\\/shop.pranichealing.ch\\\/fr\\\/#website\"},\"primaryImageOfPage\":{\"@id\":\"https:\\\/\\\/shop.pranichealing.ch\\\/fr\\\/produkt\\\/inner-purification-cd\\\/#primaryimage\"},\"image\":{\"@id\":\"https:\\\/\\\/shop.pranichealing.ch\\\/fr\\\/produkt\\\/inner-purification-cd\\\/#primaryimage\"},\"thumbnailUrl\":\"https:\\\/\\\/shop.pranichealing.ch\\\/wp-content\\\/uploads\\\/2022\\\/07\\\/Blue-triangle.jpg\",\"datePublished\":\"2022-10-13T12:40:00+00:00\",\"breadcrumb\":{\"@id\":\"https:\\\/\\\/shop.pranichealing.ch\\\/fr\\\/produkt\\\/inner-purification-cd\\\/#breadcrumb\"},\"inLanguage\":\"fr-FR\",\"potentialAction\":[{\"@type\":\"ReadAction\",\"target\":[\"https:\\\/\\\/shop.pranichealing.ch\\\/fr\\\/produkt\\\/inner-purification-cd\\\/\"]}]},{\"@type\":\"ImageObject\",\"inLanguage\":\"fr-FR\",\"@id\":\"https:\\\/\\\/shop.pranichealing.ch\\\/fr\\\/produkt\\\/inner-purification-cd\\\/#primaryimage\",\"url\":\"https:\\\/\\\/shop.pranichealing.ch\\\/wp-content\\\/uploads\\\/2022\\\/07\\\/Blue-triangle.jpg\",\"contentUrl\":\"https:\\\/\\\/shop.pranichealing.ch\\\/wp-content\\\/uploads\\\/2022\\\/07\\\/Blue-triangle.jpg\",\"width\":300,\"height\":300},{\"@type\":\"BreadcrumbList\",\"@id\":\"https:\\\/\\\/shop.pranichealing.ch\\\/fr\\\/produkt\\\/inner-purification-cd\\\/#breadcrumb\",\"itemListElement\":[{\"@type\":\"ListItem\",\"position\":1,\"name\":\"Startseite\",\"item\":\"https:\\\/\\\/shop.pranichealing.ch\\\/fr\\\/livres\\\/\"},{\"@type\":\"ListItem\",\"position\":2,\"name\":\"Boutique\",\"item\":\"https:\\\/\\\/shop.pranichealing.ch\\\/fr\\\/boutique\\\/\"},{\"@type\":\"ListItem\",\"position\":3,\"name\":\"Inner Purification &#8211; the Blue Triangle\"}]},{\"@type\":\"WebSite\",\"@id\":\"https:\\\/\\\/shop.pranichealing.ch\\\/fr\\\/#website\",\"url\":\"https:\\\/\\\/shop.pranichealing.ch\\\/fr\\\/\",\"name\":\"Institut Pranic Healing Suisse\",\"description\":\"Onlineshop\",\"publisher\":{\"@id\":\"https:\\\/\\\/shop.pranichealing.ch\\\/fr\\\/#organization\"},\"potentialAction\":[{\"@type\":\"SearchAction\",\"target\":{\"@type\":\"EntryPoint\",\"urlTemplate\":\"https:\\\/\\\/shop.pranichealing.ch\\\/fr\\\/?s={search_term_string}\"},\"query-input\":{\"@type\":\"PropertyValueSpecification\",\"valueRequired\":true,\"valueName\":\"search_term_string\"}}],\"inLanguage\":\"fr-FR\"},{\"@type\":\"Organization\",\"@id\":\"https:\\\/\\\/shop.pranichealing.ch\\\/fr\\\/#organization\",\"name\":\"Institut Pranic Healing Suisse\",\"url\":\"https:\\\/\\\/shop.pranichealing.ch\\\/fr\\\/\",\"logo\":{\"@type\":\"ImageObject\",\"inLanguage\":\"fr-FR\",\"@id\":\"https:\\\/\\\/shop.pranichealing.ch\\\/fr\\\/#\\\/schema\\\/logo\\\/image\\\/\",\"url\":\"https:\\\/\\\/shop.pranichealing.ch\\\/wp-content\\\/uploads\\\/2022\\\/02\\\/iphs.svg\",\"contentUrl\":\"https:\\\/\\\/shop.pranichealing.ch\\\/wp-content\\\/uploads\\\/2022\\\/02\\\/iphs.svg\",\"width\":416,\"height\":84,\"caption\":\"Institut Pranic Healing Suisse\"},\"image\":{\"@id\":\"https:\\\/\\\/shop.pranichealing.ch\\\/fr\\\/#\\\/schema\\\/logo\\\/image\\\/\"}}]}<\/script>\n<!-- \/ Yoast SEO plugin. -->","yoast_head_json":{"title":"Inner Purification - the Blue Triangle - Institut Pranic Healing Suisse","robots":{"index":"index","follow":"follow","max-snippet":"max-snippet:-1","max-image-preview":"max-image-preview:large","max-video-preview":"max-video-preview:-1"},"canonical":"https:\/\/shop.pranichealing.ch\/fr\/produkt\/inner-purification-cd\/","og_locale":"fr_FR","og_type":"article","og_title":"Inner Purification - the Blue Triangle - Institut Pranic Healing Suisse","og_description":"La version anglaise originale de la purification int\u00e9rieure est guid\u00e9e par Ma\u00eetre Choa Kok Sui. &nbsp; The Blue Triangle is your psychic garbage can. It is used to extract and disintegrate unwanted habits, vices and energies from within you. The longer and unwanted quality has been accumulating in your system, the more time it will&hellip; Poursuivre la lecture Inner Purification &#8211; the Blue Triangle","og_url":"https:\/\/shop.pranichealing.ch\/fr\/produkt\/inner-purification-cd\/","og_site_name":"Institut Pranic Healing Suisse","og_image":[{"width":300,"height":300,"url":"https:\/\/shop.pranichealing.ch\/wp-content\/uploads\/2022\/07\/Blue-triangle.jpg","type":"image\/jpeg"}],"twitter_card":"summary_large_image","twitter_misc":{"Dur\u00e9e de lecture estim\u00e9e":"1 minute"},"schema":{"@context":"https:\/\/schema.org","@graph":[{"@type":"WebPage","@id":"https:\/\/shop.pranichealing.ch\/fr\/produkt\/inner-purification-cd\/","url":"https:\/\/shop.pranichealing.ch\/fr\/produkt\/inner-purification-cd\/","name":"Inner Purification - the Blue Triangle - Institut Pranic Healing Suisse","isPartOf":{"@id":"https:\/\/shop.pranichealing.ch\/fr\/#website"},"primaryImageOfPage":{"@id":"https:\/\/shop.pranichealing.ch\/fr\/produkt\/inner-purification-cd\/#primaryimage"},"image":{"@id":"https:\/\/shop.pranichealing.ch\/fr\/produkt\/inner-purification-cd\/#primaryimage"},"thumbnailUrl":"https:\/\/shop.pranichealing.ch\/wp-content\/uploads\/2022\/07\/Blue-triangle.jpg","datePublished":"2022-10-13T12:40:00+00:00","breadcrumb":{"@id":"https:\/\/shop.pranichealing.ch\/fr\/produkt\/inner-purification-cd\/#breadcrumb"},"inLanguage":"fr-FR","potentialAction":[{"@type":"ReadAction","target":["https:\/\/shop.pranichealing.ch\/fr\/produkt\/inner-purification-cd\/"]}]},{"@type":"ImageObject","inLanguage":"fr-FR","@id":"https:\/\/shop.pranichealing.ch\/fr\/produkt\/inner-purification-cd\/#primaryimage","url":"https:\/\/shop.pranichealing.ch\/wp-content\/uploads\/2022\/07\/Blue-triangle.jpg","contentUrl":"https:\/\/shop.pranichealing.ch\/wp-content\/uploads\/2022\/07\/Blue-triangle.jpg","width":300,"height":300},{"@type":"BreadcrumbList","@id":"https:\/\/shop.pranichealing.ch\/fr\/produkt\/inner-purification-cd\/#breadcrumb","itemListElement":[{"@type":"ListItem","position":1,"name":"Startseite","item":"https:\/\/shop.pranichealing.ch\/fr\/livres\/"},{"@type":"ListItem","position":2,"name":"Boutique","item":"https:\/\/shop.pranichealing.ch\/fr\/boutique\/"},{"@type":"ListItem","position":3,"name":"Inner Purification &#8211; the Blue Triangle"}]},{"@type":"WebSite","@id":"https:\/\/shop.pranichealing.ch\/fr\/#website","url":"https:\/\/shop.pranichealing.ch\/fr\/","name":"Institut Pranic Healing Suisse","description":"Onlineshop","publisher":{"@id":"https:\/\/shop.pranichealing.ch\/fr\/#organization"},"potentialAction":[{"@type":"SearchAction","target":{"@type":"EntryPoint","urlTemplate":"https:\/\/shop.pranichealing.ch\/fr\/?s={search_term_string}"},"query-input":{"@type":"PropertyValueSpecification","valueRequired":true,"valueName":"search_term_string"}}],"inLanguage":"fr-FR"},{"@type":"Organization","@id":"https:\/\/shop.pranichealing.ch\/fr\/#organization","name":"Institut Pranic Healing Suisse","url":"https:\/\/shop.pranichealing.ch\/fr\/","logo":{"@type":"ImageObject","inLanguage":"fr-FR","@id":"https:\/\/shop.pranichealing.ch\/fr\/#\/schema\/logo\/image\/","url":"https:\/\/shop.pranichealing.ch\/wp-content\/uploads\/2022\/02\/iphs.svg","contentUrl":"https:\/\/shop.pranichealing.ch\/wp-content\/uploads\/2022\/02\/iphs.svg","width":416,"height":84,"caption":"Institut Pranic Healing Suisse"},"image":{"@id":"https:\/\/shop.pranichealing.ch\/fr\/#\/schema\/logo\/image\/"}}]}},"_links":{"self":[{"href":"https:\/\/shop.pranichealing.ch\/fr\/wp-json\/wp\/v2\/product\/3044","targetHints":{"allow":["GET"]}}],"collection":[{"href":"https:\/\/shop.pranichealing.ch\/fr\/wp-json\/wp\/v2\/product"}],"about":[{"href":"https:\/\/shop.pranichealing.ch\/fr\/wp-json\/wp\/v2\/types\/product"}],"wp:featuredmedia":[{"embeddable":true,"href":"https:\/\/shop.pranichealing.ch\/fr\/wp-json\/wp\/v2\/media\/3022"}],"wp:attachment":[{"href":"https:\/\/shop.pranichealing.ch\/fr\/wp-json\/wp\/v2\/media?parent=3044"}],"wp:term":[{"taxonomy":"product_brand","embeddable":true,"href":"https:\/\/shop.pranichealing.ch\/fr\/wp-json\/wp\/v2\/product_brand?post=3044"},{"taxonomy":"product_cat","embeddable":true,"href":"https:\/\/shop.pranichealing.ch\/fr\/wp-json\/wp\/v2\/product_cat?post=3044"},{"taxonomy":"product_tag","embeddable":true,"href":"https:\/\/shop.pranichealing.ch\/fr\/wp-json\/wp\/v2\/product_tag?post=3044"}],"curies":[{"name":"wp","href":"https:\/\/api.w.org\/{rel}","templated":true}]}}