{"id":3052,"date":"2022-10-13T14:00:45","date_gmt":"2022-10-13T12:00:45","guid":{"rendered":"https:\/\/shop.pranichealing.ch\/produkt\/kundalini-meditation\/"},"modified":"2022-10-11T12:35:54","modified_gmt":"2022-10-11T10:35:54","slug":"kundalini-meditation-cd","status":"publish","type":"product","link":"https:\/\/shop.pranichealing.ch\/fr\/produkt\/kundalini-meditation-cd\/","title":{"rendered":"Kundalini Meditation"},"content":{"rendered":"<p>La version anglaise originale de la m\u00e9ditation Kundalini est guid\u00e9e par Ma\u00eetre Choa Kok Sui.<\/p>\n<p>&nbsp;<\/p>\n<p>Arhatic Yoga Kundalini Meditation, also known as Meditation on the Inner Breath, is a fundamental and major Arhatic Yoga meditation. It focuses on circulating energy that clean, energise and balance the chakras and the aura resulting in the purification of the energy bodies, safe awakening of the sacred fire of Kundalini and development of inner awareness and expansion of consciousness. This 4.5 cycle version is interlaced with the chanting of the OM \u2013 The Divine Sound by Grand Master Choa Kok Sui.<\/p>\n<p>&nbsp;<\/p>\n<p><strong>Uniquement pour les personnes qui ont suivi Arhatic Yoga niveau base.<\/strong><\/p>\n","protected":false},"excerpt":{"rendered":"<p>La version anglaise originale de la m\u00e9ditation Kundalini est guid\u00e9e par Ma\u00eetre Choa Kok Sui. &nbsp; Arhatic Yoga Kundalini Meditation, also known as Meditation on the Inner Breath, is a fundamental and major Arhatic Yoga meditation. It focuses on circulating energy that clean, energise and balance the chakras and the aura resulting in the purification&hellip; <a class=\"more-link\" href=\"https:\/\/shop.pranichealing.ch\/fr\/produkt\/kundalini-meditation-cd\/\">Poursuivre la lecture <span class=\"screen-reader-text\">Kundalini Meditation<\/span><\/a><\/p>\n","protected":false},"featured_media":2750,"template":"","meta":{"inline_featured_image":false},"product_brand":[],"product_cat":[83,65],"product_tag":[],"class_list":{"0":"post-3052","1":"product","2":"type-product","3":"status-publish","4":"has-post-thumbnail","6":"product_cat-arhatic-yoga-fr","7":"product_cat-de-fr","8":"entry","10":"first","11":"instock","12":"taxable","13":"shipping-taxable","14":"purchasable","15":"product-type-simple"},"yoast_head":"<!-- This site is optimized with the Yoast SEO plugin v27.3 - https:\/\/yoast.com\/product\/yoast-seo-wordpress\/ -->\n<title>Kundalini Meditation - Institut Pranic Healing Suisse<\/title>\n<meta name=\"robots\" content=\"index, follow, max-snippet:-1, max-image-preview:large, max-video-preview:-1\" \/>\n<link rel=\"canonical\" href=\"https:\/\/shop.pranichealing.ch\/fr\/produkt\/kundalini-meditation-cd\/\" \/>\n<meta property=\"og:locale\" content=\"fr_FR\" \/>\n<meta property=\"og:type\" content=\"article\" \/>\n<meta property=\"og:title\" content=\"Kundalini Meditation - Institut Pranic Healing Suisse\" \/>\n<meta property=\"og:description\" content=\"La version anglaise originale de la m\u00e9ditation Kundalini est guid\u00e9e par Ma\u00eetre Choa Kok Sui. &nbsp; Arhatic Yoga Kundalini Meditation, also known as Meditation on the Inner Breath, is a fundamental and major Arhatic Yoga meditation. It focuses on circulating energy that clean, energise and balance the chakras and the aura resulting in the purification&hellip; Poursuivre la lecture Kundalini Meditation\" \/>\n<meta property=\"og:url\" content=\"https:\/\/shop.pranichealing.ch\/fr\/produkt\/kundalini-meditation-cd\/\" \/>\n<meta property=\"og:site_name\" content=\"Institut Pranic Healing Suisse\" \/>\n<meta property=\"og:image\" content=\"https:\/\/shop.pranichealing.ch\/wp-content\/uploads\/2022\/07\/KUNDALINI-MEDITATION-II-300x300-1.webp\" \/>\n\t<meta property=\"og:image:width\" content=\"300\" \/>\n\t<meta property=\"og:image:height\" content=\"300\" \/>\n\t<meta property=\"og:image:type\" content=\"image\/webp\" \/>\n<meta name=\"twitter:card\" content=\"summary_large_image\" \/>\n<meta name=\"twitter:label1\" content=\"Dur\u00e9e de lecture estim\u00e9e\" \/>\n\t<meta name=\"twitter:data1\" content=\"1 minute\" \/>\n<script type=\"application\/ld+json\" class=\"yoast-schema-graph\">{\"@context\":\"https:\\\/\\\/schema.org\",\"@graph\":[{\"@type\":\"WebPage\",\"@id\":\"https:\\\/\\\/shop.pranichealing.ch\\\/fr\\\/produkt\\\/kundalini-meditation-cd\\\/\",\"url\":\"https:\\\/\\\/shop.pranichealing.ch\\\/fr\\\/produkt\\\/kundalini-meditation-cd\\\/\",\"name\":\"Kundalini Meditation - Institut Pranic Healing Suisse\",\"isPartOf\":{\"@id\":\"https:\\\/\\\/shop.pranichealing.ch\\\/fr\\\/#website\"},\"primaryImageOfPage\":{\"@id\":\"https:\\\/\\\/shop.pranichealing.ch\\\/fr\\\/produkt\\\/kundalini-meditation-cd\\\/#primaryimage\"},\"image\":{\"@id\":\"https:\\\/\\\/shop.pranichealing.ch\\\/fr\\\/produkt\\\/kundalini-meditation-cd\\\/#primaryimage\"},\"thumbnailUrl\":\"https:\\\/\\\/shop.pranichealing.ch\\\/wp-content\\\/uploads\\\/2022\\\/07\\\/KUNDALINI-MEDITATION-II-300x300-1.webp\",\"datePublished\":\"2022-10-13T12:00:45+00:00\",\"breadcrumb\":{\"@id\":\"https:\\\/\\\/shop.pranichealing.ch\\\/fr\\\/produkt\\\/kundalini-meditation-cd\\\/#breadcrumb\"},\"inLanguage\":\"fr-FR\",\"potentialAction\":[{\"@type\":\"ReadAction\",\"target\":[\"https:\\\/\\\/shop.pranichealing.ch\\\/fr\\\/produkt\\\/kundalini-meditation-cd\\\/\"]}]},{\"@type\":\"ImageObject\",\"inLanguage\":\"fr-FR\",\"@id\":\"https:\\\/\\\/shop.pranichealing.ch\\\/fr\\\/produkt\\\/kundalini-meditation-cd\\\/#primaryimage\",\"url\":\"https:\\\/\\\/shop.pranichealing.ch\\\/wp-content\\\/uploads\\\/2022\\\/07\\\/KUNDALINI-MEDITATION-II-300x300-1.webp\",\"contentUrl\":\"https:\\\/\\\/shop.pranichealing.ch\\\/wp-content\\\/uploads\\\/2022\\\/07\\\/KUNDALINI-MEDITATION-II-300x300-1.webp\",\"width\":300,\"height\":300},{\"@type\":\"BreadcrumbList\",\"@id\":\"https:\\\/\\\/shop.pranichealing.ch\\\/fr\\\/produkt\\\/kundalini-meditation-cd\\\/#breadcrumb\",\"itemListElement\":[{\"@type\":\"ListItem\",\"position\":1,\"name\":\"Startseite\",\"item\":\"https:\\\/\\\/shop.pranichealing.ch\\\/fr\\\/livres\\\/\"},{\"@type\":\"ListItem\",\"position\":2,\"name\":\"Boutique\",\"item\":\"https:\\\/\\\/shop.pranichealing.ch\\\/fr\\\/boutique\\\/\"},{\"@type\":\"ListItem\",\"position\":3,\"name\":\"Kundalini Meditation\"}]},{\"@type\":\"WebSite\",\"@id\":\"https:\\\/\\\/shop.pranichealing.ch\\\/fr\\\/#website\",\"url\":\"https:\\\/\\\/shop.pranichealing.ch\\\/fr\\\/\",\"name\":\"Institut Pranic Healing Suisse\",\"description\":\"Onlineshop\",\"publisher\":{\"@id\":\"https:\\\/\\\/shop.pranichealing.ch\\\/fr\\\/#organization\"},\"potentialAction\":[{\"@type\":\"SearchAction\",\"target\":{\"@type\":\"EntryPoint\",\"urlTemplate\":\"https:\\\/\\\/shop.pranichealing.ch\\\/fr\\\/?s={search_term_string}\"},\"query-input\":{\"@type\":\"PropertyValueSpecification\",\"valueRequired\":true,\"valueName\":\"search_term_string\"}}],\"inLanguage\":\"fr-FR\"},{\"@type\":\"Organization\",\"@id\":\"https:\\\/\\\/shop.pranichealing.ch\\\/fr\\\/#organization\",\"name\":\"Institut Pranic Healing Suisse\",\"url\":\"https:\\\/\\\/shop.pranichealing.ch\\\/fr\\\/\",\"logo\":{\"@type\":\"ImageObject\",\"inLanguage\":\"fr-FR\",\"@id\":\"https:\\\/\\\/shop.pranichealing.ch\\\/fr\\\/#\\\/schema\\\/logo\\\/image\\\/\",\"url\":\"https:\\\/\\\/shop.pranichealing.ch\\\/wp-content\\\/uploads\\\/2022\\\/02\\\/iphs.svg\",\"contentUrl\":\"https:\\\/\\\/shop.pranichealing.ch\\\/wp-content\\\/uploads\\\/2022\\\/02\\\/iphs.svg\",\"width\":416,\"height\":84,\"caption\":\"Institut Pranic Healing Suisse\"},\"image\":{\"@id\":\"https:\\\/\\\/shop.pranichealing.ch\\\/fr\\\/#\\\/schema\\\/logo\\\/image\\\/\"}}]}<\/script>\n<!-- \/ Yoast SEO plugin. -->","yoast_head_json":{"title":"Kundalini Meditation - Institut Pranic Healing Suisse","robots":{"index":"index","follow":"follow","max-snippet":"max-snippet:-1","max-image-preview":"max-image-preview:large","max-video-preview":"max-video-preview:-1"},"canonical":"https:\/\/shop.pranichealing.ch\/fr\/produkt\/kundalini-meditation-cd\/","og_locale":"fr_FR","og_type":"article","og_title":"Kundalini Meditation - Institut Pranic Healing Suisse","og_description":"La version anglaise originale de la m\u00e9ditation Kundalini est guid\u00e9e par Ma\u00eetre Choa Kok Sui. &nbsp; Arhatic Yoga Kundalini Meditation, also known as Meditation on the Inner Breath, is a fundamental and major Arhatic Yoga meditation. It focuses on circulating energy that clean, energise and balance the chakras and the aura resulting in the purification&hellip; Poursuivre la lecture Kundalini Meditation","og_url":"https:\/\/shop.pranichealing.ch\/fr\/produkt\/kundalini-meditation-cd\/","og_site_name":"Institut Pranic Healing Suisse","og_image":[{"width":300,"height":300,"url":"https:\/\/shop.pranichealing.ch\/wp-content\/uploads\/2022\/07\/KUNDALINI-MEDITATION-II-300x300-1.webp","type":"image\/webp"}],"twitter_card":"summary_large_image","twitter_misc":{"Dur\u00e9e de lecture estim\u00e9e":"1 minute"},"schema":{"@context":"https:\/\/schema.org","@graph":[{"@type":"WebPage","@id":"https:\/\/shop.pranichealing.ch\/fr\/produkt\/kundalini-meditation-cd\/","url":"https:\/\/shop.pranichealing.ch\/fr\/produkt\/kundalini-meditation-cd\/","name":"Kundalini Meditation - Institut Pranic Healing Suisse","isPartOf":{"@id":"https:\/\/shop.pranichealing.ch\/fr\/#website"},"primaryImageOfPage":{"@id":"https:\/\/shop.pranichealing.ch\/fr\/produkt\/kundalini-meditation-cd\/#primaryimage"},"image":{"@id":"https:\/\/shop.pranichealing.ch\/fr\/produkt\/kundalini-meditation-cd\/#primaryimage"},"thumbnailUrl":"https:\/\/shop.pranichealing.ch\/wp-content\/uploads\/2022\/07\/KUNDALINI-MEDITATION-II-300x300-1.webp","datePublished":"2022-10-13T12:00:45+00:00","breadcrumb":{"@id":"https:\/\/shop.pranichealing.ch\/fr\/produkt\/kundalini-meditation-cd\/#breadcrumb"},"inLanguage":"fr-FR","potentialAction":[{"@type":"ReadAction","target":["https:\/\/shop.pranichealing.ch\/fr\/produkt\/kundalini-meditation-cd\/"]}]},{"@type":"ImageObject","inLanguage":"fr-FR","@id":"https:\/\/shop.pranichealing.ch\/fr\/produkt\/kundalini-meditation-cd\/#primaryimage","url":"https:\/\/shop.pranichealing.ch\/wp-content\/uploads\/2022\/07\/KUNDALINI-MEDITATION-II-300x300-1.webp","contentUrl":"https:\/\/shop.pranichealing.ch\/wp-content\/uploads\/2022\/07\/KUNDALINI-MEDITATION-II-300x300-1.webp","width":300,"height":300},{"@type":"BreadcrumbList","@id":"https:\/\/shop.pranichealing.ch\/fr\/produkt\/kundalini-meditation-cd\/#breadcrumb","itemListElement":[{"@type":"ListItem","position":1,"name":"Startseite","item":"https:\/\/shop.pranichealing.ch\/fr\/livres\/"},{"@type":"ListItem","position":2,"name":"Boutique","item":"https:\/\/shop.pranichealing.ch\/fr\/boutique\/"},{"@type":"ListItem","position":3,"name":"Kundalini Meditation"}]},{"@type":"WebSite","@id":"https:\/\/shop.pranichealing.ch\/fr\/#website","url":"https:\/\/shop.pranichealing.ch\/fr\/","name":"Institut Pranic Healing Suisse","description":"Onlineshop","publisher":{"@id":"https:\/\/shop.pranichealing.ch\/fr\/#organization"},"potentialAction":[{"@type":"SearchAction","target":{"@type":"EntryPoint","urlTemplate":"https:\/\/shop.pranichealing.ch\/fr\/?s={search_term_string}"},"query-input":{"@type":"PropertyValueSpecification","valueRequired":true,"valueName":"search_term_string"}}],"inLanguage":"fr-FR"},{"@type":"Organization","@id":"https:\/\/shop.pranichealing.ch\/fr\/#organization","name":"Institut Pranic Healing Suisse","url":"https:\/\/shop.pranichealing.ch\/fr\/","logo":{"@type":"ImageObject","inLanguage":"fr-FR","@id":"https:\/\/shop.pranichealing.ch\/fr\/#\/schema\/logo\/image\/","url":"https:\/\/shop.pranichealing.ch\/wp-content\/uploads\/2022\/02\/iphs.svg","contentUrl":"https:\/\/shop.pranichealing.ch\/wp-content\/uploads\/2022\/02\/iphs.svg","width":416,"height":84,"caption":"Institut Pranic Healing Suisse"},"image":{"@id":"https:\/\/shop.pranichealing.ch\/fr\/#\/schema\/logo\/image\/"}}]}},"_links":{"self":[{"href":"https:\/\/shop.pranichealing.ch\/fr\/wp-json\/wp\/v2\/product\/3052","targetHints":{"allow":["GET"]}}],"collection":[{"href":"https:\/\/shop.pranichealing.ch\/fr\/wp-json\/wp\/v2\/product"}],"about":[{"href":"https:\/\/shop.pranichealing.ch\/fr\/wp-json\/wp\/v2\/types\/product"}],"wp:featuredmedia":[{"embeddable":true,"href":"https:\/\/shop.pranichealing.ch\/fr\/wp-json\/wp\/v2\/media\/2750"}],"wp:attachment":[{"href":"https:\/\/shop.pranichealing.ch\/fr\/wp-json\/wp\/v2\/media?parent=3052"}],"wp:term":[{"taxonomy":"product_brand","embeddable":true,"href":"https:\/\/shop.pranichealing.ch\/fr\/wp-json\/wp\/v2\/product_brand?post=3052"},{"taxonomy":"product_cat","embeddable":true,"href":"https:\/\/shop.pranichealing.ch\/fr\/wp-json\/wp\/v2\/product_cat?post=3052"},{"taxonomy":"product_tag","embeddable":true,"href":"https:\/\/shop.pranichealing.ch\/fr\/wp-json\/wp\/v2\/product_tag?post=3052"}],"curies":[{"name":"wp","href":"https:\/\/api.w.org\/{rel}","templated":true}]}}