{"id":3910,"date":"2024-09-23T16:42:04","date_gmt":"2024-09-23T14:42:04","guid":{"rendered":"https:\/\/shop.pranichealing.ch\/produkt\/meditation-for-soul-realization-download\/"},"modified":"2024-09-23T18:27:17","modified_gmt":"2024-09-23T16:27:17","slug":"meditation-for-soul-realization-download","status":"publish","type":"product","link":"https:\/\/shop.pranichealing.ch\/fr\/produkt\/meditation-for-soul-realization-download\/","title":{"rendered":"Meditation for Soul Realization (Download)"},"content":{"rendered":"<p>La version anglaise originale de la M\u00e9ditation sur l&rsquo;\u00e2me est guid\u00e9e par Ma\u00eetre Choa Kok Sui. The \u00ab\u00a0Meditation for Soul Realization\u00a0\u00bb is a synthesis of ancient meditation techniques that have been kept secret for centuries. The meditation enables the practitioner to accelerate the union of the incarnated soul with the higher soul. This process is known as \u201csoul realization\u201d or \u201cenlightenment\u201d. By meditating on the Higher Soul, we become one with the \u201cI AM\u201d or the \u201cDivine Nature\u201d within us all.    <strong>Uniquement pour les personnes qui ont suivi le s\u00e9minaire \u00ab\u00a0Connaissance de l&rsquo;\u00e2me\u00a0\u00bb.<\/strong><\/p>\n","protected":false},"excerpt":{"rendered":"<p>La version anglaise originale de la M\u00e9ditation sur l&rsquo;\u00e2me est guid\u00e9e par Ma\u00eetre Choa Kok Sui. The \u00ab\u00a0Meditation for Soul Realization\u00a0\u00bb is a synthesis of ancient meditation techniques that have been kept secret for centuries. The meditation enables the practitioner to accelerate the union of the incarnated soul with the higher soul. This process is&hellip; <a class=\"more-link\" href=\"https:\/\/shop.pranichealing.ch\/fr\/produkt\/meditation-for-soul-realization-download\/\">Poursuivre la lecture <span class=\"screen-reader-text\">Meditation for Soul Realization (Download)<\/span><\/a><\/p>\n","protected":false},"featured_media":3907,"template":"","meta":{"inline_featured_image":false},"product_brand":[],"product_cat":[87],"product_tag":[],"class_list":{"0":"post-3910","1":"product","2":"type-product","3":"status-publish","4":"has-post-thumbnail","6":"product_cat-seelen-fr","7":"entry","9":"first","10":"instock","11":"downloadable","12":"virtual","13":"taxable","14":"purchasable","15":"product-type-simple"},"yoast_head":"<!-- This site is optimized with the Yoast SEO plugin v27.3 - https:\/\/yoast.com\/product\/yoast-seo-wordpress\/ -->\n<title>Meditation for Soul Realization (Download) - Institut Pranic Healing Suisse<\/title>\n<meta name=\"robots\" content=\"index, follow, max-snippet:-1, max-image-preview:large, max-video-preview:-1\" \/>\n<link rel=\"canonical\" href=\"https:\/\/shop.pranichealing.ch\/fr\/produkt\/meditation-for-soul-realization-download\/\" \/>\n<meta property=\"og:locale\" content=\"fr_FR\" \/>\n<meta property=\"og:type\" content=\"article\" \/>\n<meta property=\"og:title\" content=\"Meditation for Soul Realization (Download) - Institut Pranic Healing Suisse\" \/>\n<meta property=\"og:description\" content=\"La version anglaise originale de la M\u00e9ditation sur l&rsquo;\u00e2me est guid\u00e9e par Ma\u00eetre Choa Kok Sui. The \u00ab\u00a0Meditation for Soul Realization\u00a0\u00bb is a synthesis of ancient meditation techniques that have been kept secret for centuries. The meditation enables the practitioner to accelerate the union of the incarnated soul with the higher soul. This process is&hellip; Poursuivre la lecture Meditation for Soul Realization (Download)\" \/>\n<meta property=\"og:url\" content=\"https:\/\/shop.pranichealing.ch\/fr\/produkt\/meditation-for-soul-realization-download\/\" \/>\n<meta property=\"og:site_name\" content=\"Institut Pranic Healing Suisse\" \/>\n<meta property=\"article:modified_time\" content=\"2024-09-23T16:27:17+00:00\" \/>\n<meta property=\"og:image\" content=\"https:\/\/shop.pranichealing.ch\/wp-content\/uploads\/2024\/09\/Meditation-for-Soul-Realization_Cover.jpg\" \/>\n\t<meta property=\"og:image:width\" content=\"200\" \/>\n\t<meta property=\"og:image:height\" content=\"200\" \/>\n\t<meta property=\"og:image:type\" content=\"image\/jpeg\" \/>\n<meta name=\"twitter:card\" content=\"summary_large_image\" \/>\n<script type=\"application\/ld+json\" class=\"yoast-schema-graph\">{\"@context\":\"https:\\\/\\\/schema.org\",\"@graph\":[{\"@type\":\"WebPage\",\"@id\":\"https:\\\/\\\/shop.pranichealing.ch\\\/fr\\\/produkt\\\/meditation-for-soul-realization-download\\\/\",\"url\":\"https:\\\/\\\/shop.pranichealing.ch\\\/fr\\\/produkt\\\/meditation-for-soul-realization-download\\\/\",\"name\":\"Meditation for Soul Realization (Download) - Institut Pranic Healing Suisse\",\"isPartOf\":{\"@id\":\"https:\\\/\\\/shop.pranichealing.ch\\\/fr\\\/#website\"},\"primaryImageOfPage\":{\"@id\":\"https:\\\/\\\/shop.pranichealing.ch\\\/fr\\\/produkt\\\/meditation-for-soul-realization-download\\\/#primaryimage\"},\"image\":{\"@id\":\"https:\\\/\\\/shop.pranichealing.ch\\\/fr\\\/produkt\\\/meditation-for-soul-realization-download\\\/#primaryimage\"},\"thumbnailUrl\":\"https:\\\/\\\/shop.pranichealing.ch\\\/wp-content\\\/uploads\\\/2024\\\/09\\\/Meditation-for-Soul-Realization_Cover.jpg\",\"datePublished\":\"2024-09-23T14:42:04+00:00\",\"dateModified\":\"2024-09-23T16:27:17+00:00\",\"breadcrumb\":{\"@id\":\"https:\\\/\\\/shop.pranichealing.ch\\\/fr\\\/produkt\\\/meditation-for-soul-realization-download\\\/#breadcrumb\"},\"inLanguage\":\"fr-FR\",\"potentialAction\":[{\"@type\":\"ReadAction\",\"target\":[\"https:\\\/\\\/shop.pranichealing.ch\\\/fr\\\/produkt\\\/meditation-for-soul-realization-download\\\/\"]}]},{\"@type\":\"ImageObject\",\"inLanguage\":\"fr-FR\",\"@id\":\"https:\\\/\\\/shop.pranichealing.ch\\\/fr\\\/produkt\\\/meditation-for-soul-realization-download\\\/#primaryimage\",\"url\":\"https:\\\/\\\/shop.pranichealing.ch\\\/wp-content\\\/uploads\\\/2024\\\/09\\\/Meditation-for-Soul-Realization_Cover.jpg\",\"contentUrl\":\"https:\\\/\\\/shop.pranichealing.ch\\\/wp-content\\\/uploads\\\/2024\\\/09\\\/Meditation-for-Soul-Realization_Cover.jpg\",\"width\":200,\"height\":200},{\"@type\":\"BreadcrumbList\",\"@id\":\"https:\\\/\\\/shop.pranichealing.ch\\\/fr\\\/produkt\\\/meditation-for-soul-realization-download\\\/#breadcrumb\",\"itemListElement\":[{\"@type\":\"ListItem\",\"position\":1,\"name\":\"Startseite\",\"item\":\"https:\\\/\\\/shop.pranichealing.ch\\\/fr\\\/livres\\\/\"},{\"@type\":\"ListItem\",\"position\":2,\"name\":\"Boutique\",\"item\":\"https:\\\/\\\/shop.pranichealing.ch\\\/fr\\\/boutique\\\/\"},{\"@type\":\"ListItem\",\"position\":3,\"name\":\"Meditation for Soul Realization (Download)\"}]},{\"@type\":\"WebSite\",\"@id\":\"https:\\\/\\\/shop.pranichealing.ch\\\/fr\\\/#website\",\"url\":\"https:\\\/\\\/shop.pranichealing.ch\\\/fr\\\/\",\"name\":\"Institut Pranic Healing Suisse\",\"description\":\"Onlineshop\",\"publisher\":{\"@id\":\"https:\\\/\\\/shop.pranichealing.ch\\\/fr\\\/#organization\"},\"potentialAction\":[{\"@type\":\"SearchAction\",\"target\":{\"@type\":\"EntryPoint\",\"urlTemplate\":\"https:\\\/\\\/shop.pranichealing.ch\\\/fr\\\/?s={search_term_string}\"},\"query-input\":{\"@type\":\"PropertyValueSpecification\",\"valueRequired\":true,\"valueName\":\"search_term_string\"}}],\"inLanguage\":\"fr-FR\"},{\"@type\":\"Organization\",\"@id\":\"https:\\\/\\\/shop.pranichealing.ch\\\/fr\\\/#organization\",\"name\":\"Institut Pranic Healing Suisse\",\"url\":\"https:\\\/\\\/shop.pranichealing.ch\\\/fr\\\/\",\"logo\":{\"@type\":\"ImageObject\",\"inLanguage\":\"fr-FR\",\"@id\":\"https:\\\/\\\/shop.pranichealing.ch\\\/fr\\\/#\\\/schema\\\/logo\\\/image\\\/\",\"url\":\"https:\\\/\\\/shop.pranichealing.ch\\\/wp-content\\\/uploads\\\/2022\\\/02\\\/iphs.svg\",\"contentUrl\":\"https:\\\/\\\/shop.pranichealing.ch\\\/wp-content\\\/uploads\\\/2022\\\/02\\\/iphs.svg\",\"width\":416,\"height\":84,\"caption\":\"Institut Pranic Healing Suisse\"},\"image\":{\"@id\":\"https:\\\/\\\/shop.pranichealing.ch\\\/fr\\\/#\\\/schema\\\/logo\\\/image\\\/\"}}]}<\/script>\n<!-- \/ Yoast SEO plugin. -->","yoast_head_json":{"title":"Meditation for Soul Realization (Download) - Institut Pranic Healing Suisse","robots":{"index":"index","follow":"follow","max-snippet":"max-snippet:-1","max-image-preview":"max-image-preview:large","max-video-preview":"max-video-preview:-1"},"canonical":"https:\/\/shop.pranichealing.ch\/fr\/produkt\/meditation-for-soul-realization-download\/","og_locale":"fr_FR","og_type":"article","og_title":"Meditation for Soul Realization (Download) - Institut Pranic Healing Suisse","og_description":"La version anglaise originale de la M\u00e9ditation sur l&rsquo;\u00e2me est guid\u00e9e par Ma\u00eetre Choa Kok Sui. The \u00ab\u00a0Meditation for Soul Realization\u00a0\u00bb is a synthesis of ancient meditation techniques that have been kept secret for centuries. The meditation enables the practitioner to accelerate the union of the incarnated soul with the higher soul. This process is&hellip; Poursuivre la lecture Meditation for Soul Realization (Download)","og_url":"https:\/\/shop.pranichealing.ch\/fr\/produkt\/meditation-for-soul-realization-download\/","og_site_name":"Institut Pranic Healing Suisse","article_modified_time":"2024-09-23T16:27:17+00:00","og_image":[{"width":200,"height":200,"url":"https:\/\/shop.pranichealing.ch\/wp-content\/uploads\/2024\/09\/Meditation-for-Soul-Realization_Cover.jpg","type":"image\/jpeg"}],"twitter_card":"summary_large_image","schema":{"@context":"https:\/\/schema.org","@graph":[{"@type":"WebPage","@id":"https:\/\/shop.pranichealing.ch\/fr\/produkt\/meditation-for-soul-realization-download\/","url":"https:\/\/shop.pranichealing.ch\/fr\/produkt\/meditation-for-soul-realization-download\/","name":"Meditation for Soul Realization (Download) - Institut Pranic Healing Suisse","isPartOf":{"@id":"https:\/\/shop.pranichealing.ch\/fr\/#website"},"primaryImageOfPage":{"@id":"https:\/\/shop.pranichealing.ch\/fr\/produkt\/meditation-for-soul-realization-download\/#primaryimage"},"image":{"@id":"https:\/\/shop.pranichealing.ch\/fr\/produkt\/meditation-for-soul-realization-download\/#primaryimage"},"thumbnailUrl":"https:\/\/shop.pranichealing.ch\/wp-content\/uploads\/2024\/09\/Meditation-for-Soul-Realization_Cover.jpg","datePublished":"2024-09-23T14:42:04+00:00","dateModified":"2024-09-23T16:27:17+00:00","breadcrumb":{"@id":"https:\/\/shop.pranichealing.ch\/fr\/produkt\/meditation-for-soul-realization-download\/#breadcrumb"},"inLanguage":"fr-FR","potentialAction":[{"@type":"ReadAction","target":["https:\/\/shop.pranichealing.ch\/fr\/produkt\/meditation-for-soul-realization-download\/"]}]},{"@type":"ImageObject","inLanguage":"fr-FR","@id":"https:\/\/shop.pranichealing.ch\/fr\/produkt\/meditation-for-soul-realization-download\/#primaryimage","url":"https:\/\/shop.pranichealing.ch\/wp-content\/uploads\/2024\/09\/Meditation-for-Soul-Realization_Cover.jpg","contentUrl":"https:\/\/shop.pranichealing.ch\/wp-content\/uploads\/2024\/09\/Meditation-for-Soul-Realization_Cover.jpg","width":200,"height":200},{"@type":"BreadcrumbList","@id":"https:\/\/shop.pranichealing.ch\/fr\/produkt\/meditation-for-soul-realization-download\/#breadcrumb","itemListElement":[{"@type":"ListItem","position":1,"name":"Startseite","item":"https:\/\/shop.pranichealing.ch\/fr\/livres\/"},{"@type":"ListItem","position":2,"name":"Boutique","item":"https:\/\/shop.pranichealing.ch\/fr\/boutique\/"},{"@type":"ListItem","position":3,"name":"Meditation for Soul Realization (Download)"}]},{"@type":"WebSite","@id":"https:\/\/shop.pranichealing.ch\/fr\/#website","url":"https:\/\/shop.pranichealing.ch\/fr\/","name":"Institut Pranic Healing Suisse","description":"Onlineshop","publisher":{"@id":"https:\/\/shop.pranichealing.ch\/fr\/#organization"},"potentialAction":[{"@type":"SearchAction","target":{"@type":"EntryPoint","urlTemplate":"https:\/\/shop.pranichealing.ch\/fr\/?s={search_term_string}"},"query-input":{"@type":"PropertyValueSpecification","valueRequired":true,"valueName":"search_term_string"}}],"inLanguage":"fr-FR"},{"@type":"Organization","@id":"https:\/\/shop.pranichealing.ch\/fr\/#organization","name":"Institut Pranic Healing Suisse","url":"https:\/\/shop.pranichealing.ch\/fr\/","logo":{"@type":"ImageObject","inLanguage":"fr-FR","@id":"https:\/\/shop.pranichealing.ch\/fr\/#\/schema\/logo\/image\/","url":"https:\/\/shop.pranichealing.ch\/wp-content\/uploads\/2022\/02\/iphs.svg","contentUrl":"https:\/\/shop.pranichealing.ch\/wp-content\/uploads\/2022\/02\/iphs.svg","width":416,"height":84,"caption":"Institut Pranic Healing Suisse"},"image":{"@id":"https:\/\/shop.pranichealing.ch\/fr\/#\/schema\/logo\/image\/"}}]}},"_links":{"self":[{"href":"https:\/\/shop.pranichealing.ch\/fr\/wp-json\/wp\/v2\/product\/3910","targetHints":{"allow":["GET"]}}],"collection":[{"href":"https:\/\/shop.pranichealing.ch\/fr\/wp-json\/wp\/v2\/product"}],"about":[{"href":"https:\/\/shop.pranichealing.ch\/fr\/wp-json\/wp\/v2\/types\/product"}],"wp:featuredmedia":[{"embeddable":true,"href":"https:\/\/shop.pranichealing.ch\/fr\/wp-json\/wp\/v2\/media\/3907"}],"wp:attachment":[{"href":"https:\/\/shop.pranichealing.ch\/fr\/wp-json\/wp\/v2\/media?parent=3910"}],"wp:term":[{"taxonomy":"product_brand","embeddable":true,"href":"https:\/\/shop.pranichealing.ch\/fr\/wp-json\/wp\/v2\/product_brand?post=3910"},{"taxonomy":"product_cat","embeddable":true,"href":"https:\/\/shop.pranichealing.ch\/fr\/wp-json\/wp\/v2\/product_cat?post=3910"},{"taxonomy":"product_tag","embeddable":true,"href":"https:\/\/shop.pranichealing.ch\/fr\/wp-json\/wp\/v2\/product_tag?post=3910"}],"curies":[{"name":"wp","href":"https:\/\/api.w.org\/{rel}","templated":true}]}}