{"id":4594,"date":"2026-05-08T07:09:43","date_gmt":"2026-05-08T05:09:43","guid":{"rendered":"https:\/\/shop.pranichealing.ch\/?post_type=product&#038;p=4594"},"modified":"2026-05-08T09:28:19","modified_gmt":"2026-05-08T07:28:19","slug":"meditazione-sui-cuori-gemelli-auto-guarigione-download","status":"publish","type":"product","link":"https:\/\/shop.pranichealing.ch\/fr\/produkt\/meditazione-sui-cuori-gemelli-auto-guarigione-download\/","title":{"rendered":"Meditazione sui Cuori Gemelli con Auto-Guarigione (Download)"},"content":{"rendered":"<p>Questa versione della Meditazione sui Cuori Gemelli include una meditazione guidata aggiuntiva in cui Master Choa Kok Sui guida le energie attraverso l&rsquo;intero corpo e i vari organi.<\/p>\n<p>La pratica regolare di questa meditazione purifica e rafforza l&rsquo;aura. Un&rsquo;aura forte costituisce una grande riserva di energia. Con questa meditazione \u00e8 possibile sperimentare pace interiore, riduzione dei livelli di stress, lucidit\u00e0 mentale, felicit\u00e0 e un aumento delle capacit\u00e0 intellettuali e di comprensione.<\/p>\n","protected":false},"excerpt":{"rendered":"<p>Questa versione della Meditazione sui Cuori Gemelli include una meditazione guidata aggiuntiva in cui Master Choa Kok Sui guida le energie attraverso l&rsquo;intero corpo e i vari organi. La pratica regolare di questa meditazione purifica e rafforza l&rsquo;aura. Un&rsquo;aura forte costituisce una grande riserva di energia. Con questa meditazione \u00e8 possibile sperimentare pace interiore, riduzione&hellip; <a class=\"more-link\" href=\"https:\/\/shop.pranichealing.ch\/fr\/produkt\/meditazione-sui-cuori-gemelli-auto-guarigione-download\/\">Poursuivre la lecture <span class=\"screen-reader-text\">Meditazione sui Cuori Gemelli con Auto-Guarigione (Download)<\/span><\/a><\/p>\n","protected":false},"featured_media":4602,"template":"","meta":{"inline_featured_image":false},"product_brand":[],"product_cat":[69,52],"product_tag":[],"class_list":{"0":"post-4594","1":"product","2":"type-product","3":"status-publish","4":"has-post-thumbnail","6":"product_cat-it-fr","7":"product_cat-telechargements","8":"entry","10":"first","11":"instock","12":"downloadable","13":"virtual","14":"taxable","15":"purchasable","16":"product-type-simple"},"yoast_head":"<!-- This site is optimized with the Yoast SEO plugin v27.3 - https:\/\/yoast.com\/product\/yoast-seo-wordpress\/ -->\n<title>Meditazione sui Cuori Gemelli con Auto-Guarigione (Download) - Institut Pranic Healing Suisse<\/title>\n<meta name=\"description\" content=\"Questa versione della Meditazione sui Cuori Gemelli include una parte aggiuntiva per guidare le energie attraverso l&#039;intero corpo e i vari organi.\" \/>\n<meta name=\"robots\" content=\"index, follow, max-snippet:-1, max-image-preview:large, max-video-preview:-1\" \/>\n<link rel=\"canonical\" href=\"https:\/\/shop.pranichealing.ch\/fr\/produkt\/meditazione-sui-cuori-gemelli-auto-guarigione-download\/\" \/>\n<meta property=\"og:locale\" content=\"fr_FR\" \/>\n<meta property=\"og:type\" content=\"article\" \/>\n<meta property=\"og:title\" content=\"Meditazione sui Cuori Gemelli con Auto-Guarigione (Download) - Institut Pranic Healing Suisse\" \/>\n<meta property=\"og:description\" content=\"Questa versione della Meditazione sui Cuori Gemelli include una parte aggiuntiva per guidare le energie attraverso l&#039;intero corpo e i vari organi.\" \/>\n<meta property=\"og:url\" content=\"https:\/\/shop.pranichealing.ch\/fr\/produkt\/meditazione-sui-cuori-gemelli-auto-guarigione-download\/\" \/>\n<meta property=\"og:site_name\" content=\"Institut Pranic Healing Suisse\" \/>\n<meta property=\"article:modified_time\" content=\"2026-05-08T07:28:19+00:00\" \/>\n<meta property=\"og:image\" content=\"https:\/\/shop.pranichealing.ch\/wp-content\/uploads\/2026\/05\/meditazioni-cuori-selfhealing.jpeg\" \/>\n\t<meta property=\"og:image:width\" content=\"1007\" \/>\n\t<meta property=\"og:image:height\" content=\"1022\" \/>\n\t<meta property=\"og:image:type\" content=\"image\/jpeg\" \/>\n<meta name=\"twitter:card\" content=\"summary_large_image\" \/>\n<meta name=\"twitter:label1\" content=\"Dur\u00e9e de lecture estim\u00e9e\" \/>\n\t<meta name=\"twitter:data1\" content=\"1 minute\" \/>\n<script type=\"application\/ld+json\" class=\"yoast-schema-graph\">{\"@context\":\"https:\\\/\\\/schema.org\",\"@graph\":[{\"@type\":\"WebPage\",\"@id\":\"https:\\\/\\\/shop.pranichealing.ch\\\/fr\\\/produkt\\\/meditazione-sui-cuori-gemelli-auto-guarigione-download\\\/\",\"url\":\"https:\\\/\\\/shop.pranichealing.ch\\\/fr\\\/produkt\\\/meditazione-sui-cuori-gemelli-auto-guarigione-download\\\/\",\"name\":\"Meditazione sui Cuori Gemelli con Auto-Guarigione (Download) - Institut Pranic Healing Suisse\",\"isPartOf\":{\"@id\":\"https:\\\/\\\/shop.pranichealing.ch\\\/fr\\\/#website\"},\"primaryImageOfPage\":{\"@id\":\"https:\\\/\\\/shop.pranichealing.ch\\\/fr\\\/produkt\\\/meditazione-sui-cuori-gemelli-auto-guarigione-download\\\/#primaryimage\"},\"image\":{\"@id\":\"https:\\\/\\\/shop.pranichealing.ch\\\/fr\\\/produkt\\\/meditazione-sui-cuori-gemelli-auto-guarigione-download\\\/#primaryimage\"},\"thumbnailUrl\":\"https:\\\/\\\/shop.pranichealing.ch\\\/wp-content\\\/uploads\\\/2026\\\/05\\\/meditazioni-cuori-selfhealing.jpeg\",\"datePublished\":\"2026-05-08T05:09:43+00:00\",\"dateModified\":\"2026-05-08T07:28:19+00:00\",\"description\":\"Questa versione della Meditazione sui Cuori Gemelli include una parte aggiuntiva per guidare le energie attraverso l'intero corpo e i vari organi.\",\"breadcrumb\":{\"@id\":\"https:\\\/\\\/shop.pranichealing.ch\\\/fr\\\/produkt\\\/meditazione-sui-cuori-gemelli-auto-guarigione-download\\\/#breadcrumb\"},\"inLanguage\":\"fr-FR\",\"potentialAction\":[{\"@type\":\"ReadAction\",\"target\":[\"https:\\\/\\\/shop.pranichealing.ch\\\/fr\\\/produkt\\\/meditazione-sui-cuori-gemelli-auto-guarigione-download\\\/\"]}]},{\"@type\":\"ImageObject\",\"inLanguage\":\"fr-FR\",\"@id\":\"https:\\\/\\\/shop.pranichealing.ch\\\/fr\\\/produkt\\\/meditazione-sui-cuori-gemelli-auto-guarigione-download\\\/#primaryimage\",\"url\":\"https:\\\/\\\/shop.pranichealing.ch\\\/wp-content\\\/uploads\\\/2026\\\/05\\\/meditazioni-cuori-selfhealing.jpeg\",\"contentUrl\":\"https:\\\/\\\/shop.pranichealing.ch\\\/wp-content\\\/uploads\\\/2026\\\/05\\\/meditazioni-cuori-selfhealing.jpeg\",\"width\":1007,\"height\":1022},{\"@type\":\"BreadcrumbList\",\"@id\":\"https:\\\/\\\/shop.pranichealing.ch\\\/fr\\\/produkt\\\/meditazione-sui-cuori-gemelli-auto-guarigione-download\\\/#breadcrumb\",\"itemListElement\":[{\"@type\":\"ListItem\",\"position\":1,\"name\":\"Startseite\",\"item\":\"https:\\\/\\\/shop.pranichealing.ch\\\/fr\\\/livres\\\/\"},{\"@type\":\"ListItem\",\"position\":2,\"name\":\"Boutique\",\"item\":\"https:\\\/\\\/shop.pranichealing.ch\\\/fr\\\/boutique\\\/\"},{\"@type\":\"ListItem\",\"position\":3,\"name\":\"Meditazione sui Cuori Gemelli con Auto-Guarigione (Download)\"}]},{\"@type\":\"WebSite\",\"@id\":\"https:\\\/\\\/shop.pranichealing.ch\\\/fr\\\/#website\",\"url\":\"https:\\\/\\\/shop.pranichealing.ch\\\/fr\\\/\",\"name\":\"Institut Pranic Healing Suisse\",\"description\":\"Onlineshop\",\"publisher\":{\"@id\":\"https:\\\/\\\/shop.pranichealing.ch\\\/fr\\\/#organization\"},\"potentialAction\":[{\"@type\":\"SearchAction\",\"target\":{\"@type\":\"EntryPoint\",\"urlTemplate\":\"https:\\\/\\\/shop.pranichealing.ch\\\/fr\\\/?s={search_term_string}\"},\"query-input\":{\"@type\":\"PropertyValueSpecification\",\"valueRequired\":true,\"valueName\":\"search_term_string\"}}],\"inLanguage\":\"fr-FR\"},{\"@type\":\"Organization\",\"@id\":\"https:\\\/\\\/shop.pranichealing.ch\\\/fr\\\/#organization\",\"name\":\"Institut Pranic Healing Suisse\",\"url\":\"https:\\\/\\\/shop.pranichealing.ch\\\/fr\\\/\",\"logo\":{\"@type\":\"ImageObject\",\"inLanguage\":\"fr-FR\",\"@id\":\"https:\\\/\\\/shop.pranichealing.ch\\\/fr\\\/#\\\/schema\\\/logo\\\/image\\\/\",\"url\":\"https:\\\/\\\/shop.pranichealing.ch\\\/wp-content\\\/uploads\\\/2022\\\/02\\\/iphs.svg\",\"contentUrl\":\"https:\\\/\\\/shop.pranichealing.ch\\\/wp-content\\\/uploads\\\/2022\\\/02\\\/iphs.svg\",\"width\":416,\"height\":84,\"caption\":\"Institut Pranic Healing Suisse\"},\"image\":{\"@id\":\"https:\\\/\\\/shop.pranichealing.ch\\\/fr\\\/#\\\/schema\\\/logo\\\/image\\\/\"}}]}<\/script>\n<!-- \/ Yoast SEO plugin. -->","yoast_head_json":{"title":"Meditazione sui Cuori Gemelli con Auto-Guarigione (Download) - Institut Pranic Healing Suisse","description":"Questa versione della Meditazione sui Cuori Gemelli include una parte aggiuntiva per guidare le energie attraverso l'intero corpo e i vari organi.","robots":{"index":"index","follow":"follow","max-snippet":"max-snippet:-1","max-image-preview":"max-image-preview:large","max-video-preview":"max-video-preview:-1"},"canonical":"https:\/\/shop.pranichealing.ch\/fr\/produkt\/meditazione-sui-cuori-gemelli-auto-guarigione-download\/","og_locale":"fr_FR","og_type":"article","og_title":"Meditazione sui Cuori Gemelli con Auto-Guarigione (Download) - Institut Pranic Healing Suisse","og_description":"Questa versione della Meditazione sui Cuori Gemelli include una parte aggiuntiva per guidare le energie attraverso l'intero corpo e i vari organi.","og_url":"https:\/\/shop.pranichealing.ch\/fr\/produkt\/meditazione-sui-cuori-gemelli-auto-guarigione-download\/","og_site_name":"Institut Pranic Healing Suisse","article_modified_time":"2026-05-08T07:28:19+00:00","og_image":[{"width":1007,"height":1022,"url":"https:\/\/shop.pranichealing.ch\/wp-content\/uploads\/2026\/05\/meditazioni-cuori-selfhealing.jpeg","type":"image\/jpeg"}],"twitter_card":"summary_large_image","twitter_misc":{"Dur\u00e9e de lecture estim\u00e9e":"1 minute"},"schema":{"@context":"https:\/\/schema.org","@graph":[{"@type":"WebPage","@id":"https:\/\/shop.pranichealing.ch\/fr\/produkt\/meditazione-sui-cuori-gemelli-auto-guarigione-download\/","url":"https:\/\/shop.pranichealing.ch\/fr\/produkt\/meditazione-sui-cuori-gemelli-auto-guarigione-download\/","name":"Meditazione sui Cuori Gemelli con Auto-Guarigione (Download) - Institut Pranic Healing Suisse","isPartOf":{"@id":"https:\/\/shop.pranichealing.ch\/fr\/#website"},"primaryImageOfPage":{"@id":"https:\/\/shop.pranichealing.ch\/fr\/produkt\/meditazione-sui-cuori-gemelli-auto-guarigione-download\/#primaryimage"},"image":{"@id":"https:\/\/shop.pranichealing.ch\/fr\/produkt\/meditazione-sui-cuori-gemelli-auto-guarigione-download\/#primaryimage"},"thumbnailUrl":"https:\/\/shop.pranichealing.ch\/wp-content\/uploads\/2026\/05\/meditazioni-cuori-selfhealing.jpeg","datePublished":"2026-05-08T05:09:43+00:00","dateModified":"2026-05-08T07:28:19+00:00","description":"Questa versione della Meditazione sui Cuori Gemelli include una parte aggiuntiva per guidare le energie attraverso l'intero corpo e i vari organi.","breadcrumb":{"@id":"https:\/\/shop.pranichealing.ch\/fr\/produkt\/meditazione-sui-cuori-gemelli-auto-guarigione-download\/#breadcrumb"},"inLanguage":"fr-FR","potentialAction":[{"@type":"ReadAction","target":["https:\/\/shop.pranichealing.ch\/fr\/produkt\/meditazione-sui-cuori-gemelli-auto-guarigione-download\/"]}]},{"@type":"ImageObject","inLanguage":"fr-FR","@id":"https:\/\/shop.pranichealing.ch\/fr\/produkt\/meditazione-sui-cuori-gemelli-auto-guarigione-download\/#primaryimage","url":"https:\/\/shop.pranichealing.ch\/wp-content\/uploads\/2026\/05\/meditazioni-cuori-selfhealing.jpeg","contentUrl":"https:\/\/shop.pranichealing.ch\/wp-content\/uploads\/2026\/05\/meditazioni-cuori-selfhealing.jpeg","width":1007,"height":1022},{"@type":"BreadcrumbList","@id":"https:\/\/shop.pranichealing.ch\/fr\/produkt\/meditazione-sui-cuori-gemelli-auto-guarigione-download\/#breadcrumb","itemListElement":[{"@type":"ListItem","position":1,"name":"Startseite","item":"https:\/\/shop.pranichealing.ch\/fr\/livres\/"},{"@type":"ListItem","position":2,"name":"Boutique","item":"https:\/\/shop.pranichealing.ch\/fr\/boutique\/"},{"@type":"ListItem","position":3,"name":"Meditazione sui Cuori Gemelli con Auto-Guarigione (Download)"}]},{"@type":"WebSite","@id":"https:\/\/shop.pranichealing.ch\/fr\/#website","url":"https:\/\/shop.pranichealing.ch\/fr\/","name":"Institut Pranic Healing Suisse","description":"Onlineshop","publisher":{"@id":"https:\/\/shop.pranichealing.ch\/fr\/#organization"},"potentialAction":[{"@type":"SearchAction","target":{"@type":"EntryPoint","urlTemplate":"https:\/\/shop.pranichealing.ch\/fr\/?s={search_term_string}"},"query-input":{"@type":"PropertyValueSpecification","valueRequired":true,"valueName":"search_term_string"}}],"inLanguage":"fr-FR"},{"@type":"Organization","@id":"https:\/\/shop.pranichealing.ch\/fr\/#organization","name":"Institut Pranic Healing Suisse","url":"https:\/\/shop.pranichealing.ch\/fr\/","logo":{"@type":"ImageObject","inLanguage":"fr-FR","@id":"https:\/\/shop.pranichealing.ch\/fr\/#\/schema\/logo\/image\/","url":"https:\/\/shop.pranichealing.ch\/wp-content\/uploads\/2022\/02\/iphs.svg","contentUrl":"https:\/\/shop.pranichealing.ch\/wp-content\/uploads\/2022\/02\/iphs.svg","width":416,"height":84,"caption":"Institut Pranic Healing Suisse"},"image":{"@id":"https:\/\/shop.pranichealing.ch\/fr\/#\/schema\/logo\/image\/"}}]}},"_links":{"self":[{"href":"https:\/\/shop.pranichealing.ch\/fr\/wp-json\/wp\/v2\/product\/4594","targetHints":{"allow":["GET"]}}],"collection":[{"href":"https:\/\/shop.pranichealing.ch\/fr\/wp-json\/wp\/v2\/product"}],"about":[{"href":"https:\/\/shop.pranichealing.ch\/fr\/wp-json\/wp\/v2\/types\/product"}],"wp:featuredmedia":[{"embeddable":true,"href":"https:\/\/shop.pranichealing.ch\/fr\/wp-json\/wp\/v2\/media\/4602"}],"wp:attachment":[{"href":"https:\/\/shop.pranichealing.ch\/fr\/wp-json\/wp\/v2\/media?parent=4594"}],"wp:term":[{"taxonomy":"product_brand","embeddable":true,"href":"https:\/\/shop.pranichealing.ch\/fr\/wp-json\/wp\/v2\/product_brand?post=4594"},{"taxonomy":"product_cat","embeddable":true,"href":"https:\/\/shop.pranichealing.ch\/fr\/wp-json\/wp\/v2\/product_cat?post=4594"},{"taxonomy":"product_tag","embeddable":true,"href":"https:\/\/shop.pranichealing.ch\/fr\/wp-json\/wp\/v2\/product_tag?post=4594"}],"curies":[{"name":"wp","href":"https:\/\/api.w.org\/{rel}","templated":true}]}}