{"id":583,"date":"2022-01-04T17:07:14","date_gmt":"2022-01-04T16:07:14","guid":{"rendered":"https:\/\/shop.pranichealing.ch\/produkt\/meditation-uber-2-herzen-mit-selbstheilung\/"},"modified":"2022-02-10T18:05:39","modified_gmt":"2022-02-10T17:05:39","slug":"meditation-ueber-2-herzen-mit-selbstheilung","status":"publish","type":"product","link":"https:\/\/shop.pranichealing.ch\/fr\/produkt\/meditation-ueber-2-herzen-mit-selbstheilung\/","title":{"rendered":"Meditation \u00fcber Zwei Herzen \u2013 mit Selbstheilung"},"content":{"rendered":"<p>Regelm\u00e4ssige Praxis der einfach zu erlernenden Meditation f\u00fchrt zu k\u00f6rperlicher, emotionaler und mentaler Ausgeglichenheit. Die Erfahrungen reichen von innerer Stille und Frieden bis hin zu Verst\u00e4rkung der Heilkraft und intensivierter Sensibilit\u00e4t. Die Meditation \u00fcber zwei Herzen ist zus\u00e4tzlich auch eine unsch\u00e4tzbare Form des Dienstes f\u00fcr die Welt durch die Segnung der Erde mit Liebe, Freundlichkeit, Friede, Freude und Wohlwollen.<\/p>\n<p>Durch die Meditation \u00fcber Zwei Herzen wird eine enorme Menge an Energie auf den Meditierenden ausgesch\u00fcttet. Diese Energie, die wie ein fl\u00fcssiges, strahlendes, weisses Licht erscheint, kann zur Heilung beitragen, indem Sie mit der enthaltenen Selbstheilungs-Meditation visualisieren, wie die Heilenergie in die verschiedenen K\u00f6rperteile fliesst.<\/p>\n<p>Englisch mit deutscher \u00dcbersetzung.<\/p>\n","protected":false},"excerpt":{"rendered":"<p>Regelm\u00e4ssige Praxis der einfach zu erlernenden Meditation f\u00fchrt zu k\u00f6rperlicher, emotionaler und mentaler Ausgeglichenheit. Die Erfahrungen reichen von innerer Stille und Frieden bis hin zu Verst\u00e4rkung der Heilkraft und intensivierter Sensibilit\u00e4t.<\/p>\n","protected":false},"featured_media":792,"template":"","meta":{"inline_featured_image":false},"product_brand":[],"product_cat":[53,65],"product_tag":[],"class_list":{"0":"post-583","1":"product","2":"type-product","3":"status-publish","4":"has-post-thumbnail","6":"product_cat-cds-fr","7":"product_cat-de-fr","8":"entry","10":"first","11":"outofstock","12":"taxable","13":"shipping-taxable","14":"purchasable","15":"product-type-simple"},"yoast_head":"<!-- This site is optimized with the Yoast SEO plugin v27.3 - https:\/\/yoast.com\/product\/yoast-seo-wordpress\/ -->\n<title>Meditation \u00fcber Zwei Herzen \u2013 mit Selbstheilung - Institut Pranic Healing Suisse<\/title>\n<meta name=\"description\" content=\"Regelm\u00e4ssige Praxis der einfach zu erlernenden Meditation f\u00fchrt zu k\u00f6rperlicher, emotionaler und mentaler Ausgeglichenheit. Die Erfahrungen reichen von innerer Stille und Frieden bis hin zu Verst\u00e4rkung der Heilkraft und intensivierter Sensibilit\u00e4t.\" \/>\n<meta name=\"robots\" content=\"index, follow, max-snippet:-1, max-image-preview:large, max-video-preview:-1\" \/>\n<link rel=\"canonical\" href=\"https:\/\/shop.pranichealing.ch\/fr\/produkt\/meditation-ueber-2-herzen-mit-selbstheilung\/\" \/>\n<meta property=\"og:locale\" content=\"fr_FR\" \/>\n<meta property=\"og:type\" content=\"article\" \/>\n<meta property=\"og:title\" content=\"Meditation \u00fcber Zwei Herzen \u2013 mit Selbstheilung - Institut Pranic Healing Suisse\" \/>\n<meta property=\"og:description\" content=\"Regelm\u00e4ssige Praxis der einfach zu erlernenden Meditation f\u00fchrt zu k\u00f6rperlicher, emotionaler und mentaler Ausgeglichenheit. Die Erfahrungen reichen von innerer Stille und Frieden bis hin zu Verst\u00e4rkung der Heilkraft und intensivierter Sensibilit\u00e4t.\" \/>\n<meta property=\"og:url\" content=\"https:\/\/shop.pranichealing.ch\/fr\/produkt\/meditation-ueber-2-herzen-mit-selbstheilung\/\" \/>\n<meta property=\"og:site_name\" content=\"Institut Pranic Healing Suisse\" \/>\n<meta property=\"article:modified_time\" content=\"2022-02-10T17:05:39+00:00\" \/>\n<meta property=\"og:image\" content=\"https:\/\/shop.pranichealing.ch\/wp-content\/uploads\/2022\/01\/CD_Meditation-uber-zwei-Herzen-mit-Selbstheilung.jpg\" \/>\n\t<meta property=\"og:image:width\" content=\"800\" \/>\n\t<meta property=\"og:image:height\" content=\"803\" \/>\n\t<meta property=\"og:image:type\" content=\"image\/jpeg\" \/>\n<meta name=\"twitter:card\" content=\"summary_large_image\" \/>\n<meta name=\"twitter:label1\" content=\"Dur\u00e9e de lecture estim\u00e9e\" \/>\n\t<meta name=\"twitter:data1\" content=\"1 minute\" \/>\n<script type=\"application\/ld+json\" class=\"yoast-schema-graph\">{\"@context\":\"https:\\\/\\\/schema.org\",\"@graph\":[{\"@type\":\"WebPage\",\"@id\":\"https:\\\/\\\/shop.pranichealing.ch\\\/fr\\\/produkt\\\/meditation-ueber-2-herzen-mit-selbstheilung\\\/\",\"url\":\"https:\\\/\\\/shop.pranichealing.ch\\\/fr\\\/produkt\\\/meditation-ueber-2-herzen-mit-selbstheilung\\\/\",\"name\":\"Meditation \u00fcber Zwei Herzen \u2013 mit Selbstheilung - Institut Pranic Healing Suisse\",\"isPartOf\":{\"@id\":\"https:\\\/\\\/shop.pranichealing.ch\\\/fr\\\/#website\"},\"primaryImageOfPage\":{\"@id\":\"https:\\\/\\\/shop.pranichealing.ch\\\/fr\\\/produkt\\\/meditation-ueber-2-herzen-mit-selbstheilung\\\/#primaryimage\"},\"image\":{\"@id\":\"https:\\\/\\\/shop.pranichealing.ch\\\/fr\\\/produkt\\\/meditation-ueber-2-herzen-mit-selbstheilung\\\/#primaryimage\"},\"thumbnailUrl\":\"https:\\\/\\\/shop.pranichealing.ch\\\/wp-content\\\/uploads\\\/2022\\\/01\\\/CD_Meditation-uber-zwei-Herzen-mit-Selbstheilung.jpg\",\"datePublished\":\"2022-01-04T16:07:14+00:00\",\"dateModified\":\"2022-02-10T17:05:39+00:00\",\"description\":\"Regelm\u00e4ssige Praxis der einfach zu erlernenden Meditation f\u00fchrt zu k\u00f6rperlicher, emotionaler und mentaler Ausgeglichenheit. Die Erfahrungen reichen von innerer Stille und Frieden bis hin zu Verst\u00e4rkung der Heilkraft und intensivierter Sensibilit\u00e4t.\",\"breadcrumb\":{\"@id\":\"https:\\\/\\\/shop.pranichealing.ch\\\/fr\\\/produkt\\\/meditation-ueber-2-herzen-mit-selbstheilung\\\/#breadcrumb\"},\"inLanguage\":\"fr-FR\",\"potentialAction\":[{\"@type\":\"ReadAction\",\"target\":[\"https:\\\/\\\/shop.pranichealing.ch\\\/fr\\\/produkt\\\/meditation-ueber-2-herzen-mit-selbstheilung\\\/\"]}]},{\"@type\":\"ImageObject\",\"inLanguage\":\"fr-FR\",\"@id\":\"https:\\\/\\\/shop.pranichealing.ch\\\/fr\\\/produkt\\\/meditation-ueber-2-herzen-mit-selbstheilung\\\/#primaryimage\",\"url\":\"https:\\\/\\\/shop.pranichealing.ch\\\/wp-content\\\/uploads\\\/2022\\\/01\\\/CD_Meditation-uber-zwei-Herzen-mit-Selbstheilung.jpg\",\"contentUrl\":\"https:\\\/\\\/shop.pranichealing.ch\\\/wp-content\\\/uploads\\\/2022\\\/01\\\/CD_Meditation-uber-zwei-Herzen-mit-Selbstheilung.jpg\",\"width\":800,\"height\":803},{\"@type\":\"BreadcrumbList\",\"@id\":\"https:\\\/\\\/shop.pranichealing.ch\\\/fr\\\/produkt\\\/meditation-ueber-2-herzen-mit-selbstheilung\\\/#breadcrumb\",\"itemListElement\":[{\"@type\":\"ListItem\",\"position\":1,\"name\":\"Startseite\",\"item\":\"https:\\\/\\\/shop.pranichealing.ch\\\/fr\\\/livres\\\/\"},{\"@type\":\"ListItem\",\"position\":2,\"name\":\"Boutique\",\"item\":\"https:\\\/\\\/shop.pranichealing.ch\\\/fr\\\/boutique\\\/\"},{\"@type\":\"ListItem\",\"position\":3,\"name\":\"Meditation \u00fcber Zwei Herzen \u2013 mit Selbstheilung\"}]},{\"@type\":\"WebSite\",\"@id\":\"https:\\\/\\\/shop.pranichealing.ch\\\/fr\\\/#website\",\"url\":\"https:\\\/\\\/shop.pranichealing.ch\\\/fr\\\/\",\"name\":\"Institut Pranic Healing Suisse\",\"description\":\"Onlineshop\",\"publisher\":{\"@id\":\"https:\\\/\\\/shop.pranichealing.ch\\\/fr\\\/#organization\"},\"potentialAction\":[{\"@type\":\"SearchAction\",\"target\":{\"@type\":\"EntryPoint\",\"urlTemplate\":\"https:\\\/\\\/shop.pranichealing.ch\\\/fr\\\/?s={search_term_string}\"},\"query-input\":{\"@type\":\"PropertyValueSpecification\",\"valueRequired\":true,\"valueName\":\"search_term_string\"}}],\"inLanguage\":\"fr-FR\"},{\"@type\":\"Organization\",\"@id\":\"https:\\\/\\\/shop.pranichealing.ch\\\/fr\\\/#organization\",\"name\":\"Institut Pranic Healing Suisse\",\"url\":\"https:\\\/\\\/shop.pranichealing.ch\\\/fr\\\/\",\"logo\":{\"@type\":\"ImageObject\",\"inLanguage\":\"fr-FR\",\"@id\":\"https:\\\/\\\/shop.pranichealing.ch\\\/fr\\\/#\\\/schema\\\/logo\\\/image\\\/\",\"url\":\"https:\\\/\\\/shop.pranichealing.ch\\\/wp-content\\\/uploads\\\/2022\\\/02\\\/iphs.svg\",\"contentUrl\":\"https:\\\/\\\/shop.pranichealing.ch\\\/wp-content\\\/uploads\\\/2022\\\/02\\\/iphs.svg\",\"width\":416,\"height\":84,\"caption\":\"Institut Pranic Healing Suisse\"},\"image\":{\"@id\":\"https:\\\/\\\/shop.pranichealing.ch\\\/fr\\\/#\\\/schema\\\/logo\\\/image\\\/\"}}]}<\/script>\n<!-- \/ Yoast SEO plugin. -->","yoast_head_json":{"title":"Meditation \u00fcber Zwei Herzen \u2013 mit Selbstheilung - Institut Pranic Healing Suisse","description":"Regelm\u00e4ssige Praxis der einfach zu erlernenden Meditation f\u00fchrt zu k\u00f6rperlicher, emotionaler und mentaler Ausgeglichenheit. Die Erfahrungen reichen von innerer Stille und Frieden bis hin zu Verst\u00e4rkung der Heilkraft und intensivierter Sensibilit\u00e4t.","robots":{"index":"index","follow":"follow","max-snippet":"max-snippet:-1","max-image-preview":"max-image-preview:large","max-video-preview":"max-video-preview:-1"},"canonical":"https:\/\/shop.pranichealing.ch\/fr\/produkt\/meditation-ueber-2-herzen-mit-selbstheilung\/","og_locale":"fr_FR","og_type":"article","og_title":"Meditation \u00fcber Zwei Herzen \u2013 mit Selbstheilung - Institut Pranic Healing Suisse","og_description":"Regelm\u00e4ssige Praxis der einfach zu erlernenden Meditation f\u00fchrt zu k\u00f6rperlicher, emotionaler und mentaler Ausgeglichenheit. Die Erfahrungen reichen von innerer Stille und Frieden bis hin zu Verst\u00e4rkung der Heilkraft und intensivierter Sensibilit\u00e4t.","og_url":"https:\/\/shop.pranichealing.ch\/fr\/produkt\/meditation-ueber-2-herzen-mit-selbstheilung\/","og_site_name":"Institut Pranic Healing Suisse","article_modified_time":"2022-02-10T17:05:39+00:00","og_image":[{"width":800,"height":803,"url":"https:\/\/shop.pranichealing.ch\/wp-content\/uploads\/2022\/01\/CD_Meditation-uber-zwei-Herzen-mit-Selbstheilung.jpg","type":"image\/jpeg"}],"twitter_card":"summary_large_image","twitter_misc":{"Dur\u00e9e de lecture estim\u00e9e":"1 minute"},"schema":{"@context":"https:\/\/schema.org","@graph":[{"@type":"WebPage","@id":"https:\/\/shop.pranichealing.ch\/fr\/produkt\/meditation-ueber-2-herzen-mit-selbstheilung\/","url":"https:\/\/shop.pranichealing.ch\/fr\/produkt\/meditation-ueber-2-herzen-mit-selbstheilung\/","name":"Meditation \u00fcber Zwei Herzen \u2013 mit Selbstheilung - Institut Pranic Healing Suisse","isPartOf":{"@id":"https:\/\/shop.pranichealing.ch\/fr\/#website"},"primaryImageOfPage":{"@id":"https:\/\/shop.pranichealing.ch\/fr\/produkt\/meditation-ueber-2-herzen-mit-selbstheilung\/#primaryimage"},"image":{"@id":"https:\/\/shop.pranichealing.ch\/fr\/produkt\/meditation-ueber-2-herzen-mit-selbstheilung\/#primaryimage"},"thumbnailUrl":"https:\/\/shop.pranichealing.ch\/wp-content\/uploads\/2022\/01\/CD_Meditation-uber-zwei-Herzen-mit-Selbstheilung.jpg","datePublished":"2022-01-04T16:07:14+00:00","dateModified":"2022-02-10T17:05:39+00:00","description":"Regelm\u00e4ssige Praxis der einfach zu erlernenden Meditation f\u00fchrt zu k\u00f6rperlicher, emotionaler und mentaler Ausgeglichenheit. Die Erfahrungen reichen von innerer Stille und Frieden bis hin zu Verst\u00e4rkung der Heilkraft und intensivierter Sensibilit\u00e4t.","breadcrumb":{"@id":"https:\/\/shop.pranichealing.ch\/fr\/produkt\/meditation-ueber-2-herzen-mit-selbstheilung\/#breadcrumb"},"inLanguage":"fr-FR","potentialAction":[{"@type":"ReadAction","target":["https:\/\/shop.pranichealing.ch\/fr\/produkt\/meditation-ueber-2-herzen-mit-selbstheilung\/"]}]},{"@type":"ImageObject","inLanguage":"fr-FR","@id":"https:\/\/shop.pranichealing.ch\/fr\/produkt\/meditation-ueber-2-herzen-mit-selbstheilung\/#primaryimage","url":"https:\/\/shop.pranichealing.ch\/wp-content\/uploads\/2022\/01\/CD_Meditation-uber-zwei-Herzen-mit-Selbstheilung.jpg","contentUrl":"https:\/\/shop.pranichealing.ch\/wp-content\/uploads\/2022\/01\/CD_Meditation-uber-zwei-Herzen-mit-Selbstheilung.jpg","width":800,"height":803},{"@type":"BreadcrumbList","@id":"https:\/\/shop.pranichealing.ch\/fr\/produkt\/meditation-ueber-2-herzen-mit-selbstheilung\/#breadcrumb","itemListElement":[{"@type":"ListItem","position":1,"name":"Startseite","item":"https:\/\/shop.pranichealing.ch\/fr\/livres\/"},{"@type":"ListItem","position":2,"name":"Boutique","item":"https:\/\/shop.pranichealing.ch\/fr\/boutique\/"},{"@type":"ListItem","position":3,"name":"Meditation \u00fcber Zwei Herzen \u2013 mit Selbstheilung"}]},{"@type":"WebSite","@id":"https:\/\/shop.pranichealing.ch\/fr\/#website","url":"https:\/\/shop.pranichealing.ch\/fr\/","name":"Institut Pranic Healing Suisse","description":"Onlineshop","publisher":{"@id":"https:\/\/shop.pranichealing.ch\/fr\/#organization"},"potentialAction":[{"@type":"SearchAction","target":{"@type":"EntryPoint","urlTemplate":"https:\/\/shop.pranichealing.ch\/fr\/?s={search_term_string}"},"query-input":{"@type":"PropertyValueSpecification","valueRequired":true,"valueName":"search_term_string"}}],"inLanguage":"fr-FR"},{"@type":"Organization","@id":"https:\/\/shop.pranichealing.ch\/fr\/#organization","name":"Institut Pranic Healing Suisse","url":"https:\/\/shop.pranichealing.ch\/fr\/","logo":{"@type":"ImageObject","inLanguage":"fr-FR","@id":"https:\/\/shop.pranichealing.ch\/fr\/#\/schema\/logo\/image\/","url":"https:\/\/shop.pranichealing.ch\/wp-content\/uploads\/2022\/02\/iphs.svg","contentUrl":"https:\/\/shop.pranichealing.ch\/wp-content\/uploads\/2022\/02\/iphs.svg","width":416,"height":84,"caption":"Institut Pranic Healing Suisse"},"image":{"@id":"https:\/\/shop.pranichealing.ch\/fr\/#\/schema\/logo\/image\/"}}]}},"_links":{"self":[{"href":"https:\/\/shop.pranichealing.ch\/fr\/wp-json\/wp\/v2\/product\/583","targetHints":{"allow":["GET"]}}],"collection":[{"href":"https:\/\/shop.pranichealing.ch\/fr\/wp-json\/wp\/v2\/product"}],"about":[{"href":"https:\/\/shop.pranichealing.ch\/fr\/wp-json\/wp\/v2\/types\/product"}],"wp:featuredmedia":[{"embeddable":true,"href":"https:\/\/shop.pranichealing.ch\/fr\/wp-json\/wp\/v2\/media\/792"}],"wp:attachment":[{"href":"https:\/\/shop.pranichealing.ch\/fr\/wp-json\/wp\/v2\/media?parent=583"}],"wp:term":[{"taxonomy":"product_brand","embeddable":true,"href":"https:\/\/shop.pranichealing.ch\/fr\/wp-json\/wp\/v2\/product_brand?post=583"},{"taxonomy":"product_cat","embeddable":true,"href":"https:\/\/shop.pranichealing.ch\/fr\/wp-json\/wp\/v2\/product_cat?post=583"},{"taxonomy":"product_tag","embeddable":true,"href":"https:\/\/shop.pranichealing.ch\/fr\/wp-json\/wp\/v2\/product_tag?post=583"}],"curies":[{"name":"wp","href":"https:\/\/api.w.org\/{rel}","templated":true}]}}