{"id":588,"date":"2022-01-04T16:17:57","date_gmt":"2022-01-04T15:17:57","guid":{"rendered":"https:\/\/shop.pranichealing.ch\/produkt\/grundlagen-des-pranaheilens\/"},"modified":"2022-01-19T12:33:12","modified_gmt":"2022-01-19T11:33:12","slug":"grundlagen-des-pranaheilens","status":"publish","type":"product","link":"https:\/\/shop.pranichealing.ch\/fr\/produkt\/grundlagen-des-pranaheilens\/","title":{"rendered":"Grundlagen des Pranaheilens"},"content":{"rendered":"<p>\u201eIch bin weder hellsichtig, noch wurde ich mit der F\u00e4higkeit zu heilen geboren. Wenn ich lernen konnte, wirklich zu heilen, so k\u00f6nnen Sie es auch!\u201c. Master Choa Kok Sui.<\/p>\n<p>Dieses Buch erkl\u00e4rt Schritt f\u00fcr Schritt die verschiedenen Techniken von Pranic Healing und hilft Ihnen, diese nach kurzer Zeit in Ihrem Alltag anzuwenden.<\/p>\n<ul>\n<li>Es zeigt Ihnen, wie Sie den Energiek\u00f6rper (Aura) und die Energiezentren (Chakras) f\u00fchlen k\u00f6nnen. Dies erm\u00f6glicht Ihnen, zahlreiche Krankheiten durch die beschriebenen Reinigungs- und Energetisierungstechniken zu heilen oder zu lindern.<\/li>\n<li>Dies geschieht, indem Sie nach der Reinigung die entsprechenden Energiem\u00e4ngel oder Stauungen durch die \u00dcbertragung von universeller Lebensenergie (Prana) ausgleichen.<\/li>\n<li>Zus\u00e4tzlich werden einfache Reinigungs- und Energetisierungstechniken beschrieben, die Ihnen helfen, Ihre Gesundheit zu bewahren und die Selbstheilungskr\u00e4fte zu aktivieren.<\/li>\n<\/ul>\n","protected":false},"excerpt":{"rendered":"<p>Dieses Buch erkl\u00e4rt Schritt f\u00fcr Schritt die verschiedenen Techniken von Pranic Healing und hilft Ihnen, diese nach kurzer Zeit in Ihrem Alltag anzuwenden.<\/p>\n","protected":false},"featured_media":728,"template":"","meta":{"inline_featured_image":false},"product_brand":[],"product_cat":[65,51],"product_tag":[],"class_list":{"0":"post-588","1":"product","2":"type-product","3":"status-publish","4":"has-post-thumbnail","6":"product_cat-de-fr","7":"product_cat-livres","8":"entry","10":"first","11":"instock","12":"taxable","13":"shipping-taxable","14":"purchasable","15":"product-type-simple"},"yoast_head":"<!-- This site is optimized with the Yoast SEO plugin v27.3 - https:\/\/yoast.com\/product\/yoast-seo-wordpress\/ -->\n<title>Grundlagen des Pranaheilens - Institut Pranic Healing Suisse<\/title>\n<meta name=\"description\" content=\"Dieses Buch erkl\u00e4rt Schritt f\u00fcr Schritt die verschiedenen Techniken von Pranic Healing und hilft Ihnen, diese nach kurzer Zeit in Ihrem Alltag anzuwenden.\" \/>\n<meta name=\"robots\" content=\"index, follow, max-snippet:-1, max-image-preview:large, max-video-preview:-1\" \/>\n<link rel=\"canonical\" href=\"https:\/\/shop.pranichealing.ch\/fr\/produkt\/grundlagen-des-pranaheilens\/\" \/>\n<meta property=\"og:locale\" content=\"fr_FR\" \/>\n<meta property=\"og:type\" content=\"article\" \/>\n<meta property=\"og:title\" content=\"Grundlagen des Pranaheilens - Institut Pranic Healing Suisse\" \/>\n<meta property=\"og:description\" content=\"Dieses Buch erkl\u00e4rt Schritt f\u00fcr Schritt die verschiedenen Techniken von Pranic Healing und hilft Ihnen, diese nach kurzer Zeit in Ihrem Alltag anzuwenden.\" \/>\n<meta property=\"og:url\" content=\"https:\/\/shop.pranichealing.ch\/fr\/produkt\/grundlagen-des-pranaheilens\/\" \/>\n<meta property=\"og:site_name\" content=\"Institut Pranic Healing Suisse\" \/>\n<meta property=\"article:modified_time\" content=\"2022-01-19T11:33:12+00:00\" \/>\n<meta property=\"og:image\" content=\"https:\/\/shop.pranichealing.ch\/wp-content\/uploads\/2022\/01\/Grundlagen-des-Pranaheilens.jpg\" \/>\n\t<meta property=\"og:image:width\" content=\"800\" \/>\n\t<meta property=\"og:image:height\" content=\"1217\" \/>\n\t<meta property=\"og:image:type\" content=\"image\/jpeg\" \/>\n<meta name=\"twitter:card\" content=\"summary_large_image\" \/>\n<meta name=\"twitter:label1\" content=\"Dur\u00e9e de lecture estim\u00e9e\" \/>\n\t<meta name=\"twitter:data1\" content=\"1 minute\" \/>\n<script type=\"application\/ld+json\" class=\"yoast-schema-graph\">{\"@context\":\"https:\\\/\\\/schema.org\",\"@graph\":[{\"@type\":\"WebPage\",\"@id\":\"https:\\\/\\\/shop.pranichealing.ch\\\/fr\\\/produkt\\\/grundlagen-des-pranaheilens\\\/\",\"url\":\"https:\\\/\\\/shop.pranichealing.ch\\\/fr\\\/produkt\\\/grundlagen-des-pranaheilens\\\/\",\"name\":\"Grundlagen des Pranaheilens - Institut Pranic Healing Suisse\",\"isPartOf\":{\"@id\":\"https:\\\/\\\/shop.pranichealing.ch\\\/fr\\\/#website\"},\"primaryImageOfPage\":{\"@id\":\"https:\\\/\\\/shop.pranichealing.ch\\\/fr\\\/produkt\\\/grundlagen-des-pranaheilens\\\/#primaryimage\"},\"image\":{\"@id\":\"https:\\\/\\\/shop.pranichealing.ch\\\/fr\\\/produkt\\\/grundlagen-des-pranaheilens\\\/#primaryimage\"},\"thumbnailUrl\":\"https:\\\/\\\/shop.pranichealing.ch\\\/wp-content\\\/uploads\\\/2022\\\/01\\\/Grundlagen-des-Pranaheilens.jpg\",\"datePublished\":\"2022-01-04T15:17:57+00:00\",\"dateModified\":\"2022-01-19T11:33:12+00:00\",\"description\":\"Dieses Buch erkl\u00e4rt Schritt f\u00fcr Schritt die verschiedenen Techniken von Pranic Healing und hilft Ihnen, diese nach kurzer Zeit in Ihrem Alltag anzuwenden.\",\"breadcrumb\":{\"@id\":\"https:\\\/\\\/shop.pranichealing.ch\\\/fr\\\/produkt\\\/grundlagen-des-pranaheilens\\\/#breadcrumb\"},\"inLanguage\":\"fr-FR\",\"potentialAction\":[{\"@type\":\"ReadAction\",\"target\":[\"https:\\\/\\\/shop.pranichealing.ch\\\/fr\\\/produkt\\\/grundlagen-des-pranaheilens\\\/\"]}]},{\"@type\":\"ImageObject\",\"inLanguage\":\"fr-FR\",\"@id\":\"https:\\\/\\\/shop.pranichealing.ch\\\/fr\\\/produkt\\\/grundlagen-des-pranaheilens\\\/#primaryimage\",\"url\":\"https:\\\/\\\/shop.pranichealing.ch\\\/wp-content\\\/uploads\\\/2022\\\/01\\\/Grundlagen-des-Pranaheilens.jpg\",\"contentUrl\":\"https:\\\/\\\/shop.pranichealing.ch\\\/wp-content\\\/uploads\\\/2022\\\/01\\\/Grundlagen-des-Pranaheilens.jpg\",\"width\":800,\"height\":1217},{\"@type\":\"BreadcrumbList\",\"@id\":\"https:\\\/\\\/shop.pranichealing.ch\\\/fr\\\/produkt\\\/grundlagen-des-pranaheilens\\\/#breadcrumb\",\"itemListElement\":[{\"@type\":\"ListItem\",\"position\":1,\"name\":\"Startseite\",\"item\":\"https:\\\/\\\/shop.pranichealing.ch\\\/fr\\\/livres\\\/\"},{\"@type\":\"ListItem\",\"position\":2,\"name\":\"Boutique\",\"item\":\"https:\\\/\\\/shop.pranichealing.ch\\\/fr\\\/boutique\\\/\"},{\"@type\":\"ListItem\",\"position\":3,\"name\":\"Grundlagen des Pranaheilens\"}]},{\"@type\":\"WebSite\",\"@id\":\"https:\\\/\\\/shop.pranichealing.ch\\\/fr\\\/#website\",\"url\":\"https:\\\/\\\/shop.pranichealing.ch\\\/fr\\\/\",\"name\":\"Institut Pranic Healing Suisse\",\"description\":\"Onlineshop\",\"publisher\":{\"@id\":\"https:\\\/\\\/shop.pranichealing.ch\\\/fr\\\/#organization\"},\"potentialAction\":[{\"@type\":\"SearchAction\",\"target\":{\"@type\":\"EntryPoint\",\"urlTemplate\":\"https:\\\/\\\/shop.pranichealing.ch\\\/fr\\\/?s={search_term_string}\"},\"query-input\":{\"@type\":\"PropertyValueSpecification\",\"valueRequired\":true,\"valueName\":\"search_term_string\"}}],\"inLanguage\":\"fr-FR\"},{\"@type\":\"Organization\",\"@id\":\"https:\\\/\\\/shop.pranichealing.ch\\\/fr\\\/#organization\",\"name\":\"Institut Pranic Healing Suisse\",\"url\":\"https:\\\/\\\/shop.pranichealing.ch\\\/fr\\\/\",\"logo\":{\"@type\":\"ImageObject\",\"inLanguage\":\"fr-FR\",\"@id\":\"https:\\\/\\\/shop.pranichealing.ch\\\/fr\\\/#\\\/schema\\\/logo\\\/image\\\/\",\"url\":\"https:\\\/\\\/shop.pranichealing.ch\\\/wp-content\\\/uploads\\\/2022\\\/02\\\/iphs.svg\",\"contentUrl\":\"https:\\\/\\\/shop.pranichealing.ch\\\/wp-content\\\/uploads\\\/2022\\\/02\\\/iphs.svg\",\"width\":416,\"height\":84,\"caption\":\"Institut Pranic Healing Suisse\"},\"image\":{\"@id\":\"https:\\\/\\\/shop.pranichealing.ch\\\/fr\\\/#\\\/schema\\\/logo\\\/image\\\/\"}}]}<\/script>\n<!-- \/ Yoast SEO plugin. -->","yoast_head_json":{"title":"Grundlagen des Pranaheilens - Institut Pranic Healing Suisse","description":"Dieses Buch erkl\u00e4rt Schritt f\u00fcr Schritt die verschiedenen Techniken von Pranic Healing und hilft Ihnen, diese nach kurzer Zeit in Ihrem Alltag anzuwenden.","robots":{"index":"index","follow":"follow","max-snippet":"max-snippet:-1","max-image-preview":"max-image-preview:large","max-video-preview":"max-video-preview:-1"},"canonical":"https:\/\/shop.pranichealing.ch\/fr\/produkt\/grundlagen-des-pranaheilens\/","og_locale":"fr_FR","og_type":"article","og_title":"Grundlagen des Pranaheilens - Institut Pranic Healing Suisse","og_description":"Dieses Buch erkl\u00e4rt Schritt f\u00fcr Schritt die verschiedenen Techniken von Pranic Healing und hilft Ihnen, diese nach kurzer Zeit in Ihrem Alltag anzuwenden.","og_url":"https:\/\/shop.pranichealing.ch\/fr\/produkt\/grundlagen-des-pranaheilens\/","og_site_name":"Institut Pranic Healing Suisse","article_modified_time":"2022-01-19T11:33:12+00:00","og_image":[{"width":800,"height":1217,"url":"https:\/\/shop.pranichealing.ch\/wp-content\/uploads\/2022\/01\/Grundlagen-des-Pranaheilens.jpg","type":"image\/jpeg"}],"twitter_card":"summary_large_image","twitter_misc":{"Dur\u00e9e de lecture estim\u00e9e":"1 minute"},"schema":{"@context":"https:\/\/schema.org","@graph":[{"@type":"WebPage","@id":"https:\/\/shop.pranichealing.ch\/fr\/produkt\/grundlagen-des-pranaheilens\/","url":"https:\/\/shop.pranichealing.ch\/fr\/produkt\/grundlagen-des-pranaheilens\/","name":"Grundlagen des Pranaheilens - Institut Pranic Healing Suisse","isPartOf":{"@id":"https:\/\/shop.pranichealing.ch\/fr\/#website"},"primaryImageOfPage":{"@id":"https:\/\/shop.pranichealing.ch\/fr\/produkt\/grundlagen-des-pranaheilens\/#primaryimage"},"image":{"@id":"https:\/\/shop.pranichealing.ch\/fr\/produkt\/grundlagen-des-pranaheilens\/#primaryimage"},"thumbnailUrl":"https:\/\/shop.pranichealing.ch\/wp-content\/uploads\/2022\/01\/Grundlagen-des-Pranaheilens.jpg","datePublished":"2022-01-04T15:17:57+00:00","dateModified":"2022-01-19T11:33:12+00:00","description":"Dieses Buch erkl\u00e4rt Schritt f\u00fcr Schritt die verschiedenen Techniken von Pranic Healing und hilft Ihnen, diese nach kurzer Zeit in Ihrem Alltag anzuwenden.","breadcrumb":{"@id":"https:\/\/shop.pranichealing.ch\/fr\/produkt\/grundlagen-des-pranaheilens\/#breadcrumb"},"inLanguage":"fr-FR","potentialAction":[{"@type":"ReadAction","target":["https:\/\/shop.pranichealing.ch\/fr\/produkt\/grundlagen-des-pranaheilens\/"]}]},{"@type":"ImageObject","inLanguage":"fr-FR","@id":"https:\/\/shop.pranichealing.ch\/fr\/produkt\/grundlagen-des-pranaheilens\/#primaryimage","url":"https:\/\/shop.pranichealing.ch\/wp-content\/uploads\/2022\/01\/Grundlagen-des-Pranaheilens.jpg","contentUrl":"https:\/\/shop.pranichealing.ch\/wp-content\/uploads\/2022\/01\/Grundlagen-des-Pranaheilens.jpg","width":800,"height":1217},{"@type":"BreadcrumbList","@id":"https:\/\/shop.pranichealing.ch\/fr\/produkt\/grundlagen-des-pranaheilens\/#breadcrumb","itemListElement":[{"@type":"ListItem","position":1,"name":"Startseite","item":"https:\/\/shop.pranichealing.ch\/fr\/livres\/"},{"@type":"ListItem","position":2,"name":"Boutique","item":"https:\/\/shop.pranichealing.ch\/fr\/boutique\/"},{"@type":"ListItem","position":3,"name":"Grundlagen des Pranaheilens"}]},{"@type":"WebSite","@id":"https:\/\/shop.pranichealing.ch\/fr\/#website","url":"https:\/\/shop.pranichealing.ch\/fr\/","name":"Institut Pranic Healing Suisse","description":"Onlineshop","publisher":{"@id":"https:\/\/shop.pranichealing.ch\/fr\/#organization"},"potentialAction":[{"@type":"SearchAction","target":{"@type":"EntryPoint","urlTemplate":"https:\/\/shop.pranichealing.ch\/fr\/?s={search_term_string}"},"query-input":{"@type":"PropertyValueSpecification","valueRequired":true,"valueName":"search_term_string"}}],"inLanguage":"fr-FR"},{"@type":"Organization","@id":"https:\/\/shop.pranichealing.ch\/fr\/#organization","name":"Institut Pranic Healing Suisse","url":"https:\/\/shop.pranichealing.ch\/fr\/","logo":{"@type":"ImageObject","inLanguage":"fr-FR","@id":"https:\/\/shop.pranichealing.ch\/fr\/#\/schema\/logo\/image\/","url":"https:\/\/shop.pranichealing.ch\/wp-content\/uploads\/2022\/02\/iphs.svg","contentUrl":"https:\/\/shop.pranichealing.ch\/wp-content\/uploads\/2022\/02\/iphs.svg","width":416,"height":84,"caption":"Institut Pranic Healing Suisse"},"image":{"@id":"https:\/\/shop.pranichealing.ch\/fr\/#\/schema\/logo\/image\/"}}]}},"_links":{"self":[{"href":"https:\/\/shop.pranichealing.ch\/fr\/wp-json\/wp\/v2\/product\/588","targetHints":{"allow":["GET"]}}],"collection":[{"href":"https:\/\/shop.pranichealing.ch\/fr\/wp-json\/wp\/v2\/product"}],"about":[{"href":"https:\/\/shop.pranichealing.ch\/fr\/wp-json\/wp\/v2\/types\/product"}],"wp:featuredmedia":[{"embeddable":true,"href":"https:\/\/shop.pranichealing.ch\/fr\/wp-json\/wp\/v2\/media\/728"}],"wp:attachment":[{"href":"https:\/\/shop.pranichealing.ch\/fr\/wp-json\/wp\/v2\/media?parent=588"}],"wp:term":[{"taxonomy":"product_brand","embeddable":true,"href":"https:\/\/shop.pranichealing.ch\/fr\/wp-json\/wp\/v2\/product_brand?post=588"},{"taxonomy":"product_cat","embeddable":true,"href":"https:\/\/shop.pranichealing.ch\/fr\/wp-json\/wp\/v2\/product_cat?post=588"},{"taxonomy":"product_tag","embeddable":true,"href":"https:\/\/shop.pranichealing.ch\/fr\/wp-json\/wp\/v2\/product_tag?post=588"}],"curies":[{"name":"wp","href":"https:\/\/api.w.org\/{rel}","templated":true}]}}