{"id":622,"date":"2022-01-14T10:29:00","date_gmt":"2022-01-14T09:29:00","guid":{"rendered":"https:\/\/shop.pranichealing.ch\/protezione-dati\/"},"modified":"2022-01-21T12:33:06","modified_gmt":"2022-01-21T11:33:06","slug":"protezione-dati","status":"publish","type":"page","link":"https:\/\/shop.pranichealing.ch\/it\/protezione-dati\/","title":{"rendered":"Protezione dati"},"content":{"rendered":"\t\t<div data-elementor-type=\"wp-page\" data-elementor-id=\"622\" class=\"elementor elementor-622 elementor-605\" data-elementor-post-type=\"page\">\n\t\t\t\t\t\t<section data-particle_enable=\"false\" data-particle-mobile-disabled=\"false\" class=\"elementor-section elementor-top-section elementor-element elementor-element-7199524 elementor-section-boxed elementor-section-height-default elementor-section-height-default\" data-id=\"7199524\" data-element_type=\"section\" data-e-type=\"section\">\n\t\t\t\t\t\t<div class=\"elementor-container elementor-column-gap-default\">\n\t\t\t\t\t<div class=\"elementor-column elementor-col-100 elementor-top-column elementor-element elementor-element-ea5fa39\" data-id=\"ea5fa39\" data-element_type=\"column\" data-e-type=\"column\">\n\t\t\t<div class=\"elementor-widget-wrap elementor-element-populated\">\n\t\t\t\t\t\t<div class=\"elementor-element elementor-element-95ec9b9 elementor-widget elementor-widget-heading\" data-id=\"95ec9b9\" data-element_type=\"widget\" data-e-type=\"widget\" data-widget_type=\"heading.default\">\n\t\t\t\t<div class=\"elementor-widget-container\">\n\t\t\t\t\t<h1 class=\"elementor-heading-title elementor-size-default\">Protezione dati<\/h1>\t\t\t\t<\/div>\n\t\t\t\t<\/div>\n\t\t\t\t<div class=\"elementor-element elementor-element-dd827fc elementor-widget elementor-widget-text-editor\" data-id=\"dd827fc\" data-element_type=\"widget\" data-e-type=\"widget\" data-widget_type=\"text-editor.default\">\n\t\t\t\t<div class=\"elementor-widget-container\">\n\t\t\t\t\t\t\t\t\t<p>Lei \u00e8 importante per noi:<\/p>\n<p>pertanto \u00e8 nostro piacevole dovere, informarla sul tema della protezione dei dati.<\/p>\n<p>Da parte nostra le garantiamo una loro gestione effettuata con la massima accuratezza. L&#8217;istituto Pranic Healing Svizzera \u00e8 sottoposto alle disposizioni della legge federale sulla protezione dei dati (LPD) che attualmente si trova in revisione. Nelle nostre direttive sulla protezione dei dati siamo per\u00f2 gi\u00e0 un passo avanti rispetto alle disposizioni vigenti.<br \/>Ci impegniamo a proteggere la privacy di tutti coloro che utilizzano il nostro sito web e a mantenere riservate le informazioni personali forniteci dai nostri visitatori.<\/p>\n<\/p>\n<p><strong>Dati personali<\/strong><\/p>\n<p>Registriamo i dati che lei ci fornisce volontariamente, come ad esempio nome, cognome, indirizzo, numero di telefono e indirizzo e-mail, compilando i formulari d&#8217;iscrizione a un seminario, a una manifestazione o a un evento. Tramite l&#8217;invio del formulario lei acconsente all&#8217;elaborazione dei suoi dati personali da parte di Pranic Healing.<\/p>\n<p>Le informazioni registrate saranno utilizzate esclusivamente per mettersi in contatto con lei, per la corrispondenza relativa a seminari, eventi o altre offerte, come pure per segnalarle eventi informativi e seminari nelle vicinanze. I dati personali dei nostri utenti non saranno divulgati a terzi e non verranno creati profili personali.<\/p>\n<p>Come licenziatari del Institute for Inner Studies a Manila siamo tenuti a trasmettere i nomi degli studenti partecipanti, nonch\u00e9 i loro indirizzi, al titolare di licenza. Lei ha per\u00f2 la possibilit\u00e0 di rifiutare la trasmissione dei suoi dati, quando parteciper\u00e0 al primo seminario.<br \/>Il formulario di candidatura necessario per la partecipazione a un seminario di Arhatic Yoga (compresi i livelli avanzati) viene trasmesso all&#8217;Institute for Inner Studies a Manila. L\u00ec viene verificato se non sussistono controindicazioni alla sua partecipazione al seminario. Senza questa procedura, la partecipazione a un seminario di Arhatic Yoga non \u00e8 possibile.<\/p>\n<p>Per scopi statistici elaboriamo informazioni generali (es. numero di visite, tempo trascorso sul sito) sugli accessi al nostro sito. I dati ottenuti vengono salvati, raggruppati e analizzati e servono unicamente per una verifica a livello tecnico e per migliorare i contenuti del sito. Questi dati vengono trattati come strettamente riservati e non sono trasmessi a terzi a meno che venga richiesto dall&#8217;autorit\u00e0 penale.<\/p>\n<\/p>\n<p><strong>Newsletter<\/strong><\/p>\n<p>Registrazioni per la newsletter possono essere cancellate in qualsiasi momento. Indicazioni sulla procedura di cancellazione si trovano direttamente sulle varie newsletter. Indirizzi e registrazioni per le newsletter non sono forniti a terzi.<\/p>\n<\/p>\n<p><strong>Presenze online e social media<\/strong><\/p>\n<p>Siamo presenti anche sui social media e su piattaforme come facebook per poter comunicare con clienti, interessanti e utenti attivi ed informarli sulle nostre prestazioni. In questi casi sono valide le condizioni generali e la legge della protezione dei dati di ciascun social media e piattaforma. Facebook \u00e8 certificato secondo l&#8217;Accordo sulla privacy che garantisce il rispetto della normativa europea sulla protezione dei dati. L&#8217;elaborazione dei dati da parte di Facebook viene gestita secondo le direttive della Politica sull&#8217;utilizzo dei dati di Facebook.<\/p>\n<p>Lei ha il diritto di ricevere informazioni sull&#8217;utilizzo dei suoi dati, di provvedere al loro adeguamento, completamento o cancellazione, in qualsiasi momento. Per fare ci\u00f2 la preghiamo di inviarci una e-mail a info@pranichealing.ch<\/p>\n\t\t\t\t\t\t\t\t<\/div>\n\t\t\t\t<\/div>\n\t\t\t\t\t<\/div>\n\t\t<\/div>\n\t\t\t\t\t<\/div>\n\t\t<\/section>\n\t\t\t\t<\/div>\n\t\t","protected":false},"excerpt":{"rendered":"<p>Protezione dati Lei \u00e8 importante per noi: pertanto \u00e8 nostro piacevole dovere, informarla sul tema della protezione dei dati. Da parte nostra le garantiamo una loro gestione effettuata con la massima accuratezza. L&#8217;istituto Pranic Healing Svizzera \u00e8 sottoposto alle disposizioni della legge federale sulla protezione dei dati (LPD) che attualmente si trova in revisione. Nelle&hellip; <a class=\"more-link\" href=\"https:\/\/shop.pranichealing.ch\/it\/protezione-dati\/\">Continua a leggere <span class=\"screen-reader-text\">Protezione dati<\/span><\/a><\/p>\n","protected":false},"author":4,"featured_media":0,"parent":0,"menu_order":0,"comment_status":"closed","ping_status":"closed","template":"elementor_header_footer","meta":{"inline_featured_image":false,"footnotes":""},"class_list":["post-622","page","type-page","status-publish","hentry","entry"],"yoast_head":"<!-- This site is optimized with the Yoast SEO plugin v27.3 - https:\/\/yoast.com\/product\/yoast-seo-wordpress\/ -->\n<title>Protezione dati - Institut Pranic Healing Svizzera<\/title>\n<meta name=\"robots\" content=\"index, follow, max-snippet:-1, max-image-preview:large, max-video-preview:-1\" \/>\n<link rel=\"canonical\" href=\"https:\/\/shop.pranichealing.ch\/it\/protezione-dati\/\" \/>\n<meta property=\"og:locale\" content=\"it_IT\" \/>\n<meta property=\"og:type\" content=\"article\" \/>\n<meta property=\"og:title\" content=\"Protezione dati - Institut Pranic Healing Svizzera\" \/>\n<meta property=\"og:description\" content=\"Protezione dati Lei \u00e8 importante per noi: pertanto \u00e8 nostro piacevole dovere, informarla sul tema della protezione dei dati. Da parte nostra le garantiamo una loro gestione effettuata con la massima accuratezza. L&#8217;istituto Pranic Healing Svizzera \u00e8 sottoposto alle disposizioni della legge federale sulla protezione dei dati (LPD) che attualmente si trova in revisione. Nelle&hellip; Continua a leggere Protezione dati\" \/>\n<meta property=\"og:url\" content=\"https:\/\/shop.pranichealing.ch\/it\/protezione-dati\/\" \/>\n<meta property=\"og:site_name\" content=\"Institut Pranic Healing Svizzera\" \/>\n<meta property=\"article:modified_time\" content=\"2022-01-21T11:33:06+00:00\" \/>\n<meta name=\"twitter:card\" content=\"summary_large_image\" \/>\n<meta name=\"twitter:label1\" content=\"Tempo di lettura stimato\" \/>\n\t<meta name=\"twitter:data1\" content=\"3 minuti\" \/>\n<script type=\"application\/ld+json\" class=\"yoast-schema-graph\">{\"@context\":\"https:\\\/\\\/schema.org\",\"@graph\":[{\"@type\":\"WebPage\",\"@id\":\"https:\\\/\\\/shop.pranichealing.ch\\\/it\\\/protezione-dati\\\/\",\"url\":\"https:\\\/\\\/shop.pranichealing.ch\\\/it\\\/protezione-dati\\\/\",\"name\":\"Protezione dati - Institut Pranic Healing Svizzera\",\"isPartOf\":{\"@id\":\"https:\\\/\\\/shop.pranichealing.ch\\\/it\\\/#website\"},\"datePublished\":\"2022-01-14T09:29:00+00:00\",\"dateModified\":\"2022-01-21T11:33:06+00:00\",\"breadcrumb\":{\"@id\":\"https:\\\/\\\/shop.pranichealing.ch\\\/it\\\/protezione-dati\\\/#breadcrumb\"},\"inLanguage\":\"it-IT\",\"potentialAction\":[{\"@type\":\"ReadAction\",\"target\":[\"https:\\\/\\\/shop.pranichealing.ch\\\/it\\\/protezione-dati\\\/\"]}]},{\"@type\":\"BreadcrumbList\",\"@id\":\"https:\\\/\\\/shop.pranichealing.ch\\\/it\\\/protezione-dati\\\/#breadcrumb\",\"itemListElement\":[{\"@type\":\"ListItem\",\"position\":1,\"name\":\"Startseite\",\"item\":\"https:\\\/\\\/shop.pranichealing.ch\\\/it\\\/\"},{\"@type\":\"ListItem\",\"position\":2,\"name\":\"Protezione dati\"}]},{\"@type\":\"WebSite\",\"@id\":\"https:\\\/\\\/shop.pranichealing.ch\\\/it\\\/#website\",\"url\":\"https:\\\/\\\/shop.pranichealing.ch\\\/it\\\/\",\"name\":\"Institut Pranic Healing Svizzera\",\"description\":\"Onlineshop\",\"publisher\":{\"@id\":\"https:\\\/\\\/shop.pranichealing.ch\\\/it\\\/#organization\"},\"potentialAction\":[{\"@type\":\"SearchAction\",\"target\":{\"@type\":\"EntryPoint\",\"urlTemplate\":\"https:\\\/\\\/shop.pranichealing.ch\\\/it\\\/?s={search_term_string}\"},\"query-input\":{\"@type\":\"PropertyValueSpecification\",\"valueRequired\":true,\"valueName\":\"search_term_string\"}}],\"inLanguage\":\"it-IT\"},{\"@type\":\"Organization\",\"@id\":\"https:\\\/\\\/shop.pranichealing.ch\\\/it\\\/#organization\",\"name\":\"Institut Pranic Healing Svizzera\",\"url\":\"https:\\\/\\\/shop.pranichealing.ch\\\/it\\\/\",\"logo\":{\"@type\":\"ImageObject\",\"inLanguage\":\"it-IT\",\"@id\":\"https:\\\/\\\/shop.pranichealing.ch\\\/it\\\/#\\\/schema\\\/logo\\\/image\\\/\",\"url\":\"https:\\\/\\\/shop.pranichealing.ch\\\/wp-content\\\/uploads\\\/2022\\\/02\\\/iphs.svg\",\"contentUrl\":\"https:\\\/\\\/shop.pranichealing.ch\\\/wp-content\\\/uploads\\\/2022\\\/02\\\/iphs.svg\",\"width\":416,\"height\":84,\"caption\":\"Institut Pranic Healing Svizzera\"},\"image\":{\"@id\":\"https:\\\/\\\/shop.pranichealing.ch\\\/it\\\/#\\\/schema\\\/logo\\\/image\\\/\"}}]}<\/script>\n<!-- \/ Yoast SEO plugin. -->","yoast_head_json":{"title":"Protezione dati - Institut Pranic Healing Svizzera","robots":{"index":"index","follow":"follow","max-snippet":"max-snippet:-1","max-image-preview":"max-image-preview:large","max-video-preview":"max-video-preview:-1"},"canonical":"https:\/\/shop.pranichealing.ch\/it\/protezione-dati\/","og_locale":"it_IT","og_type":"article","og_title":"Protezione dati - Institut Pranic Healing Svizzera","og_description":"Protezione dati Lei \u00e8 importante per noi: pertanto \u00e8 nostro piacevole dovere, informarla sul tema della protezione dei dati. Da parte nostra le garantiamo una loro gestione effettuata con la massima accuratezza. L&#8217;istituto Pranic Healing Svizzera \u00e8 sottoposto alle disposizioni della legge federale sulla protezione dei dati (LPD) che attualmente si trova in revisione. Nelle&hellip; Continua a leggere Protezione dati","og_url":"https:\/\/shop.pranichealing.ch\/it\/protezione-dati\/","og_site_name":"Institut Pranic Healing Svizzera","article_modified_time":"2022-01-21T11:33:06+00:00","twitter_card":"summary_large_image","twitter_misc":{"Tempo di lettura stimato":"3 minuti"},"schema":{"@context":"https:\/\/schema.org","@graph":[{"@type":"WebPage","@id":"https:\/\/shop.pranichealing.ch\/it\/protezione-dati\/","url":"https:\/\/shop.pranichealing.ch\/it\/protezione-dati\/","name":"Protezione dati - Institut Pranic Healing Svizzera","isPartOf":{"@id":"https:\/\/shop.pranichealing.ch\/it\/#website"},"datePublished":"2022-01-14T09:29:00+00:00","dateModified":"2022-01-21T11:33:06+00:00","breadcrumb":{"@id":"https:\/\/shop.pranichealing.ch\/it\/protezione-dati\/#breadcrumb"},"inLanguage":"it-IT","potentialAction":[{"@type":"ReadAction","target":["https:\/\/shop.pranichealing.ch\/it\/protezione-dati\/"]}]},{"@type":"BreadcrumbList","@id":"https:\/\/shop.pranichealing.ch\/it\/protezione-dati\/#breadcrumb","itemListElement":[{"@type":"ListItem","position":1,"name":"Startseite","item":"https:\/\/shop.pranichealing.ch\/it\/"},{"@type":"ListItem","position":2,"name":"Protezione dati"}]},{"@type":"WebSite","@id":"https:\/\/shop.pranichealing.ch\/it\/#website","url":"https:\/\/shop.pranichealing.ch\/it\/","name":"Institut Pranic Healing Svizzera","description":"Onlineshop","publisher":{"@id":"https:\/\/shop.pranichealing.ch\/it\/#organization"},"potentialAction":[{"@type":"SearchAction","target":{"@type":"EntryPoint","urlTemplate":"https:\/\/shop.pranichealing.ch\/it\/?s={search_term_string}"},"query-input":{"@type":"PropertyValueSpecification","valueRequired":true,"valueName":"search_term_string"}}],"inLanguage":"it-IT"},{"@type":"Organization","@id":"https:\/\/shop.pranichealing.ch\/it\/#organization","name":"Institut Pranic Healing Svizzera","url":"https:\/\/shop.pranichealing.ch\/it\/","logo":{"@type":"ImageObject","inLanguage":"it-IT","@id":"https:\/\/shop.pranichealing.ch\/it\/#\/schema\/logo\/image\/","url":"https:\/\/shop.pranichealing.ch\/wp-content\/uploads\/2022\/02\/iphs.svg","contentUrl":"https:\/\/shop.pranichealing.ch\/wp-content\/uploads\/2022\/02\/iphs.svg","width":416,"height":84,"caption":"Institut Pranic Healing Svizzera"},"image":{"@id":"https:\/\/shop.pranichealing.ch\/it\/#\/schema\/logo\/image\/"}}]}},"_links":{"self":[{"href":"https:\/\/shop.pranichealing.ch\/it\/wp-json\/wp\/v2\/pages\/622","targetHints":{"allow":["GET"]}}],"collection":[{"href":"https:\/\/shop.pranichealing.ch\/it\/wp-json\/wp\/v2\/pages"}],"about":[{"href":"https:\/\/shop.pranichealing.ch\/it\/wp-json\/wp\/v2\/types\/page"}],"author":[{"embeddable":true,"href":"https:\/\/shop.pranichealing.ch\/it\/wp-json\/wp\/v2\/users\/4"}],"replies":[{"embeddable":true,"href":"https:\/\/shop.pranichealing.ch\/it\/wp-json\/wp\/v2\/comments?post=622"}],"version-history":[{"count":0,"href":"https:\/\/shop.pranichealing.ch\/it\/wp-json\/wp\/v2\/pages\/622\/revisions"}],"wp:attachment":[{"href":"https:\/\/shop.pranichealing.ch\/it\/wp-json\/wp\/v2\/media?parent=622"}],"curies":[{"name":"wp","href":"https:\/\/api.w.org\/{rel}","templated":true}]}}