{"id":1049,"date":"2022-01-19T11:46:00","date_gmt":"2022-01-19T11:01:37","guid":{"rendered":"https:\/\/shop.pranichealing.ch\/produkt\/experience-de-letre\/"},"modified":"2022-02-10T18:00:58","modified_gmt":"2022-02-10T17:00:58","slug":"experience-de-letre","status":"publish","type":"product","link":"https:\/\/shop.pranichealing.ch\/it\/produkt\/experience-de-letre\/","title":{"rendered":"Exp\u00e9rience de l&#8217;\u00catre &#8211; Sur la Vie"},"content":{"rendered":"<p>Les Sutras du Lotus Dor\u00e9 de Ma\u00eetre Choa Kok Sui, 7 livres au total, qui concernent beaucoup de th\u00e8mes diff\u00e9rents. Il partage ses pens\u00e9es et sa sagesse sur des sujets tels que la prosp\u00e9rit\u00e9, les relations, la vie, la spiritualit\u00e9, la recherche de la paix int\u00e9rieure et bien d&#8217;autres exp\u00e9riences. Chaque sutra est disponible s\u00e9par\u00e9ment.<\/p>\n<p>Ce sutra aborde des th\u00e8mes du quotidien comme les enfants, les relations, l\u2019amour et le pardon. Il nous encourage \u00e0 mener une r\u00e9flexion approfondie et nous guide vers une meilleure compr\u00e9hension de la vie.<\/p>\n","protected":false},"excerpt":{"rendered":"<p>Les Sutras du Lotus Dor\u00e9 de Ma\u00eetre Choa Kok Sui, 7 livres au total, qui concernent beaucoup de th\u00e8mes diff\u00e9rents. Il partage ses pens\u00e9es et sa sagesse sur des sujets tels que la prosp\u00e9rit\u00e9, les relations, la vie, la spiritualit\u00e9, la recherche de la paix int\u00e9rieure et bien d&#8217;autres exp\u00e9riences. Chaque sutra est disponible s\u00e9par\u00e9ment.&hellip; <a class=\"more-link\" href=\"https:\/\/shop.pranichealing.ch\/it\/produkt\/experience-de-letre\/\">Continua a leggere <span class=\"screen-reader-text\">Exp\u00e9rience de l&#8217;\u00catre &#8211; Sur la Vie<\/span><\/a><\/p>\n","protected":false},"featured_media":943,"template":"","meta":{"inline_featured_image":false},"product_brand":[],"product_cat":[75,56],"product_tag":[],"class_list":{"0":"post-1049","1":"product","2":"type-product","3":"status-publish","4":"has-post-thumbnail","6":"product_cat-fr-it","7":"product_cat-libri","8":"entry","10":"first","11":"instock","12":"taxable","13":"shipping-taxable","14":"purchasable","15":"product-type-simple"},"yoast_head":"<!-- This site is optimized with the Yoast SEO plugin v27.3 - https:\/\/yoast.com\/product\/yoast-seo-wordpress\/ -->\n<title>Exp\u00e9rience de l&#039;\u00catre - Sur la Vie - Institut Pranic Healing Svizzera<\/title>\n<meta name=\"description\" content=\"Sur la vie\" \/>\n<meta name=\"robots\" content=\"index, follow, max-snippet:-1, max-image-preview:large, max-video-preview:-1\" \/>\n<link rel=\"canonical\" href=\"https:\/\/shop.pranichealing.ch\/it\/produkt\/experience-de-letre\/\" \/>\n<meta property=\"og:locale\" content=\"it_IT\" \/>\n<meta property=\"og:type\" content=\"article\" \/>\n<meta property=\"og:title\" content=\"Exp\u00e9rience de l&#039;\u00catre - Sur la Vie - Institut Pranic Healing Svizzera\" \/>\n<meta property=\"og:description\" content=\"Sur la vie\" \/>\n<meta property=\"og:url\" content=\"https:\/\/shop.pranichealing.ch\/it\/produkt\/experience-de-letre\/\" \/>\n<meta property=\"og:site_name\" content=\"Institut Pranic Healing Svizzera\" \/>\n<meta property=\"article:modified_time\" content=\"2022-02-10T17:00:58+00:00\" \/>\n<meta property=\"og:image\" content=\"https:\/\/shop.pranichealing.ch\/wp-content\/uploads\/2022\/01\/Experience-de-l-Etre.jpeg\" \/>\n\t<meta property=\"og:image:width\" content=\"656\" \/>\n\t<meta property=\"og:image:height\" content=\"1276\" \/>\n\t<meta property=\"og:image:type\" content=\"image\/jpeg\" \/>\n<meta name=\"twitter:card\" content=\"summary_large_image\" \/>\n<meta name=\"twitter:label1\" content=\"Tempo di lettura stimato\" \/>\n\t<meta name=\"twitter:data1\" content=\"1 minuto\" \/>\n<script type=\"application\/ld+json\" class=\"yoast-schema-graph\">{\"@context\":\"https:\\\/\\\/schema.org\",\"@graph\":[{\"@type\":\"WebPage\",\"@id\":\"https:\\\/\\\/shop.pranichealing.ch\\\/it\\\/produkt\\\/experience-de-letre\\\/\",\"url\":\"https:\\\/\\\/shop.pranichealing.ch\\\/it\\\/produkt\\\/experience-de-letre\\\/\",\"name\":\"Exp\u00e9rience de l'\u00catre - Sur la Vie - Institut Pranic Healing Svizzera\",\"isPartOf\":{\"@id\":\"https:\\\/\\\/shop.pranichealing.ch\\\/it\\\/#website\"},\"primaryImageOfPage\":{\"@id\":\"https:\\\/\\\/shop.pranichealing.ch\\\/it\\\/produkt\\\/experience-de-letre\\\/#primaryimage\"},\"image\":{\"@id\":\"https:\\\/\\\/shop.pranichealing.ch\\\/it\\\/produkt\\\/experience-de-letre\\\/#primaryimage\"},\"thumbnailUrl\":\"https:\\\/\\\/shop.pranichealing.ch\\\/wp-content\\\/uploads\\\/2022\\\/01\\\/Experience-de-l-Etre.jpeg\",\"datePublished\":\"2022-01-19T11:01:37+00:00\",\"dateModified\":\"2022-02-10T17:00:58+00:00\",\"description\":\"Sur la vie\",\"breadcrumb\":{\"@id\":\"https:\\\/\\\/shop.pranichealing.ch\\\/it\\\/produkt\\\/experience-de-letre\\\/#breadcrumb\"},\"inLanguage\":\"it-IT\",\"potentialAction\":[{\"@type\":\"ReadAction\",\"target\":[\"https:\\\/\\\/shop.pranichealing.ch\\\/it\\\/produkt\\\/experience-de-letre\\\/\"]}]},{\"@type\":\"ImageObject\",\"inLanguage\":\"it-IT\",\"@id\":\"https:\\\/\\\/shop.pranichealing.ch\\\/it\\\/produkt\\\/experience-de-letre\\\/#primaryimage\",\"url\":\"https:\\\/\\\/shop.pranichealing.ch\\\/wp-content\\\/uploads\\\/2022\\\/01\\\/Experience-de-l-Etre.jpeg\",\"contentUrl\":\"https:\\\/\\\/shop.pranichealing.ch\\\/wp-content\\\/uploads\\\/2022\\\/01\\\/Experience-de-l-Etre.jpeg\",\"width\":656,\"height\":1276},{\"@type\":\"BreadcrumbList\",\"@id\":\"https:\\\/\\\/shop.pranichealing.ch\\\/it\\\/produkt\\\/experience-de-letre\\\/#breadcrumb\",\"itemListElement\":[{\"@type\":\"ListItem\",\"position\":1,\"name\":\"Startseite\",\"item\":\"https:\\\/\\\/shop.pranichealing.ch\\\/it\\\/\"},{\"@type\":\"ListItem\",\"position\":2,\"name\":\"Negozio\",\"item\":\"https:\\\/\\\/shop.pranichealing.ch\\\/it\\\/negozio\\\/\"},{\"@type\":\"ListItem\",\"position\":3,\"name\":\"Exp\u00e9rience de l&rsquo;\u00catre &#8211; Sur la Vie\"}]},{\"@type\":\"WebSite\",\"@id\":\"https:\\\/\\\/shop.pranichealing.ch\\\/it\\\/#website\",\"url\":\"https:\\\/\\\/shop.pranichealing.ch\\\/it\\\/\",\"name\":\"Institut Pranic Healing Svizzera\",\"description\":\"Onlineshop\",\"publisher\":{\"@id\":\"https:\\\/\\\/shop.pranichealing.ch\\\/it\\\/#organization\"},\"potentialAction\":[{\"@type\":\"SearchAction\",\"target\":{\"@type\":\"EntryPoint\",\"urlTemplate\":\"https:\\\/\\\/shop.pranichealing.ch\\\/it\\\/?s={search_term_string}\"},\"query-input\":{\"@type\":\"PropertyValueSpecification\",\"valueRequired\":true,\"valueName\":\"search_term_string\"}}],\"inLanguage\":\"it-IT\"},{\"@type\":\"Organization\",\"@id\":\"https:\\\/\\\/shop.pranichealing.ch\\\/it\\\/#organization\",\"name\":\"Institut Pranic Healing Svizzera\",\"url\":\"https:\\\/\\\/shop.pranichealing.ch\\\/it\\\/\",\"logo\":{\"@type\":\"ImageObject\",\"inLanguage\":\"it-IT\",\"@id\":\"https:\\\/\\\/shop.pranichealing.ch\\\/it\\\/#\\\/schema\\\/logo\\\/image\\\/\",\"url\":\"https:\\\/\\\/shop.pranichealing.ch\\\/wp-content\\\/uploads\\\/2022\\\/02\\\/iphs.svg\",\"contentUrl\":\"https:\\\/\\\/shop.pranichealing.ch\\\/wp-content\\\/uploads\\\/2022\\\/02\\\/iphs.svg\",\"width\":416,\"height\":84,\"caption\":\"Institut Pranic Healing Svizzera\"},\"image\":{\"@id\":\"https:\\\/\\\/shop.pranichealing.ch\\\/it\\\/#\\\/schema\\\/logo\\\/image\\\/\"}}]}<\/script>\n<!-- \/ Yoast SEO plugin. -->","yoast_head_json":{"title":"Exp\u00e9rience de l'\u00catre - Sur la Vie - Institut Pranic Healing Svizzera","description":"Sur la vie","robots":{"index":"index","follow":"follow","max-snippet":"max-snippet:-1","max-image-preview":"max-image-preview:large","max-video-preview":"max-video-preview:-1"},"canonical":"https:\/\/shop.pranichealing.ch\/it\/produkt\/experience-de-letre\/","og_locale":"it_IT","og_type":"article","og_title":"Exp\u00e9rience de l'\u00catre - Sur la Vie - Institut Pranic Healing Svizzera","og_description":"Sur la vie","og_url":"https:\/\/shop.pranichealing.ch\/it\/produkt\/experience-de-letre\/","og_site_name":"Institut Pranic Healing Svizzera","article_modified_time":"2022-02-10T17:00:58+00:00","og_image":[{"width":656,"height":1276,"url":"https:\/\/shop.pranichealing.ch\/wp-content\/uploads\/2022\/01\/Experience-de-l-Etre.jpeg","type":"image\/jpeg"}],"twitter_card":"summary_large_image","twitter_misc":{"Tempo di lettura stimato":"1 minuto"},"schema":{"@context":"https:\/\/schema.org","@graph":[{"@type":"WebPage","@id":"https:\/\/shop.pranichealing.ch\/it\/produkt\/experience-de-letre\/","url":"https:\/\/shop.pranichealing.ch\/it\/produkt\/experience-de-letre\/","name":"Exp\u00e9rience de l'\u00catre - Sur la Vie - Institut Pranic Healing Svizzera","isPartOf":{"@id":"https:\/\/shop.pranichealing.ch\/it\/#website"},"primaryImageOfPage":{"@id":"https:\/\/shop.pranichealing.ch\/it\/produkt\/experience-de-letre\/#primaryimage"},"image":{"@id":"https:\/\/shop.pranichealing.ch\/it\/produkt\/experience-de-letre\/#primaryimage"},"thumbnailUrl":"https:\/\/shop.pranichealing.ch\/wp-content\/uploads\/2022\/01\/Experience-de-l-Etre.jpeg","datePublished":"2022-01-19T11:01:37+00:00","dateModified":"2022-02-10T17:00:58+00:00","description":"Sur la vie","breadcrumb":{"@id":"https:\/\/shop.pranichealing.ch\/it\/produkt\/experience-de-letre\/#breadcrumb"},"inLanguage":"it-IT","potentialAction":[{"@type":"ReadAction","target":["https:\/\/shop.pranichealing.ch\/it\/produkt\/experience-de-letre\/"]}]},{"@type":"ImageObject","inLanguage":"it-IT","@id":"https:\/\/shop.pranichealing.ch\/it\/produkt\/experience-de-letre\/#primaryimage","url":"https:\/\/shop.pranichealing.ch\/wp-content\/uploads\/2022\/01\/Experience-de-l-Etre.jpeg","contentUrl":"https:\/\/shop.pranichealing.ch\/wp-content\/uploads\/2022\/01\/Experience-de-l-Etre.jpeg","width":656,"height":1276},{"@type":"BreadcrumbList","@id":"https:\/\/shop.pranichealing.ch\/it\/produkt\/experience-de-letre\/#breadcrumb","itemListElement":[{"@type":"ListItem","position":1,"name":"Startseite","item":"https:\/\/shop.pranichealing.ch\/it\/"},{"@type":"ListItem","position":2,"name":"Negozio","item":"https:\/\/shop.pranichealing.ch\/it\/negozio\/"},{"@type":"ListItem","position":3,"name":"Exp\u00e9rience de l&rsquo;\u00catre &#8211; Sur la Vie"}]},{"@type":"WebSite","@id":"https:\/\/shop.pranichealing.ch\/it\/#website","url":"https:\/\/shop.pranichealing.ch\/it\/","name":"Institut Pranic Healing Svizzera","description":"Onlineshop","publisher":{"@id":"https:\/\/shop.pranichealing.ch\/it\/#organization"},"potentialAction":[{"@type":"SearchAction","target":{"@type":"EntryPoint","urlTemplate":"https:\/\/shop.pranichealing.ch\/it\/?s={search_term_string}"},"query-input":{"@type":"PropertyValueSpecification","valueRequired":true,"valueName":"search_term_string"}}],"inLanguage":"it-IT"},{"@type":"Organization","@id":"https:\/\/shop.pranichealing.ch\/it\/#organization","name":"Institut Pranic Healing Svizzera","url":"https:\/\/shop.pranichealing.ch\/it\/","logo":{"@type":"ImageObject","inLanguage":"it-IT","@id":"https:\/\/shop.pranichealing.ch\/it\/#\/schema\/logo\/image\/","url":"https:\/\/shop.pranichealing.ch\/wp-content\/uploads\/2022\/02\/iphs.svg","contentUrl":"https:\/\/shop.pranichealing.ch\/wp-content\/uploads\/2022\/02\/iphs.svg","width":416,"height":84,"caption":"Institut Pranic Healing Svizzera"},"image":{"@id":"https:\/\/shop.pranichealing.ch\/it\/#\/schema\/logo\/image\/"}}]}},"_links":{"self":[{"href":"https:\/\/shop.pranichealing.ch\/it\/wp-json\/wp\/v2\/product\/1049","targetHints":{"allow":["GET"]}}],"collection":[{"href":"https:\/\/shop.pranichealing.ch\/it\/wp-json\/wp\/v2\/product"}],"about":[{"href":"https:\/\/shop.pranichealing.ch\/it\/wp-json\/wp\/v2\/types\/product"}],"wp:featuredmedia":[{"embeddable":true,"href":"https:\/\/shop.pranichealing.ch\/it\/wp-json\/wp\/v2\/media\/943"}],"wp:attachment":[{"href":"https:\/\/shop.pranichealing.ch\/it\/wp-json\/wp\/v2\/media?parent=1049"}],"wp:term":[{"taxonomy":"product_brand","embeddable":true,"href":"https:\/\/shop.pranichealing.ch\/it\/wp-json\/wp\/v2\/product_brand?post=1049"},{"taxonomy":"product_cat","embeddable":true,"href":"https:\/\/shop.pranichealing.ch\/it\/wp-json\/wp\/v2\/product_cat?post=1049"},{"taxonomy":"product_tag","embeddable":true,"href":"https:\/\/shop.pranichealing.ch\/it\/wp-json\/wp\/v2\/product_tag?post=1049"}],"curies":[{"name":"wp","href":"https:\/\/api.w.org\/{rel}","templated":true}]}}