{"id":1062,"date":"2022-01-19T11:38:52","date_gmt":"2022-01-19T11:05:13","guid":{"rendered":"https:\/\/shop.pranichealing.ch\/produkt\/om-mani-padme-hum\/"},"modified":"2022-02-14T15:48:19","modified_gmt":"2022-02-14T14:48:19","slug":"om-mani-padme-hum-2","status":"publish","type":"product","link":"https:\/\/shop.pranichealing.ch\/it\/produkt\/om-mani-padme-hum-2\/","title":{"rendered":"Om Mani Padme Hum &#8211; la Perle Bleue dans le Lotus Dor\u00e9"},"content":{"rendered":"<p>Les mantras sont des mots ou des sons sacr\u00e9s qui vibrent \u00e0 certaines connexions divines. Om et Amen sont des exemples de sons sacr\u00e9s. Om Mani Padme Hum est un mantra puissant et une pri\u00e8re impr\u00e9gn\u00e9e d&#8217;un amour, d&#8217;une mis\u00e9ricorde et d&#8217;une compassion extraordinaires. Ma\u00eetre Choa Kok Sui r\u00e9v\u00e8le la compr\u00e9hension profonde de ce puissant mantra et de ses nombreux avantages et applications. Ce livre permet d&#8217;en savoir plus sur le pouvoir du mantra Om Mani Padme Hum et sur la fa\u00e7on dont il peut \u00eatre utilis\u00e9 pour atteindre le &#8220;yoga&#8221; ou l&#8217;union avec l&#8217;\u00e2me sup\u00e9rieure. Il r\u00e9v\u00e8le l&#8217;emplacement de la perle bleue ou de la &#8220;graine de la conscience&#8221;, ainsi que la v\u00e9ritable signification de l&#8217;expression &#8220;na\u00eetre sur une fleur de lotus&#8221;.<\/p>\n","protected":false},"excerpt":{"rendered":"<p>Les mantras sont des mots ou des sons sacr\u00e9s qui vibrent \u00e0 certaines connexions divines. Om et Amen sont des exemples de sons sacr\u00e9s. Om Mani Padme Hum est un mantra puissant et une pri\u00e8re impr\u00e9gn\u00e9e d&#8217;un amour, d&#8217;une mis\u00e9ricorde et d&#8217;une compassion extraordinaires. Ma\u00eetre Choa Kok Sui r\u00e9v\u00e8le la compr\u00e9hension profonde de ce puissant&hellip; <a class=\"more-link\" href=\"https:\/\/shop.pranichealing.ch\/it\/produkt\/om-mani-padme-hum-2\/\">Continua a leggere <span class=\"screen-reader-text\">Om Mani Padme Hum &#8211; la Perle Bleue dans le Lotus Dor\u00e9<\/span><\/a><\/p>\n","protected":false},"featured_media":1018,"template":"","meta":{"inline_featured_image":false},"product_brand":[],"product_cat":[75,56],"product_tag":[],"class_list":{"0":"post-1062","1":"product","2":"type-product","3":"status-publish","4":"has-post-thumbnail","6":"product_cat-fr-it","7":"product_cat-libri","8":"entry","10":"first","11":"instock","12":"taxable","13":"shipping-taxable","14":"purchasable","15":"product-type-simple"},"yoast_head":"<!-- This site is optimized with the Yoast SEO plugin v27.3 - https:\/\/yoast.com\/product\/yoast-seo-wordpress\/ -->\n<title>Om Mani Padme Hum - la Perle Bleue dans le Lotus Dor\u00e9 - Institut Pranic Healing Svizzera<\/title>\n<meta name=\"description\" content=\"Om Mani Padme Hum\" \/>\n<meta name=\"robots\" content=\"index, follow, max-snippet:-1, max-image-preview:large, max-video-preview:-1\" \/>\n<link rel=\"canonical\" href=\"https:\/\/shop.pranichealing.ch\/it\/produkt\/om-mani-padme-hum-2\/\" \/>\n<meta property=\"og:locale\" content=\"it_IT\" \/>\n<meta property=\"og:type\" content=\"article\" \/>\n<meta property=\"og:title\" content=\"Om Mani Padme Hum - la Perle Bleue dans le Lotus Dor\u00e9 - Institut Pranic Healing Svizzera\" \/>\n<meta property=\"og:description\" content=\"Om Mani Padme Hum\" \/>\n<meta property=\"og:url\" content=\"https:\/\/shop.pranichealing.ch\/it\/produkt\/om-mani-padme-hum-2\/\" \/>\n<meta property=\"og:site_name\" content=\"Institut Pranic Healing Svizzera\" \/>\n<meta property=\"article:modified_time\" content=\"2022-02-14T14:48:19+00:00\" \/>\n<meta property=\"og:image\" content=\"https:\/\/shop.pranichealing.ch\/wp-content\/uploads\/2022\/01\/Om-Mani-Padme-Hum-French-2-scaled.jpg\" \/>\n\t<meta property=\"og:image:width\" content=\"1788\" \/>\n\t<meta property=\"og:image:height\" content=\"2560\" \/>\n\t<meta property=\"og:image:type\" content=\"image\/jpeg\" \/>\n<meta name=\"twitter:card\" content=\"summary_large_image\" \/>\n<meta name=\"twitter:label1\" content=\"Tempo di lettura stimato\" \/>\n\t<meta name=\"twitter:data1\" content=\"1 minuto\" \/>\n<script type=\"application\/ld+json\" class=\"yoast-schema-graph\">{\"@context\":\"https:\\\/\\\/schema.org\",\"@graph\":[{\"@type\":\"WebPage\",\"@id\":\"https:\\\/\\\/shop.pranichealing.ch\\\/it\\\/produkt\\\/om-mani-padme-hum-2\\\/\",\"url\":\"https:\\\/\\\/shop.pranichealing.ch\\\/it\\\/produkt\\\/om-mani-padme-hum-2\\\/\",\"name\":\"Om Mani Padme Hum - la Perle Bleue dans le Lotus Dor\u00e9 - Institut Pranic Healing Svizzera\",\"isPartOf\":{\"@id\":\"https:\\\/\\\/shop.pranichealing.ch\\\/it\\\/#website\"},\"primaryImageOfPage\":{\"@id\":\"https:\\\/\\\/shop.pranichealing.ch\\\/it\\\/produkt\\\/om-mani-padme-hum-2\\\/#primaryimage\"},\"image\":{\"@id\":\"https:\\\/\\\/shop.pranichealing.ch\\\/it\\\/produkt\\\/om-mani-padme-hum-2\\\/#primaryimage\"},\"thumbnailUrl\":\"https:\\\/\\\/shop.pranichealing.ch\\\/wp-content\\\/uploads\\\/2022\\\/01\\\/Om-Mani-Padme-Hum-French-2-scaled.jpg\",\"datePublished\":\"2022-01-19T11:05:13+00:00\",\"dateModified\":\"2022-02-14T14:48:19+00:00\",\"description\":\"Om Mani Padme Hum\",\"breadcrumb\":{\"@id\":\"https:\\\/\\\/shop.pranichealing.ch\\\/it\\\/produkt\\\/om-mani-padme-hum-2\\\/#breadcrumb\"},\"inLanguage\":\"it-IT\",\"potentialAction\":[{\"@type\":\"ReadAction\",\"target\":[\"https:\\\/\\\/shop.pranichealing.ch\\\/it\\\/produkt\\\/om-mani-padme-hum-2\\\/\"]}]},{\"@type\":\"ImageObject\",\"inLanguage\":\"it-IT\",\"@id\":\"https:\\\/\\\/shop.pranichealing.ch\\\/it\\\/produkt\\\/om-mani-padme-hum-2\\\/#primaryimage\",\"url\":\"https:\\\/\\\/shop.pranichealing.ch\\\/wp-content\\\/uploads\\\/2022\\\/01\\\/Om-Mani-Padme-Hum-French-2-scaled.jpg\",\"contentUrl\":\"https:\\\/\\\/shop.pranichealing.ch\\\/wp-content\\\/uploads\\\/2022\\\/01\\\/Om-Mani-Padme-Hum-French-2-scaled.jpg\",\"width\":1788,\"height\":2560},{\"@type\":\"BreadcrumbList\",\"@id\":\"https:\\\/\\\/shop.pranichealing.ch\\\/it\\\/produkt\\\/om-mani-padme-hum-2\\\/#breadcrumb\",\"itemListElement\":[{\"@type\":\"ListItem\",\"position\":1,\"name\":\"Startseite\",\"item\":\"https:\\\/\\\/shop.pranichealing.ch\\\/it\\\/\"},{\"@type\":\"ListItem\",\"position\":2,\"name\":\"Negozio\",\"item\":\"https:\\\/\\\/shop.pranichealing.ch\\\/it\\\/negozio\\\/\"},{\"@type\":\"ListItem\",\"position\":3,\"name\":\"Om Mani Padme Hum &#8211; la Perle Bleue dans le Lotus Dor\u00e9\"}]},{\"@type\":\"WebSite\",\"@id\":\"https:\\\/\\\/shop.pranichealing.ch\\\/it\\\/#website\",\"url\":\"https:\\\/\\\/shop.pranichealing.ch\\\/it\\\/\",\"name\":\"Institut Pranic Healing Svizzera\",\"description\":\"Onlineshop\",\"publisher\":{\"@id\":\"https:\\\/\\\/shop.pranichealing.ch\\\/it\\\/#organization\"},\"potentialAction\":[{\"@type\":\"SearchAction\",\"target\":{\"@type\":\"EntryPoint\",\"urlTemplate\":\"https:\\\/\\\/shop.pranichealing.ch\\\/it\\\/?s={search_term_string}\"},\"query-input\":{\"@type\":\"PropertyValueSpecification\",\"valueRequired\":true,\"valueName\":\"search_term_string\"}}],\"inLanguage\":\"it-IT\"},{\"@type\":\"Organization\",\"@id\":\"https:\\\/\\\/shop.pranichealing.ch\\\/it\\\/#organization\",\"name\":\"Institut Pranic Healing Svizzera\",\"url\":\"https:\\\/\\\/shop.pranichealing.ch\\\/it\\\/\",\"logo\":{\"@type\":\"ImageObject\",\"inLanguage\":\"it-IT\",\"@id\":\"https:\\\/\\\/shop.pranichealing.ch\\\/it\\\/#\\\/schema\\\/logo\\\/image\\\/\",\"url\":\"https:\\\/\\\/shop.pranichealing.ch\\\/wp-content\\\/uploads\\\/2022\\\/02\\\/iphs.svg\",\"contentUrl\":\"https:\\\/\\\/shop.pranichealing.ch\\\/wp-content\\\/uploads\\\/2022\\\/02\\\/iphs.svg\",\"width\":416,\"height\":84,\"caption\":\"Institut Pranic Healing Svizzera\"},\"image\":{\"@id\":\"https:\\\/\\\/shop.pranichealing.ch\\\/it\\\/#\\\/schema\\\/logo\\\/image\\\/\"}}]}<\/script>\n<!-- \/ Yoast SEO plugin. -->","yoast_head_json":{"title":"Om Mani Padme Hum - la Perle Bleue dans le Lotus Dor\u00e9 - Institut Pranic Healing Svizzera","description":"Om Mani Padme Hum","robots":{"index":"index","follow":"follow","max-snippet":"max-snippet:-1","max-image-preview":"max-image-preview:large","max-video-preview":"max-video-preview:-1"},"canonical":"https:\/\/shop.pranichealing.ch\/it\/produkt\/om-mani-padme-hum-2\/","og_locale":"it_IT","og_type":"article","og_title":"Om Mani Padme Hum - la Perle Bleue dans le Lotus Dor\u00e9 - Institut Pranic Healing Svizzera","og_description":"Om Mani Padme Hum","og_url":"https:\/\/shop.pranichealing.ch\/it\/produkt\/om-mani-padme-hum-2\/","og_site_name":"Institut Pranic Healing Svizzera","article_modified_time":"2022-02-14T14:48:19+00:00","og_image":[{"width":1788,"height":2560,"url":"https:\/\/shop.pranichealing.ch\/wp-content\/uploads\/2022\/01\/Om-Mani-Padme-Hum-French-2-scaled.jpg","type":"image\/jpeg"}],"twitter_card":"summary_large_image","twitter_misc":{"Tempo di lettura stimato":"1 minuto"},"schema":{"@context":"https:\/\/schema.org","@graph":[{"@type":"WebPage","@id":"https:\/\/shop.pranichealing.ch\/it\/produkt\/om-mani-padme-hum-2\/","url":"https:\/\/shop.pranichealing.ch\/it\/produkt\/om-mani-padme-hum-2\/","name":"Om Mani Padme Hum - la Perle Bleue dans le Lotus Dor\u00e9 - Institut Pranic Healing Svizzera","isPartOf":{"@id":"https:\/\/shop.pranichealing.ch\/it\/#website"},"primaryImageOfPage":{"@id":"https:\/\/shop.pranichealing.ch\/it\/produkt\/om-mani-padme-hum-2\/#primaryimage"},"image":{"@id":"https:\/\/shop.pranichealing.ch\/it\/produkt\/om-mani-padme-hum-2\/#primaryimage"},"thumbnailUrl":"https:\/\/shop.pranichealing.ch\/wp-content\/uploads\/2022\/01\/Om-Mani-Padme-Hum-French-2-scaled.jpg","datePublished":"2022-01-19T11:05:13+00:00","dateModified":"2022-02-14T14:48:19+00:00","description":"Om Mani Padme Hum","breadcrumb":{"@id":"https:\/\/shop.pranichealing.ch\/it\/produkt\/om-mani-padme-hum-2\/#breadcrumb"},"inLanguage":"it-IT","potentialAction":[{"@type":"ReadAction","target":["https:\/\/shop.pranichealing.ch\/it\/produkt\/om-mani-padme-hum-2\/"]}]},{"@type":"ImageObject","inLanguage":"it-IT","@id":"https:\/\/shop.pranichealing.ch\/it\/produkt\/om-mani-padme-hum-2\/#primaryimage","url":"https:\/\/shop.pranichealing.ch\/wp-content\/uploads\/2022\/01\/Om-Mani-Padme-Hum-French-2-scaled.jpg","contentUrl":"https:\/\/shop.pranichealing.ch\/wp-content\/uploads\/2022\/01\/Om-Mani-Padme-Hum-French-2-scaled.jpg","width":1788,"height":2560},{"@type":"BreadcrumbList","@id":"https:\/\/shop.pranichealing.ch\/it\/produkt\/om-mani-padme-hum-2\/#breadcrumb","itemListElement":[{"@type":"ListItem","position":1,"name":"Startseite","item":"https:\/\/shop.pranichealing.ch\/it\/"},{"@type":"ListItem","position":2,"name":"Negozio","item":"https:\/\/shop.pranichealing.ch\/it\/negozio\/"},{"@type":"ListItem","position":3,"name":"Om Mani Padme Hum &#8211; la Perle Bleue dans le Lotus Dor\u00e9"}]},{"@type":"WebSite","@id":"https:\/\/shop.pranichealing.ch\/it\/#website","url":"https:\/\/shop.pranichealing.ch\/it\/","name":"Institut Pranic Healing Svizzera","description":"Onlineshop","publisher":{"@id":"https:\/\/shop.pranichealing.ch\/it\/#organization"},"potentialAction":[{"@type":"SearchAction","target":{"@type":"EntryPoint","urlTemplate":"https:\/\/shop.pranichealing.ch\/it\/?s={search_term_string}"},"query-input":{"@type":"PropertyValueSpecification","valueRequired":true,"valueName":"search_term_string"}}],"inLanguage":"it-IT"},{"@type":"Organization","@id":"https:\/\/shop.pranichealing.ch\/it\/#organization","name":"Institut Pranic Healing Svizzera","url":"https:\/\/shop.pranichealing.ch\/it\/","logo":{"@type":"ImageObject","inLanguage":"it-IT","@id":"https:\/\/shop.pranichealing.ch\/it\/#\/schema\/logo\/image\/","url":"https:\/\/shop.pranichealing.ch\/wp-content\/uploads\/2022\/02\/iphs.svg","contentUrl":"https:\/\/shop.pranichealing.ch\/wp-content\/uploads\/2022\/02\/iphs.svg","width":416,"height":84,"caption":"Institut Pranic Healing Svizzera"},"image":{"@id":"https:\/\/shop.pranichealing.ch\/it\/#\/schema\/logo\/image\/"}}]}},"_links":{"self":[{"href":"https:\/\/shop.pranichealing.ch\/it\/wp-json\/wp\/v2\/product\/1062","targetHints":{"allow":["GET"]}}],"collection":[{"href":"https:\/\/shop.pranichealing.ch\/it\/wp-json\/wp\/v2\/product"}],"about":[{"href":"https:\/\/shop.pranichealing.ch\/it\/wp-json\/wp\/v2\/types\/product"}],"wp:featuredmedia":[{"embeddable":true,"href":"https:\/\/shop.pranichealing.ch\/it\/wp-json\/wp\/v2\/media\/1018"}],"wp:attachment":[{"href":"https:\/\/shop.pranichealing.ch\/it\/wp-json\/wp\/v2\/media?parent=1062"}],"wp:term":[{"taxonomy":"product_brand","embeddable":true,"href":"https:\/\/shop.pranichealing.ch\/it\/wp-json\/wp\/v2\/product_brand?post=1062"},{"taxonomy":"product_cat","embeddable":true,"href":"https:\/\/shop.pranichealing.ch\/it\/wp-json\/wp\/v2\/product_cat?post=1062"},{"taxonomy":"product_tag","embeddable":true,"href":"https:\/\/shop.pranichealing.ch\/it\/wp-json\/wp\/v2\/product_tag?post=1062"}],"curies":[{"name":"wp","href":"https:\/\/api.w.org\/{rel}","templated":true}]}}