{"id":1063,"date":"2022-01-19T11:21:32","date_gmt":"2022-01-19T11:05:16","guid":{"rendered":"https:\/\/shop.pranichealing.ch\/produkt\/lexistence-de-dieu-est-evidente-en-soi\/"},"modified":"2022-02-10T18:00:57","modified_gmt":"2022-02-10T17:00:57","slug":"lexistence-de-dieu-est-evidente-en-soi","status":"publish","type":"product","link":"https:\/\/shop.pranichealing.ch\/it\/produkt\/lexistence-de-dieu-est-evidente-en-soi\/","title":{"rendered":"L&#8217;Existence de Dieu est Evidente en Soi"},"content":{"rendered":"<p>Le livre &#8220;L&#8217;existence de Dieu est \u00e9vidente en soi&#8221; \u00e9largit l&#8217;esprit avec des preuves \u00e9tonnantes de l&#8217;omnipotence et de l&#8217;omnipr\u00e9sence de Dieu dans notre vie quotidienne. Ma\u00eetre Choa Kok Sui a \u00e9crit un livre puissamment formul\u00e9 qui aide \u00e0 progresser sur le chemin de l&#8217;illumination et de l&#8217;unit\u00e9 spirituelle.<\/p>\n<p>Une seule lecture de ce livre suffit pour que la corde spirituelle s&#8217;\u00e9largisse. Ainsi, plus d&#8217;\u00e9nergie spirituelle circule vers le chakra couronne, ce qui conduit \u00e0 l&#8217;agrandissement des autres chakras. La lecture r\u00e9p\u00e9t\u00e9e de ce livre permet d&#8217;atteindre l&#8217;illumination et l&#8217;unit\u00e9 divine.<\/p>\n","protected":false},"excerpt":{"rendered":"<p>&#8220;L&#8217;existence de Dieu est \u00e9vidente en soi&#8221; cherche \u00e0 d\u00e9velopper l&#8217;esprit du lecteur avec des \u00e9l\u00e9ments de preuve \u00e9tonnante de la toute-puissance de Dieu et l&#8217;omnipr\u00e9sence dans nos vies quotidiennes.<\/p>\n","protected":false},"featured_media":952,"template":"","meta":{"inline_featured_image":false},"product_brand":[],"product_cat":[75,56],"product_tag":[],"class_list":{"0":"post-1063","1":"product","2":"type-product","3":"status-publish","4":"has-post-thumbnail","6":"product_cat-fr-it","7":"product_cat-libri","8":"entry","10":"first","11":"instock","12":"taxable","13":"shipping-taxable","14":"purchasable","15":"product-type-simple"},"yoast_head":"<!-- This site is optimized with the Yoast SEO plugin v27.3 - https:\/\/yoast.com\/product\/yoast-seo-wordpress\/ -->\n<title>L&#039;Existence de Dieu est Evidente en Soi - Institut Pranic Healing Svizzera<\/title>\n<meta name=\"description\" content=\"&quot;L&#039;existence de Dieu est \u00e9vidente en soi&quot; cherche \u00e0 d\u00e9velopper l&#039;esprit du lecteur avec des \u00e9l\u00e9ments de preuve \u00e9tonnante de la toute-puissance de Dieu et l&#039;omnipr\u00e9sence dans nos vies quotidiennes.\" \/>\n<meta name=\"robots\" content=\"index, follow, max-snippet:-1, max-image-preview:large, max-video-preview:-1\" \/>\n<link rel=\"canonical\" href=\"https:\/\/shop.pranichealing.ch\/it\/produkt\/lexistence-de-dieu-est-evidente-en-soi\/\" \/>\n<meta property=\"og:locale\" content=\"it_IT\" \/>\n<meta property=\"og:type\" content=\"article\" \/>\n<meta property=\"og:title\" content=\"L&#039;Existence de Dieu est Evidente en Soi - Institut Pranic Healing Svizzera\" \/>\n<meta property=\"og:description\" content=\"&quot;L&#039;existence de Dieu est \u00e9vidente en soi&quot; cherche \u00e0 d\u00e9velopper l&#039;esprit du lecteur avec des \u00e9l\u00e9ments de preuve \u00e9tonnante de la toute-puissance de Dieu et l&#039;omnipr\u00e9sence dans nos vies quotidiennes.\" \/>\n<meta property=\"og:url\" content=\"https:\/\/shop.pranichealing.ch\/it\/produkt\/lexistence-de-dieu-est-evidente-en-soi\/\" \/>\n<meta property=\"og:site_name\" content=\"Institut Pranic Healing Svizzera\" \/>\n<meta property=\"article:modified_time\" content=\"2022-02-10T17:00:57+00:00\" \/>\n<meta property=\"og:image\" content=\"https:\/\/shop.pranichealing.ch\/wp-content\/uploads\/2022\/01\/LExistence-de-Dieu-est-Evidente-en-Soi.jpeg\" \/>\n\t<meta property=\"og:image:width\" content=\"866\" \/>\n\t<meta property=\"og:image:height\" content=\"1087\" \/>\n\t<meta property=\"og:image:type\" content=\"image\/jpeg\" \/>\n<meta name=\"twitter:card\" content=\"summary_large_image\" \/>\n<script type=\"application\/ld+json\" class=\"yoast-schema-graph\">{\"@context\":\"https:\\\/\\\/schema.org\",\"@graph\":[{\"@type\":\"WebPage\",\"@id\":\"https:\\\/\\\/shop.pranichealing.ch\\\/it\\\/produkt\\\/lexistence-de-dieu-est-evidente-en-soi\\\/\",\"url\":\"https:\\\/\\\/shop.pranichealing.ch\\\/it\\\/produkt\\\/lexistence-de-dieu-est-evidente-en-soi\\\/\",\"name\":\"L'Existence de Dieu est Evidente en Soi - Institut Pranic Healing Svizzera\",\"isPartOf\":{\"@id\":\"https:\\\/\\\/shop.pranichealing.ch\\\/it\\\/#website\"},\"primaryImageOfPage\":{\"@id\":\"https:\\\/\\\/shop.pranichealing.ch\\\/it\\\/produkt\\\/lexistence-de-dieu-est-evidente-en-soi\\\/#primaryimage\"},\"image\":{\"@id\":\"https:\\\/\\\/shop.pranichealing.ch\\\/it\\\/produkt\\\/lexistence-de-dieu-est-evidente-en-soi\\\/#primaryimage\"},\"thumbnailUrl\":\"https:\\\/\\\/shop.pranichealing.ch\\\/wp-content\\\/uploads\\\/2022\\\/01\\\/LExistence-de-Dieu-est-Evidente-en-Soi.jpeg\",\"datePublished\":\"2022-01-19T11:05:16+00:00\",\"dateModified\":\"2022-02-10T17:00:57+00:00\",\"description\":\"\\\"L'existence de Dieu est \u00e9vidente en soi\\\" cherche \u00e0 d\u00e9velopper l'esprit du lecteur avec des \u00e9l\u00e9ments de preuve \u00e9tonnante de la toute-puissance de Dieu et l'omnipr\u00e9sence dans nos vies quotidiennes.\",\"breadcrumb\":{\"@id\":\"https:\\\/\\\/shop.pranichealing.ch\\\/it\\\/produkt\\\/lexistence-de-dieu-est-evidente-en-soi\\\/#breadcrumb\"},\"inLanguage\":\"it-IT\",\"potentialAction\":[{\"@type\":\"ReadAction\",\"target\":[\"https:\\\/\\\/shop.pranichealing.ch\\\/it\\\/produkt\\\/lexistence-de-dieu-est-evidente-en-soi\\\/\"]}]},{\"@type\":\"ImageObject\",\"inLanguage\":\"it-IT\",\"@id\":\"https:\\\/\\\/shop.pranichealing.ch\\\/it\\\/produkt\\\/lexistence-de-dieu-est-evidente-en-soi\\\/#primaryimage\",\"url\":\"https:\\\/\\\/shop.pranichealing.ch\\\/wp-content\\\/uploads\\\/2022\\\/01\\\/LExistence-de-Dieu-est-Evidente-en-Soi.jpeg\",\"contentUrl\":\"https:\\\/\\\/shop.pranichealing.ch\\\/wp-content\\\/uploads\\\/2022\\\/01\\\/LExistence-de-Dieu-est-Evidente-en-Soi.jpeg\",\"width\":866,\"height\":1087},{\"@type\":\"BreadcrumbList\",\"@id\":\"https:\\\/\\\/shop.pranichealing.ch\\\/it\\\/produkt\\\/lexistence-de-dieu-est-evidente-en-soi\\\/#breadcrumb\",\"itemListElement\":[{\"@type\":\"ListItem\",\"position\":1,\"name\":\"Startseite\",\"item\":\"https:\\\/\\\/shop.pranichealing.ch\\\/it\\\/\"},{\"@type\":\"ListItem\",\"position\":2,\"name\":\"Negozio\",\"item\":\"https:\\\/\\\/shop.pranichealing.ch\\\/it\\\/negozio\\\/\"},{\"@type\":\"ListItem\",\"position\":3,\"name\":\"L&rsquo;Existence de Dieu est Evidente en Soi\"}]},{\"@type\":\"WebSite\",\"@id\":\"https:\\\/\\\/shop.pranichealing.ch\\\/it\\\/#website\",\"url\":\"https:\\\/\\\/shop.pranichealing.ch\\\/it\\\/\",\"name\":\"Institut Pranic Healing Svizzera\",\"description\":\"Onlineshop\",\"publisher\":{\"@id\":\"https:\\\/\\\/shop.pranichealing.ch\\\/it\\\/#organization\"},\"potentialAction\":[{\"@type\":\"SearchAction\",\"target\":{\"@type\":\"EntryPoint\",\"urlTemplate\":\"https:\\\/\\\/shop.pranichealing.ch\\\/it\\\/?s={search_term_string}\"},\"query-input\":{\"@type\":\"PropertyValueSpecification\",\"valueRequired\":true,\"valueName\":\"search_term_string\"}}],\"inLanguage\":\"it-IT\"},{\"@type\":\"Organization\",\"@id\":\"https:\\\/\\\/shop.pranichealing.ch\\\/it\\\/#organization\",\"name\":\"Institut Pranic Healing Svizzera\",\"url\":\"https:\\\/\\\/shop.pranichealing.ch\\\/it\\\/\",\"logo\":{\"@type\":\"ImageObject\",\"inLanguage\":\"it-IT\",\"@id\":\"https:\\\/\\\/shop.pranichealing.ch\\\/it\\\/#\\\/schema\\\/logo\\\/image\\\/\",\"url\":\"https:\\\/\\\/shop.pranichealing.ch\\\/wp-content\\\/uploads\\\/2022\\\/02\\\/iphs.svg\",\"contentUrl\":\"https:\\\/\\\/shop.pranichealing.ch\\\/wp-content\\\/uploads\\\/2022\\\/02\\\/iphs.svg\",\"width\":416,\"height\":84,\"caption\":\"Institut Pranic Healing Svizzera\"},\"image\":{\"@id\":\"https:\\\/\\\/shop.pranichealing.ch\\\/it\\\/#\\\/schema\\\/logo\\\/image\\\/\"}}]}<\/script>\n<!-- \/ Yoast SEO plugin. -->","yoast_head_json":{"title":"L'Existence de Dieu est Evidente en Soi - Institut Pranic Healing Svizzera","description":"\"L'existence de Dieu est \u00e9vidente en soi\" cherche \u00e0 d\u00e9velopper l'esprit du lecteur avec des \u00e9l\u00e9ments de preuve \u00e9tonnante de la toute-puissance de Dieu et l'omnipr\u00e9sence dans nos vies quotidiennes.","robots":{"index":"index","follow":"follow","max-snippet":"max-snippet:-1","max-image-preview":"max-image-preview:large","max-video-preview":"max-video-preview:-1"},"canonical":"https:\/\/shop.pranichealing.ch\/it\/produkt\/lexistence-de-dieu-est-evidente-en-soi\/","og_locale":"it_IT","og_type":"article","og_title":"L'Existence de Dieu est Evidente en Soi - Institut Pranic Healing Svizzera","og_description":"\"L'existence de Dieu est \u00e9vidente en soi\" cherche \u00e0 d\u00e9velopper l'esprit du lecteur avec des \u00e9l\u00e9ments de preuve \u00e9tonnante de la toute-puissance de Dieu et l'omnipr\u00e9sence dans nos vies quotidiennes.","og_url":"https:\/\/shop.pranichealing.ch\/it\/produkt\/lexistence-de-dieu-est-evidente-en-soi\/","og_site_name":"Institut Pranic Healing Svizzera","article_modified_time":"2022-02-10T17:00:57+00:00","og_image":[{"width":866,"height":1087,"url":"https:\/\/shop.pranichealing.ch\/wp-content\/uploads\/2022\/01\/LExistence-de-Dieu-est-Evidente-en-Soi.jpeg","type":"image\/jpeg"}],"twitter_card":"summary_large_image","schema":{"@context":"https:\/\/schema.org","@graph":[{"@type":"WebPage","@id":"https:\/\/shop.pranichealing.ch\/it\/produkt\/lexistence-de-dieu-est-evidente-en-soi\/","url":"https:\/\/shop.pranichealing.ch\/it\/produkt\/lexistence-de-dieu-est-evidente-en-soi\/","name":"L'Existence de Dieu est Evidente en Soi - Institut Pranic Healing Svizzera","isPartOf":{"@id":"https:\/\/shop.pranichealing.ch\/it\/#website"},"primaryImageOfPage":{"@id":"https:\/\/shop.pranichealing.ch\/it\/produkt\/lexistence-de-dieu-est-evidente-en-soi\/#primaryimage"},"image":{"@id":"https:\/\/shop.pranichealing.ch\/it\/produkt\/lexistence-de-dieu-est-evidente-en-soi\/#primaryimage"},"thumbnailUrl":"https:\/\/shop.pranichealing.ch\/wp-content\/uploads\/2022\/01\/LExistence-de-Dieu-est-Evidente-en-Soi.jpeg","datePublished":"2022-01-19T11:05:16+00:00","dateModified":"2022-02-10T17:00:57+00:00","description":"\"L'existence de Dieu est \u00e9vidente en soi\" cherche \u00e0 d\u00e9velopper l'esprit du lecteur avec des \u00e9l\u00e9ments de preuve \u00e9tonnante de la toute-puissance de Dieu et l'omnipr\u00e9sence dans nos vies quotidiennes.","breadcrumb":{"@id":"https:\/\/shop.pranichealing.ch\/it\/produkt\/lexistence-de-dieu-est-evidente-en-soi\/#breadcrumb"},"inLanguage":"it-IT","potentialAction":[{"@type":"ReadAction","target":["https:\/\/shop.pranichealing.ch\/it\/produkt\/lexistence-de-dieu-est-evidente-en-soi\/"]}]},{"@type":"ImageObject","inLanguage":"it-IT","@id":"https:\/\/shop.pranichealing.ch\/it\/produkt\/lexistence-de-dieu-est-evidente-en-soi\/#primaryimage","url":"https:\/\/shop.pranichealing.ch\/wp-content\/uploads\/2022\/01\/LExistence-de-Dieu-est-Evidente-en-Soi.jpeg","contentUrl":"https:\/\/shop.pranichealing.ch\/wp-content\/uploads\/2022\/01\/LExistence-de-Dieu-est-Evidente-en-Soi.jpeg","width":866,"height":1087},{"@type":"BreadcrumbList","@id":"https:\/\/shop.pranichealing.ch\/it\/produkt\/lexistence-de-dieu-est-evidente-en-soi\/#breadcrumb","itemListElement":[{"@type":"ListItem","position":1,"name":"Startseite","item":"https:\/\/shop.pranichealing.ch\/it\/"},{"@type":"ListItem","position":2,"name":"Negozio","item":"https:\/\/shop.pranichealing.ch\/it\/negozio\/"},{"@type":"ListItem","position":3,"name":"L&rsquo;Existence de Dieu est Evidente en Soi"}]},{"@type":"WebSite","@id":"https:\/\/shop.pranichealing.ch\/it\/#website","url":"https:\/\/shop.pranichealing.ch\/it\/","name":"Institut Pranic Healing Svizzera","description":"Onlineshop","publisher":{"@id":"https:\/\/shop.pranichealing.ch\/it\/#organization"},"potentialAction":[{"@type":"SearchAction","target":{"@type":"EntryPoint","urlTemplate":"https:\/\/shop.pranichealing.ch\/it\/?s={search_term_string}"},"query-input":{"@type":"PropertyValueSpecification","valueRequired":true,"valueName":"search_term_string"}}],"inLanguage":"it-IT"},{"@type":"Organization","@id":"https:\/\/shop.pranichealing.ch\/it\/#organization","name":"Institut Pranic Healing Svizzera","url":"https:\/\/shop.pranichealing.ch\/it\/","logo":{"@type":"ImageObject","inLanguage":"it-IT","@id":"https:\/\/shop.pranichealing.ch\/it\/#\/schema\/logo\/image\/","url":"https:\/\/shop.pranichealing.ch\/wp-content\/uploads\/2022\/02\/iphs.svg","contentUrl":"https:\/\/shop.pranichealing.ch\/wp-content\/uploads\/2022\/02\/iphs.svg","width":416,"height":84,"caption":"Institut Pranic Healing Svizzera"},"image":{"@id":"https:\/\/shop.pranichealing.ch\/it\/#\/schema\/logo\/image\/"}}]}},"_links":{"self":[{"href":"https:\/\/shop.pranichealing.ch\/it\/wp-json\/wp\/v2\/product\/1063","targetHints":{"allow":["GET"]}}],"collection":[{"href":"https:\/\/shop.pranichealing.ch\/it\/wp-json\/wp\/v2\/product"}],"about":[{"href":"https:\/\/shop.pranichealing.ch\/it\/wp-json\/wp\/v2\/types\/product"}],"wp:featuredmedia":[{"embeddable":true,"href":"https:\/\/shop.pranichealing.ch\/it\/wp-json\/wp\/v2\/media\/952"}],"wp:attachment":[{"href":"https:\/\/shop.pranichealing.ch\/it\/wp-json\/wp\/v2\/media?parent=1063"}],"wp:term":[{"taxonomy":"product_brand","embeddable":true,"href":"https:\/\/shop.pranichealing.ch\/it\/wp-json\/wp\/v2\/product_brand?post=1063"},{"taxonomy":"product_cat","embeddable":true,"href":"https:\/\/shop.pranichealing.ch\/it\/wp-json\/wp\/v2\/product_cat?post=1063"},{"taxonomy":"product_tag","embeddable":true,"href":"https:\/\/shop.pranichealing.ch\/it\/wp-json\/wp\/v2\/product_tag?post=1063"}],"curies":[{"name":"wp","href":"https:\/\/api.w.org\/{rel}","templated":true}]}}