{"id":1067,"date":"2022-01-19T11:07:12","date_gmt":"2022-01-19T11:08:29","guid":{"rendered":"https:\/\/shop.pranichealing.ch\/produkt\/autodefense-psychique-pratique-pour-le-domicile-et-pour-le-bureau\/"},"modified":"2022-02-15T11:44:15","modified_gmt":"2022-02-15T10:44:15","slug":"autodefense-psychique-pratique-pour-le-domicile-et-pour-le-bureau","status":"publish","type":"product","link":"https:\/\/shop.pranichealing.ch\/it\/produkt\/autodefense-psychique-pratique-pour-le-domicile-et-pour-le-bureau\/","title":{"rendered":"Autod\u00e9fense Psychique Pratique pour le domicile et pour le bureau"},"content":{"rendered":"<p>Un vendeur vous a convaincu d\u2019acheter quelque chose dont vous n\u2019avez pas besoin. Un enfant devient perturb\u00e9 psychologiquement suite aux fr\u00e9quentes remontrances de ses parents. Un employ\u00e9 se sent mal \u00e0 l\u2019aise aussit\u00f4t qu\u2019il met les pieds au bureau.<\/p>\n<p>Ce livre de Ma\u00eetre Choa Kok Sui propose des techniques simples, efficaces et pratiques aux probl\u00e8mes rencontr\u00e9s par la plupart des gens. Il enseigne plusieurs m\u00e9thodes pour se prot\u00e9ger contre des pens\u00e9es n\u00e9gatives projet\u00e9es et des contaminations psychiques.<\/p>\n","protected":false},"excerpt":{"rendered":"<p>Quelqu&#8217;un se sent faible \u00e2pres des altercations avec quelqu&#8217;un. Un vendeur vous a convaincu d&#8217;achter quelque chose dont vous n&#8217;avez pas besoin.<\/p>\n","protected":false},"featured_media":917,"template":"","meta":{"inline_featured_image":false},"product_brand":[],"product_cat":[75,56],"product_tag":[],"class_list":{"0":"post-1067","1":"product","2":"type-product","3":"status-publish","4":"has-post-thumbnail","6":"product_cat-fr-it","7":"product_cat-libri","8":"entry","10":"first","11":"instock","12":"taxable","13":"shipping-taxable","14":"purchasable","15":"product-type-simple"},"yoast_head":"<!-- This site is optimized with the Yoast SEO plugin v27.3 - https:\/\/yoast.com\/product\/yoast-seo-wordpress\/ -->\n<title>Autod\u00e9fense Psychique Pratique pour le domicile et pour le bureau - Institut Pranic Healing Svizzera<\/title>\n<meta name=\"description\" content=\"Quelqu&#039;un se sent faible \u00e2pres des altercations avec quelqu&#039;un. Un vendeur vous a convaincu d&#039;achter quelque chose dont vous n&#039;avez pas besoin.\" \/>\n<meta name=\"robots\" content=\"index, follow, max-snippet:-1, max-image-preview:large, max-video-preview:-1\" \/>\n<link rel=\"canonical\" href=\"https:\/\/shop.pranichealing.ch\/it\/produkt\/autodefense-psychique-pratique-pour-le-domicile-et-pour-le-bureau\/\" \/>\n<meta property=\"og:locale\" content=\"it_IT\" \/>\n<meta property=\"og:type\" content=\"article\" \/>\n<meta property=\"og:title\" content=\"Autod\u00e9fense Psychique Pratique pour le domicile et pour le bureau - Institut Pranic Healing Svizzera\" \/>\n<meta property=\"og:description\" content=\"Quelqu&#039;un se sent faible \u00e2pres des altercations avec quelqu&#039;un. Un vendeur vous a convaincu d&#039;achter quelque chose dont vous n&#039;avez pas besoin.\" \/>\n<meta property=\"og:url\" content=\"https:\/\/shop.pranichealing.ch\/it\/produkt\/autodefense-psychique-pratique-pour-le-domicile-et-pour-le-bureau\/\" \/>\n<meta property=\"og:site_name\" content=\"Institut Pranic Healing Svizzera\" \/>\n<meta property=\"article:modified_time\" content=\"2022-02-15T10:44:15+00:00\" \/>\n<meta property=\"og:image\" content=\"https:\/\/shop.pranichealing.ch\/wp-content\/uploads\/2022\/01\/Selbstschutz_French.jpg\" \/>\n\t<meta property=\"og:image:width\" content=\"1090\" \/>\n\t<meta property=\"og:image:height\" content=\"1713\" \/>\n\t<meta property=\"og:image:type\" content=\"image\/jpeg\" \/>\n<meta name=\"twitter:card\" content=\"summary_large_image\" \/>\n<script type=\"application\/ld+json\" class=\"yoast-schema-graph\">{\"@context\":\"https:\\\/\\\/schema.org\",\"@graph\":[{\"@type\":\"WebPage\",\"@id\":\"https:\\\/\\\/shop.pranichealing.ch\\\/it\\\/produkt\\\/autodefense-psychique-pratique-pour-le-domicile-et-pour-le-bureau\\\/\",\"url\":\"https:\\\/\\\/shop.pranichealing.ch\\\/it\\\/produkt\\\/autodefense-psychique-pratique-pour-le-domicile-et-pour-le-bureau\\\/\",\"name\":\"Autod\u00e9fense Psychique Pratique pour le domicile et pour le bureau - Institut Pranic Healing Svizzera\",\"isPartOf\":{\"@id\":\"https:\\\/\\\/shop.pranichealing.ch\\\/it\\\/#website\"},\"primaryImageOfPage\":{\"@id\":\"https:\\\/\\\/shop.pranichealing.ch\\\/it\\\/produkt\\\/autodefense-psychique-pratique-pour-le-domicile-et-pour-le-bureau\\\/#primaryimage\"},\"image\":{\"@id\":\"https:\\\/\\\/shop.pranichealing.ch\\\/it\\\/produkt\\\/autodefense-psychique-pratique-pour-le-domicile-et-pour-le-bureau\\\/#primaryimage\"},\"thumbnailUrl\":\"https:\\\/\\\/shop.pranichealing.ch\\\/wp-content\\\/uploads\\\/2022\\\/01\\\/Selbstschutz_French.jpg\",\"datePublished\":\"2022-01-19T11:08:29+00:00\",\"dateModified\":\"2022-02-15T10:44:15+00:00\",\"description\":\"Quelqu'un se sent faible \u00e2pres des altercations avec quelqu'un. Un vendeur vous a convaincu d'achter quelque chose dont vous n'avez pas besoin.\",\"breadcrumb\":{\"@id\":\"https:\\\/\\\/shop.pranichealing.ch\\\/it\\\/produkt\\\/autodefense-psychique-pratique-pour-le-domicile-et-pour-le-bureau\\\/#breadcrumb\"},\"inLanguage\":\"it-IT\",\"potentialAction\":[{\"@type\":\"ReadAction\",\"target\":[\"https:\\\/\\\/shop.pranichealing.ch\\\/it\\\/produkt\\\/autodefense-psychique-pratique-pour-le-domicile-et-pour-le-bureau\\\/\"]}]},{\"@type\":\"ImageObject\",\"inLanguage\":\"it-IT\",\"@id\":\"https:\\\/\\\/shop.pranichealing.ch\\\/it\\\/produkt\\\/autodefense-psychique-pratique-pour-le-domicile-et-pour-le-bureau\\\/#primaryimage\",\"url\":\"https:\\\/\\\/shop.pranichealing.ch\\\/wp-content\\\/uploads\\\/2022\\\/01\\\/Selbstschutz_French.jpg\",\"contentUrl\":\"https:\\\/\\\/shop.pranichealing.ch\\\/wp-content\\\/uploads\\\/2022\\\/01\\\/Selbstschutz_French.jpg\",\"width\":1090,\"height\":1713},{\"@type\":\"BreadcrumbList\",\"@id\":\"https:\\\/\\\/shop.pranichealing.ch\\\/it\\\/produkt\\\/autodefense-psychique-pratique-pour-le-domicile-et-pour-le-bureau\\\/#breadcrumb\",\"itemListElement\":[{\"@type\":\"ListItem\",\"position\":1,\"name\":\"Startseite\",\"item\":\"https:\\\/\\\/shop.pranichealing.ch\\\/it\\\/\"},{\"@type\":\"ListItem\",\"position\":2,\"name\":\"Negozio\",\"item\":\"https:\\\/\\\/shop.pranichealing.ch\\\/it\\\/negozio\\\/\"},{\"@type\":\"ListItem\",\"position\":3,\"name\":\"Autod\u00e9fense Psychique Pratique pour le domicile et pour le bureau\"}]},{\"@type\":\"WebSite\",\"@id\":\"https:\\\/\\\/shop.pranichealing.ch\\\/it\\\/#website\",\"url\":\"https:\\\/\\\/shop.pranichealing.ch\\\/it\\\/\",\"name\":\"Institut Pranic Healing Svizzera\",\"description\":\"Onlineshop\",\"publisher\":{\"@id\":\"https:\\\/\\\/shop.pranichealing.ch\\\/it\\\/#organization\"},\"potentialAction\":[{\"@type\":\"SearchAction\",\"target\":{\"@type\":\"EntryPoint\",\"urlTemplate\":\"https:\\\/\\\/shop.pranichealing.ch\\\/it\\\/?s={search_term_string}\"},\"query-input\":{\"@type\":\"PropertyValueSpecification\",\"valueRequired\":true,\"valueName\":\"search_term_string\"}}],\"inLanguage\":\"it-IT\"},{\"@type\":\"Organization\",\"@id\":\"https:\\\/\\\/shop.pranichealing.ch\\\/it\\\/#organization\",\"name\":\"Institut Pranic Healing Svizzera\",\"url\":\"https:\\\/\\\/shop.pranichealing.ch\\\/it\\\/\",\"logo\":{\"@type\":\"ImageObject\",\"inLanguage\":\"it-IT\",\"@id\":\"https:\\\/\\\/shop.pranichealing.ch\\\/it\\\/#\\\/schema\\\/logo\\\/image\\\/\",\"url\":\"https:\\\/\\\/shop.pranichealing.ch\\\/wp-content\\\/uploads\\\/2022\\\/02\\\/iphs.svg\",\"contentUrl\":\"https:\\\/\\\/shop.pranichealing.ch\\\/wp-content\\\/uploads\\\/2022\\\/02\\\/iphs.svg\",\"width\":416,\"height\":84,\"caption\":\"Institut Pranic Healing Svizzera\"},\"image\":{\"@id\":\"https:\\\/\\\/shop.pranichealing.ch\\\/it\\\/#\\\/schema\\\/logo\\\/image\\\/\"}}]}<\/script>\n<!-- \/ Yoast SEO plugin. -->","yoast_head_json":{"title":"Autod\u00e9fense Psychique Pratique pour le domicile et pour le bureau - Institut Pranic Healing Svizzera","description":"Quelqu'un se sent faible \u00e2pres des altercations avec quelqu'un. Un vendeur vous a convaincu d'achter quelque chose dont vous n'avez pas besoin.","robots":{"index":"index","follow":"follow","max-snippet":"max-snippet:-1","max-image-preview":"max-image-preview:large","max-video-preview":"max-video-preview:-1"},"canonical":"https:\/\/shop.pranichealing.ch\/it\/produkt\/autodefense-psychique-pratique-pour-le-domicile-et-pour-le-bureau\/","og_locale":"it_IT","og_type":"article","og_title":"Autod\u00e9fense Psychique Pratique pour le domicile et pour le bureau - Institut Pranic Healing Svizzera","og_description":"Quelqu'un se sent faible \u00e2pres des altercations avec quelqu'un. Un vendeur vous a convaincu d'achter quelque chose dont vous n'avez pas besoin.","og_url":"https:\/\/shop.pranichealing.ch\/it\/produkt\/autodefense-psychique-pratique-pour-le-domicile-et-pour-le-bureau\/","og_site_name":"Institut Pranic Healing Svizzera","article_modified_time":"2022-02-15T10:44:15+00:00","og_image":[{"width":1090,"height":1713,"url":"https:\/\/shop.pranichealing.ch\/wp-content\/uploads\/2022\/01\/Selbstschutz_French.jpg","type":"image\/jpeg"}],"twitter_card":"summary_large_image","schema":{"@context":"https:\/\/schema.org","@graph":[{"@type":"WebPage","@id":"https:\/\/shop.pranichealing.ch\/it\/produkt\/autodefense-psychique-pratique-pour-le-domicile-et-pour-le-bureau\/","url":"https:\/\/shop.pranichealing.ch\/it\/produkt\/autodefense-psychique-pratique-pour-le-domicile-et-pour-le-bureau\/","name":"Autod\u00e9fense Psychique Pratique pour le domicile et pour le bureau - Institut Pranic Healing Svizzera","isPartOf":{"@id":"https:\/\/shop.pranichealing.ch\/it\/#website"},"primaryImageOfPage":{"@id":"https:\/\/shop.pranichealing.ch\/it\/produkt\/autodefense-psychique-pratique-pour-le-domicile-et-pour-le-bureau\/#primaryimage"},"image":{"@id":"https:\/\/shop.pranichealing.ch\/it\/produkt\/autodefense-psychique-pratique-pour-le-domicile-et-pour-le-bureau\/#primaryimage"},"thumbnailUrl":"https:\/\/shop.pranichealing.ch\/wp-content\/uploads\/2022\/01\/Selbstschutz_French.jpg","datePublished":"2022-01-19T11:08:29+00:00","dateModified":"2022-02-15T10:44:15+00:00","description":"Quelqu'un se sent faible \u00e2pres des altercations avec quelqu'un. Un vendeur vous a convaincu d'achter quelque chose dont vous n'avez pas besoin.","breadcrumb":{"@id":"https:\/\/shop.pranichealing.ch\/it\/produkt\/autodefense-psychique-pratique-pour-le-domicile-et-pour-le-bureau\/#breadcrumb"},"inLanguage":"it-IT","potentialAction":[{"@type":"ReadAction","target":["https:\/\/shop.pranichealing.ch\/it\/produkt\/autodefense-psychique-pratique-pour-le-domicile-et-pour-le-bureau\/"]}]},{"@type":"ImageObject","inLanguage":"it-IT","@id":"https:\/\/shop.pranichealing.ch\/it\/produkt\/autodefense-psychique-pratique-pour-le-domicile-et-pour-le-bureau\/#primaryimage","url":"https:\/\/shop.pranichealing.ch\/wp-content\/uploads\/2022\/01\/Selbstschutz_French.jpg","contentUrl":"https:\/\/shop.pranichealing.ch\/wp-content\/uploads\/2022\/01\/Selbstschutz_French.jpg","width":1090,"height":1713},{"@type":"BreadcrumbList","@id":"https:\/\/shop.pranichealing.ch\/it\/produkt\/autodefense-psychique-pratique-pour-le-domicile-et-pour-le-bureau\/#breadcrumb","itemListElement":[{"@type":"ListItem","position":1,"name":"Startseite","item":"https:\/\/shop.pranichealing.ch\/it\/"},{"@type":"ListItem","position":2,"name":"Negozio","item":"https:\/\/shop.pranichealing.ch\/it\/negozio\/"},{"@type":"ListItem","position":3,"name":"Autod\u00e9fense Psychique Pratique pour le domicile et pour le bureau"}]},{"@type":"WebSite","@id":"https:\/\/shop.pranichealing.ch\/it\/#website","url":"https:\/\/shop.pranichealing.ch\/it\/","name":"Institut Pranic Healing Svizzera","description":"Onlineshop","publisher":{"@id":"https:\/\/shop.pranichealing.ch\/it\/#organization"},"potentialAction":[{"@type":"SearchAction","target":{"@type":"EntryPoint","urlTemplate":"https:\/\/shop.pranichealing.ch\/it\/?s={search_term_string}"},"query-input":{"@type":"PropertyValueSpecification","valueRequired":true,"valueName":"search_term_string"}}],"inLanguage":"it-IT"},{"@type":"Organization","@id":"https:\/\/shop.pranichealing.ch\/it\/#organization","name":"Institut Pranic Healing Svizzera","url":"https:\/\/shop.pranichealing.ch\/it\/","logo":{"@type":"ImageObject","inLanguage":"it-IT","@id":"https:\/\/shop.pranichealing.ch\/it\/#\/schema\/logo\/image\/","url":"https:\/\/shop.pranichealing.ch\/wp-content\/uploads\/2022\/02\/iphs.svg","contentUrl":"https:\/\/shop.pranichealing.ch\/wp-content\/uploads\/2022\/02\/iphs.svg","width":416,"height":84,"caption":"Institut Pranic Healing Svizzera"},"image":{"@id":"https:\/\/shop.pranichealing.ch\/it\/#\/schema\/logo\/image\/"}}]}},"_links":{"self":[{"href":"https:\/\/shop.pranichealing.ch\/it\/wp-json\/wp\/v2\/product\/1067","targetHints":{"allow":["GET"]}}],"collection":[{"href":"https:\/\/shop.pranichealing.ch\/it\/wp-json\/wp\/v2\/product"}],"about":[{"href":"https:\/\/shop.pranichealing.ch\/it\/wp-json\/wp\/v2\/types\/product"}],"wp:featuredmedia":[{"embeddable":true,"href":"https:\/\/shop.pranichealing.ch\/it\/wp-json\/wp\/v2\/media\/917"}],"wp:attachment":[{"href":"https:\/\/shop.pranichealing.ch\/it\/wp-json\/wp\/v2\/media?parent=1067"}],"wp:term":[{"taxonomy":"product_brand","embeddable":true,"href":"https:\/\/shop.pranichealing.ch\/it\/wp-json\/wp\/v2\/product_brand?post=1067"},{"taxonomy":"product_cat","embeddable":true,"href":"https:\/\/shop.pranichealing.ch\/it\/wp-json\/wp\/v2\/product_cat?post=1067"},{"taxonomy":"product_tag","embeddable":true,"href":"https:\/\/shop.pranichealing.ch\/it\/wp-json\/wp\/v2\/product_tag?post=1067"}],"curies":[{"name":"wp","href":"https:\/\/api.w.org\/{rel}","templated":true}]}}