{"id":1119,"date":"2022-01-19T09:13:32","date_gmt":"2022-01-19T11:32:20","guid":{"rendered":"https:\/\/shop.pranichealing.ch\/produkt\/einswerden-mit-der-seele\/"},"modified":"2022-01-24T15:55:37","modified_gmt":"2022-01-24T14:55:37","slug":"einswerden-mit-der-seele","status":"publish","type":"product","link":"https:\/\/shop.pranichealing.ch\/it\/produkt\/einswerden-mit-der-seele\/","title":{"rendered":"Einswerden mit der Seele"},"content":{"rendered":"<p>Master Choa Kok Sui offenbart in diesem Buch wertvolle spirituelle Erkenntnisse, die er w\u00e4hrend seiner jahrelangen erfolgreichen T\u00e4tigkeiten als spiritueller Lehrer sowie Begr\u00fcnder von Pranic Healing und des Arhatic Yoga gesammelt hat. Die liebevollen und leicht verst\u00e4ndlichen Botschaften des Autors erm\u00f6glichen es Ihnen, neue Einsichten \u00fcber sich selbst und die eigene Seelennatur zu gewinnen.<\/p>\n<ul>\n<li><span style=\"font-family: var(--list--font-family);background-color: var(--global--color-background);color: var(--global--color-primary);font-size: var(--global--font-size-base)\">Natur Seele und ihre Reise durch Inkarnationen entdecken<\/span><\/li>\n<li>Geburt und Tod und wie wir dabei begleitet sind<\/li>\n<li>12. Chakra und seine Funktion<\/li>\n<li>Blaue Perle und ihr Geheimnis der Meditation \u00fcber die Seele<\/li>\n<li>Die 3 Silberschn\u00fcre, die verschiedenen permanenten Samen und die Kraft der Kundalini<\/li>\n<li>u.v.m.<\/li>\n<\/ul>\n","protected":false},"excerpt":{"rendered":"<p>Ein Juwel f\u00fcr all diejenigen, die Antwort auf die Fragen nach unserem geistigen Wesen suchen.<\/p>\n","protected":false},"featured_media":721,"template":"","meta":{"inline_featured_image":false},"product_brand":[],"product_cat":[66,56],"product_tag":[],"class_list":{"0":"post-1119","1":"product","2":"type-product","3":"status-publish","4":"has-post-thumbnail","6":"product_cat-de-it","7":"product_cat-libri","8":"entry","10":"first","11":"instock","12":"taxable","13":"shipping-taxable","14":"purchasable","15":"product-type-simple"},"yoast_head":"<!-- This site is optimized with the Yoast SEO plugin v27.3 - https:\/\/yoast.com\/product\/yoast-seo-wordpress\/ -->\n<title>Einswerden mit der Seele - Institut Pranic Healing Svizzera<\/title>\n<meta name=\"description\" content=\"Ein Juwel f\u00fcr all diejenigen, die Antwort auf die Fragen nach unserem geistigen Wesen suchen.\" \/>\n<meta name=\"robots\" content=\"index, follow, max-snippet:-1, max-image-preview:large, max-video-preview:-1\" \/>\n<link rel=\"canonical\" href=\"https:\/\/shop.pranichealing.ch\/it\/produkt\/einswerden-mit-der-seele\/\" \/>\n<meta property=\"og:locale\" content=\"it_IT\" \/>\n<meta property=\"og:type\" content=\"article\" \/>\n<meta property=\"og:title\" content=\"Einswerden mit der Seele - Institut Pranic Healing Svizzera\" \/>\n<meta property=\"og:description\" content=\"Ein Juwel f\u00fcr all diejenigen, die Antwort auf die Fragen nach unserem geistigen Wesen suchen.\" \/>\n<meta property=\"og:url\" content=\"https:\/\/shop.pranichealing.ch\/it\/produkt\/einswerden-mit-der-seele\/\" \/>\n<meta property=\"og:site_name\" content=\"Institut Pranic Healing Svizzera\" \/>\n<meta property=\"article:modified_time\" content=\"2022-01-24T14:55:37+00:00\" \/>\n<meta property=\"og:image\" content=\"https:\/\/shop.pranichealing.ch\/wp-content\/uploads\/2022\/01\/Einswerden-mit-der-Seele.jpg\" \/>\n\t<meta property=\"og:image:width\" content=\"800\" \/>\n\t<meta property=\"og:image:height\" content=\"1107\" \/>\n\t<meta property=\"og:image:type\" content=\"image\/jpeg\" \/>\n<meta name=\"twitter:card\" content=\"summary_large_image\" \/>\n<meta name=\"twitter:label1\" content=\"Tempo di lettura stimato\" \/>\n\t<meta name=\"twitter:data1\" content=\"1 minuto\" \/>\n<script type=\"application\/ld+json\" class=\"yoast-schema-graph\">{\"@context\":\"https:\\\/\\\/schema.org\",\"@graph\":[{\"@type\":\"WebPage\",\"@id\":\"https:\\\/\\\/shop.pranichealing.ch\\\/it\\\/produkt\\\/einswerden-mit-der-seele\\\/\",\"url\":\"https:\\\/\\\/shop.pranichealing.ch\\\/it\\\/produkt\\\/einswerden-mit-der-seele\\\/\",\"name\":\"Einswerden mit der Seele - Institut Pranic Healing Svizzera\",\"isPartOf\":{\"@id\":\"https:\\\/\\\/shop.pranichealing.ch\\\/it\\\/#website\"},\"primaryImageOfPage\":{\"@id\":\"https:\\\/\\\/shop.pranichealing.ch\\\/it\\\/produkt\\\/einswerden-mit-der-seele\\\/#primaryimage\"},\"image\":{\"@id\":\"https:\\\/\\\/shop.pranichealing.ch\\\/it\\\/produkt\\\/einswerden-mit-der-seele\\\/#primaryimage\"},\"thumbnailUrl\":\"https:\\\/\\\/shop.pranichealing.ch\\\/wp-content\\\/uploads\\\/2022\\\/01\\\/Einswerden-mit-der-Seele.jpg\",\"datePublished\":\"2022-01-19T11:32:20+00:00\",\"dateModified\":\"2022-01-24T14:55:37+00:00\",\"description\":\"Ein Juwel f\u00fcr all diejenigen, die Antwort auf die Fragen nach unserem geistigen Wesen suchen.\",\"breadcrumb\":{\"@id\":\"https:\\\/\\\/shop.pranichealing.ch\\\/it\\\/produkt\\\/einswerden-mit-der-seele\\\/#breadcrumb\"},\"inLanguage\":\"it-IT\",\"potentialAction\":[{\"@type\":\"ReadAction\",\"target\":[\"https:\\\/\\\/shop.pranichealing.ch\\\/it\\\/produkt\\\/einswerden-mit-der-seele\\\/\"]}]},{\"@type\":\"ImageObject\",\"inLanguage\":\"it-IT\",\"@id\":\"https:\\\/\\\/shop.pranichealing.ch\\\/it\\\/produkt\\\/einswerden-mit-der-seele\\\/#primaryimage\",\"url\":\"https:\\\/\\\/shop.pranichealing.ch\\\/wp-content\\\/uploads\\\/2022\\\/01\\\/Einswerden-mit-der-Seele.jpg\",\"contentUrl\":\"https:\\\/\\\/shop.pranichealing.ch\\\/wp-content\\\/uploads\\\/2022\\\/01\\\/Einswerden-mit-der-Seele.jpg\",\"width\":800,\"height\":1107},{\"@type\":\"BreadcrumbList\",\"@id\":\"https:\\\/\\\/shop.pranichealing.ch\\\/it\\\/produkt\\\/einswerden-mit-der-seele\\\/#breadcrumb\",\"itemListElement\":[{\"@type\":\"ListItem\",\"position\":1,\"name\":\"Startseite\",\"item\":\"https:\\\/\\\/shop.pranichealing.ch\\\/it\\\/\"},{\"@type\":\"ListItem\",\"position\":2,\"name\":\"Negozio\",\"item\":\"https:\\\/\\\/shop.pranichealing.ch\\\/it\\\/negozio\\\/\"},{\"@type\":\"ListItem\",\"position\":3,\"name\":\"Einswerden mit der Seele\"}]},{\"@type\":\"WebSite\",\"@id\":\"https:\\\/\\\/shop.pranichealing.ch\\\/it\\\/#website\",\"url\":\"https:\\\/\\\/shop.pranichealing.ch\\\/it\\\/\",\"name\":\"Institut Pranic Healing Svizzera\",\"description\":\"Onlineshop\",\"publisher\":{\"@id\":\"https:\\\/\\\/shop.pranichealing.ch\\\/it\\\/#organization\"},\"potentialAction\":[{\"@type\":\"SearchAction\",\"target\":{\"@type\":\"EntryPoint\",\"urlTemplate\":\"https:\\\/\\\/shop.pranichealing.ch\\\/it\\\/?s={search_term_string}\"},\"query-input\":{\"@type\":\"PropertyValueSpecification\",\"valueRequired\":true,\"valueName\":\"search_term_string\"}}],\"inLanguage\":\"it-IT\"},{\"@type\":\"Organization\",\"@id\":\"https:\\\/\\\/shop.pranichealing.ch\\\/it\\\/#organization\",\"name\":\"Institut Pranic Healing Svizzera\",\"url\":\"https:\\\/\\\/shop.pranichealing.ch\\\/it\\\/\",\"logo\":{\"@type\":\"ImageObject\",\"inLanguage\":\"it-IT\",\"@id\":\"https:\\\/\\\/shop.pranichealing.ch\\\/it\\\/#\\\/schema\\\/logo\\\/image\\\/\",\"url\":\"https:\\\/\\\/shop.pranichealing.ch\\\/wp-content\\\/uploads\\\/2022\\\/02\\\/iphs.svg\",\"contentUrl\":\"https:\\\/\\\/shop.pranichealing.ch\\\/wp-content\\\/uploads\\\/2022\\\/02\\\/iphs.svg\",\"width\":416,\"height\":84,\"caption\":\"Institut Pranic Healing Svizzera\"},\"image\":{\"@id\":\"https:\\\/\\\/shop.pranichealing.ch\\\/it\\\/#\\\/schema\\\/logo\\\/image\\\/\"}}]}<\/script>\n<!-- \/ Yoast SEO plugin. -->","yoast_head_json":{"title":"Einswerden mit der Seele - Institut Pranic Healing Svizzera","description":"Ein Juwel f\u00fcr all diejenigen, die Antwort auf die Fragen nach unserem geistigen Wesen suchen.","robots":{"index":"index","follow":"follow","max-snippet":"max-snippet:-1","max-image-preview":"max-image-preview:large","max-video-preview":"max-video-preview:-1"},"canonical":"https:\/\/shop.pranichealing.ch\/it\/produkt\/einswerden-mit-der-seele\/","og_locale":"it_IT","og_type":"article","og_title":"Einswerden mit der Seele - Institut Pranic Healing Svizzera","og_description":"Ein Juwel f\u00fcr all diejenigen, die Antwort auf die Fragen nach unserem geistigen Wesen suchen.","og_url":"https:\/\/shop.pranichealing.ch\/it\/produkt\/einswerden-mit-der-seele\/","og_site_name":"Institut Pranic Healing Svizzera","article_modified_time":"2022-01-24T14:55:37+00:00","og_image":[{"width":800,"height":1107,"url":"https:\/\/shop.pranichealing.ch\/wp-content\/uploads\/2022\/01\/Einswerden-mit-der-Seele.jpg","type":"image\/jpeg"}],"twitter_card":"summary_large_image","twitter_misc":{"Tempo di lettura stimato":"1 minuto"},"schema":{"@context":"https:\/\/schema.org","@graph":[{"@type":"WebPage","@id":"https:\/\/shop.pranichealing.ch\/it\/produkt\/einswerden-mit-der-seele\/","url":"https:\/\/shop.pranichealing.ch\/it\/produkt\/einswerden-mit-der-seele\/","name":"Einswerden mit der Seele - Institut Pranic Healing Svizzera","isPartOf":{"@id":"https:\/\/shop.pranichealing.ch\/it\/#website"},"primaryImageOfPage":{"@id":"https:\/\/shop.pranichealing.ch\/it\/produkt\/einswerden-mit-der-seele\/#primaryimage"},"image":{"@id":"https:\/\/shop.pranichealing.ch\/it\/produkt\/einswerden-mit-der-seele\/#primaryimage"},"thumbnailUrl":"https:\/\/shop.pranichealing.ch\/wp-content\/uploads\/2022\/01\/Einswerden-mit-der-Seele.jpg","datePublished":"2022-01-19T11:32:20+00:00","dateModified":"2022-01-24T14:55:37+00:00","description":"Ein Juwel f\u00fcr all diejenigen, die Antwort auf die Fragen nach unserem geistigen Wesen suchen.","breadcrumb":{"@id":"https:\/\/shop.pranichealing.ch\/it\/produkt\/einswerden-mit-der-seele\/#breadcrumb"},"inLanguage":"it-IT","potentialAction":[{"@type":"ReadAction","target":["https:\/\/shop.pranichealing.ch\/it\/produkt\/einswerden-mit-der-seele\/"]}]},{"@type":"ImageObject","inLanguage":"it-IT","@id":"https:\/\/shop.pranichealing.ch\/it\/produkt\/einswerden-mit-der-seele\/#primaryimage","url":"https:\/\/shop.pranichealing.ch\/wp-content\/uploads\/2022\/01\/Einswerden-mit-der-Seele.jpg","contentUrl":"https:\/\/shop.pranichealing.ch\/wp-content\/uploads\/2022\/01\/Einswerden-mit-der-Seele.jpg","width":800,"height":1107},{"@type":"BreadcrumbList","@id":"https:\/\/shop.pranichealing.ch\/it\/produkt\/einswerden-mit-der-seele\/#breadcrumb","itemListElement":[{"@type":"ListItem","position":1,"name":"Startseite","item":"https:\/\/shop.pranichealing.ch\/it\/"},{"@type":"ListItem","position":2,"name":"Negozio","item":"https:\/\/shop.pranichealing.ch\/it\/negozio\/"},{"@type":"ListItem","position":3,"name":"Einswerden mit der Seele"}]},{"@type":"WebSite","@id":"https:\/\/shop.pranichealing.ch\/it\/#website","url":"https:\/\/shop.pranichealing.ch\/it\/","name":"Institut Pranic Healing Svizzera","description":"Onlineshop","publisher":{"@id":"https:\/\/shop.pranichealing.ch\/it\/#organization"},"potentialAction":[{"@type":"SearchAction","target":{"@type":"EntryPoint","urlTemplate":"https:\/\/shop.pranichealing.ch\/it\/?s={search_term_string}"},"query-input":{"@type":"PropertyValueSpecification","valueRequired":true,"valueName":"search_term_string"}}],"inLanguage":"it-IT"},{"@type":"Organization","@id":"https:\/\/shop.pranichealing.ch\/it\/#organization","name":"Institut Pranic Healing Svizzera","url":"https:\/\/shop.pranichealing.ch\/it\/","logo":{"@type":"ImageObject","inLanguage":"it-IT","@id":"https:\/\/shop.pranichealing.ch\/it\/#\/schema\/logo\/image\/","url":"https:\/\/shop.pranichealing.ch\/wp-content\/uploads\/2022\/02\/iphs.svg","contentUrl":"https:\/\/shop.pranichealing.ch\/wp-content\/uploads\/2022\/02\/iphs.svg","width":416,"height":84,"caption":"Institut Pranic Healing Svizzera"},"image":{"@id":"https:\/\/shop.pranichealing.ch\/it\/#\/schema\/logo\/image\/"}}]}},"_links":{"self":[{"href":"https:\/\/shop.pranichealing.ch\/it\/wp-json\/wp\/v2\/product\/1119","targetHints":{"allow":["GET"]}}],"collection":[{"href":"https:\/\/shop.pranichealing.ch\/it\/wp-json\/wp\/v2\/product"}],"about":[{"href":"https:\/\/shop.pranichealing.ch\/it\/wp-json\/wp\/v2\/types\/product"}],"wp:featuredmedia":[{"embeddable":true,"href":"https:\/\/shop.pranichealing.ch\/it\/wp-json\/wp\/v2\/media\/721"}],"wp:attachment":[{"href":"https:\/\/shop.pranichealing.ch\/it\/wp-json\/wp\/v2\/media?parent=1119"}],"wp:term":[{"taxonomy":"product_brand","embeddable":true,"href":"https:\/\/shop.pranichealing.ch\/it\/wp-json\/wp\/v2\/product_brand?post=1119"},{"taxonomy":"product_cat","embeddable":true,"href":"https:\/\/shop.pranichealing.ch\/it\/wp-json\/wp\/v2\/product_cat?post=1119"},{"taxonomy":"product_tag","embeddable":true,"href":"https:\/\/shop.pranichealing.ch\/it\/wp-json\/wp\/v2\/product_tag?post=1119"}],"curies":[{"name":"wp","href":"https:\/\/api.w.org\/{rel}","templated":true}]}}