{"id":1278,"date":"2022-01-19T14:15:17","date_gmt":"2022-01-19T14:21:15","guid":{"rendered":"https:\/\/shop.pranichealing.ch\/produkt\/om-the-sound-of-stillness\/"},"modified":"2022-02-10T17:50:25","modified_gmt":"2022-02-10T16:50:25","slug":"om-the-sound-of-stillness","status":"publish","type":"product","link":"https:\/\/shop.pranichealing.ch\/it\/produkt\/om-the-sound-of-stillness\/","title":{"rendered":"OM &#8211; der Klang der Stille"},"content":{"rendered":"<p>Master Choa Kok Sui singt das OM 108 Mal. Dies hat eine stark energetisierende Wirkung und kann zu besonderen und wunderbaren Erfahrungen f\u00fchren. Om ist wie AUM oder AMEN ein universeller Klang.<\/p>\n<ul>\n<li>Es reinigt und harmonisiert die Energiezentren im K\u00f6rper<\/li>\n<li>Erzeugt eine energetisch reine, friedvolle Schwingung im Raum<\/li>\n<li>L\u00f6st Stress und negative Energien<\/li>\n<li>Hebt das Bewusstsein<\/li>\n<\/ul>\n","protected":false},"excerpt":{"rendered":"<p>Master Choa Kok Sui singt das OM 108 Mal. Dies hat eine stark energetisierende Wirkung und kann zu besonderen und wunderbaren Erfahrungen f\u00fchren. Om ist wie AUM oder AMEN ein universeller Klang. Es reinigt und harmonisiert die Energiezentren im K\u00f6rper Erzeugt eine energetisch reine, friedvolle Schwingung im Raum L\u00f6st Stress und negative Energien Hebt das&hellip; <a class=\"more-link\" href=\"https:\/\/shop.pranichealing.ch\/it\/produkt\/om-the-sound-of-stillness\/\">Continua a leggere <span class=\"screen-reader-text\">OM &#8211; der Klang der Stille<\/span><\/a><\/p>\n","protected":false},"featured_media":805,"template":"","meta":{"inline_featured_image":false},"product_brand":[],"product_cat":[55,66],"product_tag":[],"class_list":{"0":"post-1278","1":"product","2":"type-product","3":"status-publish","4":"has-post-thumbnail","6":"product_cat-cds-it","7":"product_cat-de-it","8":"entry","10":"first","11":"outofstock","12":"taxable","13":"shipping-taxable","14":"purchasable","15":"product-type-simple"},"yoast_head":"<!-- This site is optimized with the Yoast SEO plugin v27.3 - https:\/\/yoast.com\/product\/yoast-seo-wordpress\/ -->\n<title>OM - der Klang der Stille - Institut Pranic Healing Svizzera<\/title>\n<meta name=\"description\" content=\"Master Choa Kok Sui singt das OM 108 mal. OM ist wie AMEN ein universeller Klang und sein fortlaufendes Rezitieren hat eine stark energetisierende Wirkung. Es reinigt und harmonisiert die Energiezentren des K\u00f6rpers, erzeugt eine friedvolle Schwingung im Raum, kann Stress und negative Energien l\u00f6sen und das Bewusstsein heben.\" \/>\n<meta name=\"robots\" content=\"index, follow, max-snippet:-1, max-image-preview:large, max-video-preview:-1\" \/>\n<link rel=\"canonical\" href=\"https:\/\/shop.pranichealing.ch\/it\/produkt\/om-the-sound-of-stillness\/\" \/>\n<meta property=\"og:locale\" content=\"it_IT\" \/>\n<meta property=\"og:type\" content=\"article\" \/>\n<meta property=\"og:title\" content=\"OM - der Klang der Stille - Institut Pranic Healing Svizzera\" \/>\n<meta property=\"og:description\" content=\"Master Choa Kok Sui singt das OM 108 mal. OM ist wie AMEN ein universeller Klang und sein fortlaufendes Rezitieren hat eine stark energetisierende Wirkung. Es reinigt und harmonisiert die Energiezentren des K\u00f6rpers, erzeugt eine friedvolle Schwingung im Raum, kann Stress und negative Energien l\u00f6sen und das Bewusstsein heben.\" \/>\n<meta property=\"og:url\" content=\"https:\/\/shop.pranichealing.ch\/it\/produkt\/om-the-sound-of-stillness\/\" \/>\n<meta property=\"og:site_name\" content=\"Institut Pranic Healing Svizzera\" \/>\n<meta property=\"article:modified_time\" content=\"2022-02-10T16:50:25+00:00\" \/>\n<meta property=\"og:image\" content=\"https:\/\/shop.pranichealing.ch\/wp-content\/uploads\/2022\/01\/CD_Om-The-sound-of-stillness.jpg\" \/>\n\t<meta property=\"og:image:width\" content=\"809\" \/>\n\t<meta property=\"og:image:height\" content=\"800\" \/>\n\t<meta property=\"og:image:type\" content=\"image\/jpeg\" \/>\n<meta name=\"twitter:card\" content=\"summary_large_image\" \/>\n<script type=\"application\/ld+json\" class=\"yoast-schema-graph\">{\"@context\":\"https:\\\/\\\/schema.org\",\"@graph\":[{\"@type\":\"WebPage\",\"@id\":\"https:\\\/\\\/shop.pranichealing.ch\\\/it\\\/produkt\\\/om-the-sound-of-stillness\\\/\",\"url\":\"https:\\\/\\\/shop.pranichealing.ch\\\/it\\\/produkt\\\/om-the-sound-of-stillness\\\/\",\"name\":\"OM - der Klang der Stille - Institut Pranic Healing Svizzera\",\"isPartOf\":{\"@id\":\"https:\\\/\\\/shop.pranichealing.ch\\\/it\\\/#website\"},\"primaryImageOfPage\":{\"@id\":\"https:\\\/\\\/shop.pranichealing.ch\\\/it\\\/produkt\\\/om-the-sound-of-stillness\\\/#primaryimage\"},\"image\":{\"@id\":\"https:\\\/\\\/shop.pranichealing.ch\\\/it\\\/produkt\\\/om-the-sound-of-stillness\\\/#primaryimage\"},\"thumbnailUrl\":\"https:\\\/\\\/shop.pranichealing.ch\\\/wp-content\\\/uploads\\\/2022\\\/01\\\/CD_Om-The-sound-of-stillness.jpg\",\"datePublished\":\"2022-01-19T14:21:15+00:00\",\"dateModified\":\"2022-02-10T16:50:25+00:00\",\"description\":\"Master Choa Kok Sui singt das OM 108 mal. OM ist wie AMEN ein universeller Klang und sein fortlaufendes Rezitieren hat eine stark energetisierende Wirkung. Es reinigt und harmonisiert die Energiezentren des K\u00f6rpers, erzeugt eine friedvolle Schwingung im Raum, kann Stress und negative Energien l\u00f6sen und das Bewusstsein heben.\",\"breadcrumb\":{\"@id\":\"https:\\\/\\\/shop.pranichealing.ch\\\/it\\\/produkt\\\/om-the-sound-of-stillness\\\/#breadcrumb\"},\"inLanguage\":\"it-IT\",\"potentialAction\":[{\"@type\":\"ReadAction\",\"target\":[\"https:\\\/\\\/shop.pranichealing.ch\\\/it\\\/produkt\\\/om-the-sound-of-stillness\\\/\"]}]},{\"@type\":\"ImageObject\",\"inLanguage\":\"it-IT\",\"@id\":\"https:\\\/\\\/shop.pranichealing.ch\\\/it\\\/produkt\\\/om-the-sound-of-stillness\\\/#primaryimage\",\"url\":\"https:\\\/\\\/shop.pranichealing.ch\\\/wp-content\\\/uploads\\\/2022\\\/01\\\/CD_Om-The-sound-of-stillness.jpg\",\"contentUrl\":\"https:\\\/\\\/shop.pranichealing.ch\\\/wp-content\\\/uploads\\\/2022\\\/01\\\/CD_Om-The-sound-of-stillness.jpg\",\"width\":809,\"height\":800},{\"@type\":\"BreadcrumbList\",\"@id\":\"https:\\\/\\\/shop.pranichealing.ch\\\/it\\\/produkt\\\/om-the-sound-of-stillness\\\/#breadcrumb\",\"itemListElement\":[{\"@type\":\"ListItem\",\"position\":1,\"name\":\"Startseite\",\"item\":\"https:\\\/\\\/shop.pranichealing.ch\\\/it\\\/\"},{\"@type\":\"ListItem\",\"position\":2,\"name\":\"Negozio\",\"item\":\"https:\\\/\\\/shop.pranichealing.ch\\\/it\\\/negozio\\\/\"},{\"@type\":\"ListItem\",\"position\":3,\"name\":\"OM &#8211; der Klang der Stille\"}]},{\"@type\":\"WebSite\",\"@id\":\"https:\\\/\\\/shop.pranichealing.ch\\\/it\\\/#website\",\"url\":\"https:\\\/\\\/shop.pranichealing.ch\\\/it\\\/\",\"name\":\"Institut Pranic Healing Svizzera\",\"description\":\"Onlineshop\",\"publisher\":{\"@id\":\"https:\\\/\\\/shop.pranichealing.ch\\\/it\\\/#organization\"},\"potentialAction\":[{\"@type\":\"SearchAction\",\"target\":{\"@type\":\"EntryPoint\",\"urlTemplate\":\"https:\\\/\\\/shop.pranichealing.ch\\\/it\\\/?s={search_term_string}\"},\"query-input\":{\"@type\":\"PropertyValueSpecification\",\"valueRequired\":true,\"valueName\":\"search_term_string\"}}],\"inLanguage\":\"it-IT\"},{\"@type\":\"Organization\",\"@id\":\"https:\\\/\\\/shop.pranichealing.ch\\\/it\\\/#organization\",\"name\":\"Institut Pranic Healing Svizzera\",\"url\":\"https:\\\/\\\/shop.pranichealing.ch\\\/it\\\/\",\"logo\":{\"@type\":\"ImageObject\",\"inLanguage\":\"it-IT\",\"@id\":\"https:\\\/\\\/shop.pranichealing.ch\\\/it\\\/#\\\/schema\\\/logo\\\/image\\\/\",\"url\":\"https:\\\/\\\/shop.pranichealing.ch\\\/wp-content\\\/uploads\\\/2022\\\/02\\\/iphs.svg\",\"contentUrl\":\"https:\\\/\\\/shop.pranichealing.ch\\\/wp-content\\\/uploads\\\/2022\\\/02\\\/iphs.svg\",\"width\":416,\"height\":84,\"caption\":\"Institut Pranic Healing Svizzera\"},\"image\":{\"@id\":\"https:\\\/\\\/shop.pranichealing.ch\\\/it\\\/#\\\/schema\\\/logo\\\/image\\\/\"}}]}<\/script>\n<!-- \/ Yoast SEO plugin. -->","yoast_head_json":{"title":"OM - der Klang der Stille - Institut Pranic Healing Svizzera","description":"Master Choa Kok Sui singt das OM 108 mal. OM ist wie AMEN ein universeller Klang und sein fortlaufendes Rezitieren hat eine stark energetisierende Wirkung. Es reinigt und harmonisiert die Energiezentren des K\u00f6rpers, erzeugt eine friedvolle Schwingung im Raum, kann Stress und negative Energien l\u00f6sen und das Bewusstsein heben.","robots":{"index":"index","follow":"follow","max-snippet":"max-snippet:-1","max-image-preview":"max-image-preview:large","max-video-preview":"max-video-preview:-1"},"canonical":"https:\/\/shop.pranichealing.ch\/it\/produkt\/om-the-sound-of-stillness\/","og_locale":"it_IT","og_type":"article","og_title":"OM - der Klang der Stille - Institut Pranic Healing Svizzera","og_description":"Master Choa Kok Sui singt das OM 108 mal. OM ist wie AMEN ein universeller Klang und sein fortlaufendes Rezitieren hat eine stark energetisierende Wirkung. Es reinigt und harmonisiert die Energiezentren des K\u00f6rpers, erzeugt eine friedvolle Schwingung im Raum, kann Stress und negative Energien l\u00f6sen und das Bewusstsein heben.","og_url":"https:\/\/shop.pranichealing.ch\/it\/produkt\/om-the-sound-of-stillness\/","og_site_name":"Institut Pranic Healing Svizzera","article_modified_time":"2022-02-10T16:50:25+00:00","og_image":[{"width":809,"height":800,"url":"https:\/\/shop.pranichealing.ch\/wp-content\/uploads\/2022\/01\/CD_Om-The-sound-of-stillness.jpg","type":"image\/jpeg"}],"twitter_card":"summary_large_image","schema":{"@context":"https:\/\/schema.org","@graph":[{"@type":"WebPage","@id":"https:\/\/shop.pranichealing.ch\/it\/produkt\/om-the-sound-of-stillness\/","url":"https:\/\/shop.pranichealing.ch\/it\/produkt\/om-the-sound-of-stillness\/","name":"OM - der Klang der Stille - Institut Pranic Healing Svizzera","isPartOf":{"@id":"https:\/\/shop.pranichealing.ch\/it\/#website"},"primaryImageOfPage":{"@id":"https:\/\/shop.pranichealing.ch\/it\/produkt\/om-the-sound-of-stillness\/#primaryimage"},"image":{"@id":"https:\/\/shop.pranichealing.ch\/it\/produkt\/om-the-sound-of-stillness\/#primaryimage"},"thumbnailUrl":"https:\/\/shop.pranichealing.ch\/wp-content\/uploads\/2022\/01\/CD_Om-The-sound-of-stillness.jpg","datePublished":"2022-01-19T14:21:15+00:00","dateModified":"2022-02-10T16:50:25+00:00","description":"Master Choa Kok Sui singt das OM 108 mal. OM ist wie AMEN ein universeller Klang und sein fortlaufendes Rezitieren hat eine stark energetisierende Wirkung. Es reinigt und harmonisiert die Energiezentren des K\u00f6rpers, erzeugt eine friedvolle Schwingung im Raum, kann Stress und negative Energien l\u00f6sen und das Bewusstsein heben.","breadcrumb":{"@id":"https:\/\/shop.pranichealing.ch\/it\/produkt\/om-the-sound-of-stillness\/#breadcrumb"},"inLanguage":"it-IT","potentialAction":[{"@type":"ReadAction","target":["https:\/\/shop.pranichealing.ch\/it\/produkt\/om-the-sound-of-stillness\/"]}]},{"@type":"ImageObject","inLanguage":"it-IT","@id":"https:\/\/shop.pranichealing.ch\/it\/produkt\/om-the-sound-of-stillness\/#primaryimage","url":"https:\/\/shop.pranichealing.ch\/wp-content\/uploads\/2022\/01\/CD_Om-The-sound-of-stillness.jpg","contentUrl":"https:\/\/shop.pranichealing.ch\/wp-content\/uploads\/2022\/01\/CD_Om-The-sound-of-stillness.jpg","width":809,"height":800},{"@type":"BreadcrumbList","@id":"https:\/\/shop.pranichealing.ch\/it\/produkt\/om-the-sound-of-stillness\/#breadcrumb","itemListElement":[{"@type":"ListItem","position":1,"name":"Startseite","item":"https:\/\/shop.pranichealing.ch\/it\/"},{"@type":"ListItem","position":2,"name":"Negozio","item":"https:\/\/shop.pranichealing.ch\/it\/negozio\/"},{"@type":"ListItem","position":3,"name":"OM &#8211; der Klang der Stille"}]},{"@type":"WebSite","@id":"https:\/\/shop.pranichealing.ch\/it\/#website","url":"https:\/\/shop.pranichealing.ch\/it\/","name":"Institut Pranic Healing Svizzera","description":"Onlineshop","publisher":{"@id":"https:\/\/shop.pranichealing.ch\/it\/#organization"},"potentialAction":[{"@type":"SearchAction","target":{"@type":"EntryPoint","urlTemplate":"https:\/\/shop.pranichealing.ch\/it\/?s={search_term_string}"},"query-input":{"@type":"PropertyValueSpecification","valueRequired":true,"valueName":"search_term_string"}}],"inLanguage":"it-IT"},{"@type":"Organization","@id":"https:\/\/shop.pranichealing.ch\/it\/#organization","name":"Institut Pranic Healing Svizzera","url":"https:\/\/shop.pranichealing.ch\/it\/","logo":{"@type":"ImageObject","inLanguage":"it-IT","@id":"https:\/\/shop.pranichealing.ch\/it\/#\/schema\/logo\/image\/","url":"https:\/\/shop.pranichealing.ch\/wp-content\/uploads\/2022\/02\/iphs.svg","contentUrl":"https:\/\/shop.pranichealing.ch\/wp-content\/uploads\/2022\/02\/iphs.svg","width":416,"height":84,"caption":"Institut Pranic Healing Svizzera"},"image":{"@id":"https:\/\/shop.pranichealing.ch\/it\/#\/schema\/logo\/image\/"}}]}},"_links":{"self":[{"href":"https:\/\/shop.pranichealing.ch\/it\/wp-json\/wp\/v2\/product\/1278","targetHints":{"allow":["GET"]}}],"collection":[{"href":"https:\/\/shop.pranichealing.ch\/it\/wp-json\/wp\/v2\/product"}],"about":[{"href":"https:\/\/shop.pranichealing.ch\/it\/wp-json\/wp\/v2\/types\/product"}],"wp:featuredmedia":[{"embeddable":true,"href":"https:\/\/shop.pranichealing.ch\/it\/wp-json\/wp\/v2\/media\/805"}],"wp:attachment":[{"href":"https:\/\/shop.pranichealing.ch\/it\/wp-json\/wp\/v2\/media?parent=1278"}],"wp:term":[{"taxonomy":"product_brand","embeddable":true,"href":"https:\/\/shop.pranichealing.ch\/it\/wp-json\/wp\/v2\/product_brand?post=1278"},{"taxonomy":"product_cat","embeddable":true,"href":"https:\/\/shop.pranichealing.ch\/it\/wp-json\/wp\/v2\/product_cat?post=1278"},{"taxonomy":"product_tag","embeddable":true,"href":"https:\/\/shop.pranichealing.ch\/it\/wp-json\/wp\/v2\/product_tag?post=1278"}],"curies":[{"name":"wp","href":"https:\/\/api.w.org\/{rel}","templated":true}]}}