{"id":1280,"date":"2022-01-19T14:11:20","date_gmt":"2022-01-19T13:11:20","guid":{"rendered":"https:\/\/shop.pranichealing.ch\/produkt\/meditation-uber-2-herzen-mit-om-mani-padme-hum\/"},"modified":"2022-02-10T17:50:28","modified_gmt":"2022-02-10T16:50:28","slug":"meditation-uber-2-herzen-mit-om-mani-padme-hum","status":"publish","type":"product","link":"https:\/\/shop.pranichealing.ch\/it\/produkt\/meditation-uber-2-herzen-mit-om-mani-padme-hum\/","title":{"rendered":"Meditation \u00fcber zwei Herzen mit OM MANI PADME HUM"},"content":{"rendered":"<p>Die Meditation \u00fcber zwei Herzen ist eine fortgeschrittene Technik, um Herz- und Kronenchakra zu entwickeln! Zusammen mit dem Mantra OM MANI PADME HUM, dem Mantra f\u00fcr Mitgef\u00fchl und Barmherzigkeit, wird sie zu einem kostbaren Juwel f\u00fcr Friedensbildung und Heilung im Inneren, wie auch f\u00fcr unsere Erde.<\/p>\n","protected":false},"excerpt":{"rendered":"<p>Die Meditation \u00fcber zwei Herzen ist eine fortgeschrittene Technik, um Herz- und Kronenchakra zu entwickeln! Zusammen mit dem Mantra OM MANI PADME HUM, dem Mantra f\u00fcr Mitgef\u00fchl und Barmherzigkeit, wird sie zu einem kostbaren Juwel f\u00fcr Friedensbildung und Heilung im Inneren, wie auch f\u00fcr unsere Erde.<\/p>\n","protected":false},"featured_media":841,"template":"","meta":{"inline_featured_image":false},"product_brand":[],"product_cat":[55,66],"product_tag":[],"class_list":{"0":"post-1280","1":"product","2":"type-product","3":"status-publish","4":"has-post-thumbnail","6":"product_cat-cds-it","7":"product_cat-de-it","8":"entry","10":"first","11":"instock","12":"taxable","13":"shipping-taxable","14":"purchasable","15":"product-type-simple"},"yoast_head":"<!-- This site is optimized with the Yoast SEO plugin v27.3 - https:\/\/yoast.com\/product\/yoast-seo-wordpress\/ -->\n<title>Meditation \u00fcber zwei Herzen mit OM MANI PADME HUM - Institut Pranic Healing Svizzera<\/title>\n<meta name=\"description\" content=\"Die Meditation \u00fcber 2 Herzen ist eine fortgeschrittene Technik, um Herz- und Kronenchakra zu entwickeln! Zusammen mit dem Mantra OM MANI PADME HUM, dem Mantra f\u00fcr Mitgef\u00fchl und Barmherzigkeit, wird sie zu einem kostbaren Juwel f\u00fcr Friedensbildung und Heilung im Innern wie f\u00fcr unsere Erde.\" \/>\n<meta name=\"robots\" content=\"index, follow, max-snippet:-1, max-image-preview:large, max-video-preview:-1\" \/>\n<link rel=\"canonical\" href=\"https:\/\/shop.pranichealing.ch\/it\/produkt\/meditation-uber-2-herzen-mit-om-mani-padme-hum\/\" \/>\n<meta property=\"og:locale\" content=\"it_IT\" \/>\n<meta property=\"og:type\" content=\"article\" \/>\n<meta property=\"og:title\" content=\"Meditation \u00fcber zwei Herzen mit OM MANI PADME HUM - Institut Pranic Healing Svizzera\" \/>\n<meta property=\"og:description\" content=\"Die Meditation \u00fcber 2 Herzen ist eine fortgeschrittene Technik, um Herz- und Kronenchakra zu entwickeln! Zusammen mit dem Mantra OM MANI PADME HUM, dem Mantra f\u00fcr Mitgef\u00fchl und Barmherzigkeit, wird sie zu einem kostbaren Juwel f\u00fcr Friedensbildung und Heilung im Innern wie f\u00fcr unsere Erde.\" \/>\n<meta property=\"og:url\" content=\"https:\/\/shop.pranichealing.ch\/it\/produkt\/meditation-uber-2-herzen-mit-om-mani-padme-hum\/\" \/>\n<meta property=\"og:site_name\" content=\"Institut Pranic Healing Svizzera\" \/>\n<meta property=\"article:modified_time\" content=\"2022-02-10T16:50:28+00:00\" \/>\n<meta property=\"og:image\" content=\"https:\/\/shop.pranichealing.ch\/wp-content\/uploads\/2022\/01\/CD_Meditation-uber-zwei-Herzen-mit-Om-Mani-Padme-Hum.jpg\" \/>\n\t<meta property=\"og:image:width\" content=\"811\" \/>\n\t<meta property=\"og:image:height\" content=\"800\" \/>\n\t<meta property=\"og:image:type\" content=\"image\/jpeg\" \/>\n<meta name=\"twitter:card\" content=\"summary_large_image\" \/>\n<script type=\"application\/ld+json\" class=\"yoast-schema-graph\">{\"@context\":\"https:\\\/\\\/schema.org\",\"@graph\":[{\"@type\":\"WebPage\",\"@id\":\"https:\\\/\\\/shop.pranichealing.ch\\\/it\\\/produkt\\\/meditation-uber-2-herzen-mit-om-mani-padme-hum\\\/\",\"url\":\"https:\\\/\\\/shop.pranichealing.ch\\\/it\\\/produkt\\\/meditation-uber-2-herzen-mit-om-mani-padme-hum\\\/\",\"name\":\"Meditation \u00fcber zwei Herzen mit OM MANI PADME HUM - Institut Pranic Healing Svizzera\",\"isPartOf\":{\"@id\":\"https:\\\/\\\/shop.pranichealing.ch\\\/it\\\/#website\"},\"primaryImageOfPage\":{\"@id\":\"https:\\\/\\\/shop.pranichealing.ch\\\/it\\\/produkt\\\/meditation-uber-2-herzen-mit-om-mani-padme-hum\\\/#primaryimage\"},\"image\":{\"@id\":\"https:\\\/\\\/shop.pranichealing.ch\\\/it\\\/produkt\\\/meditation-uber-2-herzen-mit-om-mani-padme-hum\\\/#primaryimage\"},\"thumbnailUrl\":\"https:\\\/\\\/shop.pranichealing.ch\\\/wp-content\\\/uploads\\\/2022\\\/01\\\/CD_Meditation-uber-zwei-Herzen-mit-Om-Mani-Padme-Hum.jpg\",\"datePublished\":\"2022-01-19T13:11:20+00:00\",\"dateModified\":\"2022-02-10T16:50:28+00:00\",\"description\":\"Die Meditation \u00fcber 2 Herzen ist eine fortgeschrittene Technik, um Herz- und Kronenchakra zu entwickeln! Zusammen mit dem Mantra OM MANI PADME HUM, dem Mantra f\u00fcr Mitgef\u00fchl und Barmherzigkeit, wird sie zu einem kostbaren Juwel f\u00fcr Friedensbildung und Heilung im Innern wie f\u00fcr unsere Erde.\",\"breadcrumb\":{\"@id\":\"https:\\\/\\\/shop.pranichealing.ch\\\/it\\\/produkt\\\/meditation-uber-2-herzen-mit-om-mani-padme-hum\\\/#breadcrumb\"},\"inLanguage\":\"it-IT\",\"potentialAction\":[{\"@type\":\"ReadAction\",\"target\":[\"https:\\\/\\\/shop.pranichealing.ch\\\/it\\\/produkt\\\/meditation-uber-2-herzen-mit-om-mani-padme-hum\\\/\"]}]},{\"@type\":\"ImageObject\",\"inLanguage\":\"it-IT\",\"@id\":\"https:\\\/\\\/shop.pranichealing.ch\\\/it\\\/produkt\\\/meditation-uber-2-herzen-mit-om-mani-padme-hum\\\/#primaryimage\",\"url\":\"https:\\\/\\\/shop.pranichealing.ch\\\/wp-content\\\/uploads\\\/2022\\\/01\\\/CD_Meditation-uber-zwei-Herzen-mit-Om-Mani-Padme-Hum.jpg\",\"contentUrl\":\"https:\\\/\\\/shop.pranichealing.ch\\\/wp-content\\\/uploads\\\/2022\\\/01\\\/CD_Meditation-uber-zwei-Herzen-mit-Om-Mani-Padme-Hum.jpg\",\"width\":811,\"height\":800},{\"@type\":\"BreadcrumbList\",\"@id\":\"https:\\\/\\\/shop.pranichealing.ch\\\/it\\\/produkt\\\/meditation-uber-2-herzen-mit-om-mani-padme-hum\\\/#breadcrumb\",\"itemListElement\":[{\"@type\":\"ListItem\",\"position\":1,\"name\":\"Startseite\",\"item\":\"https:\\\/\\\/shop.pranichealing.ch\\\/it\\\/\"},{\"@type\":\"ListItem\",\"position\":2,\"name\":\"Negozio\",\"item\":\"https:\\\/\\\/shop.pranichealing.ch\\\/it\\\/negozio\\\/\"},{\"@type\":\"ListItem\",\"position\":3,\"name\":\"Meditation \u00fcber zwei Herzen mit OM MANI PADME HUM\"}]},{\"@type\":\"WebSite\",\"@id\":\"https:\\\/\\\/shop.pranichealing.ch\\\/it\\\/#website\",\"url\":\"https:\\\/\\\/shop.pranichealing.ch\\\/it\\\/\",\"name\":\"Institut Pranic Healing Svizzera\",\"description\":\"Onlineshop\",\"publisher\":{\"@id\":\"https:\\\/\\\/shop.pranichealing.ch\\\/it\\\/#organization\"},\"potentialAction\":[{\"@type\":\"SearchAction\",\"target\":{\"@type\":\"EntryPoint\",\"urlTemplate\":\"https:\\\/\\\/shop.pranichealing.ch\\\/it\\\/?s={search_term_string}\"},\"query-input\":{\"@type\":\"PropertyValueSpecification\",\"valueRequired\":true,\"valueName\":\"search_term_string\"}}],\"inLanguage\":\"it-IT\"},{\"@type\":\"Organization\",\"@id\":\"https:\\\/\\\/shop.pranichealing.ch\\\/it\\\/#organization\",\"name\":\"Institut Pranic Healing Svizzera\",\"url\":\"https:\\\/\\\/shop.pranichealing.ch\\\/it\\\/\",\"logo\":{\"@type\":\"ImageObject\",\"inLanguage\":\"it-IT\",\"@id\":\"https:\\\/\\\/shop.pranichealing.ch\\\/it\\\/#\\\/schema\\\/logo\\\/image\\\/\",\"url\":\"https:\\\/\\\/shop.pranichealing.ch\\\/wp-content\\\/uploads\\\/2022\\\/02\\\/iphs.svg\",\"contentUrl\":\"https:\\\/\\\/shop.pranichealing.ch\\\/wp-content\\\/uploads\\\/2022\\\/02\\\/iphs.svg\",\"width\":416,\"height\":84,\"caption\":\"Institut Pranic Healing Svizzera\"},\"image\":{\"@id\":\"https:\\\/\\\/shop.pranichealing.ch\\\/it\\\/#\\\/schema\\\/logo\\\/image\\\/\"}}]}<\/script>\n<!-- \/ Yoast SEO plugin. -->","yoast_head_json":{"title":"Meditation \u00fcber zwei Herzen mit OM MANI PADME HUM - Institut Pranic Healing Svizzera","description":"Die Meditation \u00fcber 2 Herzen ist eine fortgeschrittene Technik, um Herz- und Kronenchakra zu entwickeln! Zusammen mit dem Mantra OM MANI PADME HUM, dem Mantra f\u00fcr Mitgef\u00fchl und Barmherzigkeit, wird sie zu einem kostbaren Juwel f\u00fcr Friedensbildung und Heilung im Innern wie f\u00fcr unsere Erde.","robots":{"index":"index","follow":"follow","max-snippet":"max-snippet:-1","max-image-preview":"max-image-preview:large","max-video-preview":"max-video-preview:-1"},"canonical":"https:\/\/shop.pranichealing.ch\/it\/produkt\/meditation-uber-2-herzen-mit-om-mani-padme-hum\/","og_locale":"it_IT","og_type":"article","og_title":"Meditation \u00fcber zwei Herzen mit OM MANI PADME HUM - Institut Pranic Healing Svizzera","og_description":"Die Meditation \u00fcber 2 Herzen ist eine fortgeschrittene Technik, um Herz- und Kronenchakra zu entwickeln! Zusammen mit dem Mantra OM MANI PADME HUM, dem Mantra f\u00fcr Mitgef\u00fchl und Barmherzigkeit, wird sie zu einem kostbaren Juwel f\u00fcr Friedensbildung und Heilung im Innern wie f\u00fcr unsere Erde.","og_url":"https:\/\/shop.pranichealing.ch\/it\/produkt\/meditation-uber-2-herzen-mit-om-mani-padme-hum\/","og_site_name":"Institut Pranic Healing Svizzera","article_modified_time":"2022-02-10T16:50:28+00:00","og_image":[{"width":811,"height":800,"url":"https:\/\/shop.pranichealing.ch\/wp-content\/uploads\/2022\/01\/CD_Meditation-uber-zwei-Herzen-mit-Om-Mani-Padme-Hum.jpg","type":"image\/jpeg"}],"twitter_card":"summary_large_image","schema":{"@context":"https:\/\/schema.org","@graph":[{"@type":"WebPage","@id":"https:\/\/shop.pranichealing.ch\/it\/produkt\/meditation-uber-2-herzen-mit-om-mani-padme-hum\/","url":"https:\/\/shop.pranichealing.ch\/it\/produkt\/meditation-uber-2-herzen-mit-om-mani-padme-hum\/","name":"Meditation \u00fcber zwei Herzen mit OM MANI PADME HUM - Institut Pranic Healing Svizzera","isPartOf":{"@id":"https:\/\/shop.pranichealing.ch\/it\/#website"},"primaryImageOfPage":{"@id":"https:\/\/shop.pranichealing.ch\/it\/produkt\/meditation-uber-2-herzen-mit-om-mani-padme-hum\/#primaryimage"},"image":{"@id":"https:\/\/shop.pranichealing.ch\/it\/produkt\/meditation-uber-2-herzen-mit-om-mani-padme-hum\/#primaryimage"},"thumbnailUrl":"https:\/\/shop.pranichealing.ch\/wp-content\/uploads\/2022\/01\/CD_Meditation-uber-zwei-Herzen-mit-Om-Mani-Padme-Hum.jpg","datePublished":"2022-01-19T13:11:20+00:00","dateModified":"2022-02-10T16:50:28+00:00","description":"Die Meditation \u00fcber 2 Herzen ist eine fortgeschrittene Technik, um Herz- und Kronenchakra zu entwickeln! Zusammen mit dem Mantra OM MANI PADME HUM, dem Mantra f\u00fcr Mitgef\u00fchl und Barmherzigkeit, wird sie zu einem kostbaren Juwel f\u00fcr Friedensbildung und Heilung im Innern wie f\u00fcr unsere Erde.","breadcrumb":{"@id":"https:\/\/shop.pranichealing.ch\/it\/produkt\/meditation-uber-2-herzen-mit-om-mani-padme-hum\/#breadcrumb"},"inLanguage":"it-IT","potentialAction":[{"@type":"ReadAction","target":["https:\/\/shop.pranichealing.ch\/it\/produkt\/meditation-uber-2-herzen-mit-om-mani-padme-hum\/"]}]},{"@type":"ImageObject","inLanguage":"it-IT","@id":"https:\/\/shop.pranichealing.ch\/it\/produkt\/meditation-uber-2-herzen-mit-om-mani-padme-hum\/#primaryimage","url":"https:\/\/shop.pranichealing.ch\/wp-content\/uploads\/2022\/01\/CD_Meditation-uber-zwei-Herzen-mit-Om-Mani-Padme-Hum.jpg","contentUrl":"https:\/\/shop.pranichealing.ch\/wp-content\/uploads\/2022\/01\/CD_Meditation-uber-zwei-Herzen-mit-Om-Mani-Padme-Hum.jpg","width":811,"height":800},{"@type":"BreadcrumbList","@id":"https:\/\/shop.pranichealing.ch\/it\/produkt\/meditation-uber-2-herzen-mit-om-mani-padme-hum\/#breadcrumb","itemListElement":[{"@type":"ListItem","position":1,"name":"Startseite","item":"https:\/\/shop.pranichealing.ch\/it\/"},{"@type":"ListItem","position":2,"name":"Negozio","item":"https:\/\/shop.pranichealing.ch\/it\/negozio\/"},{"@type":"ListItem","position":3,"name":"Meditation \u00fcber zwei Herzen mit OM MANI PADME HUM"}]},{"@type":"WebSite","@id":"https:\/\/shop.pranichealing.ch\/it\/#website","url":"https:\/\/shop.pranichealing.ch\/it\/","name":"Institut Pranic Healing Svizzera","description":"Onlineshop","publisher":{"@id":"https:\/\/shop.pranichealing.ch\/it\/#organization"},"potentialAction":[{"@type":"SearchAction","target":{"@type":"EntryPoint","urlTemplate":"https:\/\/shop.pranichealing.ch\/it\/?s={search_term_string}"},"query-input":{"@type":"PropertyValueSpecification","valueRequired":true,"valueName":"search_term_string"}}],"inLanguage":"it-IT"},{"@type":"Organization","@id":"https:\/\/shop.pranichealing.ch\/it\/#organization","name":"Institut Pranic Healing Svizzera","url":"https:\/\/shop.pranichealing.ch\/it\/","logo":{"@type":"ImageObject","inLanguage":"it-IT","@id":"https:\/\/shop.pranichealing.ch\/it\/#\/schema\/logo\/image\/","url":"https:\/\/shop.pranichealing.ch\/wp-content\/uploads\/2022\/02\/iphs.svg","contentUrl":"https:\/\/shop.pranichealing.ch\/wp-content\/uploads\/2022\/02\/iphs.svg","width":416,"height":84,"caption":"Institut Pranic Healing Svizzera"},"image":{"@id":"https:\/\/shop.pranichealing.ch\/it\/#\/schema\/logo\/image\/"}}]}},"_links":{"self":[{"href":"https:\/\/shop.pranichealing.ch\/it\/wp-json\/wp\/v2\/product\/1280","targetHints":{"allow":["GET"]}}],"collection":[{"href":"https:\/\/shop.pranichealing.ch\/it\/wp-json\/wp\/v2\/product"}],"about":[{"href":"https:\/\/shop.pranichealing.ch\/it\/wp-json\/wp\/v2\/types\/product"}],"wp:featuredmedia":[{"embeddable":true,"href":"https:\/\/shop.pranichealing.ch\/it\/wp-json\/wp\/v2\/media\/841"}],"wp:attachment":[{"href":"https:\/\/shop.pranichealing.ch\/it\/wp-json\/wp\/v2\/media?parent=1280"}],"wp:term":[{"taxonomy":"product_brand","embeddable":true,"href":"https:\/\/shop.pranichealing.ch\/it\/wp-json\/wp\/v2\/product_brand?post=1280"},{"taxonomy":"product_cat","embeddable":true,"href":"https:\/\/shop.pranichealing.ch\/it\/wp-json\/wp\/v2\/product_cat?post=1280"},{"taxonomy":"product_tag","embeddable":true,"href":"https:\/\/shop.pranichealing.ch\/it\/wp-json\/wp\/v2\/product_tag?post=1280"}],"curies":[{"name":"wp","href":"https:\/\/api.w.org\/{rel}","templated":true}]}}