{"id":1473,"date":"2022-01-05T14:22:47","date_gmt":"2022-01-21T13:29:15","guid":{"rendered":"https:\/\/shop.pranichealing.ch\/produkt\/miracles-de-la-guerison-pranique\/"},"modified":"2022-02-15T11:30:59","modified_gmt":"2022-02-15T10:30:59","slug":"miracles-de-la-guerison-pranique","status":"publish","type":"product","link":"https:\/\/shop.pranichealing.ch\/it\/produkt\/miracles-de-la-guerison-pranique\/","title":{"rendered":"Miracles de la Gu\u00e9rison Pranique"},"content":{"rendered":"<p>Ce livre parle de mani\u00e8re tr\u00e8s facile \u00e0 comprendre des divers concepts du prana (force de vie) et comment cela affecte nos vies quotidiennes. Ma\u00eetre Choa Kok Sui explique \u00e9galement comment les congestions et les vides d\u2019\u00e9nergie au niveau de notre enveloppe et nos chakras affectent notre sant\u00e9 et notre mani\u00e8re de vivre.<br \/>\nLes Miracles de la Gu\u00e9rison Pranique, livre de base incontournable dans le domaine de la gu\u00e9rison \u00e9nerg\u00e9tique, forme un lien entre la m\u00e9decine traditionnelle et alternative. Il a \u00e9t\u00e9 traduit en plus de 30 langues, ce qui a aid\u00e9 la Gu\u00e9rison Pranique \u00e0 se r\u00e9pandre \u00e0 travers le monde entier et \u00e0 aider un grand nombre de personnes. <\/p>\n","protected":false},"excerpt":{"rendered":"<p>Ce livre parle de mani\u00e8re tr\u00e8s facile \u00e0 comprendre des divers concepts du prana (force de vie) et comment cela affecte nos vies quotidiennes. Ma\u00eetre Choa Kok Sui explique \u00e9galement comment les congestions et les vides d\u2019\u00e9nergie au niveau de notre enveloppe et nos chakras affectent notre sant\u00e9 et notre mani\u00e8re de vivre. Les Miracles&hellip; <a class=\"more-link\" href=\"https:\/\/shop.pranichealing.ch\/it\/produkt\/miracles-de-la-guerison-pranique\/\">Continua a leggere <span class=\"screen-reader-text\">Miracles de la Gu\u00e9rison Pranique<\/span><\/a><\/p>\n","protected":false},"featured_media":1470,"template":"","meta":{"inline_featured_image":false},"product_brand":[],"product_cat":[75,56],"product_tag":[],"class_list":{"0":"post-1473","1":"product","2":"type-product","3":"status-publish","4":"has-post-thumbnail","6":"product_cat-fr-it","7":"product_cat-libri","8":"entry","10":"first","11":"instock","12":"taxable","13":"shipping-taxable","14":"purchasable","15":"product-type-simple"},"yoast_head":"<!-- This site is optimized with the Yoast SEO plugin v27.3 - https:\/\/yoast.com\/product\/yoast-seo-wordpress\/ -->\n<title>Miracles de la Gu\u00e9rison Pranique - Institut Pranic Healing Svizzera<\/title>\n<meta name=\"description\" content=\"Quand je d\u00e9couvris la Gu\u00e9rison Pranique, il y a un peu d&#039;un an, j&#039;\u00e9prouvai imm\u00e9diatement une grande \u00e9motion car il s&#039;agissait d&#039;un syst\u00e8me qui &quot;comblait les lacunes&quot; que j&#039;avais costat\u00e9es dans ma formatios et ma pratique.\" \/>\n<meta name=\"robots\" content=\"index, follow, max-snippet:-1, max-image-preview:large, max-video-preview:-1\" \/>\n<link rel=\"canonical\" href=\"https:\/\/shop.pranichealing.ch\/it\/produkt\/miracles-de-la-guerison-pranique\/\" \/>\n<meta property=\"og:locale\" content=\"it_IT\" \/>\n<meta property=\"og:type\" content=\"article\" \/>\n<meta property=\"og:title\" content=\"Miracles de la Gu\u00e9rison Pranique - Institut Pranic Healing Svizzera\" \/>\n<meta property=\"og:description\" content=\"Quand je d\u00e9couvris la Gu\u00e9rison Pranique, il y a un peu d&#039;un an, j&#039;\u00e9prouvai imm\u00e9diatement une grande \u00e9motion car il s&#039;agissait d&#039;un syst\u00e8me qui &quot;comblait les lacunes&quot; que j&#039;avais costat\u00e9es dans ma formatios et ma pratique.\" \/>\n<meta property=\"og:url\" content=\"https:\/\/shop.pranichealing.ch\/it\/produkt\/miracles-de-la-guerison-pranique\/\" \/>\n<meta property=\"og:site_name\" content=\"Institut Pranic Healing Svizzera\" \/>\n<meta property=\"article:modified_time\" content=\"2022-02-15T10:30:59+00:00\" \/>\n<meta property=\"og:image\" content=\"https:\/\/shop.pranichealing.ch\/wp-content\/uploads\/2022\/01\/Basis_French.jpg\" \/>\n\t<meta property=\"og:image:width\" content=\"1336\" \/>\n\t<meta property=\"og:image:height\" content=\"1886\" \/>\n\t<meta property=\"og:image:type\" content=\"image\/jpeg\" \/>\n<meta name=\"twitter:card\" content=\"summary_large_image\" \/>\n<meta name=\"twitter:label1\" content=\"Tempo di lettura stimato\" \/>\n\t<meta name=\"twitter:data1\" content=\"1 minuto\" \/>\n<script type=\"application\/ld+json\" class=\"yoast-schema-graph\">{\"@context\":\"https:\\\/\\\/schema.org\",\"@graph\":[{\"@type\":\"WebPage\",\"@id\":\"https:\\\/\\\/shop.pranichealing.ch\\\/it\\\/produkt\\\/miracles-de-la-guerison-pranique\\\/\",\"url\":\"https:\\\/\\\/shop.pranichealing.ch\\\/it\\\/produkt\\\/miracles-de-la-guerison-pranique\\\/\",\"name\":\"Miracles de la Gu\u00e9rison Pranique - Institut Pranic Healing Svizzera\",\"isPartOf\":{\"@id\":\"https:\\\/\\\/shop.pranichealing.ch\\\/it\\\/#website\"},\"primaryImageOfPage\":{\"@id\":\"https:\\\/\\\/shop.pranichealing.ch\\\/it\\\/produkt\\\/miracles-de-la-guerison-pranique\\\/#primaryimage\"},\"image\":{\"@id\":\"https:\\\/\\\/shop.pranichealing.ch\\\/it\\\/produkt\\\/miracles-de-la-guerison-pranique\\\/#primaryimage\"},\"thumbnailUrl\":\"https:\\\/\\\/shop.pranichealing.ch\\\/wp-content\\\/uploads\\\/2022\\\/01\\\/Basis_French.jpg\",\"datePublished\":\"2022-01-21T13:29:15+00:00\",\"dateModified\":\"2022-02-15T10:30:59+00:00\",\"description\":\"Quand je d\u00e9couvris la Gu\u00e9rison Pranique, il y a un peu d'un an, j'\u00e9prouvai imm\u00e9diatement une grande \u00e9motion car il s'agissait d'un syst\u00e8me qui \\\"comblait les lacunes\\\" que j'avais costat\u00e9es dans ma formatios et ma pratique.\",\"breadcrumb\":{\"@id\":\"https:\\\/\\\/shop.pranichealing.ch\\\/it\\\/produkt\\\/miracles-de-la-guerison-pranique\\\/#breadcrumb\"},\"inLanguage\":\"it-IT\",\"potentialAction\":[{\"@type\":\"ReadAction\",\"target\":[\"https:\\\/\\\/shop.pranichealing.ch\\\/it\\\/produkt\\\/miracles-de-la-guerison-pranique\\\/\"]}]},{\"@type\":\"ImageObject\",\"inLanguage\":\"it-IT\",\"@id\":\"https:\\\/\\\/shop.pranichealing.ch\\\/it\\\/produkt\\\/miracles-de-la-guerison-pranique\\\/#primaryimage\",\"url\":\"https:\\\/\\\/shop.pranichealing.ch\\\/wp-content\\\/uploads\\\/2022\\\/01\\\/Basis_French.jpg\",\"contentUrl\":\"https:\\\/\\\/shop.pranichealing.ch\\\/wp-content\\\/uploads\\\/2022\\\/01\\\/Basis_French.jpg\",\"width\":1336,\"height\":1886},{\"@type\":\"BreadcrumbList\",\"@id\":\"https:\\\/\\\/shop.pranichealing.ch\\\/it\\\/produkt\\\/miracles-de-la-guerison-pranique\\\/#breadcrumb\",\"itemListElement\":[{\"@type\":\"ListItem\",\"position\":1,\"name\":\"Startseite\",\"item\":\"https:\\\/\\\/shop.pranichealing.ch\\\/it\\\/\"},{\"@type\":\"ListItem\",\"position\":2,\"name\":\"Negozio\",\"item\":\"https:\\\/\\\/shop.pranichealing.ch\\\/it\\\/negozio\\\/\"},{\"@type\":\"ListItem\",\"position\":3,\"name\":\"Miracles de la Gu\u00e9rison Pranique\"}]},{\"@type\":\"WebSite\",\"@id\":\"https:\\\/\\\/shop.pranichealing.ch\\\/it\\\/#website\",\"url\":\"https:\\\/\\\/shop.pranichealing.ch\\\/it\\\/\",\"name\":\"Institut Pranic Healing Svizzera\",\"description\":\"Onlineshop\",\"publisher\":{\"@id\":\"https:\\\/\\\/shop.pranichealing.ch\\\/it\\\/#organization\"},\"potentialAction\":[{\"@type\":\"SearchAction\",\"target\":{\"@type\":\"EntryPoint\",\"urlTemplate\":\"https:\\\/\\\/shop.pranichealing.ch\\\/it\\\/?s={search_term_string}\"},\"query-input\":{\"@type\":\"PropertyValueSpecification\",\"valueRequired\":true,\"valueName\":\"search_term_string\"}}],\"inLanguage\":\"it-IT\"},{\"@type\":\"Organization\",\"@id\":\"https:\\\/\\\/shop.pranichealing.ch\\\/it\\\/#organization\",\"name\":\"Institut Pranic Healing Svizzera\",\"url\":\"https:\\\/\\\/shop.pranichealing.ch\\\/it\\\/\",\"logo\":{\"@type\":\"ImageObject\",\"inLanguage\":\"it-IT\",\"@id\":\"https:\\\/\\\/shop.pranichealing.ch\\\/it\\\/#\\\/schema\\\/logo\\\/image\\\/\",\"url\":\"https:\\\/\\\/shop.pranichealing.ch\\\/wp-content\\\/uploads\\\/2022\\\/02\\\/iphs.svg\",\"contentUrl\":\"https:\\\/\\\/shop.pranichealing.ch\\\/wp-content\\\/uploads\\\/2022\\\/02\\\/iphs.svg\",\"width\":416,\"height\":84,\"caption\":\"Institut Pranic Healing Svizzera\"},\"image\":{\"@id\":\"https:\\\/\\\/shop.pranichealing.ch\\\/it\\\/#\\\/schema\\\/logo\\\/image\\\/\"}}]}<\/script>\n<!-- \/ Yoast SEO plugin. -->","yoast_head_json":{"title":"Miracles de la Gu\u00e9rison Pranique - Institut Pranic Healing Svizzera","description":"Quand je d\u00e9couvris la Gu\u00e9rison Pranique, il y a un peu d'un an, j'\u00e9prouvai imm\u00e9diatement une grande \u00e9motion car il s'agissait d'un syst\u00e8me qui \"comblait les lacunes\" que j'avais costat\u00e9es dans ma formatios et ma pratique.","robots":{"index":"index","follow":"follow","max-snippet":"max-snippet:-1","max-image-preview":"max-image-preview:large","max-video-preview":"max-video-preview:-1"},"canonical":"https:\/\/shop.pranichealing.ch\/it\/produkt\/miracles-de-la-guerison-pranique\/","og_locale":"it_IT","og_type":"article","og_title":"Miracles de la Gu\u00e9rison Pranique - Institut Pranic Healing Svizzera","og_description":"Quand je d\u00e9couvris la Gu\u00e9rison Pranique, il y a un peu d'un an, j'\u00e9prouvai imm\u00e9diatement une grande \u00e9motion car il s'agissait d'un syst\u00e8me qui \"comblait les lacunes\" que j'avais costat\u00e9es dans ma formatios et ma pratique.","og_url":"https:\/\/shop.pranichealing.ch\/it\/produkt\/miracles-de-la-guerison-pranique\/","og_site_name":"Institut Pranic Healing Svizzera","article_modified_time":"2022-02-15T10:30:59+00:00","og_image":[{"width":1336,"height":1886,"url":"https:\/\/shop.pranichealing.ch\/wp-content\/uploads\/2022\/01\/Basis_French.jpg","type":"image\/jpeg"}],"twitter_card":"summary_large_image","twitter_misc":{"Tempo di lettura stimato":"1 minuto"},"schema":{"@context":"https:\/\/schema.org","@graph":[{"@type":"WebPage","@id":"https:\/\/shop.pranichealing.ch\/it\/produkt\/miracles-de-la-guerison-pranique\/","url":"https:\/\/shop.pranichealing.ch\/it\/produkt\/miracles-de-la-guerison-pranique\/","name":"Miracles de la Gu\u00e9rison Pranique - Institut Pranic Healing Svizzera","isPartOf":{"@id":"https:\/\/shop.pranichealing.ch\/it\/#website"},"primaryImageOfPage":{"@id":"https:\/\/shop.pranichealing.ch\/it\/produkt\/miracles-de-la-guerison-pranique\/#primaryimage"},"image":{"@id":"https:\/\/shop.pranichealing.ch\/it\/produkt\/miracles-de-la-guerison-pranique\/#primaryimage"},"thumbnailUrl":"https:\/\/shop.pranichealing.ch\/wp-content\/uploads\/2022\/01\/Basis_French.jpg","datePublished":"2022-01-21T13:29:15+00:00","dateModified":"2022-02-15T10:30:59+00:00","description":"Quand je d\u00e9couvris la Gu\u00e9rison Pranique, il y a un peu d'un an, j'\u00e9prouvai imm\u00e9diatement une grande \u00e9motion car il s'agissait d'un syst\u00e8me qui \"comblait les lacunes\" que j'avais costat\u00e9es dans ma formatios et ma pratique.","breadcrumb":{"@id":"https:\/\/shop.pranichealing.ch\/it\/produkt\/miracles-de-la-guerison-pranique\/#breadcrumb"},"inLanguage":"it-IT","potentialAction":[{"@type":"ReadAction","target":["https:\/\/shop.pranichealing.ch\/it\/produkt\/miracles-de-la-guerison-pranique\/"]}]},{"@type":"ImageObject","inLanguage":"it-IT","@id":"https:\/\/shop.pranichealing.ch\/it\/produkt\/miracles-de-la-guerison-pranique\/#primaryimage","url":"https:\/\/shop.pranichealing.ch\/wp-content\/uploads\/2022\/01\/Basis_French.jpg","contentUrl":"https:\/\/shop.pranichealing.ch\/wp-content\/uploads\/2022\/01\/Basis_French.jpg","width":1336,"height":1886},{"@type":"BreadcrumbList","@id":"https:\/\/shop.pranichealing.ch\/it\/produkt\/miracles-de-la-guerison-pranique\/#breadcrumb","itemListElement":[{"@type":"ListItem","position":1,"name":"Startseite","item":"https:\/\/shop.pranichealing.ch\/it\/"},{"@type":"ListItem","position":2,"name":"Negozio","item":"https:\/\/shop.pranichealing.ch\/it\/negozio\/"},{"@type":"ListItem","position":3,"name":"Miracles de la Gu\u00e9rison Pranique"}]},{"@type":"WebSite","@id":"https:\/\/shop.pranichealing.ch\/it\/#website","url":"https:\/\/shop.pranichealing.ch\/it\/","name":"Institut Pranic Healing Svizzera","description":"Onlineshop","publisher":{"@id":"https:\/\/shop.pranichealing.ch\/it\/#organization"},"potentialAction":[{"@type":"SearchAction","target":{"@type":"EntryPoint","urlTemplate":"https:\/\/shop.pranichealing.ch\/it\/?s={search_term_string}"},"query-input":{"@type":"PropertyValueSpecification","valueRequired":true,"valueName":"search_term_string"}}],"inLanguage":"it-IT"},{"@type":"Organization","@id":"https:\/\/shop.pranichealing.ch\/it\/#organization","name":"Institut Pranic Healing Svizzera","url":"https:\/\/shop.pranichealing.ch\/it\/","logo":{"@type":"ImageObject","inLanguage":"it-IT","@id":"https:\/\/shop.pranichealing.ch\/it\/#\/schema\/logo\/image\/","url":"https:\/\/shop.pranichealing.ch\/wp-content\/uploads\/2022\/02\/iphs.svg","contentUrl":"https:\/\/shop.pranichealing.ch\/wp-content\/uploads\/2022\/02\/iphs.svg","width":416,"height":84,"caption":"Institut Pranic Healing Svizzera"},"image":{"@id":"https:\/\/shop.pranichealing.ch\/it\/#\/schema\/logo\/image\/"}}]}},"_links":{"self":[{"href":"https:\/\/shop.pranichealing.ch\/it\/wp-json\/wp\/v2\/product\/1473","targetHints":{"allow":["GET"]}}],"collection":[{"href":"https:\/\/shop.pranichealing.ch\/it\/wp-json\/wp\/v2\/product"}],"about":[{"href":"https:\/\/shop.pranichealing.ch\/it\/wp-json\/wp\/v2\/types\/product"}],"wp:featuredmedia":[{"embeddable":true,"href":"https:\/\/shop.pranichealing.ch\/it\/wp-json\/wp\/v2\/media\/1470"}],"wp:attachment":[{"href":"https:\/\/shop.pranichealing.ch\/it\/wp-json\/wp\/v2\/media?parent=1473"}],"wp:term":[{"taxonomy":"product_brand","embeddable":true,"href":"https:\/\/shop.pranichealing.ch\/it\/wp-json\/wp\/v2\/product_brand?post=1473"},{"taxonomy":"product_cat","embeddable":true,"href":"https:\/\/shop.pranichealing.ch\/it\/wp-json\/wp\/v2\/product_cat?post=1473"},{"taxonomy":"product_tag","embeddable":true,"href":"https:\/\/shop.pranichealing.ch\/it\/wp-json\/wp\/v2\/product_tag?post=1473"}],"curies":[{"name":"wp","href":"https:\/\/api.w.org\/{rel}","templated":true}]}}