{"id":1607,"date":"2022-01-24T14:35:42","date_gmt":"2022-01-24T14:13:51","guid":{"rendered":"https:\/\/shop.pranichealing.ch\/produkt\/meditation-uber-2-herzen-mit-selbstheilung\/"},"modified":"2022-02-10T17:19:17","modified_gmt":"2022-02-10T16:19:17","slug":"meditation-uber-2-herzen-mit-selbstheilung","status":"publish","type":"product","link":"https:\/\/shop.pranichealing.ch\/it\/produkt\/meditation-uber-2-herzen-mit-selbstheilung\/","title":{"rendered":"Meditation \u00fcber zwei Herzen \u2013 mit Selbstheilung (Download)"},"content":{"rendered":"<p>Regelm\u00e4ssige Praxis der einfach zu erlernenden Meditation f\u00fchrt zu k\u00f6rperlicher, emotionaler und mentaler Ausgeglichenheit. Die Erfahrungen reichen von innerer Stille und Frieden bis hin zu Verst\u00e4rkung der Heilkraft und intensivierter Sensibilit\u00e4t.<\/p>\n<p>Hier gibt es die Meditation \u00fcber zwei Herzen als Download f\u00fcr alle, die keinen CD-Player mehr haben.<\/p>\n<p>Englisch mit deutscher \u00dcbersetzung.<\/p>\n","protected":false},"excerpt":{"rendered":"<p>Regelm\u00e4ssige Praxis der einfach zu erlernenden Meditation f\u00fchrt zu k\u00f6rperlicher, emotionaler und mentaler Ausgeglichenheit. Die Erfahrungen reichen von innerer Stille und Frieden bis hin zu Verst\u00e4rkung der Heilkraft und intensivierter Sensibilit\u00e4t. Hier gibt es die Meditation \u00fcber zwei Herzen als Download f\u00fcr alle, die keinen CD-Player mehr haben. Englisch mit deutscher \u00dcbersetzung.<\/p>\n","protected":false},"featured_media":1555,"template":"","meta":{"inline_featured_image":false},"product_brand":[],"product_cat":[66,54],"product_tag":[],"class_list":{"0":"post-1607","1":"product","2":"type-product","3":"status-publish","4":"has-post-thumbnail","6":"product_cat-de-it","7":"product_cat-downloads-it","8":"entry","10":"first","11":"instock","12":"downloadable","13":"virtual","14":"taxable","15":"purchasable","16":"product-type-simple"},"yoast_head":"<!-- This site is optimized with the Yoast SEO plugin v27.3 - https:\/\/yoast.com\/product\/yoast-seo-wordpress\/ -->\n<title>Meditation \u00fcber zwei Herzen \u2013 mit Selbstheilung (Download) - Institut Pranic Healing Svizzera<\/title>\n<meta name=\"description\" content=\"Regelm\u00e4ssige Praxis der einfach zu erlernenden Meditation f\u00fchrt zu k\u00f6rperlicher, emotionaler und mentaler Ausgeglichenheit. Die Erfahrungen reichen von innerer Stille und Frieden bis hin zu Verst\u00e4rkung der Heilkraft und intensivierter Sensibilit\u00e4t.\" \/>\n<meta name=\"robots\" content=\"index, follow, max-snippet:-1, max-image-preview:large, max-video-preview:-1\" \/>\n<link rel=\"canonical\" href=\"https:\/\/shop.pranichealing.ch\/it\/produkt\/meditation-uber-2-herzen-mit-selbstheilung\/\" \/>\n<meta property=\"og:locale\" content=\"it_IT\" \/>\n<meta property=\"og:type\" content=\"article\" \/>\n<meta property=\"og:title\" content=\"Meditation \u00fcber zwei Herzen \u2013 mit Selbstheilung (Download) - Institut Pranic Healing Svizzera\" \/>\n<meta property=\"og:description\" content=\"Regelm\u00e4ssige Praxis der einfach zu erlernenden Meditation f\u00fchrt zu k\u00f6rperlicher, emotionaler und mentaler Ausgeglichenheit. Die Erfahrungen reichen von innerer Stille und Frieden bis hin zu Verst\u00e4rkung der Heilkraft und intensivierter Sensibilit\u00e4t.\" \/>\n<meta property=\"og:url\" content=\"https:\/\/shop.pranichealing.ch\/it\/produkt\/meditation-uber-2-herzen-mit-selbstheilung\/\" \/>\n<meta property=\"og:site_name\" content=\"Institut Pranic Healing Svizzera\" \/>\n<meta property=\"article:modified_time\" content=\"2022-02-10T16:19:17+00:00\" \/>\n<meta property=\"og:image\" content=\"https:\/\/shop.pranichealing.ch\/wp-content\/uploads\/2022\/01\/CD_Meditation-uber-zwei-Herzen-mit-Selbstheilung-1-rotated.jpg\" \/>\n\t<meta property=\"og:image:width\" content=\"1403\" \/>\n\t<meta property=\"og:image:height\" content=\"1408\" \/>\n\t<meta property=\"og:image:type\" content=\"image\/jpeg\" \/>\n<meta name=\"twitter:card\" content=\"summary_large_image\" \/>\n<script type=\"application\/ld+json\" class=\"yoast-schema-graph\">{\"@context\":\"https:\\\/\\\/schema.org\",\"@graph\":[{\"@type\":\"WebPage\",\"@id\":\"https:\\\/\\\/shop.pranichealing.ch\\\/it\\\/produkt\\\/meditation-uber-2-herzen-mit-selbstheilung\\\/\",\"url\":\"https:\\\/\\\/shop.pranichealing.ch\\\/it\\\/produkt\\\/meditation-uber-2-herzen-mit-selbstheilung\\\/\",\"name\":\"Meditation \u00fcber zwei Herzen \u2013 mit Selbstheilung (Download) - Institut Pranic Healing Svizzera\",\"isPartOf\":{\"@id\":\"https:\\\/\\\/shop.pranichealing.ch\\\/it\\\/#website\"},\"primaryImageOfPage\":{\"@id\":\"https:\\\/\\\/shop.pranichealing.ch\\\/it\\\/produkt\\\/meditation-uber-2-herzen-mit-selbstheilung\\\/#primaryimage\"},\"image\":{\"@id\":\"https:\\\/\\\/shop.pranichealing.ch\\\/it\\\/produkt\\\/meditation-uber-2-herzen-mit-selbstheilung\\\/#primaryimage\"},\"thumbnailUrl\":\"https:\\\/\\\/shop.pranichealing.ch\\\/wp-content\\\/uploads\\\/2022\\\/01\\\/CD_Meditation-uber-zwei-Herzen-mit-Selbstheilung-1-rotated.jpg\",\"datePublished\":\"2022-01-24T14:13:51+00:00\",\"dateModified\":\"2022-02-10T16:19:17+00:00\",\"description\":\"Regelm\u00e4ssige Praxis der einfach zu erlernenden Meditation f\u00fchrt zu k\u00f6rperlicher, emotionaler und mentaler Ausgeglichenheit. Die Erfahrungen reichen von innerer Stille und Frieden bis hin zu Verst\u00e4rkung der Heilkraft und intensivierter Sensibilit\u00e4t.\",\"breadcrumb\":{\"@id\":\"https:\\\/\\\/shop.pranichealing.ch\\\/it\\\/produkt\\\/meditation-uber-2-herzen-mit-selbstheilung\\\/#breadcrumb\"},\"inLanguage\":\"it-IT\",\"potentialAction\":[{\"@type\":\"ReadAction\",\"target\":[\"https:\\\/\\\/shop.pranichealing.ch\\\/it\\\/produkt\\\/meditation-uber-2-herzen-mit-selbstheilung\\\/\"]}]},{\"@type\":\"ImageObject\",\"inLanguage\":\"it-IT\",\"@id\":\"https:\\\/\\\/shop.pranichealing.ch\\\/it\\\/produkt\\\/meditation-uber-2-herzen-mit-selbstheilung\\\/#primaryimage\",\"url\":\"https:\\\/\\\/shop.pranichealing.ch\\\/wp-content\\\/uploads\\\/2022\\\/01\\\/CD_Meditation-uber-zwei-Herzen-mit-Selbstheilung-1-rotated.jpg\",\"contentUrl\":\"https:\\\/\\\/shop.pranichealing.ch\\\/wp-content\\\/uploads\\\/2022\\\/01\\\/CD_Meditation-uber-zwei-Herzen-mit-Selbstheilung-1-rotated.jpg\",\"width\":1403,\"height\":1408},{\"@type\":\"BreadcrumbList\",\"@id\":\"https:\\\/\\\/shop.pranichealing.ch\\\/it\\\/produkt\\\/meditation-uber-2-herzen-mit-selbstheilung\\\/#breadcrumb\",\"itemListElement\":[{\"@type\":\"ListItem\",\"position\":1,\"name\":\"Startseite\",\"item\":\"https:\\\/\\\/shop.pranichealing.ch\\\/it\\\/\"},{\"@type\":\"ListItem\",\"position\":2,\"name\":\"Negozio\",\"item\":\"https:\\\/\\\/shop.pranichealing.ch\\\/it\\\/negozio\\\/\"},{\"@type\":\"ListItem\",\"position\":3,\"name\":\"Meditation \u00fcber zwei Herzen \u2013 mit Selbstheilung (Download)\"}]},{\"@type\":\"WebSite\",\"@id\":\"https:\\\/\\\/shop.pranichealing.ch\\\/it\\\/#website\",\"url\":\"https:\\\/\\\/shop.pranichealing.ch\\\/it\\\/\",\"name\":\"Institut Pranic Healing Svizzera\",\"description\":\"Onlineshop\",\"publisher\":{\"@id\":\"https:\\\/\\\/shop.pranichealing.ch\\\/it\\\/#organization\"},\"potentialAction\":[{\"@type\":\"SearchAction\",\"target\":{\"@type\":\"EntryPoint\",\"urlTemplate\":\"https:\\\/\\\/shop.pranichealing.ch\\\/it\\\/?s={search_term_string}\"},\"query-input\":{\"@type\":\"PropertyValueSpecification\",\"valueRequired\":true,\"valueName\":\"search_term_string\"}}],\"inLanguage\":\"it-IT\"},{\"@type\":\"Organization\",\"@id\":\"https:\\\/\\\/shop.pranichealing.ch\\\/it\\\/#organization\",\"name\":\"Institut Pranic Healing Svizzera\",\"url\":\"https:\\\/\\\/shop.pranichealing.ch\\\/it\\\/\",\"logo\":{\"@type\":\"ImageObject\",\"inLanguage\":\"it-IT\",\"@id\":\"https:\\\/\\\/shop.pranichealing.ch\\\/it\\\/#\\\/schema\\\/logo\\\/image\\\/\",\"url\":\"https:\\\/\\\/shop.pranichealing.ch\\\/wp-content\\\/uploads\\\/2022\\\/02\\\/iphs.svg\",\"contentUrl\":\"https:\\\/\\\/shop.pranichealing.ch\\\/wp-content\\\/uploads\\\/2022\\\/02\\\/iphs.svg\",\"width\":416,\"height\":84,\"caption\":\"Institut Pranic Healing Svizzera\"},\"image\":{\"@id\":\"https:\\\/\\\/shop.pranichealing.ch\\\/it\\\/#\\\/schema\\\/logo\\\/image\\\/\"}}]}<\/script>\n<!-- \/ Yoast SEO plugin. -->","yoast_head_json":{"title":"Meditation \u00fcber zwei Herzen \u2013 mit Selbstheilung (Download) - Institut Pranic Healing Svizzera","description":"Regelm\u00e4ssige Praxis der einfach zu erlernenden Meditation f\u00fchrt zu k\u00f6rperlicher, emotionaler und mentaler Ausgeglichenheit. Die Erfahrungen reichen von innerer Stille und Frieden bis hin zu Verst\u00e4rkung der Heilkraft und intensivierter Sensibilit\u00e4t.","robots":{"index":"index","follow":"follow","max-snippet":"max-snippet:-1","max-image-preview":"max-image-preview:large","max-video-preview":"max-video-preview:-1"},"canonical":"https:\/\/shop.pranichealing.ch\/it\/produkt\/meditation-uber-2-herzen-mit-selbstheilung\/","og_locale":"it_IT","og_type":"article","og_title":"Meditation \u00fcber zwei Herzen \u2013 mit Selbstheilung (Download) - Institut Pranic Healing Svizzera","og_description":"Regelm\u00e4ssige Praxis der einfach zu erlernenden Meditation f\u00fchrt zu k\u00f6rperlicher, emotionaler und mentaler Ausgeglichenheit. Die Erfahrungen reichen von innerer Stille und Frieden bis hin zu Verst\u00e4rkung der Heilkraft und intensivierter Sensibilit\u00e4t.","og_url":"https:\/\/shop.pranichealing.ch\/it\/produkt\/meditation-uber-2-herzen-mit-selbstheilung\/","og_site_name":"Institut Pranic Healing Svizzera","article_modified_time":"2022-02-10T16:19:17+00:00","og_image":[{"width":1403,"height":1408,"url":"https:\/\/shop.pranichealing.ch\/wp-content\/uploads\/2022\/01\/CD_Meditation-uber-zwei-Herzen-mit-Selbstheilung-1-rotated.jpg","type":"image\/jpeg"}],"twitter_card":"summary_large_image","schema":{"@context":"https:\/\/schema.org","@graph":[{"@type":"WebPage","@id":"https:\/\/shop.pranichealing.ch\/it\/produkt\/meditation-uber-2-herzen-mit-selbstheilung\/","url":"https:\/\/shop.pranichealing.ch\/it\/produkt\/meditation-uber-2-herzen-mit-selbstheilung\/","name":"Meditation \u00fcber zwei Herzen \u2013 mit Selbstheilung (Download) - Institut Pranic Healing Svizzera","isPartOf":{"@id":"https:\/\/shop.pranichealing.ch\/it\/#website"},"primaryImageOfPage":{"@id":"https:\/\/shop.pranichealing.ch\/it\/produkt\/meditation-uber-2-herzen-mit-selbstheilung\/#primaryimage"},"image":{"@id":"https:\/\/shop.pranichealing.ch\/it\/produkt\/meditation-uber-2-herzen-mit-selbstheilung\/#primaryimage"},"thumbnailUrl":"https:\/\/shop.pranichealing.ch\/wp-content\/uploads\/2022\/01\/CD_Meditation-uber-zwei-Herzen-mit-Selbstheilung-1-rotated.jpg","datePublished":"2022-01-24T14:13:51+00:00","dateModified":"2022-02-10T16:19:17+00:00","description":"Regelm\u00e4ssige Praxis der einfach zu erlernenden Meditation f\u00fchrt zu k\u00f6rperlicher, emotionaler und mentaler Ausgeglichenheit. Die Erfahrungen reichen von innerer Stille und Frieden bis hin zu Verst\u00e4rkung der Heilkraft und intensivierter Sensibilit\u00e4t.","breadcrumb":{"@id":"https:\/\/shop.pranichealing.ch\/it\/produkt\/meditation-uber-2-herzen-mit-selbstheilung\/#breadcrumb"},"inLanguage":"it-IT","potentialAction":[{"@type":"ReadAction","target":["https:\/\/shop.pranichealing.ch\/it\/produkt\/meditation-uber-2-herzen-mit-selbstheilung\/"]}]},{"@type":"ImageObject","inLanguage":"it-IT","@id":"https:\/\/shop.pranichealing.ch\/it\/produkt\/meditation-uber-2-herzen-mit-selbstheilung\/#primaryimage","url":"https:\/\/shop.pranichealing.ch\/wp-content\/uploads\/2022\/01\/CD_Meditation-uber-zwei-Herzen-mit-Selbstheilung-1-rotated.jpg","contentUrl":"https:\/\/shop.pranichealing.ch\/wp-content\/uploads\/2022\/01\/CD_Meditation-uber-zwei-Herzen-mit-Selbstheilung-1-rotated.jpg","width":1403,"height":1408},{"@type":"BreadcrumbList","@id":"https:\/\/shop.pranichealing.ch\/it\/produkt\/meditation-uber-2-herzen-mit-selbstheilung\/#breadcrumb","itemListElement":[{"@type":"ListItem","position":1,"name":"Startseite","item":"https:\/\/shop.pranichealing.ch\/it\/"},{"@type":"ListItem","position":2,"name":"Negozio","item":"https:\/\/shop.pranichealing.ch\/it\/negozio\/"},{"@type":"ListItem","position":3,"name":"Meditation \u00fcber zwei Herzen \u2013 mit Selbstheilung (Download)"}]},{"@type":"WebSite","@id":"https:\/\/shop.pranichealing.ch\/it\/#website","url":"https:\/\/shop.pranichealing.ch\/it\/","name":"Institut Pranic Healing Svizzera","description":"Onlineshop","publisher":{"@id":"https:\/\/shop.pranichealing.ch\/it\/#organization"},"potentialAction":[{"@type":"SearchAction","target":{"@type":"EntryPoint","urlTemplate":"https:\/\/shop.pranichealing.ch\/it\/?s={search_term_string}"},"query-input":{"@type":"PropertyValueSpecification","valueRequired":true,"valueName":"search_term_string"}}],"inLanguage":"it-IT"},{"@type":"Organization","@id":"https:\/\/shop.pranichealing.ch\/it\/#organization","name":"Institut Pranic Healing Svizzera","url":"https:\/\/shop.pranichealing.ch\/it\/","logo":{"@type":"ImageObject","inLanguage":"it-IT","@id":"https:\/\/shop.pranichealing.ch\/it\/#\/schema\/logo\/image\/","url":"https:\/\/shop.pranichealing.ch\/wp-content\/uploads\/2022\/02\/iphs.svg","contentUrl":"https:\/\/shop.pranichealing.ch\/wp-content\/uploads\/2022\/02\/iphs.svg","width":416,"height":84,"caption":"Institut Pranic Healing Svizzera"},"image":{"@id":"https:\/\/shop.pranichealing.ch\/it\/#\/schema\/logo\/image\/"}}]}},"_links":{"self":[{"href":"https:\/\/shop.pranichealing.ch\/it\/wp-json\/wp\/v2\/product\/1607","targetHints":{"allow":["GET"]}}],"collection":[{"href":"https:\/\/shop.pranichealing.ch\/it\/wp-json\/wp\/v2\/product"}],"about":[{"href":"https:\/\/shop.pranichealing.ch\/it\/wp-json\/wp\/v2\/types\/product"}],"wp:featuredmedia":[{"embeddable":true,"href":"https:\/\/shop.pranichealing.ch\/it\/wp-json\/wp\/v2\/media\/1555"}],"wp:attachment":[{"href":"https:\/\/shop.pranichealing.ch\/it\/wp-json\/wp\/v2\/media?parent=1607"}],"wp:term":[{"taxonomy":"product_brand","embeddable":true,"href":"https:\/\/shop.pranichealing.ch\/it\/wp-json\/wp\/v2\/product_brand?post=1607"},{"taxonomy":"product_cat","embeddable":true,"href":"https:\/\/shop.pranichealing.ch\/it\/wp-json\/wp\/v2\/product_cat?post=1607"},{"taxonomy":"product_tag","embeddable":true,"href":"https:\/\/shop.pranichealing.ch\/it\/wp-json\/wp\/v2\/product_tag?post=1607"}],"curies":[{"name":"wp","href":"https:\/\/api.w.org\/{rel}","templated":true}]}}