{"id":1613,"date":"2022-01-24T14:27:04","date_gmt":"2022-01-24T14:18:00","guid":{"rendered":"https:\/\/shop.pranichealing.ch\/produkt\/meditation-uber-2-herzen-mit-chakra-heilung-fur-psychische-gesundheit\/"},"modified":"2022-02-10T17:29:02","modified_gmt":"2022-02-10T16:29:02","slug":"m2h-chakra-heilung-dl","status":"publish","type":"product","link":"https:\/\/shop.pranichealing.ch\/it\/produkt\/m2h-chakra-heilung-dl\/","title":{"rendered":"Meditation \u00fcber zwei Herzen mit Chakra Heilung f\u00fcr psychische Gesundheit (Download)"},"content":{"rendered":"<p>Regelm\u00e4ssige Praxis der einfach zu erlernenden Meditation f\u00fchrt zu k\u00f6rperlicher, emotionaler und mentaler Ausgeglichenheit. Die Erfahrungen reichen von innerer Stille und Frieden bis hin zu Verst\u00e4rkung der Heilkraft und intensivierter Sensibilit\u00e4t. Die Meditation \u00fcber zwei Herzen ist zus\u00e4tzlich auch eine unsch\u00e4tzbare Form des Dienstes f\u00fcr die Welt durch die Segnung der Erde mit Liebe, Freundlichkeit, Friede, Freude und Wohlwollen.<br \/>\nDiese Version Meditation \u00fcber zwei Herzen enth\u00e4lt eine zus\u00e4tzliche gef\u00fchrte Meditation, in welcher Master Choa Kok Sui die Energien durch die Hauptchakren leitet, um Stress, \u00c4ngste, Depression und vieles mehr zu transformieren.<\/p>\n","protected":false},"excerpt":{"rendered":"<p>Regelm\u00e4ssige Praxis der einfach zu erlernenden Meditation f\u00fchrt zu k\u00f6rperlicher, emotionaler und mentaler Ausgeglichenheit. Die Erfahrungen reichen von innerer Stille und Frieden bis hin zu Verst\u00e4rkung der Heilkraft und intensivierter Sensibilit\u00e4t. Die Meditation \u00fcber zwei Herzen ist zus\u00e4tzlich auch eine unsch\u00e4tzbare Form des Dienstes f\u00fcr die Welt durch die Segnung der Erde mit Liebe, Freundlichkeit,&hellip; <a class=\"more-link\" href=\"https:\/\/shop.pranichealing.ch\/it\/produkt\/m2h-chakra-heilung-dl\/\">Continua a leggere <span class=\"screen-reader-text\">Meditation \u00fcber zwei Herzen mit Chakra Heilung f\u00fcr psychische Gesundheit (Download)<\/span><\/a><\/p>\n","protected":false},"featured_media":1542,"template":"","meta":{"inline_featured_image":false},"product_brand":[],"product_cat":[66,54],"product_tag":[],"class_list":{"0":"post-1613","1":"product","2":"type-product","3":"status-publish","4":"has-post-thumbnail","6":"product_cat-de-it","7":"product_cat-downloads-it","8":"entry","10":"first","11":"instock","12":"downloadable","13":"virtual","14":"taxable","15":"purchasable","16":"product-type-simple"},"yoast_head":"<!-- This site is optimized with the Yoast SEO plugin v27.3 - https:\/\/yoast.com\/product\/yoast-seo-wordpress\/ -->\n<title>Meditation \u00fcber zwei Herzen mit Chakra Heilung f\u00fcr psychische Gesundheit (Download) - Institut Pranic Healing Svizzera<\/title>\n<meta name=\"description\" content=\"Hier gibt es die Meditation \u00fcber 2 Herzen als Download f\u00fcr alle, die keinen CD-Player mehr haben. Englisch mit deutscher \u00dcbersetzung.\" \/>\n<meta name=\"robots\" content=\"index, follow, max-snippet:-1, max-image-preview:large, max-video-preview:-1\" \/>\n<link rel=\"canonical\" href=\"https:\/\/shop.pranichealing.ch\/it\/produkt\/m2h-chakra-heilung-dl\/\" \/>\n<meta property=\"og:locale\" content=\"it_IT\" \/>\n<meta property=\"og:type\" content=\"article\" \/>\n<meta property=\"og:title\" content=\"Meditation \u00fcber zwei Herzen mit Chakra Heilung f\u00fcr psychische Gesundheit (Download) - Institut Pranic Healing Svizzera\" \/>\n<meta property=\"og:description\" content=\"Hier gibt es die Meditation \u00fcber 2 Herzen als Download f\u00fcr alle, die keinen CD-Player mehr haben. Englisch mit deutscher \u00dcbersetzung.\" \/>\n<meta property=\"og:url\" content=\"https:\/\/shop.pranichealing.ch\/it\/produkt\/m2h-chakra-heilung-dl\/\" \/>\n<meta property=\"og:site_name\" content=\"Institut Pranic Healing Svizzera\" \/>\n<meta property=\"article:modified_time\" content=\"2022-02-10T16:29:02+00:00\" \/>\n<meta property=\"og:image\" content=\"https:\/\/shop.pranichealing.ch\/wp-content\/uploads\/2022\/01\/CD_Meditation-uber-zwei-Herzen-mit-Chakraheilung-1.jpg\" \/>\n\t<meta property=\"og:image:width\" content=\"737\" \/>\n\t<meta property=\"og:image:height\" content=\"735\" \/>\n\t<meta property=\"og:image:type\" content=\"image\/jpeg\" \/>\n<meta name=\"twitter:card\" content=\"summary_large_image\" \/>\n<meta name=\"twitter:label1\" content=\"Tempo di lettura stimato\" \/>\n\t<meta name=\"twitter:data1\" content=\"1 minuto\" \/>\n<script type=\"application\/ld+json\" class=\"yoast-schema-graph\">{\"@context\":\"https:\\\/\\\/schema.org\",\"@graph\":[{\"@type\":\"WebPage\",\"@id\":\"https:\\\/\\\/shop.pranichealing.ch\\\/it\\\/produkt\\\/m2h-chakra-heilung-dl\\\/\",\"url\":\"https:\\\/\\\/shop.pranichealing.ch\\\/it\\\/produkt\\\/m2h-chakra-heilung-dl\\\/\",\"name\":\"Meditation \u00fcber zwei Herzen mit Chakra Heilung f\u00fcr psychische Gesundheit (Download) - Institut Pranic Healing Svizzera\",\"isPartOf\":{\"@id\":\"https:\\\/\\\/shop.pranichealing.ch\\\/it\\\/#website\"},\"primaryImageOfPage\":{\"@id\":\"https:\\\/\\\/shop.pranichealing.ch\\\/it\\\/produkt\\\/m2h-chakra-heilung-dl\\\/#primaryimage\"},\"image\":{\"@id\":\"https:\\\/\\\/shop.pranichealing.ch\\\/it\\\/produkt\\\/m2h-chakra-heilung-dl\\\/#primaryimage\"},\"thumbnailUrl\":\"https:\\\/\\\/shop.pranichealing.ch\\\/wp-content\\\/uploads\\\/2022\\\/01\\\/CD_Meditation-uber-zwei-Herzen-mit-Chakraheilung-1.jpg\",\"datePublished\":\"2022-01-24T14:18:00+00:00\",\"dateModified\":\"2022-02-10T16:29:02+00:00\",\"description\":\"Hier gibt es die Meditation \u00fcber 2 Herzen als Download f\u00fcr alle, die keinen CD-Player mehr haben. Englisch mit deutscher \u00dcbersetzung.\",\"breadcrumb\":{\"@id\":\"https:\\\/\\\/shop.pranichealing.ch\\\/it\\\/produkt\\\/m2h-chakra-heilung-dl\\\/#breadcrumb\"},\"inLanguage\":\"it-IT\",\"potentialAction\":[{\"@type\":\"ReadAction\",\"target\":[\"https:\\\/\\\/shop.pranichealing.ch\\\/it\\\/produkt\\\/m2h-chakra-heilung-dl\\\/\"]}]},{\"@type\":\"ImageObject\",\"inLanguage\":\"it-IT\",\"@id\":\"https:\\\/\\\/shop.pranichealing.ch\\\/it\\\/produkt\\\/m2h-chakra-heilung-dl\\\/#primaryimage\",\"url\":\"https:\\\/\\\/shop.pranichealing.ch\\\/wp-content\\\/uploads\\\/2022\\\/01\\\/CD_Meditation-uber-zwei-Herzen-mit-Chakraheilung-1.jpg\",\"contentUrl\":\"https:\\\/\\\/shop.pranichealing.ch\\\/wp-content\\\/uploads\\\/2022\\\/01\\\/CD_Meditation-uber-zwei-Herzen-mit-Chakraheilung-1.jpg\",\"width\":737,\"height\":735},{\"@type\":\"BreadcrumbList\",\"@id\":\"https:\\\/\\\/shop.pranichealing.ch\\\/it\\\/produkt\\\/m2h-chakra-heilung-dl\\\/#breadcrumb\",\"itemListElement\":[{\"@type\":\"ListItem\",\"position\":1,\"name\":\"Startseite\",\"item\":\"https:\\\/\\\/shop.pranichealing.ch\\\/it\\\/\"},{\"@type\":\"ListItem\",\"position\":2,\"name\":\"Negozio\",\"item\":\"https:\\\/\\\/shop.pranichealing.ch\\\/it\\\/negozio\\\/\"},{\"@type\":\"ListItem\",\"position\":3,\"name\":\"Meditation \u00fcber zwei Herzen mit Chakra Heilung f\u00fcr psychische Gesundheit (Download)\"}]},{\"@type\":\"WebSite\",\"@id\":\"https:\\\/\\\/shop.pranichealing.ch\\\/it\\\/#website\",\"url\":\"https:\\\/\\\/shop.pranichealing.ch\\\/it\\\/\",\"name\":\"Institut Pranic Healing Svizzera\",\"description\":\"Onlineshop\",\"publisher\":{\"@id\":\"https:\\\/\\\/shop.pranichealing.ch\\\/it\\\/#organization\"},\"potentialAction\":[{\"@type\":\"SearchAction\",\"target\":{\"@type\":\"EntryPoint\",\"urlTemplate\":\"https:\\\/\\\/shop.pranichealing.ch\\\/it\\\/?s={search_term_string}\"},\"query-input\":{\"@type\":\"PropertyValueSpecification\",\"valueRequired\":true,\"valueName\":\"search_term_string\"}}],\"inLanguage\":\"it-IT\"},{\"@type\":\"Organization\",\"@id\":\"https:\\\/\\\/shop.pranichealing.ch\\\/it\\\/#organization\",\"name\":\"Institut Pranic Healing Svizzera\",\"url\":\"https:\\\/\\\/shop.pranichealing.ch\\\/it\\\/\",\"logo\":{\"@type\":\"ImageObject\",\"inLanguage\":\"it-IT\",\"@id\":\"https:\\\/\\\/shop.pranichealing.ch\\\/it\\\/#\\\/schema\\\/logo\\\/image\\\/\",\"url\":\"https:\\\/\\\/shop.pranichealing.ch\\\/wp-content\\\/uploads\\\/2022\\\/02\\\/iphs.svg\",\"contentUrl\":\"https:\\\/\\\/shop.pranichealing.ch\\\/wp-content\\\/uploads\\\/2022\\\/02\\\/iphs.svg\",\"width\":416,\"height\":84,\"caption\":\"Institut Pranic Healing Svizzera\"},\"image\":{\"@id\":\"https:\\\/\\\/shop.pranichealing.ch\\\/it\\\/#\\\/schema\\\/logo\\\/image\\\/\"}}]}<\/script>\n<!-- \/ Yoast SEO plugin. -->","yoast_head_json":{"title":"Meditation \u00fcber zwei Herzen mit Chakra Heilung f\u00fcr psychische Gesundheit (Download) - Institut Pranic Healing Svizzera","description":"Hier gibt es die Meditation \u00fcber 2 Herzen als Download f\u00fcr alle, die keinen CD-Player mehr haben. Englisch mit deutscher \u00dcbersetzung.","robots":{"index":"index","follow":"follow","max-snippet":"max-snippet:-1","max-image-preview":"max-image-preview:large","max-video-preview":"max-video-preview:-1"},"canonical":"https:\/\/shop.pranichealing.ch\/it\/produkt\/m2h-chakra-heilung-dl\/","og_locale":"it_IT","og_type":"article","og_title":"Meditation \u00fcber zwei Herzen mit Chakra Heilung f\u00fcr psychische Gesundheit (Download) - Institut Pranic Healing Svizzera","og_description":"Hier gibt es die Meditation \u00fcber 2 Herzen als Download f\u00fcr alle, die keinen CD-Player mehr haben. Englisch mit deutscher \u00dcbersetzung.","og_url":"https:\/\/shop.pranichealing.ch\/it\/produkt\/m2h-chakra-heilung-dl\/","og_site_name":"Institut Pranic Healing Svizzera","article_modified_time":"2022-02-10T16:29:02+00:00","og_image":[{"width":737,"height":735,"url":"https:\/\/shop.pranichealing.ch\/wp-content\/uploads\/2022\/01\/CD_Meditation-uber-zwei-Herzen-mit-Chakraheilung-1.jpg","type":"image\/jpeg"}],"twitter_card":"summary_large_image","twitter_misc":{"Tempo di lettura stimato":"1 minuto"},"schema":{"@context":"https:\/\/schema.org","@graph":[{"@type":"WebPage","@id":"https:\/\/shop.pranichealing.ch\/it\/produkt\/m2h-chakra-heilung-dl\/","url":"https:\/\/shop.pranichealing.ch\/it\/produkt\/m2h-chakra-heilung-dl\/","name":"Meditation \u00fcber zwei Herzen mit Chakra Heilung f\u00fcr psychische Gesundheit (Download) - Institut Pranic Healing Svizzera","isPartOf":{"@id":"https:\/\/shop.pranichealing.ch\/it\/#website"},"primaryImageOfPage":{"@id":"https:\/\/shop.pranichealing.ch\/it\/produkt\/m2h-chakra-heilung-dl\/#primaryimage"},"image":{"@id":"https:\/\/shop.pranichealing.ch\/it\/produkt\/m2h-chakra-heilung-dl\/#primaryimage"},"thumbnailUrl":"https:\/\/shop.pranichealing.ch\/wp-content\/uploads\/2022\/01\/CD_Meditation-uber-zwei-Herzen-mit-Chakraheilung-1.jpg","datePublished":"2022-01-24T14:18:00+00:00","dateModified":"2022-02-10T16:29:02+00:00","description":"Hier gibt es die Meditation \u00fcber 2 Herzen als Download f\u00fcr alle, die keinen CD-Player mehr haben. Englisch mit deutscher \u00dcbersetzung.","breadcrumb":{"@id":"https:\/\/shop.pranichealing.ch\/it\/produkt\/m2h-chakra-heilung-dl\/#breadcrumb"},"inLanguage":"it-IT","potentialAction":[{"@type":"ReadAction","target":["https:\/\/shop.pranichealing.ch\/it\/produkt\/m2h-chakra-heilung-dl\/"]}]},{"@type":"ImageObject","inLanguage":"it-IT","@id":"https:\/\/shop.pranichealing.ch\/it\/produkt\/m2h-chakra-heilung-dl\/#primaryimage","url":"https:\/\/shop.pranichealing.ch\/wp-content\/uploads\/2022\/01\/CD_Meditation-uber-zwei-Herzen-mit-Chakraheilung-1.jpg","contentUrl":"https:\/\/shop.pranichealing.ch\/wp-content\/uploads\/2022\/01\/CD_Meditation-uber-zwei-Herzen-mit-Chakraheilung-1.jpg","width":737,"height":735},{"@type":"BreadcrumbList","@id":"https:\/\/shop.pranichealing.ch\/it\/produkt\/m2h-chakra-heilung-dl\/#breadcrumb","itemListElement":[{"@type":"ListItem","position":1,"name":"Startseite","item":"https:\/\/shop.pranichealing.ch\/it\/"},{"@type":"ListItem","position":2,"name":"Negozio","item":"https:\/\/shop.pranichealing.ch\/it\/negozio\/"},{"@type":"ListItem","position":3,"name":"Meditation \u00fcber zwei Herzen mit Chakra Heilung f\u00fcr psychische Gesundheit (Download)"}]},{"@type":"WebSite","@id":"https:\/\/shop.pranichealing.ch\/it\/#website","url":"https:\/\/shop.pranichealing.ch\/it\/","name":"Institut Pranic Healing Svizzera","description":"Onlineshop","publisher":{"@id":"https:\/\/shop.pranichealing.ch\/it\/#organization"},"potentialAction":[{"@type":"SearchAction","target":{"@type":"EntryPoint","urlTemplate":"https:\/\/shop.pranichealing.ch\/it\/?s={search_term_string}"},"query-input":{"@type":"PropertyValueSpecification","valueRequired":true,"valueName":"search_term_string"}}],"inLanguage":"it-IT"},{"@type":"Organization","@id":"https:\/\/shop.pranichealing.ch\/it\/#organization","name":"Institut Pranic Healing Svizzera","url":"https:\/\/shop.pranichealing.ch\/it\/","logo":{"@type":"ImageObject","inLanguage":"it-IT","@id":"https:\/\/shop.pranichealing.ch\/it\/#\/schema\/logo\/image\/","url":"https:\/\/shop.pranichealing.ch\/wp-content\/uploads\/2022\/02\/iphs.svg","contentUrl":"https:\/\/shop.pranichealing.ch\/wp-content\/uploads\/2022\/02\/iphs.svg","width":416,"height":84,"caption":"Institut Pranic Healing Svizzera"},"image":{"@id":"https:\/\/shop.pranichealing.ch\/it\/#\/schema\/logo\/image\/"}}]}},"_links":{"self":[{"href":"https:\/\/shop.pranichealing.ch\/it\/wp-json\/wp\/v2\/product\/1613","targetHints":{"allow":["GET"]}}],"collection":[{"href":"https:\/\/shop.pranichealing.ch\/it\/wp-json\/wp\/v2\/product"}],"about":[{"href":"https:\/\/shop.pranichealing.ch\/it\/wp-json\/wp\/v2\/types\/product"}],"wp:featuredmedia":[{"embeddable":true,"href":"https:\/\/shop.pranichealing.ch\/it\/wp-json\/wp\/v2\/media\/1542"}],"wp:attachment":[{"href":"https:\/\/shop.pranichealing.ch\/it\/wp-json\/wp\/v2\/media?parent=1613"}],"wp:term":[{"taxonomy":"product_brand","embeddable":true,"href":"https:\/\/shop.pranichealing.ch\/it\/wp-json\/wp\/v2\/product_brand?post=1613"},{"taxonomy":"product_cat","embeddable":true,"href":"https:\/\/shop.pranichealing.ch\/it\/wp-json\/wp\/v2\/product_cat?post=1613"},{"taxonomy":"product_tag","embeddable":true,"href":"https:\/\/shop.pranichealing.ch\/it\/wp-json\/wp\/v2\/product_tag?post=1613"}],"curies":[{"name":"wp","href":"https:\/\/api.w.org\/{rel}","templated":true}]}}