{"id":1893,"date":"2022-02-07T12:18:19","date_gmt":"2022-02-07T11:18:21","guid":{"rendered":"https:\/\/shop.pranichealing.ch\/?post_type=product&#038;p=1893"},"modified":"2022-03-11T14:55:46","modified_gmt":"2022-03-11T13:55:46","slug":"om-mani-padme-hum-mantra-fur-mitgefuhl-und-gnade-fr","status":"publish","type":"product","link":"https:\/\/shop.pranichealing.ch\/it\/produkt\/om-mani-padme-hum-mantra-fur-mitgefuhl-und-gnade-fr\/","title":{"rendered":"Om Mani Padme Hum &#8211; Mantra de la Compassion et de la Mis\u00e9ricorde"},"content":{"rendered":"<p>Ma\u00eetre Choa Kok Sui chante le OM MANI PADME HUM, le mantra du Bouddha Avalokiteshavara, le Bouddha de la compassion et du pardon.<br \/>\nLe chant de ce mantra g\u00e9n\u00e8re l&#8217;\u00e9nergie divine de la mis\u00e9ricorde et apporte \u00e0 l&#8217;homme la purification, le soulagement et la gu\u00e9rison de la souffrance, du mal-\u00eatre et de la douleur. Ce mantra procure du calme, de la paix int\u00e9rieure et am\u00e8ne la gu\u00e9rison.<\/p>\n","protected":false},"excerpt":{"rendered":"<p>Ma\u00eetre Choa Kok Sui chante le OM MANI PADME HUM, le mantra du Bouddha Avalokiteshavara, le Bouddha de la compassion et du pardon. Le chant de ce mantra g\u00e9n\u00e8re l&#8217;\u00e9nergie divine de la mis\u00e9ricorde et apporte \u00e0 l&#8217;homme la purification, le soulagement et la gu\u00e9rison de la souffrance, du mal-\u00eatre et de la douleur. Ce&hellip; <a class=\"more-link\" href=\"https:\/\/shop.pranichealing.ch\/it\/produkt\/om-mani-padme-hum-mantra-fur-mitgefuhl-und-gnade-fr\/\">Continua a leggere <span class=\"screen-reader-text\">Om Mani Padme Hum &#8211; Mantra de la Compassion et de la Mis\u00e9ricorde<\/span><\/a><\/p>\n","protected":false},"featured_media":849,"template":"","meta":{"inline_featured_image":false},"product_brand":[],"product_cat":[55,75],"product_tag":[],"class_list":{"0":"post-1893","1":"product","2":"type-product","3":"status-publish","4":"has-post-thumbnail","6":"product_cat-cds-it","7":"product_cat-fr-it","8":"entry","10":"first","11":"instock","12":"taxable","13":"shipping-taxable","14":"purchasable","15":"product-type-simple"},"yoast_head":"<!-- This site is optimized with the Yoast SEO plugin v27.3 - https:\/\/yoast.com\/product\/yoast-seo-wordpress\/ -->\n<title>Om Mani Padme Hum - Mantra de la Compassion et de la Mis\u00e9ricorde - Institut Pranic Healing Svizzera<\/title>\n<meta name=\"description\" content=\"Master Choa Kok Sui singt das OM MANI PADME HUM, das Mantra von Buddha Avalokiteshavara, dem Buddha des Mitgef\u00fchle und der Vergebung. Das Singen dieses Mantras erzeugt die g\u00f6ttliche Energie der Barmherzigkeit und bringt dem Menschen Reinigung, Erleichterung und Heilung von Leiden, Unwohlsein und Schmerz. Die CD als Meditation bewirkt Ruhe, inneren Frieden und Heilung.\" \/>\n<meta name=\"robots\" content=\"index, follow, max-snippet:-1, max-image-preview:large, max-video-preview:-1\" \/>\n<link rel=\"canonical\" href=\"https:\/\/shop.pranichealing.ch\/it\/produkt\/om-mani-padme-hum-mantra-fur-mitgefuhl-und-gnade-fr\/\" \/>\n<meta property=\"og:locale\" content=\"it_IT\" \/>\n<meta property=\"og:type\" content=\"article\" \/>\n<meta property=\"og:title\" content=\"Om Mani Padme Hum - Mantra de la Compassion et de la Mis\u00e9ricorde - Institut Pranic Healing Svizzera\" \/>\n<meta property=\"og:description\" content=\"Master Choa Kok Sui singt das OM MANI PADME HUM, das Mantra von Buddha Avalokiteshavara, dem Buddha des Mitgef\u00fchle und der Vergebung. Das Singen dieses Mantras erzeugt die g\u00f6ttliche Energie der Barmherzigkeit und bringt dem Menschen Reinigung, Erleichterung und Heilung von Leiden, Unwohlsein und Schmerz. Die CD als Meditation bewirkt Ruhe, inneren Frieden und Heilung.\" \/>\n<meta property=\"og:url\" content=\"https:\/\/shop.pranichealing.ch\/it\/produkt\/om-mani-padme-hum-mantra-fur-mitgefuhl-und-gnade-fr\/\" \/>\n<meta property=\"og:site_name\" content=\"Institut Pranic Healing Svizzera\" \/>\n<meta property=\"article:modified_time\" content=\"2022-03-11T13:55:46+00:00\" \/>\n<meta property=\"og:image\" content=\"https:\/\/shop.pranichealing.ch\/wp-content\/uploads\/2022\/01\/CD_Om-Mani-Padme-Hum.jpg\" \/>\n\t<meta property=\"og:image:width\" content=\"808\" \/>\n\t<meta property=\"og:image:height\" content=\"800\" \/>\n\t<meta property=\"og:image:type\" content=\"image\/jpeg\" \/>\n<meta name=\"twitter:card\" content=\"summary_large_image\" \/>\n<script type=\"application\/ld+json\" class=\"yoast-schema-graph\">{\"@context\":\"https:\\\/\\\/schema.org\",\"@graph\":[{\"@type\":\"WebPage\",\"@id\":\"https:\\\/\\\/shop.pranichealing.ch\\\/it\\\/produkt\\\/om-mani-padme-hum-mantra-fur-mitgefuhl-und-gnade-fr\\\/\",\"url\":\"https:\\\/\\\/shop.pranichealing.ch\\\/it\\\/produkt\\\/om-mani-padme-hum-mantra-fur-mitgefuhl-und-gnade-fr\\\/\",\"name\":\"Om Mani Padme Hum - Mantra de la Compassion et de la Mis\u00e9ricorde - Institut Pranic Healing Svizzera\",\"isPartOf\":{\"@id\":\"https:\\\/\\\/shop.pranichealing.ch\\\/it\\\/#website\"},\"primaryImageOfPage\":{\"@id\":\"https:\\\/\\\/shop.pranichealing.ch\\\/it\\\/produkt\\\/om-mani-padme-hum-mantra-fur-mitgefuhl-und-gnade-fr\\\/#primaryimage\"},\"image\":{\"@id\":\"https:\\\/\\\/shop.pranichealing.ch\\\/it\\\/produkt\\\/om-mani-padme-hum-mantra-fur-mitgefuhl-und-gnade-fr\\\/#primaryimage\"},\"thumbnailUrl\":\"https:\\\/\\\/shop.pranichealing.ch\\\/wp-content\\\/uploads\\\/2022\\\/01\\\/CD_Om-Mani-Padme-Hum.jpg\",\"datePublished\":\"2022-02-07T11:18:21+00:00\",\"dateModified\":\"2022-03-11T13:55:46+00:00\",\"description\":\"Master Choa Kok Sui singt das OM MANI PADME HUM, das Mantra von Buddha Avalokiteshavara, dem Buddha des Mitgef\u00fchle und der Vergebung. Das Singen dieses Mantras erzeugt die g\u00f6ttliche Energie der Barmherzigkeit und bringt dem Menschen Reinigung, Erleichterung und Heilung von Leiden, Unwohlsein und Schmerz. Die CD als Meditation bewirkt Ruhe, inneren Frieden und Heilung.\",\"breadcrumb\":{\"@id\":\"https:\\\/\\\/shop.pranichealing.ch\\\/it\\\/produkt\\\/om-mani-padme-hum-mantra-fur-mitgefuhl-und-gnade-fr\\\/#breadcrumb\"},\"inLanguage\":\"it-IT\",\"potentialAction\":[{\"@type\":\"ReadAction\",\"target\":[\"https:\\\/\\\/shop.pranichealing.ch\\\/it\\\/produkt\\\/om-mani-padme-hum-mantra-fur-mitgefuhl-und-gnade-fr\\\/\"]}]},{\"@type\":\"ImageObject\",\"inLanguage\":\"it-IT\",\"@id\":\"https:\\\/\\\/shop.pranichealing.ch\\\/it\\\/produkt\\\/om-mani-padme-hum-mantra-fur-mitgefuhl-und-gnade-fr\\\/#primaryimage\",\"url\":\"https:\\\/\\\/shop.pranichealing.ch\\\/wp-content\\\/uploads\\\/2022\\\/01\\\/CD_Om-Mani-Padme-Hum.jpg\",\"contentUrl\":\"https:\\\/\\\/shop.pranichealing.ch\\\/wp-content\\\/uploads\\\/2022\\\/01\\\/CD_Om-Mani-Padme-Hum.jpg\",\"width\":808,\"height\":800},{\"@type\":\"BreadcrumbList\",\"@id\":\"https:\\\/\\\/shop.pranichealing.ch\\\/it\\\/produkt\\\/om-mani-padme-hum-mantra-fur-mitgefuhl-und-gnade-fr\\\/#breadcrumb\",\"itemListElement\":[{\"@type\":\"ListItem\",\"position\":1,\"name\":\"Startseite\",\"item\":\"https:\\\/\\\/shop.pranichealing.ch\\\/it\\\/\"},{\"@type\":\"ListItem\",\"position\":2,\"name\":\"Negozio\",\"item\":\"https:\\\/\\\/shop.pranichealing.ch\\\/it\\\/negozio\\\/\"},{\"@type\":\"ListItem\",\"position\":3,\"name\":\"Om Mani Padme Hum &#8211; Mantra de la Compassion et de la Mis\u00e9ricorde\"}]},{\"@type\":\"WebSite\",\"@id\":\"https:\\\/\\\/shop.pranichealing.ch\\\/it\\\/#website\",\"url\":\"https:\\\/\\\/shop.pranichealing.ch\\\/it\\\/\",\"name\":\"Institut Pranic Healing Svizzera\",\"description\":\"Onlineshop\",\"publisher\":{\"@id\":\"https:\\\/\\\/shop.pranichealing.ch\\\/it\\\/#organization\"},\"potentialAction\":[{\"@type\":\"SearchAction\",\"target\":{\"@type\":\"EntryPoint\",\"urlTemplate\":\"https:\\\/\\\/shop.pranichealing.ch\\\/it\\\/?s={search_term_string}\"},\"query-input\":{\"@type\":\"PropertyValueSpecification\",\"valueRequired\":true,\"valueName\":\"search_term_string\"}}],\"inLanguage\":\"it-IT\"},{\"@type\":\"Organization\",\"@id\":\"https:\\\/\\\/shop.pranichealing.ch\\\/it\\\/#organization\",\"name\":\"Institut Pranic Healing Svizzera\",\"url\":\"https:\\\/\\\/shop.pranichealing.ch\\\/it\\\/\",\"logo\":{\"@type\":\"ImageObject\",\"inLanguage\":\"it-IT\",\"@id\":\"https:\\\/\\\/shop.pranichealing.ch\\\/it\\\/#\\\/schema\\\/logo\\\/image\\\/\",\"url\":\"https:\\\/\\\/shop.pranichealing.ch\\\/wp-content\\\/uploads\\\/2022\\\/02\\\/iphs.svg\",\"contentUrl\":\"https:\\\/\\\/shop.pranichealing.ch\\\/wp-content\\\/uploads\\\/2022\\\/02\\\/iphs.svg\",\"width\":416,\"height\":84,\"caption\":\"Institut Pranic Healing Svizzera\"},\"image\":{\"@id\":\"https:\\\/\\\/shop.pranichealing.ch\\\/it\\\/#\\\/schema\\\/logo\\\/image\\\/\"}}]}<\/script>\n<!-- \/ Yoast SEO plugin. -->","yoast_head_json":{"title":"Om Mani Padme Hum - Mantra de la Compassion et de la Mis\u00e9ricorde - Institut Pranic Healing Svizzera","description":"Master Choa Kok Sui singt das OM MANI PADME HUM, das Mantra von Buddha Avalokiteshavara, dem Buddha des Mitgef\u00fchle und der Vergebung. Das Singen dieses Mantras erzeugt die g\u00f6ttliche Energie der Barmherzigkeit und bringt dem Menschen Reinigung, Erleichterung und Heilung von Leiden, Unwohlsein und Schmerz. Die CD als Meditation bewirkt Ruhe, inneren Frieden und Heilung.","robots":{"index":"index","follow":"follow","max-snippet":"max-snippet:-1","max-image-preview":"max-image-preview:large","max-video-preview":"max-video-preview:-1"},"canonical":"https:\/\/shop.pranichealing.ch\/it\/produkt\/om-mani-padme-hum-mantra-fur-mitgefuhl-und-gnade-fr\/","og_locale":"it_IT","og_type":"article","og_title":"Om Mani Padme Hum - Mantra de la Compassion et de la Mis\u00e9ricorde - Institut Pranic Healing Svizzera","og_description":"Master Choa Kok Sui singt das OM MANI PADME HUM, das Mantra von Buddha Avalokiteshavara, dem Buddha des Mitgef\u00fchle und der Vergebung. Das Singen dieses Mantras erzeugt die g\u00f6ttliche Energie der Barmherzigkeit und bringt dem Menschen Reinigung, Erleichterung und Heilung von Leiden, Unwohlsein und Schmerz. Die CD als Meditation bewirkt Ruhe, inneren Frieden und Heilung.","og_url":"https:\/\/shop.pranichealing.ch\/it\/produkt\/om-mani-padme-hum-mantra-fur-mitgefuhl-und-gnade-fr\/","og_site_name":"Institut Pranic Healing Svizzera","article_modified_time":"2022-03-11T13:55:46+00:00","og_image":[{"width":808,"height":800,"url":"https:\/\/shop.pranichealing.ch\/wp-content\/uploads\/2022\/01\/CD_Om-Mani-Padme-Hum.jpg","type":"image\/jpeg"}],"twitter_card":"summary_large_image","schema":{"@context":"https:\/\/schema.org","@graph":[{"@type":"WebPage","@id":"https:\/\/shop.pranichealing.ch\/it\/produkt\/om-mani-padme-hum-mantra-fur-mitgefuhl-und-gnade-fr\/","url":"https:\/\/shop.pranichealing.ch\/it\/produkt\/om-mani-padme-hum-mantra-fur-mitgefuhl-und-gnade-fr\/","name":"Om Mani Padme Hum - Mantra de la Compassion et de la Mis\u00e9ricorde - Institut Pranic Healing Svizzera","isPartOf":{"@id":"https:\/\/shop.pranichealing.ch\/it\/#website"},"primaryImageOfPage":{"@id":"https:\/\/shop.pranichealing.ch\/it\/produkt\/om-mani-padme-hum-mantra-fur-mitgefuhl-und-gnade-fr\/#primaryimage"},"image":{"@id":"https:\/\/shop.pranichealing.ch\/it\/produkt\/om-mani-padme-hum-mantra-fur-mitgefuhl-und-gnade-fr\/#primaryimage"},"thumbnailUrl":"https:\/\/shop.pranichealing.ch\/wp-content\/uploads\/2022\/01\/CD_Om-Mani-Padme-Hum.jpg","datePublished":"2022-02-07T11:18:21+00:00","dateModified":"2022-03-11T13:55:46+00:00","description":"Master Choa Kok Sui singt das OM MANI PADME HUM, das Mantra von Buddha Avalokiteshavara, dem Buddha des Mitgef\u00fchle und der Vergebung. Das Singen dieses Mantras erzeugt die g\u00f6ttliche Energie der Barmherzigkeit und bringt dem Menschen Reinigung, Erleichterung und Heilung von Leiden, Unwohlsein und Schmerz. Die CD als Meditation bewirkt Ruhe, inneren Frieden und Heilung.","breadcrumb":{"@id":"https:\/\/shop.pranichealing.ch\/it\/produkt\/om-mani-padme-hum-mantra-fur-mitgefuhl-und-gnade-fr\/#breadcrumb"},"inLanguage":"it-IT","potentialAction":[{"@type":"ReadAction","target":["https:\/\/shop.pranichealing.ch\/it\/produkt\/om-mani-padme-hum-mantra-fur-mitgefuhl-und-gnade-fr\/"]}]},{"@type":"ImageObject","inLanguage":"it-IT","@id":"https:\/\/shop.pranichealing.ch\/it\/produkt\/om-mani-padme-hum-mantra-fur-mitgefuhl-und-gnade-fr\/#primaryimage","url":"https:\/\/shop.pranichealing.ch\/wp-content\/uploads\/2022\/01\/CD_Om-Mani-Padme-Hum.jpg","contentUrl":"https:\/\/shop.pranichealing.ch\/wp-content\/uploads\/2022\/01\/CD_Om-Mani-Padme-Hum.jpg","width":808,"height":800},{"@type":"BreadcrumbList","@id":"https:\/\/shop.pranichealing.ch\/it\/produkt\/om-mani-padme-hum-mantra-fur-mitgefuhl-und-gnade-fr\/#breadcrumb","itemListElement":[{"@type":"ListItem","position":1,"name":"Startseite","item":"https:\/\/shop.pranichealing.ch\/it\/"},{"@type":"ListItem","position":2,"name":"Negozio","item":"https:\/\/shop.pranichealing.ch\/it\/negozio\/"},{"@type":"ListItem","position":3,"name":"Om Mani Padme Hum &#8211; Mantra de la Compassion et de la Mis\u00e9ricorde"}]},{"@type":"WebSite","@id":"https:\/\/shop.pranichealing.ch\/it\/#website","url":"https:\/\/shop.pranichealing.ch\/it\/","name":"Institut Pranic Healing Svizzera","description":"Onlineshop","publisher":{"@id":"https:\/\/shop.pranichealing.ch\/it\/#organization"},"potentialAction":[{"@type":"SearchAction","target":{"@type":"EntryPoint","urlTemplate":"https:\/\/shop.pranichealing.ch\/it\/?s={search_term_string}"},"query-input":{"@type":"PropertyValueSpecification","valueRequired":true,"valueName":"search_term_string"}}],"inLanguage":"it-IT"},{"@type":"Organization","@id":"https:\/\/shop.pranichealing.ch\/it\/#organization","name":"Institut Pranic Healing Svizzera","url":"https:\/\/shop.pranichealing.ch\/it\/","logo":{"@type":"ImageObject","inLanguage":"it-IT","@id":"https:\/\/shop.pranichealing.ch\/it\/#\/schema\/logo\/image\/","url":"https:\/\/shop.pranichealing.ch\/wp-content\/uploads\/2022\/02\/iphs.svg","contentUrl":"https:\/\/shop.pranichealing.ch\/wp-content\/uploads\/2022\/02\/iphs.svg","width":416,"height":84,"caption":"Institut Pranic Healing Svizzera"},"image":{"@id":"https:\/\/shop.pranichealing.ch\/it\/#\/schema\/logo\/image\/"}}]}},"_links":{"self":[{"href":"https:\/\/shop.pranichealing.ch\/it\/wp-json\/wp\/v2\/product\/1893","targetHints":{"allow":["GET"]}}],"collection":[{"href":"https:\/\/shop.pranichealing.ch\/it\/wp-json\/wp\/v2\/product"}],"about":[{"href":"https:\/\/shop.pranichealing.ch\/it\/wp-json\/wp\/v2\/types\/product"}],"wp:featuredmedia":[{"embeddable":true,"href":"https:\/\/shop.pranichealing.ch\/it\/wp-json\/wp\/v2\/media\/849"}],"wp:attachment":[{"href":"https:\/\/shop.pranichealing.ch\/it\/wp-json\/wp\/v2\/media?parent=1893"}],"wp:term":[{"taxonomy":"product_brand","embeddable":true,"href":"https:\/\/shop.pranichealing.ch\/it\/wp-json\/wp\/v2\/product_brand?post=1893"},{"taxonomy":"product_cat","embeddable":true,"href":"https:\/\/shop.pranichealing.ch\/it\/wp-json\/wp\/v2\/product_cat?post=1893"},{"taxonomy":"product_tag","embeddable":true,"href":"https:\/\/shop.pranichealing.ch\/it\/wp-json\/wp\/v2\/product_tag?post=1893"}],"curies":[{"name":"wp","href":"https:\/\/api.w.org\/{rel}","templated":true}]}}